{"id":11531,"date":"2026-03-16T09:33:39","date_gmt":"2026-03-16T08:33:39","guid":{"rendered":"https:\/\/atreve.pl\/produkt\/krzeslo-noor\/"},"modified":"2026-03-16T09:37:44","modified_gmt":"2026-03-16T08:37:44","slug":"chair-noor","status":"publish","type":"product","link":"https:\/\/atreve.pl\/en\/produkt\/chair-noor\/","title":{"rendered":"Chair NOOR"},"content":{"rendered":"","protected":false},"excerpt":{"rendered":"<p>Krzes\u0142o NOOR to designerskie po\u0142\u0105czenie elegancji, komfortu i nowoczesnej formy. Drewniana podstawa tworzy stabilne nogi, kt\u00f3re jednocze\u015bnie podtrzymuj\u0105 oparcie, nadaj\u0105c ca\u0142ej konstrukcji lekko\u015bci i charakteru. Tapicerowane siedzisko oraz oparcie z pod\u0142okietnikami pozostaj\u0105 od siebie subtelnie oddzielone, a delikatna przerwa mi\u0119dzy nimi podkre\u015bla wyj\u0105tkowy design mebla.<\/p>\n<p>Model NOOR oferuje mo\u017cliwo\u015b\u0107 personalizacji tkaniny oraz koloru n\u00f3g, dzi\u0119ki czemu \u0142atwo dopasowa\u0107 go do r\u00f3\u017cnych aran\u017cacji wn\u0119trz. To stylowe krzes\u0142o, kt\u00f3re doskonale sprawdzi si\u0119 w jadalni, salonie lub eleganckiej przestrzeni komercyjnej.<\/p>\n","protected":false},"featured_media":10768,"template":"","meta":{"_acf_changed":false},"product_brand":[],"product_cat":[1252,881],"product_tag":[],"class_list":{"0":"post-11531","1":"product","2":"type-product","3":"status-publish","4":"has-post-thumbnail","6":"product_cat-drewniane","7":"product_cat-living-room-chairs","8":"pa_ean-1298","10":"first","11":"instock","12":"shipping-taxable","13":"purchasable","14":"product-type-simple"},"acf":[],"yoast_head":"<!-- This site is optimized with the Yoast SEO plugin v27.4 - https:\/\/yoast.com\/product\/yoast-seo-wordpress\/ -->\n<title>Chair NOOR - Atreve - usi\u0105d\u017a wygodnie, \u017cyj lepiej<\/title>\n<meta name=\"robots\" content=\"index, follow, max-snippet:-1, max-image-preview:large, max-video-preview:-1\" \/>\n<link rel=\"canonical\" href=\"https:\/\/atreve.pl\/en\/produkt\/chair-noor\/\" \/>\n<meta property=\"og:locale\" content=\"en_US\" \/>\n<meta property=\"og:type\" content=\"article\" \/>\n<meta property=\"og:title\" content=\"Chair NOOR - Atreve - usi\u0105d\u017a wygodnie, \u017cyj lepiej\" \/>\n<meta property=\"og:description\" content=\"Krzes\u0142o NOOR to designerskie po\u0142\u0105czenie elegancji, komfortu i nowoczesnej formy. Drewniana podstawa tworzy stabilne nogi, kt\u00f3re jednocze\u015bnie podtrzymuj\u0105 oparcie, nadaj\u0105c ca\u0142ej konstrukcji lekko\u015bci i charakteru. Tapicerowane siedzisko oraz oparcie z pod\u0142okietnikami pozostaj\u0105 od siebie subtelnie oddzielone, a delikatna przerwa mi\u0119dzy nimi podkre\u015bla wyj\u0105tkowy design mebla.  Model NOOR oferuje mo\u017cliwo\u015b\u0107 personalizacji tkaniny oraz koloru n\u00f3g, dzi\u0119ki czemu \u0142atwo dopasowa\u0107 go do r\u00f3\u017cnych aran\u017cacji wn\u0119trz. To stylowe krzes\u0142o, kt\u00f3re doskonale sprawdzi si\u0119 w jadalni, salonie lub eleganckiej przestrzeni komercyjnej.\" \/>\n<meta property=\"og:url\" content=\"https:\/\/atreve.pl\/en\/produkt\/chair-noor\/\" \/>\n<meta property=\"og:site_name\" content=\"Atreve - usi\u0105d\u017a wygodnie, \u017cyj lepiej\" \/>\n<meta property=\"article:modified_time\" content=\"2026-03-16T08:37:44+00:00\" \/>\n<meta property=\"og:image\" content=\"https:\/\/atreve.pl\/wp-content\/uploads\/2026\/02\/2.png\" \/>\n\t<meta property=\"og:image:width\" content=\"1000\" \/>\n\t<meta property=\"og:image:height\" content=\"1000\" \/>\n\t<meta property=\"og:image:type\" content=\"image\/png\" \/>\n<meta name=\"twitter:card\" content=\"summary_large_image\" \/>\n<meta name=\"twitter:label1\" content=\"Est. reading time\" \/>\n\t<meta name=\"twitter:data1\" content=\"1 minute\" \/>\n<script type=\"application\/ld+json\" class=\"yoast-schema-graph\">{\"@context\":\"https:\\\/\\\/schema.org\",\"@graph\":[{\"@type\":\"WebPage\",\"@id\":\"https:\\\/\\\/atreve.pl\\\/en\\\/produkt\\\/chair-noor\\\/\",\"url\":\"https:\\\/\\\/atreve.pl\\\/en\\\/produkt\\\/chair-noor\\\/\",\"name\":\"Chair NOOR - Atreve - usi\u0105d\u017a wygodnie, \u017cyj lepiej\",\"isPartOf\":{\"@id\":\"https:\\\/\\\/atreve.pl\\\/en\\\/#website\"},\"primaryImageOfPage\":{\"@id\":\"https:\\\/\\\/atreve.pl\\\/en\\\/produkt\\\/chair-noor\\\/#primaryimage\"},\"image\":{\"@id\":\"https:\\\/\\\/atreve.pl\\\/en\\\/produkt\\\/chair-noor\\\/#primaryimage\"},\"thumbnailUrl\":\"https:\\\/\\\/atreve.pl\\\/wp-content\\\/uploads\\\/2026\\\/02\\\/2.png\",\"datePublished\":\"2026-03-16T08:33:39+00:00\",\"dateModified\":\"2026-03-16T08:37:44+00:00\",\"breadcrumb\":{\"@id\":\"https:\\\/\\\/atreve.pl\\\/en\\\/produkt\\\/chair-noor\\\/#breadcrumb\"},\"inLanguage\":\"en-US\",\"potentialAction\":[{\"@type\":\"ReadAction\",\"target\":[\"https:\\\/\\\/atreve.pl\\\/en\\\/produkt\\\/chair-noor\\\/\"]}]},{\"@type\":\"ImageObject\",\"inLanguage\":\"en-US\",\"@id\":\"https:\\\/\\\/atreve.pl\\\/en\\\/produkt\\\/chair-noor\\\/#primaryimage\",\"url\":\"https:\\\/\\\/atreve.pl\\\/wp-content\\\/uploads\\\/2026\\\/02\\\/2.png\",\"contentUrl\":\"https:\\\/\\\/atreve.pl\\\/wp-content\\\/uploads\\\/2026\\\/02\\\/2.png\",\"width\":1000,\"height\":1000},{\"@type\":\"BreadcrumbList\",\"@id\":\"https:\\\/\\\/atreve.pl\\\/en\\\/produkt\\\/chair-noor\\\/#breadcrumb\",\"itemListElement\":[{\"@type\":\"ListItem\",\"position\":1,\"name\":\"START\",\"item\":\"https:\\\/\\\/atreve.pl\\\/en\\\/\"},{\"@type\":\"ListItem\",\"position\":2,\"name\":\"Drewniane\",\"item\":\"https:\\\/\\\/atreve.pl\\\/en\\\/produkty\\\/drewniane\\\/\"},{\"@type\":\"ListItem\",\"position\":3,\"name\":\"Chair NOOR\"}]},{\"@type\":\"WebSite\",\"@id\":\"https:\\\/\\\/atreve.pl\\\/en\\\/#website\",\"url\":\"https:\\\/\\\/atreve.pl\\\/en\\\/\",\"name\":\"Atreve - usi\u0105d\u017a wygodnie, \u017cyj lepiej\",\"description\":\"Rzemios\u0142o i jako\u015b\u0107 w ka\u017cdym detalu. Jeste\u015bmy polskim producentem mebli. Tworzymy r\u0119cznie, stawiaj\u0105c na trwa\u0142o\u015b\u0107, precyzj\u0119 i autorskie wzornictwo, kt\u00f3rego nie znajdziesz w masowych sieci\u00f3wkach. To meble na lata.\",\"publisher\":{\"@id\":\"https:\\\/\\\/atreve.pl\\\/en\\\/#organization\"},\"potentialAction\":[{\"@type\":\"SearchAction\",\"target\":{\"@type\":\"EntryPoint\",\"urlTemplate\":\"https:\\\/\\\/atreve.pl\\\/en\\\/?s={search_term_string}\"},\"query-input\":{\"@type\":\"PropertyValueSpecification\",\"valueRequired\":true,\"valueName\":\"search_term_string\"}}],\"inLanguage\":\"en-US\"},{\"@type\":\"Organization\",\"@id\":\"https:\\\/\\\/atreve.pl\\\/en\\\/#organization\",\"name\":\"Atreve - usi\u0105d\u017a wygodnie, \u017cyj lepiej\",\"url\":\"https:\\\/\\\/atreve.pl\\\/en\\\/\",\"logo\":{\"@type\":\"ImageObject\",\"inLanguage\":\"en-US\",\"@id\":\"https:\\\/\\\/atreve.pl\\\/en\\\/#\\\/schema\\\/logo\\\/image\\\/\",\"url\":\"https:\\\/\\\/atreve.pl\\\/wp-content\\\/uploads\\\/2026\\\/03\\\/ATREVE-LOGO-CLAIM-POS-PANTONE7586-scaled.png\",\"contentUrl\":\"https:\\\/\\\/atreve.pl\\\/wp-content\\\/uploads\\\/2026\\\/03\\\/ATREVE-LOGO-CLAIM-POS-PANTONE7586-scaled.png\",\"width\":2560,\"height\":894,\"caption\":\"Atreve - usi\u0105d\u017a wygodnie, \u017cyj lepiej\"},\"image\":{\"@id\":\"https:\\\/\\\/atreve.pl\\\/en\\\/#\\\/schema\\\/logo\\\/image\\\/\"}}]}<\/script>\n<!-- \/ Yoast SEO plugin. -->","yoast_head_json":{"title":"Chair NOOR - Atreve - usi\u0105d\u017a wygodnie, \u017cyj lepiej","robots":{"index":"index","follow":"follow","max-snippet":"max-snippet:-1","max-image-preview":"max-image-preview:large","max-video-preview":"max-video-preview:-1"},"canonical":"https:\/\/atreve.pl\/en\/produkt\/chair-noor\/","og_locale":"en_US","og_type":"article","og_title":"Chair NOOR - Atreve - usi\u0105d\u017a wygodnie, \u017cyj lepiej","og_description":"Krzes\u0142o NOOR to designerskie po\u0142\u0105czenie elegancji, komfortu i nowoczesnej formy. Drewniana podstawa tworzy stabilne nogi, kt\u00f3re jednocze\u015bnie podtrzymuj\u0105 oparcie, nadaj\u0105c ca\u0142ej konstrukcji lekko\u015bci i charakteru. Tapicerowane siedzisko oraz oparcie z pod\u0142okietnikami pozostaj\u0105 od siebie subtelnie oddzielone, a delikatna przerwa mi\u0119dzy nimi podkre\u015bla wyj\u0105tkowy design mebla.  Model NOOR oferuje mo\u017cliwo\u015b\u0107 personalizacji tkaniny oraz koloru n\u00f3g, dzi\u0119ki czemu \u0142atwo dopasowa\u0107 go do r\u00f3\u017cnych aran\u017cacji wn\u0119trz. To stylowe krzes\u0142o, kt\u00f3re doskonale sprawdzi si\u0119 w jadalni, salonie lub eleganckiej przestrzeni komercyjnej.","og_url":"https:\/\/atreve.pl\/en\/produkt\/chair-noor\/","og_site_name":"Atreve - usi\u0105d\u017a wygodnie, \u017cyj lepiej","article_modified_time":"2026-03-16T08:37:44+00:00","og_image":[{"width":1000,"height":1000,"url":"https:\/\/atreve.pl\/wp-content\/uploads\/2026\/02\/2.png","type":"image\/png"}],"twitter_card":"summary_large_image","twitter_misc":{"Est. reading time":"1 minute"},"schema":{"@context":"https:\/\/schema.org","@graph":[{"@type":"WebPage","@id":"https:\/\/atreve.pl\/en\/produkt\/chair-noor\/","url":"https:\/\/atreve.pl\/en\/produkt\/chair-noor\/","name":"Chair NOOR - Atreve - usi\u0105d\u017a wygodnie, \u017cyj lepiej","isPartOf":{"@id":"https:\/\/atreve.pl\/en\/#website"},"primaryImageOfPage":{"@id":"https:\/\/atreve.pl\/en\/produkt\/chair-noor\/#primaryimage"},"image":{"@id":"https:\/\/atreve.pl\/en\/produkt\/chair-noor\/#primaryimage"},"thumbnailUrl":"https:\/\/atreve.pl\/wp-content\/uploads\/2026\/02\/2.png","datePublished":"2026-03-16T08:33:39+00:00","dateModified":"2026-03-16T08:37:44+00:00","breadcrumb":{"@id":"https:\/\/atreve.pl\/en\/produkt\/chair-noor\/#breadcrumb"},"inLanguage":"en-US","potentialAction":[{"@type":"ReadAction","target":["https:\/\/atreve.pl\/en\/produkt\/chair-noor\/"]}]},{"@type":"ImageObject","inLanguage":"en-US","@id":"https:\/\/atreve.pl\/en\/produkt\/chair-noor\/#primaryimage","url":"https:\/\/atreve.pl\/wp-content\/uploads\/2026\/02\/2.png","contentUrl":"https:\/\/atreve.pl\/wp-content\/uploads\/2026\/02\/2.png","width":1000,"height":1000},{"@type":"BreadcrumbList","@id":"https:\/\/atreve.pl\/en\/produkt\/chair-noor\/#breadcrumb","itemListElement":[{"@type":"ListItem","position":1,"name":"START","item":"https:\/\/atreve.pl\/en\/"},{"@type":"ListItem","position":2,"name":"Drewniane","item":"https:\/\/atreve.pl\/en\/produkty\/drewniane\/"},{"@type":"ListItem","position":3,"name":"Chair NOOR"}]},{"@type":"WebSite","@id":"https:\/\/atreve.pl\/en\/#website","url":"https:\/\/atreve.pl\/en\/","name":"Atreve - usi\u0105d\u017a wygodnie, \u017cyj lepiej","description":"Rzemios\u0142o i jako\u015b\u0107 w ka\u017cdym detalu. Jeste\u015bmy polskim producentem mebli. Tworzymy r\u0119cznie, stawiaj\u0105c na trwa\u0142o\u015b\u0107, precyzj\u0119 i autorskie wzornictwo, kt\u00f3rego nie znajdziesz w masowych sieci\u00f3wkach. To meble na lata.","publisher":{"@id":"https:\/\/atreve.pl\/en\/#organization"},"potentialAction":[{"@type":"SearchAction","target":{"@type":"EntryPoint","urlTemplate":"https:\/\/atreve.pl\/en\/?s={search_term_string}"},"query-input":{"@type":"PropertyValueSpecification","valueRequired":true,"valueName":"search_term_string"}}],"inLanguage":"en-US"},{"@type":"Organization","@id":"https:\/\/atreve.pl\/en\/#organization","name":"Atreve - usi\u0105d\u017a wygodnie, \u017cyj lepiej","url":"https:\/\/atreve.pl\/en\/","logo":{"@type":"ImageObject","inLanguage":"en-US","@id":"https:\/\/atreve.pl\/en\/#\/schema\/logo\/image\/","url":"https:\/\/atreve.pl\/wp-content\/uploads\/2026\/03\/ATREVE-LOGO-CLAIM-POS-PANTONE7586-scaled.png","contentUrl":"https:\/\/atreve.pl\/wp-content\/uploads\/2026\/03\/ATREVE-LOGO-CLAIM-POS-PANTONE7586-scaled.png","width":2560,"height":894,"caption":"Atreve - usi\u0105d\u017a wygodnie, \u017cyj lepiej"},"image":{"@id":"https:\/\/atreve.pl\/en\/#\/schema\/logo\/image\/"}}]}},"_links":{"self":[{"href":"https:\/\/atreve.pl\/en\/wp-json\/wp\/v2\/product\/11531","targetHints":{"allow":["GET"]}}],"collection":[{"href":"https:\/\/atreve.pl\/en\/wp-json\/wp\/v2\/product"}],"about":[{"href":"https:\/\/atreve.pl\/en\/wp-json\/wp\/v2\/types\/product"}],"wp:featuredmedia":[{"embeddable":true,"href":"https:\/\/atreve.pl\/en\/wp-json\/wp\/v2\/media\/10768"}],"wp:attachment":[{"href":"https:\/\/atreve.pl\/en\/wp-json\/wp\/v2\/media?parent=11531"}],"wp:term":[{"taxonomy":"product_brand","embeddable":true,"href":"https:\/\/atreve.pl\/en\/wp-json\/wp\/v2\/product_brand?post=11531"},{"taxonomy":"product_cat","embeddable":true,"href":"https:\/\/atreve.pl\/en\/wp-json\/wp\/v2\/product_cat?post=11531"},{"taxonomy":"product_tag","embeddable":true,"href":"https:\/\/atreve.pl\/en\/wp-json\/wp\/v2\/product_tag?post=11531"}],"curies":[{"name":"wp","href":"https:\/\/api.w.org\/{rel}","templated":true}]}}