{"id":8066,"date":"2025-12-01T23:00:54","date_gmt":"2025-12-01T22:00:54","guid":{"rendered":"https:\/\/atreve.pl\/produkt\/krzeslo-butaro-latte-noga-czarny\/"},"modified":"2026-04-16T10:57:23","modified_gmt":"2026-04-16T08:57:23","slug":"krzeslo-butaro-latte-noga-czarny","status":"publish","type":"product","link":"https:\/\/atreve.pl\/en\/product\/krzeslo-butaro-latte-noga-czarny\/","title":{"rendered":"BUTARO chair latte\/black leg"},"content":{"rendered":"<p>__________________________________________________<\/p>\n<p>ADDITIONAL INFORMATION:<\/p>\n<p>Seat material:\u00a0Foam<br \/>\nBase material:\u00a0Metal<br \/>\nBase functions:<br \/>\nExtras:<br \/>\nFabric: <strong>ELASTRON\u00a0BALTIMORE GREIGE<\/strong><\/p>\n<p>__________________________________________________<\/p>\n<p>LOGISTIC DATA:<br \/>\nPackaging method: Furniture is packed in protective film and cardboard<br \/>\nFurniture for self-assembly:\u00a0YES<br \/>\nMax. number of packed pieces per package:\u00a02<br \/>\nNumber of packed pieces per pallet (80&#215;120) :\u00a06<\/p>\n<table>\n<tbody>\n<tr>\n<td colspan=\"6\">1 PIECE<\/td>\n<\/tr>\n<tr>\n<td>QTY CARTONS<\/td>\n<td>SIDE A<\/td>\n<td>SIDE B<\/td>\n<td>SIDE C<\/td>\n<td>WEIGHT<\/td>\n<td>VOL.<\/td>\n<\/tr>\n<tr>\n<td>CARTON #1<\/td>\n<td>79cm<\/td>\n<td>60cm<\/td>\n<td>76cm<\/td>\n<td>20,6<\/td>\n<td>&#8211;<\/td>\n<\/tr>\n<tr>\n<td>&#8211;<\/td>\n<td>&#8211;<\/td>\n<td>&#8211;<\/td>\n<td>&#8211;<\/td>\n<td>&#8211;<\/td>\n<td>&#8211;<\/td>\n<\/tr>\n<\/tbody>\n<\/table>\n","protected":false},"excerpt":{"rendered":"<p>BUTARO is a minimalist premium chair that combines modern design with functionality. Its distinctive form catches the eye, while the contoured backrest and armrests ensure comfortable seating position.<\/p>\n<p>The chair is perfect for dining rooms, home offices, or modern workplaces, bringing elegance and a sense of lightness to any interior. Its stable metal base emphasizes durability, and latte upholstery gives it a subtle, prestigious character.<\/p>\n<p>It is the perfect choice for those who value comfort, style, and minimalist elegance.<\/p>\n","protected":false},"featured_media":8067,"template":"","meta":{"_acf_changed":false},"product_brand":[],"product_cat":[881],"product_tag":[],"class_list":{"0":"post-8066","1":"product","2":"type-product","3":"status-publish","4":"has-post-thumbnail","6":"product_cat-living-room-chairs","7":"pa_ean-217","9":"first","10":"instock","11":"purchasable","12":"product-type-simple"},"acf":[],"yoast_head":"<!-- This site is optimized with the Yoast SEO plugin v27.5 - https:\/\/yoast.com\/product\/yoast-seo-wordpress\/ -->\n<title>BUTARO chair latte\/black leg - Atreve - usi\u0105d\u017a wygodnie, \u017cyj lepiej<\/title>\n<meta name=\"robots\" content=\"index, follow, max-snippet:-1, max-image-preview:large, max-video-preview:-1\" \/>\n<link rel=\"canonical\" href=\"https:\/\/atreve.pl\/en\/product\/krzeslo-butaro-latte-noga-czarny\/\" \/>\n<meta property=\"og:locale\" content=\"en_US\" \/>\n<meta property=\"og:type\" content=\"article\" \/>\n<meta property=\"og:title\" content=\"BUTARO chair latte\/black leg - Atreve - usi\u0105d\u017a wygodnie, \u017cyj lepiej\" \/>\n<meta property=\"og:description\" content=\"BUTARO is a minimalist premium chair that combines modern design with functionality. Its distinctive form catches the eye, while the contoured backrest and armrests ensure comfortable seating position.  The chair is perfect for dining rooms, home offices, or modern workplaces, bringing elegance and a sense of lightness to any interior. Its stable metal base emphasizes durability, and latte upholstery gives it a subtle, prestigious character.  It is the perfect choice for those who value comfort, style, and minimalist elegance.\" \/>\n<meta property=\"og:url\" content=\"https:\/\/atreve.pl\/en\/product\/krzeslo-butaro-latte-noga-czarny\/\" \/>\n<meta property=\"og:site_name\" content=\"Atreve - usi\u0105d\u017a wygodnie, \u017cyj lepiej\" \/>\n<meta property=\"article:modified_time\" content=\"2026-04-16T08:57:23+00:00\" \/>\n<meta property=\"og:image\" content=\"https:\/\/atreve.pl\/wp-content\/uploads\/2025\/12\/butachxxltebcki_1-e1765802144294.png\" \/>\n\t<meta property=\"og:image:width\" content=\"1080\" \/>\n\t<meta property=\"og:image:height\" content=\"1080\" \/>\n\t<meta property=\"og:image:type\" content=\"image\/png\" \/>\n<meta name=\"twitter:card\" content=\"summary_large_image\" \/>\n<meta name=\"twitter:label1\" content=\"Est. reading time\" \/>\n\t<meta name=\"twitter:data1\" content=\"1 minute\" \/>\n<script type=\"application\/ld+json\" class=\"yoast-schema-graph\">{\"@context\":\"https:\\\/\\\/schema.org\",\"@graph\":[{\"@type\":\"WebPage\",\"@id\":\"https:\\\/\\\/atreve.pl\\\/en\\\/product\\\/krzeslo-butaro-latte-noga-czarny\\\/\",\"url\":\"https:\\\/\\\/atreve.pl\\\/en\\\/product\\\/krzeslo-butaro-latte-noga-czarny\\\/\",\"name\":\"BUTARO chair latte\\\/black leg - Atreve - usi\u0105d\u017a wygodnie, \u017cyj lepiej\",\"isPartOf\":{\"@id\":\"https:\\\/\\\/atreve.pl\\\/en\\\/#website\"},\"primaryImageOfPage\":{\"@id\":\"https:\\\/\\\/atreve.pl\\\/en\\\/product\\\/krzeslo-butaro-latte-noga-czarny\\\/#primaryimage\"},\"image\":{\"@id\":\"https:\\\/\\\/atreve.pl\\\/en\\\/product\\\/krzeslo-butaro-latte-noga-czarny\\\/#primaryimage\"},\"thumbnailUrl\":\"https:\\\/\\\/atreve.pl\\\/wp-content\\\/uploads\\\/2025\\\/12\\\/butachxxltebcki_1-e1765802144294.png\",\"datePublished\":\"2025-12-01T22:00:54+00:00\",\"dateModified\":\"2026-04-16T08:57:23+00:00\",\"breadcrumb\":{\"@id\":\"https:\\\/\\\/atreve.pl\\\/en\\\/product\\\/krzeslo-butaro-latte-noga-czarny\\\/#breadcrumb\"},\"inLanguage\":\"en-US\",\"potentialAction\":[{\"@type\":\"ReadAction\",\"target\":[\"https:\\\/\\\/atreve.pl\\\/en\\\/product\\\/krzeslo-butaro-latte-noga-czarny\\\/\"]}]},{\"@type\":\"ImageObject\",\"inLanguage\":\"en-US\",\"@id\":\"https:\\\/\\\/atreve.pl\\\/en\\\/product\\\/krzeslo-butaro-latte-noga-czarny\\\/#primaryimage\",\"url\":\"https:\\\/\\\/atreve.pl\\\/wp-content\\\/uploads\\\/2025\\\/12\\\/butachxxltebcki_1-e1765802144294.png\",\"contentUrl\":\"https:\\\/\\\/atreve.pl\\\/wp-content\\\/uploads\\\/2025\\\/12\\\/butachxxltebcki_1-e1765802144294.png\",\"width\":1080,\"height\":1080},{\"@type\":\"BreadcrumbList\",\"@id\":\"https:\\\/\\\/atreve.pl\\\/en\\\/product\\\/krzeslo-butaro-latte-noga-czarny\\\/#breadcrumb\",\"itemListElement\":[{\"@type\":\"ListItem\",\"position\":1,\"name\":\"START\",\"item\":\"https:\\\/\\\/atreve.pl\\\/en\\\/\"},{\"@type\":\"ListItem\",\"position\":2,\"name\":\"Living Room Chairs\",\"item\":\"https:\\\/\\\/atreve.pl\\\/en\\\/produkty\\\/living-room-chairs\\\/\"},{\"@type\":\"ListItem\",\"position\":3,\"name\":\"BUTARO chair latte\\\/black leg\"}]},{\"@type\":\"WebSite\",\"@id\":\"https:\\\/\\\/atreve.pl\\\/en\\\/#website\",\"url\":\"https:\\\/\\\/atreve.pl\\\/en\\\/\",\"name\":\"Atreve - usi\u0105d\u017a wygodnie, \u017cyj lepiej\",\"description\":\"Rzemios\u0142o i jako\u015b\u0107 w ka\u017cdym detalu. Jeste\u015bmy polskim producentem mebli. Tworzymy r\u0119cznie, stawiaj\u0105c na trwa\u0142o\u015b\u0107, precyzj\u0119 i autorskie wzornictwo, kt\u00f3rego nie znajdziesz w masowych sieci\u00f3wkach. To meble na lata.\",\"publisher\":{\"@id\":\"https:\\\/\\\/atreve.pl\\\/en\\\/#organization\"},\"potentialAction\":[{\"@type\":\"SearchAction\",\"target\":{\"@type\":\"EntryPoint\",\"urlTemplate\":\"https:\\\/\\\/atreve.pl\\\/en\\\/?s={search_term_string}\"},\"query-input\":{\"@type\":\"PropertyValueSpecification\",\"valueRequired\":true,\"valueName\":\"search_term_string\"}}],\"inLanguage\":\"en-US\"},{\"@type\":\"Organization\",\"@id\":\"https:\\\/\\\/atreve.pl\\\/en\\\/#organization\",\"name\":\"Atreve - usi\u0105d\u017a wygodnie, \u017cyj lepiej\",\"url\":\"https:\\\/\\\/atreve.pl\\\/en\\\/\",\"logo\":{\"@type\":\"ImageObject\",\"inLanguage\":\"en-US\",\"@id\":\"https:\\\/\\\/atreve.pl\\\/en\\\/#\\\/schema\\\/logo\\\/image\\\/\",\"url\":\"https:\\\/\\\/atreve.pl\\\/wp-content\\\/uploads\\\/2026\\\/03\\\/ATREVE-LOGO-CLAIM-POS-PANTONE7586-scaled.png\",\"contentUrl\":\"https:\\\/\\\/atreve.pl\\\/wp-content\\\/uploads\\\/2026\\\/03\\\/ATREVE-LOGO-CLAIM-POS-PANTONE7586-scaled.png\",\"width\":2560,\"height\":894,\"caption\":\"Atreve - usi\u0105d\u017a wygodnie, \u017cyj lepiej\"},\"image\":{\"@id\":\"https:\\\/\\\/atreve.pl\\\/en\\\/#\\\/schema\\\/logo\\\/image\\\/\"}}]}<\/script>\n<!-- \/ Yoast SEO plugin. -->","yoast_head_json":{"title":"BUTARO chair latte\/black leg - Atreve - usi\u0105d\u017a wygodnie, \u017cyj lepiej","robots":{"index":"index","follow":"follow","max-snippet":"max-snippet:-1","max-image-preview":"max-image-preview:large","max-video-preview":"max-video-preview:-1"},"canonical":"https:\/\/atreve.pl\/en\/product\/krzeslo-butaro-latte-noga-czarny\/","og_locale":"en_US","og_type":"article","og_title":"BUTARO chair latte\/black leg - Atreve - usi\u0105d\u017a wygodnie, \u017cyj lepiej","og_description":"BUTARO is a minimalist premium chair that combines modern design with functionality. Its distinctive form catches the eye, while the contoured backrest and armrests ensure comfortable seating position.  The chair is perfect for dining rooms, home offices, or modern workplaces, bringing elegance and a sense of lightness to any interior. Its stable metal base emphasizes durability, and latte upholstery gives it a subtle, prestigious character.  It is the perfect choice for those who value comfort, style, and minimalist elegance.","og_url":"https:\/\/atreve.pl\/en\/product\/krzeslo-butaro-latte-noga-czarny\/","og_site_name":"Atreve - usi\u0105d\u017a wygodnie, \u017cyj lepiej","article_modified_time":"2026-04-16T08:57:23+00:00","og_image":[{"width":1080,"height":1080,"url":"https:\/\/atreve.pl\/wp-content\/uploads\/2025\/12\/butachxxltebcki_1-e1765802144294.png","type":"image\/png"}],"twitter_card":"summary_large_image","twitter_misc":{"Est. reading time":"1 minute"},"schema":{"@context":"https:\/\/schema.org","@graph":[{"@type":"WebPage","@id":"https:\/\/atreve.pl\/en\/product\/krzeslo-butaro-latte-noga-czarny\/","url":"https:\/\/atreve.pl\/en\/product\/krzeslo-butaro-latte-noga-czarny\/","name":"BUTARO chair latte\/black leg - Atreve - usi\u0105d\u017a wygodnie, \u017cyj lepiej","isPartOf":{"@id":"https:\/\/atreve.pl\/en\/#website"},"primaryImageOfPage":{"@id":"https:\/\/atreve.pl\/en\/product\/krzeslo-butaro-latte-noga-czarny\/#primaryimage"},"image":{"@id":"https:\/\/atreve.pl\/en\/product\/krzeslo-butaro-latte-noga-czarny\/#primaryimage"},"thumbnailUrl":"https:\/\/atreve.pl\/wp-content\/uploads\/2025\/12\/butachxxltebcki_1-e1765802144294.png","datePublished":"2025-12-01T22:00:54+00:00","dateModified":"2026-04-16T08:57:23+00:00","breadcrumb":{"@id":"https:\/\/atreve.pl\/en\/product\/krzeslo-butaro-latte-noga-czarny\/#breadcrumb"},"inLanguage":"en-US","potentialAction":[{"@type":"ReadAction","target":["https:\/\/atreve.pl\/en\/product\/krzeslo-butaro-latte-noga-czarny\/"]}]},{"@type":"ImageObject","inLanguage":"en-US","@id":"https:\/\/atreve.pl\/en\/product\/krzeslo-butaro-latte-noga-czarny\/#primaryimage","url":"https:\/\/atreve.pl\/wp-content\/uploads\/2025\/12\/butachxxltebcki_1-e1765802144294.png","contentUrl":"https:\/\/atreve.pl\/wp-content\/uploads\/2025\/12\/butachxxltebcki_1-e1765802144294.png","width":1080,"height":1080},{"@type":"BreadcrumbList","@id":"https:\/\/atreve.pl\/en\/product\/krzeslo-butaro-latte-noga-czarny\/#breadcrumb","itemListElement":[{"@type":"ListItem","position":1,"name":"START","item":"https:\/\/atreve.pl\/en\/"},{"@type":"ListItem","position":2,"name":"Living Room Chairs","item":"https:\/\/atreve.pl\/en\/produkty\/living-room-chairs\/"},{"@type":"ListItem","position":3,"name":"BUTARO chair latte\/black leg"}]},{"@type":"WebSite","@id":"https:\/\/atreve.pl\/en\/#website","url":"https:\/\/atreve.pl\/en\/","name":"Atreve - usi\u0105d\u017a wygodnie, \u017cyj lepiej","description":"Rzemios\u0142o i jako\u015b\u0107 w ka\u017cdym detalu. Jeste\u015bmy polskim producentem mebli. Tworzymy r\u0119cznie, stawiaj\u0105c na trwa\u0142o\u015b\u0107, precyzj\u0119 i autorskie wzornictwo, kt\u00f3rego nie znajdziesz w masowych sieci\u00f3wkach. To meble na lata.","publisher":{"@id":"https:\/\/atreve.pl\/en\/#organization"},"potentialAction":[{"@type":"SearchAction","target":{"@type":"EntryPoint","urlTemplate":"https:\/\/atreve.pl\/en\/?s={search_term_string}"},"query-input":{"@type":"PropertyValueSpecification","valueRequired":true,"valueName":"search_term_string"}}],"inLanguage":"en-US"},{"@type":"Organization","@id":"https:\/\/atreve.pl\/en\/#organization","name":"Atreve - usi\u0105d\u017a wygodnie, \u017cyj lepiej","url":"https:\/\/atreve.pl\/en\/","logo":{"@type":"ImageObject","inLanguage":"en-US","@id":"https:\/\/atreve.pl\/en\/#\/schema\/logo\/image\/","url":"https:\/\/atreve.pl\/wp-content\/uploads\/2026\/03\/ATREVE-LOGO-CLAIM-POS-PANTONE7586-scaled.png","contentUrl":"https:\/\/atreve.pl\/wp-content\/uploads\/2026\/03\/ATREVE-LOGO-CLAIM-POS-PANTONE7586-scaled.png","width":2560,"height":894,"caption":"Atreve - usi\u0105d\u017a wygodnie, \u017cyj lepiej"},"image":{"@id":"https:\/\/atreve.pl\/en\/#\/schema\/logo\/image\/"}}]}},"_links":{"self":[{"href":"https:\/\/atreve.pl\/en\/wp-json\/wp\/v2\/product\/8066","targetHints":{"allow":["GET"]}}],"collection":[{"href":"https:\/\/atreve.pl\/en\/wp-json\/wp\/v2\/product"}],"about":[{"href":"https:\/\/atreve.pl\/en\/wp-json\/wp\/v2\/types\/product"}],"wp:featuredmedia":[{"embeddable":true,"href":"https:\/\/atreve.pl\/en\/wp-json\/wp\/v2\/media\/8067"}],"wp:attachment":[{"href":"https:\/\/atreve.pl\/en\/wp-json\/wp\/v2\/media?parent=8066"}],"wp:term":[{"taxonomy":"product_brand","embeddable":true,"href":"https:\/\/atreve.pl\/en\/wp-json\/wp\/v2\/product_brand?post=8066"},{"taxonomy":"product_cat","embeddable":true,"href":"https:\/\/atreve.pl\/en\/wp-json\/wp\/v2\/product_cat?post=8066"},{"taxonomy":"product_tag","embeddable":true,"href":"https:\/\/atreve.pl\/en\/wp-json\/wp\/v2\/product_tag?post=8066"}],"curies":[{"name":"wp","href":"https:\/\/api.w.org\/{rel}","templated":true}]}}