{"id":8084,"date":"2025-12-01T23:00:54","date_gmt":"2025-12-01T22:00:54","guid":{"rendered":"https:\/\/atreve.pl\/produkt\/krzeslo-obrotowe-bjorg-supreme\/"},"modified":"2026-04-16T08:52:01","modified_gmt":"2026-04-16T06:52:01","slug":"krzeslo-obrotowe-bjorg-supreme","status":"publish","type":"product","link":"https:\/\/atreve.pl\/en\/product\/krzeslo-obrotowe-bjorg-supreme\/","title":{"rendered":"BJORG SUPREME SWIVEL chair"},"content":{"rendered":"<p>AVAILABLE BASE COLOR:<br \/>\n__________________________________________________<\/p>\n<p>ADDITIONAL INFORMATION:<\/p>\n<p>Seat material:\u00a0Foam,\u00a0Pocket\u00a0Spring,<br \/>\nBase material:\u00a0Metal<br \/>\nBase functions: 360 Swivel<br \/>\nAdditional features:<br \/>\n__________________________________________________<\/p>\n<p>LOGISTIC DATA:<br \/>\nPackaging method: Furniture is packed in protective film and a carton<br \/>\nFurniture for self-assembly: YES<br \/>\nMax. number of packed pieces per package:\u00a0&#8211;<br \/>\nNumber of packed pieces per pallet (80&#215;120) :\u00a0&#8211;<\/p>\n<table>\n<tbody>\n<tr>\n<td colspan=\"6\">1 PIECE<\/td>\n<\/tr>\n<tr>\n<td>QTY of Cartons<\/td>\n<td>SIDE A<\/td>\n<td>SIDE B<\/td>\n<td>SIDE C<\/td>\n<td>WEIGHT<\/td>\n<td>VOL.<\/td>\n<\/tr>\n<tr>\n<td>CARTON #1<\/td>\n<td>62cm<\/td>\n<td>62cm<\/td>\n<td>102cm<\/td>\n<td>&#8211;<\/td>\n<td>&#8211;<\/td>\n<\/tr>\n<\/tbody>\n<\/table>\n","protected":false},"excerpt":{"rendered":"<p>The BJORG SUPREME SWIVEL is a swivel chair that transforms everyday life into an elegant experience. Its tall, slim backrest subtly cradles the body, while the delicate cutout lends it a sense of lightness and sophistication, making the chair both functional and decorative.<\/p>\n<p>The seat of the BJORG SUPREME SWIVEL combines high-quality foam, webbing belts and innovative pocket spring technology, guaranteeing optimal support and comfort even during hours of use. Metal leg ensure stability, while the swivel base allows free movement around its axis, highlighting both the practicality and luxurious character of the piece. The chair not only fulfills everyday functions &#8211; it brings comfort and subtle elegance to the space, from morning coffee to evening relaxation.<\/p>\n<p>Thanks to full customization of the fabric and leg color, this model becomes a unique accent that complements any modern, Scandinavian, or loft-style interior. This is a chair for those who wish to combine functionality with design, transforming their interiors into spaces of comfort and inspiration.<\/p>\n","protected":false},"featured_media":8085,"template":"","meta":{"_acf_changed":false},"product_brand":[],"product_cat":[1250,880,881],"product_tag":[],"class_list":{"0":"post-8084","1":"product","2":"type-product","3":"status-publish","4":"has-post-thumbnail","6":"product_cat-obrotowe","7":"product_cat-swivel-chairs","8":"product_cat-living-room-chairs","9":"pa_ean-188","11":"first","12":"instock","13":"purchasable","14":"product-type-simple"},"acf":[],"yoast_head":"<!-- This site is optimized with the Yoast SEO plugin v27.4 - https:\/\/yoast.com\/product\/yoast-seo-wordpress\/ -->\n<title>BJORG SUPREME SWIVEL chair - Atreve - usi\u0105d\u017a wygodnie, \u017cyj lepiej<\/title>\n<meta name=\"robots\" content=\"index, follow, max-snippet:-1, max-image-preview:large, max-video-preview:-1\" \/>\n<link rel=\"canonical\" href=\"https:\/\/atreve.pl\/en\/product\/krzeslo-obrotowe-bjorg-supreme\/\" \/>\n<meta property=\"og:locale\" content=\"en_US\" \/>\n<meta property=\"og:type\" content=\"article\" \/>\n<meta property=\"og:title\" content=\"BJORG SUPREME SWIVEL chair - Atreve - usi\u0105d\u017a wygodnie, \u017cyj lepiej\" \/>\n<meta property=\"og:description\" content=\"The BJORG SUPREME SWIVEL is a swivel chair that transforms everyday life into an elegant experience. Its tall, slim backrest subtly cradles the body, while the delicate cutout lends it a sense of lightness and sophistication, making the chair both functional and decorative.  The seat of the BJORG SUPREME SWIVEL combines high-quality foam, webbing belts and innovative pocket spring technology, guaranteeing optimal support and comfort even during hours of use. Metal leg ensure stability, while the swivel base allows free movement around its axis, highlighting both the practicality and luxurious character of the piece. The chair not only fulfills everyday functions - it brings comfort and subtle elegance to the space, from morning coffee to evening relaxation.  Thanks to full customization of the fabric and leg color, this model becomes a unique accent that complements any modern, Scandinavian, or loft-style interior. This is a chair for those who wish to combine functionality with design, transforming their interiors into spaces of comfort and inspiration.\" \/>\n<meta property=\"og:url\" content=\"https:\/\/atreve.pl\/en\/product\/krzeslo-obrotowe-bjorg-supreme\/\" \/>\n<meta property=\"og:site_name\" content=\"Atreve - usi\u0105d\u017a wygodnie, \u017cyj lepiej\" \/>\n<meta property=\"article:modified_time\" content=\"2026-04-16T06:52:01+00:00\" \/>\n<meta property=\"og:image\" content=\"https:\/\/atreve.pl\/wp-content\/uploads\/2025\/12\/bjortwsugr1xxxp_1-e1765801071968.jpg\" \/>\n\t<meta property=\"og:image:width\" content=\"1000\" \/>\n\t<meta property=\"og:image:height\" content=\"1000\" \/>\n\t<meta property=\"og:image:type\" content=\"image\/jpeg\" \/>\n<meta name=\"twitter:card\" content=\"summary_large_image\" \/>\n<meta name=\"twitter:label1\" content=\"Est. reading time\" \/>\n\t<meta name=\"twitter:data1\" content=\"1 minute\" \/>\n<script type=\"application\/ld+json\" class=\"yoast-schema-graph\">{\"@context\":\"https:\\\/\\\/schema.org\",\"@graph\":[{\"@type\":\"WebPage\",\"@id\":\"https:\\\/\\\/atreve.pl\\\/en\\\/product\\\/krzeslo-obrotowe-bjorg-supreme\\\/\",\"url\":\"https:\\\/\\\/atreve.pl\\\/en\\\/product\\\/krzeslo-obrotowe-bjorg-supreme\\\/\",\"name\":\"BJORG SUPREME SWIVEL chair - Atreve - usi\u0105d\u017a wygodnie, \u017cyj lepiej\",\"isPartOf\":{\"@id\":\"https:\\\/\\\/atreve.pl\\\/en\\\/#website\"},\"primaryImageOfPage\":{\"@id\":\"https:\\\/\\\/atreve.pl\\\/en\\\/product\\\/krzeslo-obrotowe-bjorg-supreme\\\/#primaryimage\"},\"image\":{\"@id\":\"https:\\\/\\\/atreve.pl\\\/en\\\/product\\\/krzeslo-obrotowe-bjorg-supreme\\\/#primaryimage\"},\"thumbnailUrl\":\"https:\\\/\\\/atreve.pl\\\/wp-content\\\/uploads\\\/2025\\\/12\\\/bjortwsugr1xxxp_1-e1765801071968.jpg\",\"datePublished\":\"2025-12-01T22:00:54+00:00\",\"dateModified\":\"2026-04-16T06:52:01+00:00\",\"breadcrumb\":{\"@id\":\"https:\\\/\\\/atreve.pl\\\/en\\\/product\\\/krzeslo-obrotowe-bjorg-supreme\\\/#breadcrumb\"},\"inLanguage\":\"en-US\",\"potentialAction\":[{\"@type\":\"ReadAction\",\"target\":[\"https:\\\/\\\/atreve.pl\\\/en\\\/product\\\/krzeslo-obrotowe-bjorg-supreme\\\/\"]}]},{\"@type\":\"ImageObject\",\"inLanguage\":\"en-US\",\"@id\":\"https:\\\/\\\/atreve.pl\\\/en\\\/product\\\/krzeslo-obrotowe-bjorg-supreme\\\/#primaryimage\",\"url\":\"https:\\\/\\\/atreve.pl\\\/wp-content\\\/uploads\\\/2025\\\/12\\\/bjortwsugr1xxxp_1-e1765801071968.jpg\",\"contentUrl\":\"https:\\\/\\\/atreve.pl\\\/wp-content\\\/uploads\\\/2025\\\/12\\\/bjortwsugr1xxxp_1-e1765801071968.jpg\",\"width\":1000,\"height\":1000},{\"@type\":\"BreadcrumbList\",\"@id\":\"https:\\\/\\\/atreve.pl\\\/en\\\/product\\\/krzeslo-obrotowe-bjorg-supreme\\\/#breadcrumb\",\"itemListElement\":[{\"@type\":\"ListItem\",\"position\":1,\"name\":\"START\",\"item\":\"https:\\\/\\\/atreve.pl\\\/en\\\/\"},{\"@type\":\"ListItem\",\"position\":2,\"name\":\"Obrotowe\",\"item\":\"https:\\\/\\\/atreve.pl\\\/en\\\/produkty\\\/obrotowe\\\/\"},{\"@type\":\"ListItem\",\"position\":3,\"name\":\"BJORG SUPREME SWIVEL chair\"}]},{\"@type\":\"WebSite\",\"@id\":\"https:\\\/\\\/atreve.pl\\\/en\\\/#website\",\"url\":\"https:\\\/\\\/atreve.pl\\\/en\\\/\",\"name\":\"Atreve - usi\u0105d\u017a wygodnie, \u017cyj lepiej\",\"description\":\"Rzemios\u0142o i jako\u015b\u0107 w ka\u017cdym detalu. Jeste\u015bmy polskim producentem mebli. Tworzymy r\u0119cznie, stawiaj\u0105c na trwa\u0142o\u015b\u0107, precyzj\u0119 i autorskie wzornictwo, kt\u00f3rego nie znajdziesz w masowych sieci\u00f3wkach. To meble na lata.\",\"publisher\":{\"@id\":\"https:\\\/\\\/atreve.pl\\\/en\\\/#organization\"},\"potentialAction\":[{\"@type\":\"SearchAction\",\"target\":{\"@type\":\"EntryPoint\",\"urlTemplate\":\"https:\\\/\\\/atreve.pl\\\/en\\\/?s={search_term_string}\"},\"query-input\":{\"@type\":\"PropertyValueSpecification\",\"valueRequired\":true,\"valueName\":\"search_term_string\"}}],\"inLanguage\":\"en-US\"},{\"@type\":\"Organization\",\"@id\":\"https:\\\/\\\/atreve.pl\\\/en\\\/#organization\",\"name\":\"Atreve - usi\u0105d\u017a wygodnie, \u017cyj lepiej\",\"url\":\"https:\\\/\\\/atreve.pl\\\/en\\\/\",\"logo\":{\"@type\":\"ImageObject\",\"inLanguage\":\"en-US\",\"@id\":\"https:\\\/\\\/atreve.pl\\\/en\\\/#\\\/schema\\\/logo\\\/image\\\/\",\"url\":\"https:\\\/\\\/atreve.pl\\\/wp-content\\\/uploads\\\/2026\\\/03\\\/ATREVE-LOGO-CLAIM-POS-PANTONE7586-scaled.png\",\"contentUrl\":\"https:\\\/\\\/atreve.pl\\\/wp-content\\\/uploads\\\/2026\\\/03\\\/ATREVE-LOGO-CLAIM-POS-PANTONE7586-scaled.png\",\"width\":2560,\"height\":894,\"caption\":\"Atreve - usi\u0105d\u017a wygodnie, \u017cyj lepiej\"},\"image\":{\"@id\":\"https:\\\/\\\/atreve.pl\\\/en\\\/#\\\/schema\\\/logo\\\/image\\\/\"}}]}<\/script>\n<!-- \/ Yoast SEO plugin. -->","yoast_head_json":{"title":"BJORG SUPREME SWIVEL chair - Atreve - usi\u0105d\u017a wygodnie, \u017cyj lepiej","robots":{"index":"index","follow":"follow","max-snippet":"max-snippet:-1","max-image-preview":"max-image-preview:large","max-video-preview":"max-video-preview:-1"},"canonical":"https:\/\/atreve.pl\/en\/product\/krzeslo-obrotowe-bjorg-supreme\/","og_locale":"en_US","og_type":"article","og_title":"BJORG SUPREME SWIVEL chair - Atreve - usi\u0105d\u017a wygodnie, \u017cyj lepiej","og_description":"The BJORG SUPREME SWIVEL is a swivel chair that transforms everyday life into an elegant experience. Its tall, slim backrest subtly cradles the body, while the delicate cutout lends it a sense of lightness and sophistication, making the chair both functional and decorative.  The seat of the BJORG SUPREME SWIVEL combines high-quality foam, webbing belts and innovative pocket spring technology, guaranteeing optimal support and comfort even during hours of use. Metal leg ensure stability, while the swivel base allows free movement around its axis, highlighting both the practicality and luxurious character of the piece. The chair not only fulfills everyday functions - it brings comfort and subtle elegance to the space, from morning coffee to evening relaxation.  Thanks to full customization of the fabric and leg color, this model becomes a unique accent that complements any modern, Scandinavian, or loft-style interior. This is a chair for those who wish to combine functionality with design, transforming their interiors into spaces of comfort and inspiration.","og_url":"https:\/\/atreve.pl\/en\/product\/krzeslo-obrotowe-bjorg-supreme\/","og_site_name":"Atreve - usi\u0105d\u017a wygodnie, \u017cyj lepiej","article_modified_time":"2026-04-16T06:52:01+00:00","og_image":[{"width":1000,"height":1000,"url":"https:\/\/atreve.pl\/wp-content\/uploads\/2025\/12\/bjortwsugr1xxxp_1-e1765801071968.jpg","type":"image\/jpeg"}],"twitter_card":"summary_large_image","twitter_misc":{"Est. reading time":"1 minute"},"schema":{"@context":"https:\/\/schema.org","@graph":[{"@type":"WebPage","@id":"https:\/\/atreve.pl\/en\/product\/krzeslo-obrotowe-bjorg-supreme\/","url":"https:\/\/atreve.pl\/en\/product\/krzeslo-obrotowe-bjorg-supreme\/","name":"BJORG SUPREME SWIVEL chair - Atreve - usi\u0105d\u017a wygodnie, \u017cyj lepiej","isPartOf":{"@id":"https:\/\/atreve.pl\/en\/#website"},"primaryImageOfPage":{"@id":"https:\/\/atreve.pl\/en\/product\/krzeslo-obrotowe-bjorg-supreme\/#primaryimage"},"image":{"@id":"https:\/\/atreve.pl\/en\/product\/krzeslo-obrotowe-bjorg-supreme\/#primaryimage"},"thumbnailUrl":"https:\/\/atreve.pl\/wp-content\/uploads\/2025\/12\/bjortwsugr1xxxp_1-e1765801071968.jpg","datePublished":"2025-12-01T22:00:54+00:00","dateModified":"2026-04-16T06:52:01+00:00","breadcrumb":{"@id":"https:\/\/atreve.pl\/en\/product\/krzeslo-obrotowe-bjorg-supreme\/#breadcrumb"},"inLanguage":"en-US","potentialAction":[{"@type":"ReadAction","target":["https:\/\/atreve.pl\/en\/product\/krzeslo-obrotowe-bjorg-supreme\/"]}]},{"@type":"ImageObject","inLanguage":"en-US","@id":"https:\/\/atreve.pl\/en\/product\/krzeslo-obrotowe-bjorg-supreme\/#primaryimage","url":"https:\/\/atreve.pl\/wp-content\/uploads\/2025\/12\/bjortwsugr1xxxp_1-e1765801071968.jpg","contentUrl":"https:\/\/atreve.pl\/wp-content\/uploads\/2025\/12\/bjortwsugr1xxxp_1-e1765801071968.jpg","width":1000,"height":1000},{"@type":"BreadcrumbList","@id":"https:\/\/atreve.pl\/en\/product\/krzeslo-obrotowe-bjorg-supreme\/#breadcrumb","itemListElement":[{"@type":"ListItem","position":1,"name":"START","item":"https:\/\/atreve.pl\/en\/"},{"@type":"ListItem","position":2,"name":"Obrotowe","item":"https:\/\/atreve.pl\/en\/produkty\/obrotowe\/"},{"@type":"ListItem","position":3,"name":"BJORG SUPREME SWIVEL chair"}]},{"@type":"WebSite","@id":"https:\/\/atreve.pl\/en\/#website","url":"https:\/\/atreve.pl\/en\/","name":"Atreve - usi\u0105d\u017a wygodnie, \u017cyj lepiej","description":"Rzemios\u0142o i jako\u015b\u0107 w ka\u017cdym detalu. Jeste\u015bmy polskim producentem mebli. Tworzymy r\u0119cznie, stawiaj\u0105c na trwa\u0142o\u015b\u0107, precyzj\u0119 i autorskie wzornictwo, kt\u00f3rego nie znajdziesz w masowych sieci\u00f3wkach. To meble na lata.","publisher":{"@id":"https:\/\/atreve.pl\/en\/#organization"},"potentialAction":[{"@type":"SearchAction","target":{"@type":"EntryPoint","urlTemplate":"https:\/\/atreve.pl\/en\/?s={search_term_string}"},"query-input":{"@type":"PropertyValueSpecification","valueRequired":true,"valueName":"search_term_string"}}],"inLanguage":"en-US"},{"@type":"Organization","@id":"https:\/\/atreve.pl\/en\/#organization","name":"Atreve - usi\u0105d\u017a wygodnie, \u017cyj lepiej","url":"https:\/\/atreve.pl\/en\/","logo":{"@type":"ImageObject","inLanguage":"en-US","@id":"https:\/\/atreve.pl\/en\/#\/schema\/logo\/image\/","url":"https:\/\/atreve.pl\/wp-content\/uploads\/2026\/03\/ATREVE-LOGO-CLAIM-POS-PANTONE7586-scaled.png","contentUrl":"https:\/\/atreve.pl\/wp-content\/uploads\/2026\/03\/ATREVE-LOGO-CLAIM-POS-PANTONE7586-scaled.png","width":2560,"height":894,"caption":"Atreve - usi\u0105d\u017a wygodnie, \u017cyj lepiej"},"image":{"@id":"https:\/\/atreve.pl\/en\/#\/schema\/logo\/image\/"}}]}},"_links":{"self":[{"href":"https:\/\/atreve.pl\/en\/wp-json\/wp\/v2\/product\/8084","targetHints":{"allow":["GET"]}}],"collection":[{"href":"https:\/\/atreve.pl\/en\/wp-json\/wp\/v2\/product"}],"about":[{"href":"https:\/\/atreve.pl\/en\/wp-json\/wp\/v2\/types\/product"}],"wp:featuredmedia":[{"embeddable":true,"href":"https:\/\/atreve.pl\/en\/wp-json\/wp\/v2\/media\/8085"}],"wp:attachment":[{"href":"https:\/\/atreve.pl\/en\/wp-json\/wp\/v2\/media?parent=8084"}],"wp:term":[{"taxonomy":"product_brand","embeddable":true,"href":"https:\/\/atreve.pl\/en\/wp-json\/wp\/v2\/product_brand?post=8084"},{"taxonomy":"product_cat","embeddable":true,"href":"https:\/\/atreve.pl\/en\/wp-json\/wp\/v2\/product_cat?post=8084"},{"taxonomy":"product_tag","embeddable":true,"href":"https:\/\/atreve.pl\/en\/wp-json\/wp\/v2\/product_tag?post=8084"}],"curies":[{"name":"wp","href":"https:\/\/api.w.org\/{rel}","templated":true}]}}