{"id":8164,"date":"2025-12-01T23:02:32","date_gmt":"2025-12-01T22:02:32","guid":{"rendered":"https:\/\/atreve.pl\/produkt\/krzeslo-bolonia\/"},"modified":"2026-04-02T13:57:47","modified_gmt":"2026-04-02T11:57:47","slug":"krzeslo-bolonia","status":"publish","type":"product","link":"https:\/\/atreve.pl\/en\/product\/krzeslo-bolonia\/","title":{"rendered":"Krzes\u0142o BOLONIA"},"content":{"rendered":"<p>DOST\u0118PNE WYBARWIENIE PODSTAWY:<br \/>\n<a href=\"https:\/\/atreve.pl\/nogi-pippa\">https:\/\/atreve.pl\/nogi-pippa<\/a><br \/>\n__________________________________________________<br \/>\nINFORMACJE DODATKOWE:<\/p>\n<p>Materia\u0142 siedziska:\u00a0Pianka, pasy tapicerskie<br \/>\nMateria\u0142 podstawy:\u00a0Metal<br \/>\nFunkcje podstawy:<br \/>\nDodatki:<br \/>\n__________________________________________________<\/p>\n<p>DANE LOGISTYCZNE:<br \/>\nSpos\u00f3b pakowania: Meble pakowane s\u0105 w foli\u0119 ochronn\u0105 oraz karton<br \/>\nMeble do samodzielnego monta\u017cu:\u00a0TAK<br \/>\nMax. ilo\u015b\u0107 zapakowanych sztuk w paczce:\u00a01<br \/>\nIlo\u015b\u0107 zapakowanych sztuk na palet\u0119 (80&#215;120) :\u00a06<\/p>\n<table>\n<tbody>\n<tr>\n<td colspan=\"6\">1 SZTUKA<\/td>\n<\/tr>\n<tr>\n<td>ILO\u015a\u0106 KART.<\/td>\n<td>BOK A<\/td>\n<td>BOK B<\/td>\n<td>BOK C<\/td>\n<td>WAGA<\/td>\n<td>VOL.<\/td>\n<\/tr>\n<tr>\n<td>KARTON #1<\/td>\n<td>60cm<\/td>\n<td>66cm<\/td>\n<td>75cm<\/td>\n<td>15kg<\/td>\n<td>0,30<\/td>\n<\/tr>\n<\/tbody>\n<\/table>\n<p>&nbsp;<\/p>\n","protected":false},"excerpt":{"rendered":"<p>BOLONIA to krzes\u0142o premium, kt\u00f3re \u0142\u0105czy nowoczesny design z wyj\u0105tkowym komfortem. Profilowane oparcie w kszta\u0142cie muszelki perfekcyjnie podtrzymuje plecy, a siedzisko z piank\u0105 i pasami tapicerskimi zapewnia mi\u0119kko\u015b\u0107 i spr\u0119\u017cysto\u015b\u0107 przy ka\u017cdym siedzeniu. Nogi ze stali nierdzewnej dodaj\u0105 stabilno\u015bci, a subtelne, dekoracyjne zako\u0144czenia podkre\u015blaj\u0105 elegancki charakter modelu.<\/p>\n<p>Codzienne chwile przy stole, poranna kawa czy relaks w salonie staj\u0105 si\u0119 prawdziw\u0105 przyjemno\u015bci\u0105. Doskona\u0142y w jadalni, salonie, przy toaletce czy w garderobie, idealnie wpisuje si\u0119 w r\u00f3\u017cnorodne aran\u017cacje wn\u0119trz.<\/p>\n<p>Mo\u017cliwo\u015b\u0107 wyboru tkaniny obiciowej i koloru n\u00f3g pozwala dopasowa\u0107 mebel do indywidualnej aran\u017cacji wn\u0119trza.<\/p>\n","protected":false},"featured_media":8165,"template":"","meta":{"_acf_changed":false},"product_brand":[],"product_cat":[1253,881],"product_tag":[],"class_list":{"0":"post-8164","1":"product","2":"type-product","3":"status-publish","4":"has-post-thumbnail","6":"product_cat-nogi-metalowe","7":"product_cat-living-room-chairs","8":"pa_ean-396","10":"first","11":"instock","12":"purchasable","13":"product-type-simple"},"acf":[],"yoast_head":"<!-- This site is optimized with the Yoast SEO plugin v27.4 - https:\/\/yoast.com\/product\/yoast-seo-wordpress\/ -->\n<title>Krzes\u0142o BOLONIA - Atreve - usi\u0105d\u017a wygodnie, \u017cyj lepiej<\/title>\n<meta name=\"robots\" content=\"index, follow, max-snippet:-1, max-image-preview:large, max-video-preview:-1\" \/>\n<link rel=\"canonical\" href=\"https:\/\/atreve.pl\/en\/product\/krzeslo-bolonia\/\" \/>\n<meta property=\"og:locale\" content=\"en_US\" \/>\n<meta property=\"og:type\" content=\"article\" \/>\n<meta property=\"og:title\" content=\"Krzes\u0142o BOLONIA - Atreve - usi\u0105d\u017a wygodnie, \u017cyj lepiej\" \/>\n<meta property=\"og:description\" content=\"BOLONIA to krzes\u0142o premium, kt\u00f3re \u0142\u0105czy nowoczesny design z wyj\u0105tkowym komfortem. Profilowane oparcie w kszta\u0142cie muszelki perfekcyjnie podtrzymuje plecy, a siedzisko z piank\u0105 i pasami tapicerskimi zapewnia mi\u0119kko\u015b\u0107 i spr\u0119\u017cysto\u015b\u0107 przy ka\u017cdym siedzeniu. Nogi ze stali nierdzewnej dodaj\u0105 stabilno\u015bci, a subtelne, dekoracyjne zako\u0144czenia podkre\u015blaj\u0105 elegancki charakter modelu.  Codzienne chwile przy stole, poranna kawa czy relaks w salonie staj\u0105 si\u0119 prawdziw\u0105 przyjemno\u015bci\u0105. Doskona\u0142y w jadalni, salonie, przy toaletce czy w garderobie, idealnie wpisuje si\u0119 w r\u00f3\u017cnorodne aran\u017cacje wn\u0119trz.  Mo\u017cliwo\u015b\u0107 wyboru tkaniny obiciowej i koloru n\u00f3g pozwala dopasowa\u0107 mebel do indywidualnej aran\u017cacji wn\u0119trza.\" \/>\n<meta property=\"og:url\" content=\"https:\/\/atreve.pl\/en\/product\/krzeslo-bolonia\/\" \/>\n<meta property=\"og:site_name\" content=\"Atreve - usi\u0105d\u017a wygodnie, \u017cyj lepiej\" \/>\n<meta property=\"article:modified_time\" content=\"2026-04-02T11:57:47+00:00\" \/>\n<meta property=\"og:image\" content=\"https:\/\/atreve.pl\/wp-content\/uploads\/2025\/12\/bolochstgr1xxxp.jpg\" \/>\n\t<meta property=\"og:image:width\" content=\"1080\" \/>\n\t<meta property=\"og:image:height\" content=\"1080\" \/>\n\t<meta property=\"og:image:type\" content=\"image\/jpeg\" \/>\n<meta name=\"twitter:card\" content=\"summary_large_image\" \/>\n<meta name=\"twitter:label1\" content=\"Est. reading time\" \/>\n\t<meta name=\"twitter:data1\" content=\"1 minute\" \/>\n<script type=\"application\/ld+json\" class=\"yoast-schema-graph\">{\"@context\":\"https:\\\/\\\/schema.org\",\"@graph\":[{\"@type\":\"WebPage\",\"@id\":\"https:\\\/\\\/atreve.pl\\\/en\\\/product\\\/krzeslo-bolonia\\\/\",\"url\":\"https:\\\/\\\/atreve.pl\\\/en\\\/product\\\/krzeslo-bolonia\\\/\",\"name\":\"Krzes\u0142o BOLONIA - Atreve - usi\u0105d\u017a wygodnie, \u017cyj lepiej\",\"isPartOf\":{\"@id\":\"https:\\\/\\\/atreve.pl\\\/en\\\/#website\"},\"primaryImageOfPage\":{\"@id\":\"https:\\\/\\\/atreve.pl\\\/en\\\/product\\\/krzeslo-bolonia\\\/#primaryimage\"},\"image\":{\"@id\":\"https:\\\/\\\/atreve.pl\\\/en\\\/product\\\/krzeslo-bolonia\\\/#primaryimage\"},\"thumbnailUrl\":\"https:\\\/\\\/atreve.pl\\\/wp-content\\\/uploads\\\/2025\\\/12\\\/bolochstgr1xxxp.jpg\",\"datePublished\":\"2025-12-01T22:02:32+00:00\",\"dateModified\":\"2026-04-02T11:57:47+00:00\",\"breadcrumb\":{\"@id\":\"https:\\\/\\\/atreve.pl\\\/en\\\/product\\\/krzeslo-bolonia\\\/#breadcrumb\"},\"inLanguage\":\"en-US\",\"potentialAction\":[{\"@type\":\"ReadAction\",\"target\":[\"https:\\\/\\\/atreve.pl\\\/en\\\/product\\\/krzeslo-bolonia\\\/\"]}]},{\"@type\":\"ImageObject\",\"inLanguage\":\"en-US\",\"@id\":\"https:\\\/\\\/atreve.pl\\\/en\\\/product\\\/krzeslo-bolonia\\\/#primaryimage\",\"url\":\"https:\\\/\\\/atreve.pl\\\/wp-content\\\/uploads\\\/2025\\\/12\\\/bolochstgr1xxxp.jpg\",\"contentUrl\":\"https:\\\/\\\/atreve.pl\\\/wp-content\\\/uploads\\\/2025\\\/12\\\/bolochstgr1xxxp.jpg\",\"width\":1080,\"height\":1080},{\"@type\":\"BreadcrumbList\",\"@id\":\"https:\\\/\\\/atreve.pl\\\/en\\\/product\\\/krzeslo-bolonia\\\/#breadcrumb\",\"itemListElement\":[{\"@type\":\"ListItem\",\"position\":1,\"name\":\"START\",\"item\":\"https:\\\/\\\/atreve.pl\\\/en\\\/\"},{\"@type\":\"ListItem\",\"position\":2,\"name\":\"Living Room Chairs\",\"item\":\"https:\\\/\\\/atreve.pl\\\/en\\\/produkty\\\/living-room-chairs\\\/\"},{\"@type\":\"ListItem\",\"position\":3,\"name\":\"Krzes\u0142o BOLONIA\"}]},{\"@type\":\"WebSite\",\"@id\":\"https:\\\/\\\/atreve.pl\\\/en\\\/#website\",\"url\":\"https:\\\/\\\/atreve.pl\\\/en\\\/\",\"name\":\"Atreve - usi\u0105d\u017a wygodnie, \u017cyj lepiej\",\"description\":\"Rzemios\u0142o i jako\u015b\u0107 w ka\u017cdym detalu. Jeste\u015bmy polskim producentem mebli. Tworzymy r\u0119cznie, stawiaj\u0105c na trwa\u0142o\u015b\u0107, precyzj\u0119 i autorskie wzornictwo, kt\u00f3rego nie znajdziesz w masowych sieci\u00f3wkach. To meble na lata.\",\"publisher\":{\"@id\":\"https:\\\/\\\/atreve.pl\\\/en\\\/#organization\"},\"potentialAction\":[{\"@type\":\"SearchAction\",\"target\":{\"@type\":\"EntryPoint\",\"urlTemplate\":\"https:\\\/\\\/atreve.pl\\\/en\\\/?s={search_term_string}\"},\"query-input\":{\"@type\":\"PropertyValueSpecification\",\"valueRequired\":true,\"valueName\":\"search_term_string\"}}],\"inLanguage\":\"en-US\"},{\"@type\":\"Organization\",\"@id\":\"https:\\\/\\\/atreve.pl\\\/en\\\/#organization\",\"name\":\"Atreve - usi\u0105d\u017a wygodnie, \u017cyj lepiej\",\"url\":\"https:\\\/\\\/atreve.pl\\\/en\\\/\",\"logo\":{\"@type\":\"ImageObject\",\"inLanguage\":\"en-US\",\"@id\":\"https:\\\/\\\/atreve.pl\\\/en\\\/#\\\/schema\\\/logo\\\/image\\\/\",\"url\":\"https:\\\/\\\/atreve.pl\\\/wp-content\\\/uploads\\\/2026\\\/03\\\/ATREVE-LOGO-CLAIM-POS-PANTONE7586-scaled.png\",\"contentUrl\":\"https:\\\/\\\/atreve.pl\\\/wp-content\\\/uploads\\\/2026\\\/03\\\/ATREVE-LOGO-CLAIM-POS-PANTONE7586-scaled.png\",\"width\":2560,\"height\":894,\"caption\":\"Atreve - usi\u0105d\u017a wygodnie, \u017cyj lepiej\"},\"image\":{\"@id\":\"https:\\\/\\\/atreve.pl\\\/en\\\/#\\\/schema\\\/logo\\\/image\\\/\"}}]}<\/script>\n<!-- \/ Yoast SEO plugin. -->","yoast_head_json":{"title":"Krzes\u0142o BOLONIA - Atreve - usi\u0105d\u017a wygodnie, \u017cyj lepiej","robots":{"index":"index","follow":"follow","max-snippet":"max-snippet:-1","max-image-preview":"max-image-preview:large","max-video-preview":"max-video-preview:-1"},"canonical":"https:\/\/atreve.pl\/en\/product\/krzeslo-bolonia\/","og_locale":"en_US","og_type":"article","og_title":"Krzes\u0142o BOLONIA - Atreve - usi\u0105d\u017a wygodnie, \u017cyj lepiej","og_description":"BOLONIA to krzes\u0142o premium, kt\u00f3re \u0142\u0105czy nowoczesny design z wyj\u0105tkowym komfortem. Profilowane oparcie w kszta\u0142cie muszelki perfekcyjnie podtrzymuje plecy, a siedzisko z piank\u0105 i pasami tapicerskimi zapewnia mi\u0119kko\u015b\u0107 i spr\u0119\u017cysto\u015b\u0107 przy ka\u017cdym siedzeniu. Nogi ze stali nierdzewnej dodaj\u0105 stabilno\u015bci, a subtelne, dekoracyjne zako\u0144czenia podkre\u015blaj\u0105 elegancki charakter modelu.  Codzienne chwile przy stole, poranna kawa czy relaks w salonie staj\u0105 si\u0119 prawdziw\u0105 przyjemno\u015bci\u0105. Doskona\u0142y w jadalni, salonie, przy toaletce czy w garderobie, idealnie wpisuje si\u0119 w r\u00f3\u017cnorodne aran\u017cacje wn\u0119trz.  Mo\u017cliwo\u015b\u0107 wyboru tkaniny obiciowej i koloru n\u00f3g pozwala dopasowa\u0107 mebel do indywidualnej aran\u017cacji wn\u0119trza.","og_url":"https:\/\/atreve.pl\/en\/product\/krzeslo-bolonia\/","og_site_name":"Atreve - usi\u0105d\u017a wygodnie, \u017cyj lepiej","article_modified_time":"2026-04-02T11:57:47+00:00","og_image":[{"width":1080,"height":1080,"url":"https:\/\/atreve.pl\/wp-content\/uploads\/2025\/12\/bolochstgr1xxxp.jpg","type":"image\/jpeg"}],"twitter_card":"summary_large_image","twitter_misc":{"Est. reading time":"1 minute"},"schema":{"@context":"https:\/\/schema.org","@graph":[{"@type":"WebPage","@id":"https:\/\/atreve.pl\/en\/product\/krzeslo-bolonia\/","url":"https:\/\/atreve.pl\/en\/product\/krzeslo-bolonia\/","name":"Krzes\u0142o BOLONIA - Atreve - usi\u0105d\u017a wygodnie, \u017cyj lepiej","isPartOf":{"@id":"https:\/\/atreve.pl\/en\/#website"},"primaryImageOfPage":{"@id":"https:\/\/atreve.pl\/en\/product\/krzeslo-bolonia\/#primaryimage"},"image":{"@id":"https:\/\/atreve.pl\/en\/product\/krzeslo-bolonia\/#primaryimage"},"thumbnailUrl":"https:\/\/atreve.pl\/wp-content\/uploads\/2025\/12\/bolochstgr1xxxp.jpg","datePublished":"2025-12-01T22:02:32+00:00","dateModified":"2026-04-02T11:57:47+00:00","breadcrumb":{"@id":"https:\/\/atreve.pl\/en\/product\/krzeslo-bolonia\/#breadcrumb"},"inLanguage":"en-US","potentialAction":[{"@type":"ReadAction","target":["https:\/\/atreve.pl\/en\/product\/krzeslo-bolonia\/"]}]},{"@type":"ImageObject","inLanguage":"en-US","@id":"https:\/\/atreve.pl\/en\/product\/krzeslo-bolonia\/#primaryimage","url":"https:\/\/atreve.pl\/wp-content\/uploads\/2025\/12\/bolochstgr1xxxp.jpg","contentUrl":"https:\/\/atreve.pl\/wp-content\/uploads\/2025\/12\/bolochstgr1xxxp.jpg","width":1080,"height":1080},{"@type":"BreadcrumbList","@id":"https:\/\/atreve.pl\/en\/product\/krzeslo-bolonia\/#breadcrumb","itemListElement":[{"@type":"ListItem","position":1,"name":"START","item":"https:\/\/atreve.pl\/en\/"},{"@type":"ListItem","position":2,"name":"Living Room Chairs","item":"https:\/\/atreve.pl\/en\/produkty\/living-room-chairs\/"},{"@type":"ListItem","position":3,"name":"Krzes\u0142o BOLONIA"}]},{"@type":"WebSite","@id":"https:\/\/atreve.pl\/en\/#website","url":"https:\/\/atreve.pl\/en\/","name":"Atreve - usi\u0105d\u017a wygodnie, \u017cyj lepiej","description":"Rzemios\u0142o i jako\u015b\u0107 w ka\u017cdym detalu. Jeste\u015bmy polskim producentem mebli. Tworzymy r\u0119cznie, stawiaj\u0105c na trwa\u0142o\u015b\u0107, precyzj\u0119 i autorskie wzornictwo, kt\u00f3rego nie znajdziesz w masowych sieci\u00f3wkach. To meble na lata.","publisher":{"@id":"https:\/\/atreve.pl\/en\/#organization"},"potentialAction":[{"@type":"SearchAction","target":{"@type":"EntryPoint","urlTemplate":"https:\/\/atreve.pl\/en\/?s={search_term_string}"},"query-input":{"@type":"PropertyValueSpecification","valueRequired":true,"valueName":"search_term_string"}}],"inLanguage":"en-US"},{"@type":"Organization","@id":"https:\/\/atreve.pl\/en\/#organization","name":"Atreve - usi\u0105d\u017a wygodnie, \u017cyj lepiej","url":"https:\/\/atreve.pl\/en\/","logo":{"@type":"ImageObject","inLanguage":"en-US","@id":"https:\/\/atreve.pl\/en\/#\/schema\/logo\/image\/","url":"https:\/\/atreve.pl\/wp-content\/uploads\/2026\/03\/ATREVE-LOGO-CLAIM-POS-PANTONE7586-scaled.png","contentUrl":"https:\/\/atreve.pl\/wp-content\/uploads\/2026\/03\/ATREVE-LOGO-CLAIM-POS-PANTONE7586-scaled.png","width":2560,"height":894,"caption":"Atreve - usi\u0105d\u017a wygodnie, \u017cyj lepiej"},"image":{"@id":"https:\/\/atreve.pl\/en\/#\/schema\/logo\/image\/"}}]}},"_links":{"self":[{"href":"https:\/\/atreve.pl\/en\/wp-json\/wp\/v2\/product\/8164","targetHints":{"allow":["GET"]}}],"collection":[{"href":"https:\/\/atreve.pl\/en\/wp-json\/wp\/v2\/product"}],"about":[{"href":"https:\/\/atreve.pl\/en\/wp-json\/wp\/v2\/types\/product"}],"wp:featuredmedia":[{"embeddable":true,"href":"https:\/\/atreve.pl\/en\/wp-json\/wp\/v2\/media\/8165"}],"wp:attachment":[{"href":"https:\/\/atreve.pl\/en\/wp-json\/wp\/v2\/media?parent=8164"}],"wp:term":[{"taxonomy":"product_brand","embeddable":true,"href":"https:\/\/atreve.pl\/en\/wp-json\/wp\/v2\/product_brand?post=8164"},{"taxonomy":"product_cat","embeddable":true,"href":"https:\/\/atreve.pl\/en\/wp-json\/wp\/v2\/product_cat?post=8164"},{"taxonomy":"product_tag","embeddable":true,"href":"https:\/\/atreve.pl\/en\/wp-json\/wp\/v2\/product_tag?post=8164"}],"curies":[{"name":"wp","href":"https:\/\/api.w.org\/{rel}","templated":true}]}}