{"id":8246,"date":"2025-12-01T23:01:58","date_gmt":"2025-12-01T22:01:58","guid":{"rendered":"https:\/\/atreve.pl\/produkt\/krzeslo-marcelo\/"},"modified":"2026-04-07T09:14:34","modified_gmt":"2026-04-07T07:14:34","slug":"krzeslo-marcelo","status":"publish","type":"product","link":"https:\/\/atreve.pl\/en\/product\/krzeslo-marcelo\/","title":{"rendered":"Krzes\u0142o MARCELO"},"content":{"rendered":"<p>DOST\u0118PNE WYBARWIENIE PODSTAWY:<br \/>\n<a href=\"https:\/\/atreve.pl\/legs-colors-plus\">https:\/\/atreve.pl\/legs-colors-plus<\/a><br \/>\n__________________________________________________<\/p>\n<p>INFORMACJE DODATKOWE:<\/p>\n<p>Materia\u0142 siedziska: Pianka HR<br \/>\nMateria\u0142 podstawy:\u00a0Drewno lakierowane<br \/>\nFunkcje podstawy:<br \/>\nDodatki:<br \/>\n__________________________________________________<\/p>\n<p>DANE LOGISTYCZNE:<br \/>\nSpos\u00f3b pakowania: Meble pakowane s\u0105 w foli\u0119 ochronn\u0105 oraz karton<br \/>\nMeble do samodzielnego monta\u017cu: NIE<br \/>\nMax. ilo\u015b\u0107 zapakowanych sztuk w paczce: 1<br \/>\nIlo\u015b\u0107 zapakowanych sztuk na palet\u0119 (80&#215;120) :\u00a03<\/p>\n<table>\n<tbody>\n<tr>\n<td rowspan=\"2\">\u00a0\u00a0\u00a0\u00a0\u00a0 FOTEL MARCELO<\/td>\n<td colspan=\"5\">1 SZTUKA<\/td>\n<\/tr>\n<tr>\n<td>BOK A<\/td>\n<td>BOK B<\/td>\n<td>BOK C<\/td>\n<td>WAGA<\/td>\n<td>VOL.<\/td>\n<\/tr>\n<tr>\n<td>KARTON #1<\/td>\n<td>70cm<\/td>\n<td>70cm<\/td>\n<td>94cm<\/td>\n<td>13kg<\/td>\n<td>0,46<\/td>\n<\/tr>\n<\/tbody>\n<\/table>\n","protected":false},"excerpt":{"rendered":"<p><b>MARCELLO<\/b> to krzes\u0142o stworzone z my\u015bl\u0105 o luksusie i wyrafinowanym stylu.<br \/>\nJego dworski charakter doskonale wpisuje si\u0119 w aran\u017cacje eleganckich jadalni,<br \/>\nsalon\u00f3w czy gabinet\u00f3w.<br \/>\nPikowane oparcie zapewnia wygodne podparcie dla plec\u00f3w, a pod\u0142okietniki<br \/>\npozwalaj\u0105 swobodnie oprze\u0107 ramiona, zwi\u0119kszaj\u0105c komfort u\u017cytkowania. Mi\u0119kkie<br \/>\nsiedzisko gwarantuje wygod\u0119, a solidne, drewniane nogi dodaj\u0105 konstrukcji<br \/>\ntrwa\u0142o\u015bci i stabilno\u015bci. Ca\u0142o\u015b\u0107 dope\u0142niaj\u0105 ozdobne pinezki, kt\u00f3re nadaj\u0105<br \/>\nkrzes\u0142u wyj\u0105tkowego uroku i klasy.<\/p>\n<p><!--[endif]--><\/p>\n","protected":false},"featured_media":8247,"template":"","meta":{"_acf_changed":false},"product_brand":[],"product_cat":[1252,881],"product_tag":[],"class_list":{"0":"post-8246","1":"product","2":"type-product","3":"status-publish","4":"has-post-thumbnail","6":"product_cat-drewniane","7":"product_cat-living-room-chairs","8":"pa_ean-320","10":"first","11":"instock","12":"purchasable","13":"product-type-simple"},"acf":[],"yoast_head":"<!-- This site is optimized with the Yoast SEO plugin v27.4 - https:\/\/yoast.com\/product\/yoast-seo-wordpress\/ -->\n<title>Krzes\u0142o MARCELO - Atreve - usi\u0105d\u017a wygodnie, \u017cyj lepiej<\/title>\n<meta name=\"robots\" content=\"index, follow, max-snippet:-1, max-image-preview:large, max-video-preview:-1\" \/>\n<link rel=\"canonical\" href=\"https:\/\/atreve.pl\/en\/product\/krzeslo-marcelo\/\" \/>\n<meta property=\"og:locale\" content=\"en_US\" \/>\n<meta property=\"og:type\" content=\"article\" \/>\n<meta property=\"og:title\" content=\"Krzes\u0142o MARCELO - Atreve - usi\u0105d\u017a wygodnie, \u017cyj lepiej\" \/>\n<meta property=\"og:description\" content=\"MARCELLO to krzes\u0142o stworzone z my\u015bl\u0105 o luksusie i wyrafinowanym stylu. Jego dworski charakter doskonale wpisuje si\u0119 w aran\u017cacje eleganckich jadalni, salon\u00f3w czy gabinet\u00f3w. Pikowane oparcie zapewnia wygodne podparcie dla plec\u00f3w, a pod\u0142okietniki pozwalaj\u0105 swobodnie oprze\u0107 ramiona, zwi\u0119kszaj\u0105c komfort u\u017cytkowania. Mi\u0119kkie siedzisko gwarantuje wygod\u0119, a solidne, drewniane nogi dodaj\u0105 konstrukcji trwa\u0142o\u015bci i stabilno\u015bci. Ca\u0142o\u015b\u0107 dope\u0142niaj\u0105 ozdobne pinezki, kt\u00f3re nadaj\u0105 krzes\u0142u wyj\u0105tkowego uroku i klasy.\" \/>\n<meta property=\"og:url\" content=\"https:\/\/atreve.pl\/en\/product\/krzeslo-marcelo\/\" \/>\n<meta property=\"og:site_name\" content=\"Atreve - usi\u0105d\u017a wygodnie, \u017cyj lepiej\" \/>\n<meta property=\"article:modified_time\" content=\"2026-04-07T07:14:34+00:00\" \/>\n<meta property=\"og:image\" content=\"https:\/\/atreve.pl\/wp-content\/uploads\/2025\/12\/marcarstgr1xxxp.jpg\" \/>\n\t<meta property=\"og:image:width\" content=\"1200\" \/>\n\t<meta property=\"og:image:height\" content=\"1200\" \/>\n\t<meta property=\"og:image:type\" content=\"image\/jpeg\" \/>\n<meta name=\"twitter:card\" content=\"summary_large_image\" \/>\n<script type=\"application\/ld+json\" class=\"yoast-schema-graph\">{\"@context\":\"https:\\\/\\\/schema.org\",\"@graph\":[{\"@type\":\"WebPage\",\"@id\":\"https:\\\/\\\/atreve.pl\\\/en\\\/product\\\/krzeslo-marcelo\\\/\",\"url\":\"https:\\\/\\\/atreve.pl\\\/en\\\/product\\\/krzeslo-marcelo\\\/\",\"name\":\"Krzes\u0142o MARCELO - Atreve - usi\u0105d\u017a wygodnie, \u017cyj lepiej\",\"isPartOf\":{\"@id\":\"https:\\\/\\\/atreve.pl\\\/en\\\/#website\"},\"primaryImageOfPage\":{\"@id\":\"https:\\\/\\\/atreve.pl\\\/en\\\/product\\\/krzeslo-marcelo\\\/#primaryimage\"},\"image\":{\"@id\":\"https:\\\/\\\/atreve.pl\\\/en\\\/product\\\/krzeslo-marcelo\\\/#primaryimage\"},\"thumbnailUrl\":\"https:\\\/\\\/atreve.pl\\\/wp-content\\\/uploads\\\/2025\\\/12\\\/marcarstgr1xxxp.jpg\",\"datePublished\":\"2025-12-01T22:01:58+00:00\",\"dateModified\":\"2026-04-07T07:14:34+00:00\",\"breadcrumb\":{\"@id\":\"https:\\\/\\\/atreve.pl\\\/en\\\/product\\\/krzeslo-marcelo\\\/#breadcrumb\"},\"inLanguage\":\"en-US\",\"potentialAction\":[{\"@type\":\"ReadAction\",\"target\":[\"https:\\\/\\\/atreve.pl\\\/en\\\/product\\\/krzeslo-marcelo\\\/\"]}]},{\"@type\":\"ImageObject\",\"inLanguage\":\"en-US\",\"@id\":\"https:\\\/\\\/atreve.pl\\\/en\\\/product\\\/krzeslo-marcelo\\\/#primaryimage\",\"url\":\"https:\\\/\\\/atreve.pl\\\/wp-content\\\/uploads\\\/2025\\\/12\\\/marcarstgr1xxxp.jpg\",\"contentUrl\":\"https:\\\/\\\/atreve.pl\\\/wp-content\\\/uploads\\\/2025\\\/12\\\/marcarstgr1xxxp.jpg\",\"width\":1200,\"height\":1200},{\"@type\":\"BreadcrumbList\",\"@id\":\"https:\\\/\\\/atreve.pl\\\/en\\\/product\\\/krzeslo-marcelo\\\/#breadcrumb\",\"itemListElement\":[{\"@type\":\"ListItem\",\"position\":1,\"name\":\"START\",\"item\":\"https:\\\/\\\/atreve.pl\\\/en\\\/\"},{\"@type\":\"ListItem\",\"position\":2,\"name\":\"Living Room Chairs\",\"item\":\"https:\\\/\\\/atreve.pl\\\/en\\\/produkty\\\/living-room-chairs\\\/\"},{\"@type\":\"ListItem\",\"position\":3,\"name\":\"Krzes\u0142o MARCELO\"}]},{\"@type\":\"WebSite\",\"@id\":\"https:\\\/\\\/atreve.pl\\\/en\\\/#website\",\"url\":\"https:\\\/\\\/atreve.pl\\\/en\\\/\",\"name\":\"Atreve - usi\u0105d\u017a wygodnie, \u017cyj lepiej\",\"description\":\"Rzemios\u0142o i jako\u015b\u0107 w ka\u017cdym detalu. Jeste\u015bmy polskim producentem mebli. Tworzymy r\u0119cznie, stawiaj\u0105c na trwa\u0142o\u015b\u0107, precyzj\u0119 i autorskie wzornictwo, kt\u00f3rego nie znajdziesz w masowych sieci\u00f3wkach. To meble na lata.\",\"publisher\":{\"@id\":\"https:\\\/\\\/atreve.pl\\\/en\\\/#organization\"},\"potentialAction\":[{\"@type\":\"SearchAction\",\"target\":{\"@type\":\"EntryPoint\",\"urlTemplate\":\"https:\\\/\\\/atreve.pl\\\/en\\\/?s={search_term_string}\"},\"query-input\":{\"@type\":\"PropertyValueSpecification\",\"valueRequired\":true,\"valueName\":\"search_term_string\"}}],\"inLanguage\":\"en-US\"},{\"@type\":\"Organization\",\"@id\":\"https:\\\/\\\/atreve.pl\\\/en\\\/#organization\",\"name\":\"Atreve - usi\u0105d\u017a wygodnie, \u017cyj lepiej\",\"url\":\"https:\\\/\\\/atreve.pl\\\/en\\\/\",\"logo\":{\"@type\":\"ImageObject\",\"inLanguage\":\"en-US\",\"@id\":\"https:\\\/\\\/atreve.pl\\\/en\\\/#\\\/schema\\\/logo\\\/image\\\/\",\"url\":\"https:\\\/\\\/atreve.pl\\\/wp-content\\\/uploads\\\/2026\\\/03\\\/ATREVE-LOGO-CLAIM-POS-PANTONE7586-scaled.png\",\"contentUrl\":\"https:\\\/\\\/atreve.pl\\\/wp-content\\\/uploads\\\/2026\\\/03\\\/ATREVE-LOGO-CLAIM-POS-PANTONE7586-scaled.png\",\"width\":2560,\"height\":894,\"caption\":\"Atreve - usi\u0105d\u017a wygodnie, \u017cyj lepiej\"},\"image\":{\"@id\":\"https:\\\/\\\/atreve.pl\\\/en\\\/#\\\/schema\\\/logo\\\/image\\\/\"}}]}<\/script>\n<!-- \/ Yoast SEO plugin. -->","yoast_head_json":{"title":"Krzes\u0142o MARCELO - Atreve - usi\u0105d\u017a wygodnie, \u017cyj lepiej","robots":{"index":"index","follow":"follow","max-snippet":"max-snippet:-1","max-image-preview":"max-image-preview:large","max-video-preview":"max-video-preview:-1"},"canonical":"https:\/\/atreve.pl\/en\/product\/krzeslo-marcelo\/","og_locale":"en_US","og_type":"article","og_title":"Krzes\u0142o MARCELO - Atreve - usi\u0105d\u017a wygodnie, \u017cyj lepiej","og_description":"MARCELLO to krzes\u0142o stworzone z my\u015bl\u0105 o luksusie i wyrafinowanym stylu. Jego dworski charakter doskonale wpisuje si\u0119 w aran\u017cacje eleganckich jadalni, salon\u00f3w czy gabinet\u00f3w. Pikowane oparcie zapewnia wygodne podparcie dla plec\u00f3w, a pod\u0142okietniki pozwalaj\u0105 swobodnie oprze\u0107 ramiona, zwi\u0119kszaj\u0105c komfort u\u017cytkowania. Mi\u0119kkie siedzisko gwarantuje wygod\u0119, a solidne, drewniane nogi dodaj\u0105 konstrukcji trwa\u0142o\u015bci i stabilno\u015bci. Ca\u0142o\u015b\u0107 dope\u0142niaj\u0105 ozdobne pinezki, kt\u00f3re nadaj\u0105 krzes\u0142u wyj\u0105tkowego uroku i klasy.","og_url":"https:\/\/atreve.pl\/en\/product\/krzeslo-marcelo\/","og_site_name":"Atreve - usi\u0105d\u017a wygodnie, \u017cyj lepiej","article_modified_time":"2026-04-07T07:14:34+00:00","og_image":[{"width":1200,"height":1200,"url":"https:\/\/atreve.pl\/wp-content\/uploads\/2025\/12\/marcarstgr1xxxp.jpg","type":"image\/jpeg"}],"twitter_card":"summary_large_image","schema":{"@context":"https:\/\/schema.org","@graph":[{"@type":"WebPage","@id":"https:\/\/atreve.pl\/en\/product\/krzeslo-marcelo\/","url":"https:\/\/atreve.pl\/en\/product\/krzeslo-marcelo\/","name":"Krzes\u0142o MARCELO - Atreve - usi\u0105d\u017a wygodnie, \u017cyj lepiej","isPartOf":{"@id":"https:\/\/atreve.pl\/en\/#website"},"primaryImageOfPage":{"@id":"https:\/\/atreve.pl\/en\/product\/krzeslo-marcelo\/#primaryimage"},"image":{"@id":"https:\/\/atreve.pl\/en\/product\/krzeslo-marcelo\/#primaryimage"},"thumbnailUrl":"https:\/\/atreve.pl\/wp-content\/uploads\/2025\/12\/marcarstgr1xxxp.jpg","datePublished":"2025-12-01T22:01:58+00:00","dateModified":"2026-04-07T07:14:34+00:00","breadcrumb":{"@id":"https:\/\/atreve.pl\/en\/product\/krzeslo-marcelo\/#breadcrumb"},"inLanguage":"en-US","potentialAction":[{"@type":"ReadAction","target":["https:\/\/atreve.pl\/en\/product\/krzeslo-marcelo\/"]}]},{"@type":"ImageObject","inLanguage":"en-US","@id":"https:\/\/atreve.pl\/en\/product\/krzeslo-marcelo\/#primaryimage","url":"https:\/\/atreve.pl\/wp-content\/uploads\/2025\/12\/marcarstgr1xxxp.jpg","contentUrl":"https:\/\/atreve.pl\/wp-content\/uploads\/2025\/12\/marcarstgr1xxxp.jpg","width":1200,"height":1200},{"@type":"BreadcrumbList","@id":"https:\/\/atreve.pl\/en\/product\/krzeslo-marcelo\/#breadcrumb","itemListElement":[{"@type":"ListItem","position":1,"name":"START","item":"https:\/\/atreve.pl\/en\/"},{"@type":"ListItem","position":2,"name":"Living Room Chairs","item":"https:\/\/atreve.pl\/en\/produkty\/living-room-chairs\/"},{"@type":"ListItem","position":3,"name":"Krzes\u0142o MARCELO"}]},{"@type":"WebSite","@id":"https:\/\/atreve.pl\/en\/#website","url":"https:\/\/atreve.pl\/en\/","name":"Atreve - usi\u0105d\u017a wygodnie, \u017cyj lepiej","description":"Rzemios\u0142o i jako\u015b\u0107 w ka\u017cdym detalu. Jeste\u015bmy polskim producentem mebli. Tworzymy r\u0119cznie, stawiaj\u0105c na trwa\u0142o\u015b\u0107, precyzj\u0119 i autorskie wzornictwo, kt\u00f3rego nie znajdziesz w masowych sieci\u00f3wkach. To meble na lata.","publisher":{"@id":"https:\/\/atreve.pl\/en\/#organization"},"potentialAction":[{"@type":"SearchAction","target":{"@type":"EntryPoint","urlTemplate":"https:\/\/atreve.pl\/en\/?s={search_term_string}"},"query-input":{"@type":"PropertyValueSpecification","valueRequired":true,"valueName":"search_term_string"}}],"inLanguage":"en-US"},{"@type":"Organization","@id":"https:\/\/atreve.pl\/en\/#organization","name":"Atreve - usi\u0105d\u017a wygodnie, \u017cyj lepiej","url":"https:\/\/atreve.pl\/en\/","logo":{"@type":"ImageObject","inLanguage":"en-US","@id":"https:\/\/atreve.pl\/en\/#\/schema\/logo\/image\/","url":"https:\/\/atreve.pl\/wp-content\/uploads\/2026\/03\/ATREVE-LOGO-CLAIM-POS-PANTONE7586-scaled.png","contentUrl":"https:\/\/atreve.pl\/wp-content\/uploads\/2026\/03\/ATREVE-LOGO-CLAIM-POS-PANTONE7586-scaled.png","width":2560,"height":894,"caption":"Atreve - usi\u0105d\u017a wygodnie, \u017cyj lepiej"},"image":{"@id":"https:\/\/atreve.pl\/en\/#\/schema\/logo\/image\/"}}]}},"_links":{"self":[{"href":"https:\/\/atreve.pl\/en\/wp-json\/wp\/v2\/product\/8246","targetHints":{"allow":["GET"]}}],"collection":[{"href":"https:\/\/atreve.pl\/en\/wp-json\/wp\/v2\/product"}],"about":[{"href":"https:\/\/atreve.pl\/en\/wp-json\/wp\/v2\/types\/product"}],"wp:featuredmedia":[{"embeddable":true,"href":"https:\/\/atreve.pl\/en\/wp-json\/wp\/v2\/media\/8247"}],"wp:attachment":[{"href":"https:\/\/atreve.pl\/en\/wp-json\/wp\/v2\/media?parent=8246"}],"wp:term":[{"taxonomy":"product_brand","embeddable":true,"href":"https:\/\/atreve.pl\/en\/wp-json\/wp\/v2\/product_brand?post=8246"},{"taxonomy":"product_cat","embeddable":true,"href":"https:\/\/atreve.pl\/en\/wp-json\/wp\/v2\/product_cat?post=8246"},{"taxonomy":"product_tag","embeddable":true,"href":"https:\/\/atreve.pl\/en\/wp-json\/wp\/v2\/product_tag?post=8246"}],"curies":[{"name":"wp","href":"https:\/\/api.w.org\/{rel}","templated":true}]}}