{"id":8268,"date":"2025-12-01T23:01:58","date_gmt":"2025-12-01T22:01:58","guid":{"rendered":"https:\/\/atreve.pl\/produkt\/krzeslo-ponte\/"},"modified":"2026-04-17T09:08:43","modified_gmt":"2026-04-17T07:08:43","slug":"krzeslo-ponte","status":"publish","type":"product","link":"https:\/\/atreve.pl\/en\/product\/krzeslo-ponte\/","title":{"rendered":"PONTE chair"},"content":{"rendered":"<p>DOST\u0118PNE WYBARWIENIE PODSTAWY:<br \/>\n<a href=\"https:\/\/atreve.pl\/nogi-luis\">&gt;&gt;Zobaczysz TUTAJ&lt;&lt;<\/a><\/p>\n<p>INFORMACJE DODATKOWE:<br \/>\nMateria\u0142 siedziska:\u00a0Pianka<br \/>\nMateria\u0142 podstawy:\u00a0Metal<br \/>\nFunkcje podstawy:<br \/>\nDodatki:<br \/>\n__________________________________________________<\/p>\n<p>DANE LOGISTYCZNE:<br \/>\nSpos\u00f3b pakowania: Meble pakowane s\u0105 w foli\u0119 ochronn\u0105 oraz karton<br \/>\nMeble do samodzielnego monta\u017cu:\u00a0Tak<br \/>\nMax. ilo\u015b\u0107 zapakowanych sztuk w paczce:\u00a02<br \/>\nIlo\u015b\u0107 zapakowanych sztuk na palet\u0119 (80&#215;120) :\u00a012<\/p>\n<table>\n<tbody>\n<tr>\n<td rowspan=\"2\">PONTE<\/td>\n<td colspan=\"5\">1 SZTUKA<\/td>\n<\/tr>\n<tr>\n<td>BOK A<\/td>\n<td>BOK B<\/td>\n<td>BOK C<\/td>\n<td>WAGA<\/td>\n<td>VOL.<\/td>\n<\/tr>\n<tr>\n<td>KARTON #1<\/td>\n<td>52cm<\/td>\n<td>52cm<\/td>\n<td>72cm<\/td>\n<td>8kg<\/td>\n<td>0,195<\/td>\n<\/tr>\n<tr>\n<td rowspan=\"2\">PONTE<\/td>\n<td colspan=\"5\">2 SZTUKI<\/td>\n<\/tr>\n<tr>\n<td>BOK A<\/td>\n<td>BOK B<\/td>\n<td>BOK C<\/td>\n<td>WAGA<\/td>\n<td>VOL.<\/td>\n<\/tr>\n<tr>\n<td>KARTON #1<\/td>\n<td>53cm<\/td>\n<td>62cm<\/td>\n<td>72cm<\/td>\n<td>15kg<\/td>\n<td>0,24<\/td>\n<\/tr>\n<\/tbody>\n<\/table>\n<p>&nbsp;<\/p>\n","protected":false},"excerpt":{"rendered":"<p>PONTE is a chair that combines modern elegance with the comfort of everyday use. The contoured, high backrest provides full support for the back, while the upholstered seat with foam padding ensures comfort even during long periods of sitting. Sturdy metal legs guarantee the stability and durability of the structure.<\/p>\n<p>A subtle cutout in the backrest adds a touch of decorative flair, and the ability to choose the fabric and leg color allows you to match the chair to any interior design. PONTE works well in the dining room, living room, or modern office.<\/p>\n","protected":false},"featured_media":8269,"template":"","meta":{"_acf_changed":false},"product_brand":[],"product_cat":[1253,881],"product_tag":[],"class_list":{"0":"post-8268","1":"product","2":"type-product","3":"status-publish","4":"has-post-thumbnail","6":"product_cat-nogi-metalowe","7":"product_cat-living-room-chairs","8":"pa_ean-347","10":"first","11":"instock","12":"purchasable","13":"product-type-simple"},"acf":[],"yoast_head":"<!-- This site is optimized with the Yoast SEO plugin v27.4 - https:\/\/yoast.com\/product\/yoast-seo-wordpress\/ -->\n<title>PONTE chair - Atreve - usi\u0105d\u017a wygodnie, \u017cyj lepiej<\/title>\n<meta name=\"robots\" content=\"index, follow, max-snippet:-1, max-image-preview:large, max-video-preview:-1\" \/>\n<link rel=\"canonical\" href=\"https:\/\/atreve.pl\/en\/product\/krzeslo-ponte\/\" \/>\n<meta property=\"og:locale\" content=\"en_US\" \/>\n<meta property=\"og:type\" content=\"article\" \/>\n<meta property=\"og:title\" content=\"PONTE chair - Atreve - usi\u0105d\u017a wygodnie, \u017cyj lepiej\" \/>\n<meta property=\"og:description\" content=\"PONTE is a chair that combines modern elegance with the comfort of everyday use. The contoured, high backrest provides full support for the back, while the upholstered seat with foam padding ensures comfort even during long periods of sitting. Sturdy metal legs guarantee the stability and durability of the structure.  A subtle cutout in the backrest adds a touch of decorative flair, and the ability to choose the fabric and leg color allows you to match the chair to any interior design. PONTE works well in the dining room, living room, or modern office.\" \/>\n<meta property=\"og:url\" content=\"https:\/\/atreve.pl\/en\/product\/krzeslo-ponte\/\" \/>\n<meta property=\"og:site_name\" content=\"Atreve - usi\u0105d\u017a wygodnie, \u017cyj lepiej\" \/>\n<meta property=\"article:modified_time\" content=\"2026-04-17T07:08:43+00:00\" \/>\n<meta property=\"og:image\" content=\"https:\/\/atreve.pl\/wp-content\/uploads\/2025\/12\/pontchstgr1xxxp.jpg\" \/>\n\t<meta property=\"og:image:width\" content=\"1080\" \/>\n\t<meta property=\"og:image:height\" content=\"1080\" \/>\n\t<meta property=\"og:image:type\" content=\"image\/jpeg\" \/>\n<meta name=\"twitter:card\" content=\"summary_large_image\" \/>\n<meta name=\"twitter:label1\" content=\"Est. reading time\" \/>\n\t<meta name=\"twitter:data1\" content=\"1 minute\" \/>\n<script type=\"application\/ld+json\" class=\"yoast-schema-graph\">{\"@context\":\"https:\\\/\\\/schema.org\",\"@graph\":[{\"@type\":\"WebPage\",\"@id\":\"https:\\\/\\\/atreve.pl\\\/en\\\/product\\\/krzeslo-ponte\\\/\",\"url\":\"https:\\\/\\\/atreve.pl\\\/en\\\/product\\\/krzeslo-ponte\\\/\",\"name\":\"PONTE chair - Atreve - usi\u0105d\u017a wygodnie, \u017cyj lepiej\",\"isPartOf\":{\"@id\":\"https:\\\/\\\/atreve.pl\\\/en\\\/#website\"},\"primaryImageOfPage\":{\"@id\":\"https:\\\/\\\/atreve.pl\\\/en\\\/product\\\/krzeslo-ponte\\\/#primaryimage\"},\"image\":{\"@id\":\"https:\\\/\\\/atreve.pl\\\/en\\\/product\\\/krzeslo-ponte\\\/#primaryimage\"},\"thumbnailUrl\":\"https:\\\/\\\/atreve.pl\\\/wp-content\\\/uploads\\\/2025\\\/12\\\/pontchstgr1xxxp.jpg\",\"datePublished\":\"2025-12-01T22:01:58+00:00\",\"dateModified\":\"2026-04-17T07:08:43+00:00\",\"breadcrumb\":{\"@id\":\"https:\\\/\\\/atreve.pl\\\/en\\\/product\\\/krzeslo-ponte\\\/#breadcrumb\"},\"inLanguage\":\"en-US\",\"potentialAction\":[{\"@type\":\"ReadAction\",\"target\":[\"https:\\\/\\\/atreve.pl\\\/en\\\/product\\\/krzeslo-ponte\\\/\"]}]},{\"@type\":\"ImageObject\",\"inLanguage\":\"en-US\",\"@id\":\"https:\\\/\\\/atreve.pl\\\/en\\\/product\\\/krzeslo-ponte\\\/#primaryimage\",\"url\":\"https:\\\/\\\/atreve.pl\\\/wp-content\\\/uploads\\\/2025\\\/12\\\/pontchstgr1xxxp.jpg\",\"contentUrl\":\"https:\\\/\\\/atreve.pl\\\/wp-content\\\/uploads\\\/2025\\\/12\\\/pontchstgr1xxxp.jpg\",\"width\":1080,\"height\":1080},{\"@type\":\"BreadcrumbList\",\"@id\":\"https:\\\/\\\/atreve.pl\\\/en\\\/product\\\/krzeslo-ponte\\\/#breadcrumb\",\"itemListElement\":[{\"@type\":\"ListItem\",\"position\":1,\"name\":\"START\",\"item\":\"https:\\\/\\\/atreve.pl\\\/en\\\/\"},{\"@type\":\"ListItem\",\"position\":2,\"name\":\"Nogi metalowe\",\"item\":\"https:\\\/\\\/atreve.pl\\\/en\\\/produkty\\\/nogi-metalowe\\\/\"},{\"@type\":\"ListItem\",\"position\":3,\"name\":\"PONTE chair\"}]},{\"@type\":\"WebSite\",\"@id\":\"https:\\\/\\\/atreve.pl\\\/en\\\/#website\",\"url\":\"https:\\\/\\\/atreve.pl\\\/en\\\/\",\"name\":\"Atreve - usi\u0105d\u017a wygodnie, \u017cyj lepiej\",\"description\":\"Rzemios\u0142o i jako\u015b\u0107 w ka\u017cdym detalu. Jeste\u015bmy polskim producentem mebli. Tworzymy r\u0119cznie, stawiaj\u0105c na trwa\u0142o\u015b\u0107, precyzj\u0119 i autorskie wzornictwo, kt\u00f3rego nie znajdziesz w masowych sieci\u00f3wkach. To meble na lata.\",\"publisher\":{\"@id\":\"https:\\\/\\\/atreve.pl\\\/en\\\/#organization\"},\"potentialAction\":[{\"@type\":\"SearchAction\",\"target\":{\"@type\":\"EntryPoint\",\"urlTemplate\":\"https:\\\/\\\/atreve.pl\\\/en\\\/?s={search_term_string}\"},\"query-input\":{\"@type\":\"PropertyValueSpecification\",\"valueRequired\":true,\"valueName\":\"search_term_string\"}}],\"inLanguage\":\"en-US\"},{\"@type\":\"Organization\",\"@id\":\"https:\\\/\\\/atreve.pl\\\/en\\\/#organization\",\"name\":\"Atreve - usi\u0105d\u017a wygodnie, \u017cyj lepiej\",\"url\":\"https:\\\/\\\/atreve.pl\\\/en\\\/\",\"logo\":{\"@type\":\"ImageObject\",\"inLanguage\":\"en-US\",\"@id\":\"https:\\\/\\\/atreve.pl\\\/en\\\/#\\\/schema\\\/logo\\\/image\\\/\",\"url\":\"https:\\\/\\\/atreve.pl\\\/wp-content\\\/uploads\\\/2026\\\/03\\\/ATREVE-LOGO-CLAIM-POS-PANTONE7586-scaled.png\",\"contentUrl\":\"https:\\\/\\\/atreve.pl\\\/wp-content\\\/uploads\\\/2026\\\/03\\\/ATREVE-LOGO-CLAIM-POS-PANTONE7586-scaled.png\",\"width\":2560,\"height\":894,\"caption\":\"Atreve - usi\u0105d\u017a wygodnie, \u017cyj lepiej\"},\"image\":{\"@id\":\"https:\\\/\\\/atreve.pl\\\/en\\\/#\\\/schema\\\/logo\\\/image\\\/\"}}]}<\/script>\n<!-- \/ Yoast SEO plugin. -->","yoast_head_json":{"title":"PONTE chair - Atreve - usi\u0105d\u017a wygodnie, \u017cyj lepiej","robots":{"index":"index","follow":"follow","max-snippet":"max-snippet:-1","max-image-preview":"max-image-preview:large","max-video-preview":"max-video-preview:-1"},"canonical":"https:\/\/atreve.pl\/en\/product\/krzeslo-ponte\/","og_locale":"en_US","og_type":"article","og_title":"PONTE chair - Atreve - usi\u0105d\u017a wygodnie, \u017cyj lepiej","og_description":"PONTE is a chair that combines modern elegance with the comfort of everyday use. The contoured, high backrest provides full support for the back, while the upholstered seat with foam padding ensures comfort even during long periods of sitting. Sturdy metal legs guarantee the stability and durability of the structure.  A subtle cutout in the backrest adds a touch of decorative flair, and the ability to choose the fabric and leg color allows you to match the chair to any interior design. PONTE works well in the dining room, living room, or modern office.","og_url":"https:\/\/atreve.pl\/en\/product\/krzeslo-ponte\/","og_site_name":"Atreve - usi\u0105d\u017a wygodnie, \u017cyj lepiej","article_modified_time":"2026-04-17T07:08:43+00:00","og_image":[{"width":1080,"height":1080,"url":"https:\/\/atreve.pl\/wp-content\/uploads\/2025\/12\/pontchstgr1xxxp.jpg","type":"image\/jpeg"}],"twitter_card":"summary_large_image","twitter_misc":{"Est. reading time":"1 minute"},"schema":{"@context":"https:\/\/schema.org","@graph":[{"@type":"WebPage","@id":"https:\/\/atreve.pl\/en\/product\/krzeslo-ponte\/","url":"https:\/\/atreve.pl\/en\/product\/krzeslo-ponte\/","name":"PONTE chair - Atreve - usi\u0105d\u017a wygodnie, \u017cyj lepiej","isPartOf":{"@id":"https:\/\/atreve.pl\/en\/#website"},"primaryImageOfPage":{"@id":"https:\/\/atreve.pl\/en\/product\/krzeslo-ponte\/#primaryimage"},"image":{"@id":"https:\/\/atreve.pl\/en\/product\/krzeslo-ponte\/#primaryimage"},"thumbnailUrl":"https:\/\/atreve.pl\/wp-content\/uploads\/2025\/12\/pontchstgr1xxxp.jpg","datePublished":"2025-12-01T22:01:58+00:00","dateModified":"2026-04-17T07:08:43+00:00","breadcrumb":{"@id":"https:\/\/atreve.pl\/en\/product\/krzeslo-ponte\/#breadcrumb"},"inLanguage":"en-US","potentialAction":[{"@type":"ReadAction","target":["https:\/\/atreve.pl\/en\/product\/krzeslo-ponte\/"]}]},{"@type":"ImageObject","inLanguage":"en-US","@id":"https:\/\/atreve.pl\/en\/product\/krzeslo-ponte\/#primaryimage","url":"https:\/\/atreve.pl\/wp-content\/uploads\/2025\/12\/pontchstgr1xxxp.jpg","contentUrl":"https:\/\/atreve.pl\/wp-content\/uploads\/2025\/12\/pontchstgr1xxxp.jpg","width":1080,"height":1080},{"@type":"BreadcrumbList","@id":"https:\/\/atreve.pl\/en\/product\/krzeslo-ponte\/#breadcrumb","itemListElement":[{"@type":"ListItem","position":1,"name":"START","item":"https:\/\/atreve.pl\/en\/"},{"@type":"ListItem","position":2,"name":"Nogi metalowe","item":"https:\/\/atreve.pl\/en\/produkty\/nogi-metalowe\/"},{"@type":"ListItem","position":3,"name":"PONTE chair"}]},{"@type":"WebSite","@id":"https:\/\/atreve.pl\/en\/#website","url":"https:\/\/atreve.pl\/en\/","name":"Atreve - usi\u0105d\u017a wygodnie, \u017cyj lepiej","description":"Rzemios\u0142o i jako\u015b\u0107 w ka\u017cdym detalu. Jeste\u015bmy polskim producentem mebli. Tworzymy r\u0119cznie, stawiaj\u0105c na trwa\u0142o\u015b\u0107, precyzj\u0119 i autorskie wzornictwo, kt\u00f3rego nie znajdziesz w masowych sieci\u00f3wkach. To meble na lata.","publisher":{"@id":"https:\/\/atreve.pl\/en\/#organization"},"potentialAction":[{"@type":"SearchAction","target":{"@type":"EntryPoint","urlTemplate":"https:\/\/atreve.pl\/en\/?s={search_term_string}"},"query-input":{"@type":"PropertyValueSpecification","valueRequired":true,"valueName":"search_term_string"}}],"inLanguage":"en-US"},{"@type":"Organization","@id":"https:\/\/atreve.pl\/en\/#organization","name":"Atreve - usi\u0105d\u017a wygodnie, \u017cyj lepiej","url":"https:\/\/atreve.pl\/en\/","logo":{"@type":"ImageObject","inLanguage":"en-US","@id":"https:\/\/atreve.pl\/en\/#\/schema\/logo\/image\/","url":"https:\/\/atreve.pl\/wp-content\/uploads\/2026\/03\/ATREVE-LOGO-CLAIM-POS-PANTONE7586-scaled.png","contentUrl":"https:\/\/atreve.pl\/wp-content\/uploads\/2026\/03\/ATREVE-LOGO-CLAIM-POS-PANTONE7586-scaled.png","width":2560,"height":894,"caption":"Atreve - usi\u0105d\u017a wygodnie, \u017cyj lepiej"},"image":{"@id":"https:\/\/atreve.pl\/en\/#\/schema\/logo\/image\/"}}]}},"_links":{"self":[{"href":"https:\/\/atreve.pl\/en\/wp-json\/wp\/v2\/product\/8268","targetHints":{"allow":["GET"]}}],"collection":[{"href":"https:\/\/atreve.pl\/en\/wp-json\/wp\/v2\/product"}],"about":[{"href":"https:\/\/atreve.pl\/en\/wp-json\/wp\/v2\/types\/product"}],"wp:featuredmedia":[{"embeddable":true,"href":"https:\/\/atreve.pl\/en\/wp-json\/wp\/v2\/media\/8269"}],"wp:attachment":[{"href":"https:\/\/atreve.pl\/en\/wp-json\/wp\/v2\/media?parent=8268"}],"wp:term":[{"taxonomy":"product_brand","embeddable":true,"href":"https:\/\/atreve.pl\/en\/wp-json\/wp\/v2\/product_brand?post=8268"},{"taxonomy":"product_cat","embeddable":true,"href":"https:\/\/atreve.pl\/en\/wp-json\/wp\/v2\/product_cat?post=8268"},{"taxonomy":"product_tag","embeddable":true,"href":"https:\/\/atreve.pl\/en\/wp-json\/wp\/v2\/product_tag?post=8268"}],"curies":[{"name":"wp","href":"https:\/\/api.w.org\/{rel}","templated":true}]}}