{"id":8280,"date":"2025-12-01T23:01:58","date_gmt":"2025-12-01T22:01:58","guid":{"rendered":"https:\/\/atreve.pl\/produkt\/krzeslo-scarlet\/"},"modified":"2026-04-17T09:51:12","modified_gmt":"2026-04-17T07:51:12","slug":"krzeslo-scarlet","status":"publish","type":"product","link":"https:\/\/atreve.pl\/en\/product\/krzeslo-scarlet\/","title":{"rendered":"SCARLET chair"},"content":{"rendered":"<p>DOST\u0118PNE WYBARWIENIE PODSTAWY:<\/p>\n<p><a href=\"https:\/\/atreve.pl\/marcile-color-legs\">https:\/\/atreve.pl\/marcile-color-legs<\/a><\/p>\n<p>INFORMACJE DODATKOWE:<br \/>\nMateria\u0142 siedziska:\u00a0Pianka, spr\u0119\u017cyna falista<br \/>\nMateria\u0142 podstawy:\u00a0Drewno lakierowane<br \/>\nFunkcje podstawy:<br \/>\nDodatki:\u00a0pinezki, ko\u0142atka<br \/>\n__________________________________________________<\/p>\n<p>DANE LOGISTYCZNE:<br \/>\nSpos\u00f3b pakowania: Meble pakowane s\u0105 w foli\u0119 ochronn\u0105 oraz karton<br \/>\nMeble do samodzielnego monta\u017cu:\u00a0NIE<br \/>\nMax. ilo\u015b\u0107 zapakowanych sztuk w paczce:\u00a01<br \/>\nIlo\u015b\u0107 zapakowanych sztuk na palet\u0119 (80&#215;120) :\u00a03<\/p>\n<table>\n<tbody>\n<tr>\n<td rowspan=\"2\">KRZES\u0141O SCARLET<\/td>\n<td colspan=\"5\">1 SZTUKA<\/td>\n<\/tr>\n<tr>\n<td>BOK A<\/td>\n<td>BOK B<\/td>\n<td>BOK C<\/td>\n<td>WAGA<\/td>\n<td>VOL.<\/td>\n<\/tr>\n<tr>\n<td>KARTON #1<\/td>\n<td>62cm<\/td>\n<td>62cm<\/td>\n<td>102cm<\/td>\n<td>14kg<\/td>\n<td>0,39<\/td>\n<\/tr>\n<\/tbody>\n<\/table>\n","protected":false},"excerpt":{"rendered":"<p>SCARLET combines luxury, comfort, and exceptional design. The tall, contoured backrest provides comprehensive support for the back, while the seat, filled with foam and wave springs, ensures convenience even during long periods of sitting. The metal legs not only guarantee stability but also serve as a key decorative element. Their slender, elegant form emphasizes the prestige of the entire piece. The quilted backrest adds a touch of subtle luxury, creating a chair that becomes a true highlight of any interior.<\/p>\n<p>The ability to customize the fabric and leg color allows you to adapt it to any setting, from a luxurious dining room to an elegant living room or a designer office. This piece combines premium comfort with decorative appeal, becoming the focal point of the space.<\/p>\n","protected":false},"featured_media":8281,"template":"","meta":{"_acf_changed":false},"product_brand":[],"product_cat":[1253,881],"product_tag":[],"class_list":{"0":"post-8280","1":"product","2":"type-product","3":"status-publish","4":"has-post-thumbnail","6":"product_cat-nogi-metalowe","7":"product_cat-living-room-chairs","8":"pa_ean-358","10":"first","11":"instock","12":"purchasable","13":"product-type-simple"},"acf":[],"yoast_head":"<!-- This site is optimized with the Yoast SEO plugin v27.4 - https:\/\/yoast.com\/product\/yoast-seo-wordpress\/ -->\n<title>SCARLET chair - Atreve - usi\u0105d\u017a wygodnie, \u017cyj lepiej<\/title>\n<meta name=\"robots\" content=\"index, follow, max-snippet:-1, max-image-preview:large, max-video-preview:-1\" \/>\n<link rel=\"canonical\" href=\"https:\/\/atreve.pl\/en\/product\/krzeslo-scarlet\/\" \/>\n<meta property=\"og:locale\" content=\"en_US\" \/>\n<meta property=\"og:type\" content=\"article\" \/>\n<meta property=\"og:title\" content=\"SCARLET chair - Atreve - usi\u0105d\u017a wygodnie, \u017cyj lepiej\" \/>\n<meta property=\"og:description\" content=\"SCARLET combines luxury, comfort, and exceptional design. The tall, contoured backrest provides comprehensive support for the back, while the seat, filled with foam and wave springs, ensures convenience even during long periods of sitting. The metal legs not only guarantee stability but also serve as a key decorative element. Their slender, elegant form emphasizes the prestige of the entire piece. The quilted backrest adds a touch of subtle luxury, creating a chair that becomes a true highlight of any interior.  The ability to customize the fabric and leg color allows you to adapt it to any setting, from a luxurious dining room to an elegant living room or a designer office. This piece combines premium comfort with decorative appeal, becoming the focal point of the space.\" \/>\n<meta property=\"og:url\" content=\"https:\/\/atreve.pl\/en\/product\/krzeslo-scarlet\/\" \/>\n<meta property=\"og:site_name\" content=\"Atreve - usi\u0105d\u017a wygodnie, \u017cyj lepiej\" \/>\n<meta property=\"article:modified_time\" content=\"2026-04-17T07:51:12+00:00\" \/>\n<meta property=\"og:image\" content=\"https:\/\/atreve.pl\/wp-content\/uploads\/2025\/12\/scarchstgr1xxxp.jpg\" \/>\n\t<meta property=\"og:image:width\" content=\"1080\" \/>\n\t<meta property=\"og:image:height\" content=\"1080\" \/>\n\t<meta property=\"og:image:type\" content=\"image\/jpeg\" \/>\n<meta name=\"twitter:card\" content=\"summary_large_image\" \/>\n<meta name=\"twitter:label1\" content=\"Est. reading time\" \/>\n\t<meta name=\"twitter:data1\" content=\"1 minute\" \/>\n<script type=\"application\/ld+json\" class=\"yoast-schema-graph\">{\"@context\":\"https:\\\/\\\/schema.org\",\"@graph\":[{\"@type\":\"WebPage\",\"@id\":\"https:\\\/\\\/atreve.pl\\\/en\\\/product\\\/krzeslo-scarlet\\\/\",\"url\":\"https:\\\/\\\/atreve.pl\\\/en\\\/product\\\/krzeslo-scarlet\\\/\",\"name\":\"SCARLET chair - Atreve - usi\u0105d\u017a wygodnie, \u017cyj lepiej\",\"isPartOf\":{\"@id\":\"https:\\\/\\\/atreve.pl\\\/en\\\/#website\"},\"primaryImageOfPage\":{\"@id\":\"https:\\\/\\\/atreve.pl\\\/en\\\/product\\\/krzeslo-scarlet\\\/#primaryimage\"},\"image\":{\"@id\":\"https:\\\/\\\/atreve.pl\\\/en\\\/product\\\/krzeslo-scarlet\\\/#primaryimage\"},\"thumbnailUrl\":\"https:\\\/\\\/atreve.pl\\\/wp-content\\\/uploads\\\/2025\\\/12\\\/scarchstgr1xxxp.jpg\",\"datePublished\":\"2025-12-01T22:01:58+00:00\",\"dateModified\":\"2026-04-17T07:51:12+00:00\",\"breadcrumb\":{\"@id\":\"https:\\\/\\\/atreve.pl\\\/en\\\/product\\\/krzeslo-scarlet\\\/#breadcrumb\"},\"inLanguage\":\"en-US\",\"potentialAction\":[{\"@type\":\"ReadAction\",\"target\":[\"https:\\\/\\\/atreve.pl\\\/en\\\/product\\\/krzeslo-scarlet\\\/\"]}]},{\"@type\":\"ImageObject\",\"inLanguage\":\"en-US\",\"@id\":\"https:\\\/\\\/atreve.pl\\\/en\\\/product\\\/krzeslo-scarlet\\\/#primaryimage\",\"url\":\"https:\\\/\\\/atreve.pl\\\/wp-content\\\/uploads\\\/2025\\\/12\\\/scarchstgr1xxxp.jpg\",\"contentUrl\":\"https:\\\/\\\/atreve.pl\\\/wp-content\\\/uploads\\\/2025\\\/12\\\/scarchstgr1xxxp.jpg\",\"width\":1080,\"height\":1080},{\"@type\":\"BreadcrumbList\",\"@id\":\"https:\\\/\\\/atreve.pl\\\/en\\\/product\\\/krzeslo-scarlet\\\/#breadcrumb\",\"itemListElement\":[{\"@type\":\"ListItem\",\"position\":1,\"name\":\"START\",\"item\":\"https:\\\/\\\/atreve.pl\\\/en\\\/\"},{\"@type\":\"ListItem\",\"position\":2,\"name\":\"Nogi metalowe\",\"item\":\"https:\\\/\\\/atreve.pl\\\/en\\\/produkty\\\/nogi-metalowe\\\/\"},{\"@type\":\"ListItem\",\"position\":3,\"name\":\"SCARLET chair\"}]},{\"@type\":\"WebSite\",\"@id\":\"https:\\\/\\\/atreve.pl\\\/en\\\/#website\",\"url\":\"https:\\\/\\\/atreve.pl\\\/en\\\/\",\"name\":\"Atreve - usi\u0105d\u017a wygodnie, \u017cyj lepiej\",\"description\":\"Rzemios\u0142o i jako\u015b\u0107 w ka\u017cdym detalu. Jeste\u015bmy polskim producentem mebli. Tworzymy r\u0119cznie, stawiaj\u0105c na trwa\u0142o\u015b\u0107, precyzj\u0119 i autorskie wzornictwo, kt\u00f3rego nie znajdziesz w masowych sieci\u00f3wkach. To meble na lata.\",\"publisher\":{\"@id\":\"https:\\\/\\\/atreve.pl\\\/en\\\/#organization\"},\"potentialAction\":[{\"@type\":\"SearchAction\",\"target\":{\"@type\":\"EntryPoint\",\"urlTemplate\":\"https:\\\/\\\/atreve.pl\\\/en\\\/?s={search_term_string}\"},\"query-input\":{\"@type\":\"PropertyValueSpecification\",\"valueRequired\":true,\"valueName\":\"search_term_string\"}}],\"inLanguage\":\"en-US\"},{\"@type\":\"Organization\",\"@id\":\"https:\\\/\\\/atreve.pl\\\/en\\\/#organization\",\"name\":\"Atreve - usi\u0105d\u017a wygodnie, \u017cyj lepiej\",\"url\":\"https:\\\/\\\/atreve.pl\\\/en\\\/\",\"logo\":{\"@type\":\"ImageObject\",\"inLanguage\":\"en-US\",\"@id\":\"https:\\\/\\\/atreve.pl\\\/en\\\/#\\\/schema\\\/logo\\\/image\\\/\",\"url\":\"https:\\\/\\\/atreve.pl\\\/wp-content\\\/uploads\\\/2026\\\/03\\\/ATREVE-LOGO-CLAIM-POS-PANTONE7586-scaled.png\",\"contentUrl\":\"https:\\\/\\\/atreve.pl\\\/wp-content\\\/uploads\\\/2026\\\/03\\\/ATREVE-LOGO-CLAIM-POS-PANTONE7586-scaled.png\",\"width\":2560,\"height\":894,\"caption\":\"Atreve - usi\u0105d\u017a wygodnie, \u017cyj lepiej\"},\"image\":{\"@id\":\"https:\\\/\\\/atreve.pl\\\/en\\\/#\\\/schema\\\/logo\\\/image\\\/\"}}]}<\/script>\n<!-- \/ Yoast SEO plugin. -->","yoast_head_json":{"title":"SCARLET chair - Atreve - usi\u0105d\u017a wygodnie, \u017cyj lepiej","robots":{"index":"index","follow":"follow","max-snippet":"max-snippet:-1","max-image-preview":"max-image-preview:large","max-video-preview":"max-video-preview:-1"},"canonical":"https:\/\/atreve.pl\/en\/product\/krzeslo-scarlet\/","og_locale":"en_US","og_type":"article","og_title":"SCARLET chair - Atreve - usi\u0105d\u017a wygodnie, \u017cyj lepiej","og_description":"SCARLET combines luxury, comfort, and exceptional design. The tall, contoured backrest provides comprehensive support for the back, while the seat, filled with foam and wave springs, ensures convenience even during long periods of sitting. The metal legs not only guarantee stability but also serve as a key decorative element. Their slender, elegant form emphasizes the prestige of the entire piece. The quilted backrest adds a touch of subtle luxury, creating a chair that becomes a true highlight of any interior.  The ability to customize the fabric and leg color allows you to adapt it to any setting, from a luxurious dining room to an elegant living room or a designer office. This piece combines premium comfort with decorative appeal, becoming the focal point of the space.","og_url":"https:\/\/atreve.pl\/en\/product\/krzeslo-scarlet\/","og_site_name":"Atreve - usi\u0105d\u017a wygodnie, \u017cyj lepiej","article_modified_time":"2026-04-17T07:51:12+00:00","og_image":[{"width":1080,"height":1080,"url":"https:\/\/atreve.pl\/wp-content\/uploads\/2025\/12\/scarchstgr1xxxp.jpg","type":"image\/jpeg"}],"twitter_card":"summary_large_image","twitter_misc":{"Est. reading time":"1 minute"},"schema":{"@context":"https:\/\/schema.org","@graph":[{"@type":"WebPage","@id":"https:\/\/atreve.pl\/en\/product\/krzeslo-scarlet\/","url":"https:\/\/atreve.pl\/en\/product\/krzeslo-scarlet\/","name":"SCARLET chair - Atreve - usi\u0105d\u017a wygodnie, \u017cyj lepiej","isPartOf":{"@id":"https:\/\/atreve.pl\/en\/#website"},"primaryImageOfPage":{"@id":"https:\/\/atreve.pl\/en\/product\/krzeslo-scarlet\/#primaryimage"},"image":{"@id":"https:\/\/atreve.pl\/en\/product\/krzeslo-scarlet\/#primaryimage"},"thumbnailUrl":"https:\/\/atreve.pl\/wp-content\/uploads\/2025\/12\/scarchstgr1xxxp.jpg","datePublished":"2025-12-01T22:01:58+00:00","dateModified":"2026-04-17T07:51:12+00:00","breadcrumb":{"@id":"https:\/\/atreve.pl\/en\/product\/krzeslo-scarlet\/#breadcrumb"},"inLanguage":"en-US","potentialAction":[{"@type":"ReadAction","target":["https:\/\/atreve.pl\/en\/product\/krzeslo-scarlet\/"]}]},{"@type":"ImageObject","inLanguage":"en-US","@id":"https:\/\/atreve.pl\/en\/product\/krzeslo-scarlet\/#primaryimage","url":"https:\/\/atreve.pl\/wp-content\/uploads\/2025\/12\/scarchstgr1xxxp.jpg","contentUrl":"https:\/\/atreve.pl\/wp-content\/uploads\/2025\/12\/scarchstgr1xxxp.jpg","width":1080,"height":1080},{"@type":"BreadcrumbList","@id":"https:\/\/atreve.pl\/en\/product\/krzeslo-scarlet\/#breadcrumb","itemListElement":[{"@type":"ListItem","position":1,"name":"START","item":"https:\/\/atreve.pl\/en\/"},{"@type":"ListItem","position":2,"name":"Nogi metalowe","item":"https:\/\/atreve.pl\/en\/produkty\/nogi-metalowe\/"},{"@type":"ListItem","position":3,"name":"SCARLET chair"}]},{"@type":"WebSite","@id":"https:\/\/atreve.pl\/en\/#website","url":"https:\/\/atreve.pl\/en\/","name":"Atreve - usi\u0105d\u017a wygodnie, \u017cyj lepiej","description":"Rzemios\u0142o i jako\u015b\u0107 w ka\u017cdym detalu. Jeste\u015bmy polskim producentem mebli. Tworzymy r\u0119cznie, stawiaj\u0105c na trwa\u0142o\u015b\u0107, precyzj\u0119 i autorskie wzornictwo, kt\u00f3rego nie znajdziesz w masowych sieci\u00f3wkach. To meble na lata.","publisher":{"@id":"https:\/\/atreve.pl\/en\/#organization"},"potentialAction":[{"@type":"SearchAction","target":{"@type":"EntryPoint","urlTemplate":"https:\/\/atreve.pl\/en\/?s={search_term_string}"},"query-input":{"@type":"PropertyValueSpecification","valueRequired":true,"valueName":"search_term_string"}}],"inLanguage":"en-US"},{"@type":"Organization","@id":"https:\/\/atreve.pl\/en\/#organization","name":"Atreve - usi\u0105d\u017a wygodnie, \u017cyj lepiej","url":"https:\/\/atreve.pl\/en\/","logo":{"@type":"ImageObject","inLanguage":"en-US","@id":"https:\/\/atreve.pl\/en\/#\/schema\/logo\/image\/","url":"https:\/\/atreve.pl\/wp-content\/uploads\/2026\/03\/ATREVE-LOGO-CLAIM-POS-PANTONE7586-scaled.png","contentUrl":"https:\/\/atreve.pl\/wp-content\/uploads\/2026\/03\/ATREVE-LOGO-CLAIM-POS-PANTONE7586-scaled.png","width":2560,"height":894,"caption":"Atreve - usi\u0105d\u017a wygodnie, \u017cyj lepiej"},"image":{"@id":"https:\/\/atreve.pl\/en\/#\/schema\/logo\/image\/"}}]}},"_links":{"self":[{"href":"https:\/\/atreve.pl\/en\/wp-json\/wp\/v2\/product\/8280","targetHints":{"allow":["GET"]}}],"collection":[{"href":"https:\/\/atreve.pl\/en\/wp-json\/wp\/v2\/product"}],"about":[{"href":"https:\/\/atreve.pl\/en\/wp-json\/wp\/v2\/types\/product"}],"wp:featuredmedia":[{"embeddable":true,"href":"https:\/\/atreve.pl\/en\/wp-json\/wp\/v2\/media\/8281"}],"wp:attachment":[{"href":"https:\/\/atreve.pl\/en\/wp-json\/wp\/v2\/media?parent=8280"}],"wp:term":[{"taxonomy":"product_brand","embeddable":true,"href":"https:\/\/atreve.pl\/en\/wp-json\/wp\/v2\/product_brand?post=8280"},{"taxonomy":"product_cat","embeddable":true,"href":"https:\/\/atreve.pl\/en\/wp-json\/wp\/v2\/product_cat?post=8280"},{"taxonomy":"product_tag","embeddable":true,"href":"https:\/\/atreve.pl\/en\/wp-json\/wp\/v2\/product_tag?post=8280"}],"curies":[{"name":"wp","href":"https:\/\/api.w.org\/{rel}","templated":true}]}}