{"id":8320,"date":"2025-12-01T23:01:40","date_gmt":"2025-12-01T22:01:40","guid":{"rendered":"https:\/\/atreve.pl\/produkt\/lawka-madame-140cm\/"},"modified":"2026-04-16T15:25:36","modified_gmt":"2026-04-16T13:25:36","slug":"bench-madame-140","status":"publish","type":"product","link":"https:\/\/atreve.pl\/en\/product\/bench-madame-140\/","title":{"rendered":"MADAME (140cm) bench"},"content":{"rendered":"","protected":false},"excerpt":{"rendered":"<p>The MADAME 140 cm bench easily finds its place in the daily rhythm of home life &#8211; at the dining table, in the entryway, or in the living room, where elegance meets comfort. This premium piece is inspired by glamour and Chesterfield styles, designed for interiors that value refined aesthetics and timeless form.<\/p>\n<p>The quilted backrest is the bench\u2019s main feature, giving it a refined, decorative character while providing comfortable back support. The thick, upholstered seat ensures comfort even during longer gatherings. The sturdy construction supported by stable legs highlights the high quality of craftsmanship. The ability to customize the fabric, leg color, and details allows you to tailor the bench to your individual interior design.<\/p>\n<p>This is an elegant upholstered bench that perfectly complements glamour, classic, or palatial interiors, bringing prestige and a unique atmosphere to them.<\/p>\n","protected":false},"featured_media":8321,"template":"","meta":{"_acf_changed":false},"product_brand":[],"product_cat":[883],"product_tag":[],"class_list":{"0":"post-8320","1":"product","2":"type-product","3":"status-publish","4":"has-post-thumbnail","6":"product_cat-benches","7":"pa_ean-314","9":"first","10":"instock","11":"purchasable","12":"product-type-simple"},"acf":[],"yoast_head":"<!-- This site is optimized with the Yoast SEO plugin v27.4 - https:\/\/yoast.com\/product\/yoast-seo-wordpress\/ -->\n<title>MADAME (140cm) bench - Atreve - usi\u0105d\u017a wygodnie, \u017cyj lepiej<\/title>\n<meta name=\"robots\" content=\"index, follow, max-snippet:-1, max-image-preview:large, max-video-preview:-1\" \/>\n<link rel=\"canonical\" href=\"https:\/\/atreve.pl\/en\/product\/bench-madame-140\/\" \/>\n<meta property=\"og:locale\" content=\"en_US\" \/>\n<meta property=\"og:type\" content=\"article\" \/>\n<meta property=\"og:title\" content=\"MADAME (140cm) bench - Atreve - usi\u0105d\u017a wygodnie, \u017cyj lepiej\" \/>\n<meta property=\"og:description\" content=\"The MADAME 140 cm bench easily finds its place in the daily rhythm of home life - at the dining table, in the entryway, or in the living room, where elegance meets comfort. This premium piece is inspired by glamour and Chesterfield styles, designed for interiors that value refined aesthetics and timeless form.  The quilted backrest is the bench\u2019s main feature, giving it a refined, decorative character while providing comfortable back support. The thick, upholstered seat ensures comfort even during longer gatherings. The sturdy construction supported by stable legs highlights the high quality of craftsmanship. The ability to customize the fabric, leg color, and details allows you to tailor the bench to your individual interior design.  This is an elegant upholstered bench that perfectly complements glamour, classic, or palatial interiors, bringing prestige and a unique atmosphere to them.\" \/>\n<meta property=\"og:url\" content=\"https:\/\/atreve.pl\/en\/product\/bench-madame-140\/\" \/>\n<meta property=\"og:site_name\" content=\"Atreve - usi\u0105d\u017a wygodnie, \u017cyj lepiej\" \/>\n<meta property=\"article:modified_time\" content=\"2026-04-16T13:25:36+00:00\" \/>\n<meta property=\"og:image\" content=\"https:\/\/atreve.pl\/wp-content\/uploads\/2025\/12\/madabe14gr1xxxp.jpg\" \/>\n\t<meta property=\"og:image:width\" content=\"1000\" \/>\n\t<meta property=\"og:image:height\" content=\"1000\" \/>\n\t<meta property=\"og:image:type\" content=\"image\/jpeg\" \/>\n<meta name=\"twitter:card\" content=\"summary_large_image\" \/>\n<meta name=\"twitter:label1\" content=\"Est. reading time\" \/>\n\t<meta name=\"twitter:data1\" content=\"1 minute\" \/>\n<script type=\"application\/ld+json\" class=\"yoast-schema-graph\">{\"@context\":\"https:\\\/\\\/schema.org\",\"@graph\":[{\"@type\":\"WebPage\",\"@id\":\"https:\\\/\\\/atreve.pl\\\/en\\\/product\\\/bench-madame-140\\\/\",\"url\":\"https:\\\/\\\/atreve.pl\\\/en\\\/product\\\/bench-madame-140\\\/\",\"name\":\"MADAME (140cm) bench - Atreve - usi\u0105d\u017a wygodnie, \u017cyj lepiej\",\"isPartOf\":{\"@id\":\"https:\\\/\\\/atreve.pl\\\/en\\\/#website\"},\"primaryImageOfPage\":{\"@id\":\"https:\\\/\\\/atreve.pl\\\/en\\\/product\\\/bench-madame-140\\\/#primaryimage\"},\"image\":{\"@id\":\"https:\\\/\\\/atreve.pl\\\/en\\\/product\\\/bench-madame-140\\\/#primaryimage\"},\"thumbnailUrl\":\"https:\\\/\\\/atreve.pl\\\/wp-content\\\/uploads\\\/2025\\\/12\\\/madabe14gr1xxxp.jpg\",\"datePublished\":\"2025-12-01T22:01:40+00:00\",\"dateModified\":\"2026-04-16T13:25:36+00:00\",\"breadcrumb\":{\"@id\":\"https:\\\/\\\/atreve.pl\\\/en\\\/product\\\/bench-madame-140\\\/#breadcrumb\"},\"inLanguage\":\"en-US\",\"potentialAction\":[{\"@type\":\"ReadAction\",\"target\":[\"https:\\\/\\\/atreve.pl\\\/en\\\/product\\\/bench-madame-140\\\/\"]}]},{\"@type\":\"ImageObject\",\"inLanguage\":\"en-US\",\"@id\":\"https:\\\/\\\/atreve.pl\\\/en\\\/product\\\/bench-madame-140\\\/#primaryimage\",\"url\":\"https:\\\/\\\/atreve.pl\\\/wp-content\\\/uploads\\\/2025\\\/12\\\/madabe14gr1xxxp.jpg\",\"contentUrl\":\"https:\\\/\\\/atreve.pl\\\/wp-content\\\/uploads\\\/2025\\\/12\\\/madabe14gr1xxxp.jpg\",\"width\":1000,\"height\":1000},{\"@type\":\"BreadcrumbList\",\"@id\":\"https:\\\/\\\/atreve.pl\\\/en\\\/product\\\/bench-madame-140\\\/#breadcrumb\",\"itemListElement\":[{\"@type\":\"ListItem\",\"position\":1,\"name\":\"START\",\"item\":\"https:\\\/\\\/atreve.pl\\\/en\\\/\"},{\"@type\":\"ListItem\",\"position\":2,\"name\":\"Benches\",\"item\":\"https:\\\/\\\/atreve.pl\\\/en\\\/produkty\\\/benches\\\/\"},{\"@type\":\"ListItem\",\"position\":3,\"name\":\"MADAME (140cm) bench\"}]},{\"@type\":\"WebSite\",\"@id\":\"https:\\\/\\\/atreve.pl\\\/en\\\/#website\",\"url\":\"https:\\\/\\\/atreve.pl\\\/en\\\/\",\"name\":\"Atreve - usi\u0105d\u017a wygodnie, \u017cyj lepiej\",\"description\":\"Rzemios\u0142o i jako\u015b\u0107 w ka\u017cdym detalu. Jeste\u015bmy polskim producentem mebli. Tworzymy r\u0119cznie, stawiaj\u0105c na trwa\u0142o\u015b\u0107, precyzj\u0119 i autorskie wzornictwo, kt\u00f3rego nie znajdziesz w masowych sieci\u00f3wkach. To meble na lata.\",\"publisher\":{\"@id\":\"https:\\\/\\\/atreve.pl\\\/en\\\/#organization\"},\"potentialAction\":[{\"@type\":\"SearchAction\",\"target\":{\"@type\":\"EntryPoint\",\"urlTemplate\":\"https:\\\/\\\/atreve.pl\\\/en\\\/?s={search_term_string}\"},\"query-input\":{\"@type\":\"PropertyValueSpecification\",\"valueRequired\":true,\"valueName\":\"search_term_string\"}}],\"inLanguage\":\"en-US\"},{\"@type\":\"Organization\",\"@id\":\"https:\\\/\\\/atreve.pl\\\/en\\\/#organization\",\"name\":\"Atreve - usi\u0105d\u017a wygodnie, \u017cyj lepiej\",\"url\":\"https:\\\/\\\/atreve.pl\\\/en\\\/\",\"logo\":{\"@type\":\"ImageObject\",\"inLanguage\":\"en-US\",\"@id\":\"https:\\\/\\\/atreve.pl\\\/en\\\/#\\\/schema\\\/logo\\\/image\\\/\",\"url\":\"https:\\\/\\\/atreve.pl\\\/wp-content\\\/uploads\\\/2026\\\/03\\\/ATREVE-LOGO-CLAIM-POS-PANTONE7586-scaled.png\",\"contentUrl\":\"https:\\\/\\\/atreve.pl\\\/wp-content\\\/uploads\\\/2026\\\/03\\\/ATREVE-LOGO-CLAIM-POS-PANTONE7586-scaled.png\",\"width\":2560,\"height\":894,\"caption\":\"Atreve - usi\u0105d\u017a wygodnie, \u017cyj lepiej\"},\"image\":{\"@id\":\"https:\\\/\\\/atreve.pl\\\/en\\\/#\\\/schema\\\/logo\\\/image\\\/\"}}]}<\/script>\n<!-- \/ Yoast SEO plugin. -->","yoast_head_json":{"title":"MADAME (140cm) bench - Atreve - usi\u0105d\u017a wygodnie, \u017cyj lepiej","robots":{"index":"index","follow":"follow","max-snippet":"max-snippet:-1","max-image-preview":"max-image-preview:large","max-video-preview":"max-video-preview:-1"},"canonical":"https:\/\/atreve.pl\/en\/product\/bench-madame-140\/","og_locale":"en_US","og_type":"article","og_title":"MADAME (140cm) bench - Atreve - usi\u0105d\u017a wygodnie, \u017cyj lepiej","og_description":"The MADAME 140 cm bench easily finds its place in the daily rhythm of home life - at the dining table, in the entryway, or in the living room, where elegance meets comfort. This premium piece is inspired by glamour and Chesterfield styles, designed for interiors that value refined aesthetics and timeless form.  The quilted backrest is the bench\u2019s main feature, giving it a refined, decorative character while providing comfortable back support. The thick, upholstered seat ensures comfort even during longer gatherings. The sturdy construction supported by stable legs highlights the high quality of craftsmanship. The ability to customize the fabric, leg color, and details allows you to tailor the bench to your individual interior design.  This is an elegant upholstered bench that perfectly complements glamour, classic, or palatial interiors, bringing prestige and a unique atmosphere to them.","og_url":"https:\/\/atreve.pl\/en\/product\/bench-madame-140\/","og_site_name":"Atreve - usi\u0105d\u017a wygodnie, \u017cyj lepiej","article_modified_time":"2026-04-16T13:25:36+00:00","og_image":[{"width":1000,"height":1000,"url":"https:\/\/atreve.pl\/wp-content\/uploads\/2025\/12\/madabe14gr1xxxp.jpg","type":"image\/jpeg"}],"twitter_card":"summary_large_image","twitter_misc":{"Est. reading time":"1 minute"},"schema":{"@context":"https:\/\/schema.org","@graph":[{"@type":"WebPage","@id":"https:\/\/atreve.pl\/en\/product\/bench-madame-140\/","url":"https:\/\/atreve.pl\/en\/product\/bench-madame-140\/","name":"MADAME (140cm) bench - Atreve - usi\u0105d\u017a wygodnie, \u017cyj lepiej","isPartOf":{"@id":"https:\/\/atreve.pl\/en\/#website"},"primaryImageOfPage":{"@id":"https:\/\/atreve.pl\/en\/product\/bench-madame-140\/#primaryimage"},"image":{"@id":"https:\/\/atreve.pl\/en\/product\/bench-madame-140\/#primaryimage"},"thumbnailUrl":"https:\/\/atreve.pl\/wp-content\/uploads\/2025\/12\/madabe14gr1xxxp.jpg","datePublished":"2025-12-01T22:01:40+00:00","dateModified":"2026-04-16T13:25:36+00:00","breadcrumb":{"@id":"https:\/\/atreve.pl\/en\/product\/bench-madame-140\/#breadcrumb"},"inLanguage":"en-US","potentialAction":[{"@type":"ReadAction","target":["https:\/\/atreve.pl\/en\/product\/bench-madame-140\/"]}]},{"@type":"ImageObject","inLanguage":"en-US","@id":"https:\/\/atreve.pl\/en\/product\/bench-madame-140\/#primaryimage","url":"https:\/\/atreve.pl\/wp-content\/uploads\/2025\/12\/madabe14gr1xxxp.jpg","contentUrl":"https:\/\/atreve.pl\/wp-content\/uploads\/2025\/12\/madabe14gr1xxxp.jpg","width":1000,"height":1000},{"@type":"BreadcrumbList","@id":"https:\/\/atreve.pl\/en\/product\/bench-madame-140\/#breadcrumb","itemListElement":[{"@type":"ListItem","position":1,"name":"START","item":"https:\/\/atreve.pl\/en\/"},{"@type":"ListItem","position":2,"name":"Benches","item":"https:\/\/atreve.pl\/en\/produkty\/benches\/"},{"@type":"ListItem","position":3,"name":"MADAME (140cm) bench"}]},{"@type":"WebSite","@id":"https:\/\/atreve.pl\/en\/#website","url":"https:\/\/atreve.pl\/en\/","name":"Atreve - usi\u0105d\u017a wygodnie, \u017cyj lepiej","description":"Rzemios\u0142o i jako\u015b\u0107 w ka\u017cdym detalu. Jeste\u015bmy polskim producentem mebli. Tworzymy r\u0119cznie, stawiaj\u0105c na trwa\u0142o\u015b\u0107, precyzj\u0119 i autorskie wzornictwo, kt\u00f3rego nie znajdziesz w masowych sieci\u00f3wkach. To meble na lata.","publisher":{"@id":"https:\/\/atreve.pl\/en\/#organization"},"potentialAction":[{"@type":"SearchAction","target":{"@type":"EntryPoint","urlTemplate":"https:\/\/atreve.pl\/en\/?s={search_term_string}"},"query-input":{"@type":"PropertyValueSpecification","valueRequired":true,"valueName":"search_term_string"}}],"inLanguage":"en-US"},{"@type":"Organization","@id":"https:\/\/atreve.pl\/en\/#organization","name":"Atreve - usi\u0105d\u017a wygodnie, \u017cyj lepiej","url":"https:\/\/atreve.pl\/en\/","logo":{"@type":"ImageObject","inLanguage":"en-US","@id":"https:\/\/atreve.pl\/en\/#\/schema\/logo\/image\/","url":"https:\/\/atreve.pl\/wp-content\/uploads\/2026\/03\/ATREVE-LOGO-CLAIM-POS-PANTONE7586-scaled.png","contentUrl":"https:\/\/atreve.pl\/wp-content\/uploads\/2026\/03\/ATREVE-LOGO-CLAIM-POS-PANTONE7586-scaled.png","width":2560,"height":894,"caption":"Atreve - usi\u0105d\u017a wygodnie, \u017cyj lepiej"},"image":{"@id":"https:\/\/atreve.pl\/en\/#\/schema\/logo\/image\/"}}]}},"_links":{"self":[{"href":"https:\/\/atreve.pl\/en\/wp-json\/wp\/v2\/product\/8320","targetHints":{"allow":["GET"]}}],"collection":[{"href":"https:\/\/atreve.pl\/en\/wp-json\/wp\/v2\/product"}],"about":[{"href":"https:\/\/atreve.pl\/en\/wp-json\/wp\/v2\/types\/product"}],"wp:featuredmedia":[{"embeddable":true,"href":"https:\/\/atreve.pl\/en\/wp-json\/wp\/v2\/media\/8321"}],"wp:attachment":[{"href":"https:\/\/atreve.pl\/en\/wp-json\/wp\/v2\/media?parent=8320"}],"wp:term":[{"taxonomy":"product_brand","embeddable":true,"href":"https:\/\/atreve.pl\/en\/wp-json\/wp\/v2\/product_brand?post=8320"},{"taxonomy":"product_cat","embeddable":true,"href":"https:\/\/atreve.pl\/en\/wp-json\/wp\/v2\/product_cat?post=8320"},{"taxonomy":"product_tag","embeddable":true,"href":"https:\/\/atreve.pl\/en\/wp-json\/wp\/v2\/product_tag?post=8320"}],"curies":[{"name":"wp","href":"https:\/\/api.w.org\/{rel}","templated":true}]}}