{"id":8368,"date":"2025-12-01T23:04:13","date_gmt":"2025-12-01T22:04:13","guid":{"rendered":"https:\/\/atreve.pl\/produkt\/krzeslo-goda-pro\/"},"modified":"2026-03-27T13:21:21","modified_gmt":"2026-03-27T12:21:21","slug":"krzeslo-goda-pro","status":"publish","type":"product","link":"https:\/\/atreve.pl\/en\/product\/krzeslo-goda-pro\/","title":{"rendered":"Krzes\u0142o GODA PRO"},"content":{"rendered":"<p>DOST\u0118PNE WYBARWIENIE PODSTAWY:<\/p>\n<p><a href=\"https:\/\/atreve.pl\/wybarwienia-nog-pro-plus\">https:\/\/atreve.pl\/wybarwienia-nog-pro-plus<\/a><\/p>\n<p>INFORMACJE DODATKOWE:<br \/>\nMateria\u0142 siedziska:\u00a0Pianka, pasy tapicerskie<br \/>\nMateria\u0142 podstawy:\u00a0Drewno lakierowane<br \/>\nFunkcje podstawy:<br \/>\nDodatki:<br \/>\n__________________________________________________<\/p>\n<p>DANE LOGISTYCZNE:<br \/>\nSpos\u00f3b pakowania: Meble pakowane s\u0105 w foli\u0119 ochronn\u0105 oraz karton<br \/>\nMeble do samodzielnego monta\u017cu:\u00a0NIE<br \/>\nMax. ilo\u015b\u0107 zapakowanych sztuk w paczce:\u00a02<br \/>\nIlo\u015b\u0107 zapakowanych sztuk na palet\u0119 (80&#215;120) :\u00a04<\/p>\n<table>\n<tbody>\n<tr>\n<td rowspan=\"2\">GODA PLUS<\/td>\n<td colspan=\"5\">1 SZTUKA<\/td>\n<\/tr>\n<tr>\n<td>BOK A<\/td>\n<td>BOK B<\/td>\n<td>BOK C<\/td>\n<td>WAGA<\/td>\n<td>VOL.<\/td>\n<\/tr>\n<tr>\n<td>KARTON #1<\/td>\n<td>62cm<\/td>\n<td>62cm<\/td>\n<td>102cm<\/td>\n<td>8,5kg<\/td>\n<td>0,4<\/td>\n<\/tr>\n<tr>\n<td rowspan=\"2\">GODA PLUS<\/td>\n<td colspan=\"5\">2 SZTUKI<\/td>\n<\/tr>\n<tr>\n<td>BOK A<\/td>\n<td>BOK B<\/td>\n<td>BOK C<\/td>\n<td>WAGA<\/td>\n<td>VOL.<\/td>\n<\/tr>\n<tr>\n<td>KARTON #1<\/td>\n<td>62cm<\/td>\n<td>92cm<\/td>\n<td>115cm<\/td>\n<td>15,5kg<\/td>\n<td>0,66<\/td>\n<\/tr>\n<\/tbody>\n<\/table>\n","protected":false},"excerpt":{"rendered":"<p>Krzes\u0142o GODA PRO to elegancki mebel premium stworzony z my\u015bl\u0105 o nowoczesnych, stylowych wn\u0119trzach. \u0141\u0105czy wysoki komfort u\u017cytkowania z wyrafinowanym designem, sprawdzaj\u0105c si\u0119 doskonale w jadalni, salonie oraz przestrzeniach biurowych i konferencyjnych.<\/p>\n<p>Profilowane oparcie oraz siedzisko wype\u0142nione piank\u0105 i pasami tapicerskimi zapewniaj\u0105 wygod\u0119 nawet podczas d\u0142ugiego u\u017cytkowania. Charakterystycznie \u015bci\u0119te pod\u0142okietniki, stabilne metalowe nogi oraz drewniana rama PRO pod siedziskiem podkre\u015blaj\u0105 luksusowy, nowoczesny charakter krzes\u0142a. Model oferuje mo\u017cliwo\u015b\u0107 personalizacji \u2013 wyboru tkaniny obiciowej oraz koloru n\u00f3g, co pozwala idealnie dopasowa\u0107 krzes\u0142o do aran\u017cacji wn\u0119trza.<\/p>\n","protected":false},"featured_media":8369,"template":"","meta":{"_acf_changed":false},"product_brand":[],"product_cat":[1252,881],"product_tag":[],"class_list":{"0":"post-8368","1":"product","2":"type-product","3":"status-publish","4":"has-post-thumbnail","6":"product_cat-drewniane","7":"product_cat-living-room-chairs","8":"pa_ean-528","10":"first","11":"instock","12":"purchasable","13":"product-type-simple"},"acf":[],"yoast_head":"<!-- This site is optimized with the Yoast SEO plugin v27.4 - https:\/\/yoast.com\/product\/yoast-seo-wordpress\/ -->\n<title>Krzes\u0142o GODA PRO - Atreve - usi\u0105d\u017a wygodnie, \u017cyj lepiej<\/title>\n<meta name=\"robots\" content=\"index, follow, max-snippet:-1, max-image-preview:large, max-video-preview:-1\" \/>\n<link rel=\"canonical\" href=\"https:\/\/atreve.pl\/en\/product\/krzeslo-goda-pro\/\" \/>\n<meta property=\"og:locale\" content=\"en_US\" \/>\n<meta property=\"og:type\" content=\"article\" \/>\n<meta property=\"og:title\" content=\"Krzes\u0142o GODA PRO - Atreve - usi\u0105d\u017a wygodnie, \u017cyj lepiej\" \/>\n<meta property=\"og:description\" content=\"Krzes\u0142o GODA PRO to elegancki mebel premium stworzony z my\u015bl\u0105 o nowoczesnych, stylowych wn\u0119trzach. \u0141\u0105czy wysoki komfort u\u017cytkowania z wyrafinowanym designem, sprawdzaj\u0105c si\u0119 doskonale w jadalni, salonie oraz przestrzeniach biurowych i konferencyjnych.  Profilowane oparcie oraz siedzisko wype\u0142nione piank\u0105 i pasami tapicerskimi zapewniaj\u0105 wygod\u0119 nawet podczas d\u0142ugiego u\u017cytkowania. Charakterystycznie \u015bci\u0119te pod\u0142okietniki, stabilne metalowe nogi oraz drewniana rama PRO pod siedziskiem podkre\u015blaj\u0105 luksusowy, nowoczesny charakter krzes\u0142a. Model oferuje mo\u017cliwo\u015b\u0107 personalizacji \u2013 wyboru tkaniny obiciowej oraz koloru n\u00f3g, co pozwala idealnie dopasowa\u0107 krzes\u0142o do aran\u017cacji wn\u0119trza.\" \/>\n<meta property=\"og:url\" content=\"https:\/\/atreve.pl\/en\/product\/krzeslo-goda-pro\/\" \/>\n<meta property=\"og:site_name\" content=\"Atreve - usi\u0105d\u017a wygodnie, \u017cyj lepiej\" \/>\n<meta property=\"article:modified_time\" content=\"2026-03-27T12:21:21+00:00\" \/>\n<meta property=\"og:image\" content=\"https:\/\/atreve.pl\/wp-content\/uploads\/2025\/12\/godachprgr1xxxp_1.jpg\" \/>\n\t<meta property=\"og:image:width\" content=\"1000\" \/>\n\t<meta property=\"og:image:height\" content=\"1000\" \/>\n\t<meta property=\"og:image:type\" content=\"image\/jpeg\" \/>\n<meta name=\"twitter:card\" content=\"summary_large_image\" \/>\n<meta name=\"twitter:label1\" content=\"Est. reading time\" \/>\n\t<meta name=\"twitter:data1\" content=\"1 minute\" \/>\n<script type=\"application\/ld+json\" class=\"yoast-schema-graph\">{\"@context\":\"https:\\\/\\\/schema.org\",\"@graph\":[{\"@type\":\"WebPage\",\"@id\":\"https:\\\/\\\/atreve.pl\\\/en\\\/product\\\/krzeslo-goda-pro\\\/\",\"url\":\"https:\\\/\\\/atreve.pl\\\/en\\\/product\\\/krzeslo-goda-pro\\\/\",\"name\":\"Krzes\u0142o GODA PRO - Atreve - usi\u0105d\u017a wygodnie, \u017cyj lepiej\",\"isPartOf\":{\"@id\":\"https:\\\/\\\/atreve.pl\\\/en\\\/#website\"},\"primaryImageOfPage\":{\"@id\":\"https:\\\/\\\/atreve.pl\\\/en\\\/product\\\/krzeslo-goda-pro\\\/#primaryimage\"},\"image\":{\"@id\":\"https:\\\/\\\/atreve.pl\\\/en\\\/product\\\/krzeslo-goda-pro\\\/#primaryimage\"},\"thumbnailUrl\":\"https:\\\/\\\/atreve.pl\\\/wp-content\\\/uploads\\\/2025\\\/12\\\/godachprgr1xxxp_1.jpg\",\"datePublished\":\"2025-12-01T22:04:13+00:00\",\"dateModified\":\"2026-03-27T12:21:21+00:00\",\"breadcrumb\":{\"@id\":\"https:\\\/\\\/atreve.pl\\\/en\\\/product\\\/krzeslo-goda-pro\\\/#breadcrumb\"},\"inLanguage\":\"en-US\",\"potentialAction\":[{\"@type\":\"ReadAction\",\"target\":[\"https:\\\/\\\/atreve.pl\\\/en\\\/product\\\/krzeslo-goda-pro\\\/\"]}]},{\"@type\":\"ImageObject\",\"inLanguage\":\"en-US\",\"@id\":\"https:\\\/\\\/atreve.pl\\\/en\\\/product\\\/krzeslo-goda-pro\\\/#primaryimage\",\"url\":\"https:\\\/\\\/atreve.pl\\\/wp-content\\\/uploads\\\/2025\\\/12\\\/godachprgr1xxxp_1.jpg\",\"contentUrl\":\"https:\\\/\\\/atreve.pl\\\/wp-content\\\/uploads\\\/2025\\\/12\\\/godachprgr1xxxp_1.jpg\",\"width\":1000,\"height\":1000},{\"@type\":\"BreadcrumbList\",\"@id\":\"https:\\\/\\\/atreve.pl\\\/en\\\/product\\\/krzeslo-goda-pro\\\/#breadcrumb\",\"itemListElement\":[{\"@type\":\"ListItem\",\"position\":1,\"name\":\"START\",\"item\":\"https:\\\/\\\/atreve.pl\\\/en\\\/\"},{\"@type\":\"ListItem\",\"position\":2,\"name\":\"Drewniane\",\"item\":\"https:\\\/\\\/atreve.pl\\\/en\\\/produkty\\\/drewniane\\\/\"},{\"@type\":\"ListItem\",\"position\":3,\"name\":\"Krzes\u0142o GODA PRO\"}]},{\"@type\":\"WebSite\",\"@id\":\"https:\\\/\\\/atreve.pl\\\/en\\\/#website\",\"url\":\"https:\\\/\\\/atreve.pl\\\/en\\\/\",\"name\":\"Atreve - usi\u0105d\u017a wygodnie, \u017cyj lepiej\",\"description\":\"Rzemios\u0142o i jako\u015b\u0107 w ka\u017cdym detalu. Jeste\u015bmy polskim producentem mebli. Tworzymy r\u0119cznie, stawiaj\u0105c na trwa\u0142o\u015b\u0107, precyzj\u0119 i autorskie wzornictwo, kt\u00f3rego nie znajdziesz w masowych sieci\u00f3wkach. To meble na lata.\",\"publisher\":{\"@id\":\"https:\\\/\\\/atreve.pl\\\/en\\\/#organization\"},\"potentialAction\":[{\"@type\":\"SearchAction\",\"target\":{\"@type\":\"EntryPoint\",\"urlTemplate\":\"https:\\\/\\\/atreve.pl\\\/en\\\/?s={search_term_string}\"},\"query-input\":{\"@type\":\"PropertyValueSpecification\",\"valueRequired\":true,\"valueName\":\"search_term_string\"}}],\"inLanguage\":\"en-US\"},{\"@type\":\"Organization\",\"@id\":\"https:\\\/\\\/atreve.pl\\\/en\\\/#organization\",\"name\":\"Atreve - usi\u0105d\u017a wygodnie, \u017cyj lepiej\",\"url\":\"https:\\\/\\\/atreve.pl\\\/en\\\/\",\"logo\":{\"@type\":\"ImageObject\",\"inLanguage\":\"en-US\",\"@id\":\"https:\\\/\\\/atreve.pl\\\/en\\\/#\\\/schema\\\/logo\\\/image\\\/\",\"url\":\"https:\\\/\\\/atreve.pl\\\/wp-content\\\/uploads\\\/2026\\\/03\\\/ATREVE-LOGO-CLAIM-POS-PANTONE7586-scaled.png\",\"contentUrl\":\"https:\\\/\\\/atreve.pl\\\/wp-content\\\/uploads\\\/2026\\\/03\\\/ATREVE-LOGO-CLAIM-POS-PANTONE7586-scaled.png\",\"width\":2560,\"height\":894,\"caption\":\"Atreve - usi\u0105d\u017a wygodnie, \u017cyj lepiej\"},\"image\":{\"@id\":\"https:\\\/\\\/atreve.pl\\\/en\\\/#\\\/schema\\\/logo\\\/image\\\/\"}}]}<\/script>\n<!-- \/ Yoast SEO plugin. -->","yoast_head_json":{"title":"Krzes\u0142o GODA PRO - Atreve - usi\u0105d\u017a wygodnie, \u017cyj lepiej","robots":{"index":"index","follow":"follow","max-snippet":"max-snippet:-1","max-image-preview":"max-image-preview:large","max-video-preview":"max-video-preview:-1"},"canonical":"https:\/\/atreve.pl\/en\/product\/krzeslo-goda-pro\/","og_locale":"en_US","og_type":"article","og_title":"Krzes\u0142o GODA PRO - Atreve - usi\u0105d\u017a wygodnie, \u017cyj lepiej","og_description":"Krzes\u0142o GODA PRO to elegancki mebel premium stworzony z my\u015bl\u0105 o nowoczesnych, stylowych wn\u0119trzach. \u0141\u0105czy wysoki komfort u\u017cytkowania z wyrafinowanym designem, sprawdzaj\u0105c si\u0119 doskonale w jadalni, salonie oraz przestrzeniach biurowych i konferencyjnych.  Profilowane oparcie oraz siedzisko wype\u0142nione piank\u0105 i pasami tapicerskimi zapewniaj\u0105 wygod\u0119 nawet podczas d\u0142ugiego u\u017cytkowania. Charakterystycznie \u015bci\u0119te pod\u0142okietniki, stabilne metalowe nogi oraz drewniana rama PRO pod siedziskiem podkre\u015blaj\u0105 luksusowy, nowoczesny charakter krzes\u0142a. Model oferuje mo\u017cliwo\u015b\u0107 personalizacji \u2013 wyboru tkaniny obiciowej oraz koloru n\u00f3g, co pozwala idealnie dopasowa\u0107 krzes\u0142o do aran\u017cacji wn\u0119trza.","og_url":"https:\/\/atreve.pl\/en\/product\/krzeslo-goda-pro\/","og_site_name":"Atreve - usi\u0105d\u017a wygodnie, \u017cyj lepiej","article_modified_time":"2026-03-27T12:21:21+00:00","og_image":[{"width":1000,"height":1000,"url":"https:\/\/atreve.pl\/wp-content\/uploads\/2025\/12\/godachprgr1xxxp_1.jpg","type":"image\/jpeg"}],"twitter_card":"summary_large_image","twitter_misc":{"Est. reading time":"1 minute"},"schema":{"@context":"https:\/\/schema.org","@graph":[{"@type":"WebPage","@id":"https:\/\/atreve.pl\/en\/product\/krzeslo-goda-pro\/","url":"https:\/\/atreve.pl\/en\/product\/krzeslo-goda-pro\/","name":"Krzes\u0142o GODA PRO - Atreve - usi\u0105d\u017a wygodnie, \u017cyj lepiej","isPartOf":{"@id":"https:\/\/atreve.pl\/en\/#website"},"primaryImageOfPage":{"@id":"https:\/\/atreve.pl\/en\/product\/krzeslo-goda-pro\/#primaryimage"},"image":{"@id":"https:\/\/atreve.pl\/en\/product\/krzeslo-goda-pro\/#primaryimage"},"thumbnailUrl":"https:\/\/atreve.pl\/wp-content\/uploads\/2025\/12\/godachprgr1xxxp_1.jpg","datePublished":"2025-12-01T22:04:13+00:00","dateModified":"2026-03-27T12:21:21+00:00","breadcrumb":{"@id":"https:\/\/atreve.pl\/en\/product\/krzeslo-goda-pro\/#breadcrumb"},"inLanguage":"en-US","potentialAction":[{"@type":"ReadAction","target":["https:\/\/atreve.pl\/en\/product\/krzeslo-goda-pro\/"]}]},{"@type":"ImageObject","inLanguage":"en-US","@id":"https:\/\/atreve.pl\/en\/product\/krzeslo-goda-pro\/#primaryimage","url":"https:\/\/atreve.pl\/wp-content\/uploads\/2025\/12\/godachprgr1xxxp_1.jpg","contentUrl":"https:\/\/atreve.pl\/wp-content\/uploads\/2025\/12\/godachprgr1xxxp_1.jpg","width":1000,"height":1000},{"@type":"BreadcrumbList","@id":"https:\/\/atreve.pl\/en\/product\/krzeslo-goda-pro\/#breadcrumb","itemListElement":[{"@type":"ListItem","position":1,"name":"START","item":"https:\/\/atreve.pl\/en\/"},{"@type":"ListItem","position":2,"name":"Drewniane","item":"https:\/\/atreve.pl\/en\/produkty\/drewniane\/"},{"@type":"ListItem","position":3,"name":"Krzes\u0142o GODA PRO"}]},{"@type":"WebSite","@id":"https:\/\/atreve.pl\/en\/#website","url":"https:\/\/atreve.pl\/en\/","name":"Atreve - usi\u0105d\u017a wygodnie, \u017cyj lepiej","description":"Rzemios\u0142o i jako\u015b\u0107 w ka\u017cdym detalu. Jeste\u015bmy polskim producentem mebli. Tworzymy r\u0119cznie, stawiaj\u0105c na trwa\u0142o\u015b\u0107, precyzj\u0119 i autorskie wzornictwo, kt\u00f3rego nie znajdziesz w masowych sieci\u00f3wkach. To meble na lata.","publisher":{"@id":"https:\/\/atreve.pl\/en\/#organization"},"potentialAction":[{"@type":"SearchAction","target":{"@type":"EntryPoint","urlTemplate":"https:\/\/atreve.pl\/en\/?s={search_term_string}"},"query-input":{"@type":"PropertyValueSpecification","valueRequired":true,"valueName":"search_term_string"}}],"inLanguage":"en-US"},{"@type":"Organization","@id":"https:\/\/atreve.pl\/en\/#organization","name":"Atreve - usi\u0105d\u017a wygodnie, \u017cyj lepiej","url":"https:\/\/atreve.pl\/en\/","logo":{"@type":"ImageObject","inLanguage":"en-US","@id":"https:\/\/atreve.pl\/en\/#\/schema\/logo\/image\/","url":"https:\/\/atreve.pl\/wp-content\/uploads\/2026\/03\/ATREVE-LOGO-CLAIM-POS-PANTONE7586-scaled.png","contentUrl":"https:\/\/atreve.pl\/wp-content\/uploads\/2026\/03\/ATREVE-LOGO-CLAIM-POS-PANTONE7586-scaled.png","width":2560,"height":894,"caption":"Atreve - usi\u0105d\u017a wygodnie, \u017cyj lepiej"},"image":{"@id":"https:\/\/atreve.pl\/en\/#\/schema\/logo\/image\/"}}]}},"_links":{"self":[{"href":"https:\/\/atreve.pl\/en\/wp-json\/wp\/v2\/product\/8368","targetHints":{"allow":["GET"]}}],"collection":[{"href":"https:\/\/atreve.pl\/en\/wp-json\/wp\/v2\/product"}],"about":[{"href":"https:\/\/atreve.pl\/en\/wp-json\/wp\/v2\/types\/product"}],"wp:featuredmedia":[{"embeddable":true,"href":"https:\/\/atreve.pl\/en\/wp-json\/wp\/v2\/media\/8369"}],"wp:attachment":[{"href":"https:\/\/atreve.pl\/en\/wp-json\/wp\/v2\/media?parent=8368"}],"wp:term":[{"taxonomy":"product_brand","embeddable":true,"href":"https:\/\/atreve.pl\/en\/wp-json\/wp\/v2\/product_brand?post=8368"},{"taxonomy":"product_cat","embeddable":true,"href":"https:\/\/atreve.pl\/en\/wp-json\/wp\/v2\/product_cat?post=8368"},{"taxonomy":"product_tag","embeddable":true,"href":"https:\/\/atreve.pl\/en\/wp-json\/wp\/v2\/product_tag?post=8368"}],"curies":[{"name":"wp","href":"https:\/\/api.w.org\/{rel}","templated":true}]}}