{"id":8392,"date":"2025-12-01T23:04:13","date_gmt":"2025-12-01T22:04:13","guid":{"rendered":"https:\/\/atreve.pl\/produkt\/hoker-irys-l-70cm\/"},"modified":"2026-02-04T09:23:32","modified_gmt":"2026-02-04T08:23:32","slug":"bar-stool-irys-l-70cm","status":"publish","type":"product","link":"https:\/\/atreve.pl\/en\/product\/bar-stool-irys-l-70cm\/","title":{"rendered":"IRYS L (70cm) bar stool"},"content":{"rendered":"","protected":false},"excerpt":{"rendered":"<h2>Hoker IRYS<\/h2>\n<p><b>Irys<\/b> to elegancki hoker o czarnych metalowych<br \/>\nnogach, kt\u00f3re dodaj\u0105 mu nowoczesnego wygl\u0105du. Jego charakterystyczn\u0105 cech\u0105 jest<br \/>\nszerokie i du\u017ce siedzisko, kt\u00f3re zapewnia wygod\u0119 i komfort podczas u\u017cytkowania.<br \/>\nDodatkowo, hoker posiada tak\u017ce wygodne oparcie, kt\u00f3re pozwala na wyprostowan\u0105 i<br \/>\nwygodn\u0105 pozycje. Dzi\u0119ki swojemu unikalnemu designowi, Irys doskonale wpasuje<br \/>\nsi\u0119 zar\u00f3wno do nowoczesnych, jak i klasycznych wn\u0119trz, dodaj\u0105c im nie tylko<br \/>\nfunkcjonalno\u015bci, ale r\u00f3wnie\u017c estetycznego uroku.<br \/>\n<b><br \/>\nIRYS \u2013 co go wyr\u00f3\u017cnia?<\/b><br \/>\n\u2022\u00a0Personalizacja<br \/>\n&#8211;\u00a0wyb\u00f3r idealnej tkaniny (koloru i struktury)<br \/>\n\u2022\u00a0Minimalistyczny wygl\u0105d \u2013 lekko\u015b\u0107 i dekoracja dla Twojego wn\u0119trza<br \/>\n\u2022 Podn\u00f3\u017cek<br \/>\n<b><br \/>\nDla kogo?<\/b><br \/>\n\u2022\u00a0Dla os\u00f3b poszukuj\u0105cych \u0142adnych i funkcjonalnych hoker\u00f3w<br \/>\n\u2022\u00a0Dla zwolennik\u00f3w eleganckich rozwi\u0105za\u0144<br \/>\n\u2022\u00a0Dla ka\u017cdego, komu zale\u017cy na mo\u017cliwo\u015bci personalizacji<br \/>\nHoker na zdj\u0119ciu pogl\u0105dowym wykonany jest w tkaninie Impala z Textaafoam (grupa 3).<br \/>\n<b><br \/>\nProdukt cieszy si\u0119 du\u017cym zainteresowaniem \u2013 zam\u00f3w ju\u017c teraz !<\/b><\/p>\n","protected":false},"featured_media":8393,"template":"","meta":{"_acf_changed":false},"product_brand":[],"product_cat":[879],"product_tag":[],"class_list":{"0":"post-8392","1":"product","2":"type-product","3":"status-publish","4":"has-post-thumbnail","6":"product_cat-kitchen-island-stools","7":"pa_ean-556","9":"first","10":"instock","11":"purchasable","12":"product-type-simple"},"acf":[],"yoast_head":"<!-- This site is optimized with the Yoast SEO plugin v27.5 - https:\/\/yoast.com\/product\/yoast-seo-wordpress\/ -->\n<title>IRYS L (70cm) bar stool - Atreve - usi\u0105d\u017a wygodnie, \u017cyj lepiej<\/title>\n<meta name=\"robots\" content=\"index, follow, max-snippet:-1, max-image-preview:large, max-video-preview:-1\" \/>\n<link rel=\"canonical\" href=\"https:\/\/atreve.pl\/en\/product\/bar-stool-irys-l-70cm\/\" \/>\n<meta property=\"og:locale\" content=\"en_US\" \/>\n<meta property=\"og:type\" content=\"article\" \/>\n<meta property=\"og:title\" content=\"IRYS L (70cm) bar stool - Atreve - usi\u0105d\u017a wygodnie, \u017cyj lepiej\" \/>\n<meta property=\"og:description\" content=\"Hoker IRYS Irys to elegancki hoker o czarnych metalowych nogach, kt\u00f3re dodaj\u0105 mu nowoczesnego wygl\u0105du. Jego charakterystyczn\u0105 cech\u0105 jest szerokie i du\u017ce siedzisko, kt\u00f3re zapewnia wygod\u0119 i komfort podczas u\u017cytkowania. Dodatkowo, hoker posiada tak\u017ce wygodne oparcie, kt\u00f3re pozwala na wyprostowan\u0105 i wygodn\u0105 pozycje. Dzi\u0119ki swojemu unikalnemu designowi, Irys doskonale wpasuje si\u0119 zar\u00f3wno do nowoczesnych, jak i klasycznych wn\u0119trz, dodaj\u0105c im nie tylko funkcjonalno\u015bci, ale r\u00f3wnie\u017c estetycznego uroku.  IRYS \u2013 co go wyr\u00f3\u017cnia? \u2022\u00a0Personalizacja -\u00a0wyb\u00f3r idealnej tkaniny (koloru i struktury) \u2022\u00a0Minimalistyczny wygl\u0105d \u2013 lekko\u015b\u0107 i dekoracja dla Twojego wn\u0119trza \u2022 Podn\u00f3\u017cek  Dla kogo? \u2022\u00a0Dla os\u00f3b poszukuj\u0105cych \u0142adnych i funkcjonalnych hoker\u00f3w \u2022\u00a0Dla zwolennik\u00f3w eleganckich rozwi\u0105za\u0144 \u2022\u00a0Dla ka\u017cdego, komu zale\u017cy na mo\u017cliwo\u015bci personalizacji Hoker na zdj\u0119ciu pogl\u0105dowym wykonany jest w tkaninie Impala z Textaafoam (grupa 3).  Produkt cieszy si\u0119 du\u017cym zainteresowaniem \u2013 zam\u00f3w ju\u017c teraz !\" \/>\n<meta property=\"og:url\" content=\"https:\/\/atreve.pl\/en\/product\/bar-stool-irys-l-70cm\/\" \/>\n<meta property=\"og:site_name\" content=\"Atreve - usi\u0105d\u017a wygodnie, \u017cyj lepiej\" \/>\n<meta property=\"article:modified_time\" content=\"2026-02-04T08:23:32+00:00\" \/>\n<meta property=\"og:image\" content=\"https:\/\/atreve.pl\/wp-content\/uploads\/2025\/12\/irysh7stgr1xxxp_1.jpg\" \/>\n\t<meta property=\"og:image:width\" content=\"1000\" \/>\n\t<meta property=\"og:image:height\" content=\"1000\" \/>\n\t<meta property=\"og:image:type\" content=\"image\/jpeg\" \/>\n<meta name=\"twitter:card\" content=\"summary_large_image\" \/>\n<meta name=\"twitter:label1\" content=\"Est. reading time\" \/>\n\t<meta name=\"twitter:data1\" content=\"1 minute\" \/>\n<script type=\"application\/ld+json\" class=\"yoast-schema-graph\">{\"@context\":\"https:\\\/\\\/schema.org\",\"@graph\":[{\"@type\":\"WebPage\",\"@id\":\"https:\\\/\\\/atreve.pl\\\/en\\\/product\\\/bar-stool-irys-l-70cm\\\/\",\"url\":\"https:\\\/\\\/atreve.pl\\\/en\\\/product\\\/bar-stool-irys-l-70cm\\\/\",\"name\":\"IRYS L (70cm) bar stool - Atreve - usi\u0105d\u017a wygodnie, \u017cyj lepiej\",\"isPartOf\":{\"@id\":\"https:\\\/\\\/atreve.pl\\\/en\\\/#website\"},\"primaryImageOfPage\":{\"@id\":\"https:\\\/\\\/atreve.pl\\\/en\\\/product\\\/bar-stool-irys-l-70cm\\\/#primaryimage\"},\"image\":{\"@id\":\"https:\\\/\\\/atreve.pl\\\/en\\\/product\\\/bar-stool-irys-l-70cm\\\/#primaryimage\"},\"thumbnailUrl\":\"https:\\\/\\\/atreve.pl\\\/wp-content\\\/uploads\\\/2025\\\/12\\\/irysh7stgr1xxxp_1.jpg\",\"datePublished\":\"2025-12-01T22:04:13+00:00\",\"dateModified\":\"2026-02-04T08:23:32+00:00\",\"breadcrumb\":{\"@id\":\"https:\\\/\\\/atreve.pl\\\/en\\\/product\\\/bar-stool-irys-l-70cm\\\/#breadcrumb\"},\"inLanguage\":\"en-US\",\"potentialAction\":[{\"@type\":\"ReadAction\",\"target\":[\"https:\\\/\\\/atreve.pl\\\/en\\\/product\\\/bar-stool-irys-l-70cm\\\/\"]}]},{\"@type\":\"ImageObject\",\"inLanguage\":\"en-US\",\"@id\":\"https:\\\/\\\/atreve.pl\\\/en\\\/product\\\/bar-stool-irys-l-70cm\\\/#primaryimage\",\"url\":\"https:\\\/\\\/atreve.pl\\\/wp-content\\\/uploads\\\/2025\\\/12\\\/irysh7stgr1xxxp_1.jpg\",\"contentUrl\":\"https:\\\/\\\/atreve.pl\\\/wp-content\\\/uploads\\\/2025\\\/12\\\/irysh7stgr1xxxp_1.jpg\",\"width\":1000,\"height\":1000},{\"@type\":\"BreadcrumbList\",\"@id\":\"https:\\\/\\\/atreve.pl\\\/en\\\/product\\\/bar-stool-irys-l-70cm\\\/#breadcrumb\",\"itemListElement\":[{\"@type\":\"ListItem\",\"position\":1,\"name\":\"START\",\"item\":\"https:\\\/\\\/atreve.pl\\\/en\\\/\"},{\"@type\":\"ListItem\",\"position\":2,\"name\":\"Bar Stools\",\"item\":\"https:\\\/\\\/atreve.pl\\\/en\\\/produkty\\\/kitchen-island-stools\\\/\"},{\"@type\":\"ListItem\",\"position\":3,\"name\":\"IRYS L (70cm) bar stool\"}]},{\"@type\":\"WebSite\",\"@id\":\"https:\\\/\\\/atreve.pl\\\/en\\\/#website\",\"url\":\"https:\\\/\\\/atreve.pl\\\/en\\\/\",\"name\":\"Atreve - usi\u0105d\u017a wygodnie, \u017cyj lepiej\",\"description\":\"Rzemios\u0142o i jako\u015b\u0107 w ka\u017cdym detalu. Jeste\u015bmy polskim producentem mebli. Tworzymy r\u0119cznie, stawiaj\u0105c na trwa\u0142o\u015b\u0107, precyzj\u0119 i autorskie wzornictwo, kt\u00f3rego nie znajdziesz w masowych sieci\u00f3wkach. To meble na lata.\",\"publisher\":{\"@id\":\"https:\\\/\\\/atreve.pl\\\/en\\\/#organization\"},\"potentialAction\":[{\"@type\":\"SearchAction\",\"target\":{\"@type\":\"EntryPoint\",\"urlTemplate\":\"https:\\\/\\\/atreve.pl\\\/en\\\/?s={search_term_string}\"},\"query-input\":{\"@type\":\"PropertyValueSpecification\",\"valueRequired\":true,\"valueName\":\"search_term_string\"}}],\"inLanguage\":\"en-US\"},{\"@type\":\"Organization\",\"@id\":\"https:\\\/\\\/atreve.pl\\\/en\\\/#organization\",\"name\":\"Atreve - usi\u0105d\u017a wygodnie, \u017cyj lepiej\",\"url\":\"https:\\\/\\\/atreve.pl\\\/en\\\/\",\"logo\":{\"@type\":\"ImageObject\",\"inLanguage\":\"en-US\",\"@id\":\"https:\\\/\\\/atreve.pl\\\/en\\\/#\\\/schema\\\/logo\\\/image\\\/\",\"url\":\"https:\\\/\\\/atreve.pl\\\/wp-content\\\/uploads\\\/2026\\\/03\\\/ATREVE-LOGO-CLAIM-POS-PANTONE7586-scaled.png\",\"contentUrl\":\"https:\\\/\\\/atreve.pl\\\/wp-content\\\/uploads\\\/2026\\\/03\\\/ATREVE-LOGO-CLAIM-POS-PANTONE7586-scaled.png\",\"width\":2560,\"height\":894,\"caption\":\"Atreve - usi\u0105d\u017a wygodnie, \u017cyj lepiej\"},\"image\":{\"@id\":\"https:\\\/\\\/atreve.pl\\\/en\\\/#\\\/schema\\\/logo\\\/image\\\/\"}}]}<\/script>\n<!-- \/ Yoast SEO plugin. -->","yoast_head_json":{"title":"IRYS L (70cm) bar stool - Atreve - usi\u0105d\u017a wygodnie, \u017cyj lepiej","robots":{"index":"index","follow":"follow","max-snippet":"max-snippet:-1","max-image-preview":"max-image-preview:large","max-video-preview":"max-video-preview:-1"},"canonical":"https:\/\/atreve.pl\/en\/product\/bar-stool-irys-l-70cm\/","og_locale":"en_US","og_type":"article","og_title":"IRYS L (70cm) bar stool - Atreve - usi\u0105d\u017a wygodnie, \u017cyj lepiej","og_description":"Hoker IRYS Irys to elegancki hoker o czarnych metalowych nogach, kt\u00f3re dodaj\u0105 mu nowoczesnego wygl\u0105du. Jego charakterystyczn\u0105 cech\u0105 jest szerokie i du\u017ce siedzisko, kt\u00f3re zapewnia wygod\u0119 i komfort podczas u\u017cytkowania. Dodatkowo, hoker posiada tak\u017ce wygodne oparcie, kt\u00f3re pozwala na wyprostowan\u0105 i wygodn\u0105 pozycje. Dzi\u0119ki swojemu unikalnemu designowi, Irys doskonale wpasuje si\u0119 zar\u00f3wno do nowoczesnych, jak i klasycznych wn\u0119trz, dodaj\u0105c im nie tylko funkcjonalno\u015bci, ale r\u00f3wnie\u017c estetycznego uroku.  IRYS \u2013 co go wyr\u00f3\u017cnia? \u2022\u00a0Personalizacja -\u00a0wyb\u00f3r idealnej tkaniny (koloru i struktury) \u2022\u00a0Minimalistyczny wygl\u0105d \u2013 lekko\u015b\u0107 i dekoracja dla Twojego wn\u0119trza \u2022 Podn\u00f3\u017cek  Dla kogo? \u2022\u00a0Dla os\u00f3b poszukuj\u0105cych \u0142adnych i funkcjonalnych hoker\u00f3w \u2022\u00a0Dla zwolennik\u00f3w eleganckich rozwi\u0105za\u0144 \u2022\u00a0Dla ka\u017cdego, komu zale\u017cy na mo\u017cliwo\u015bci personalizacji Hoker na zdj\u0119ciu pogl\u0105dowym wykonany jest w tkaninie Impala z Textaafoam (grupa 3).  Produkt cieszy si\u0119 du\u017cym zainteresowaniem \u2013 zam\u00f3w ju\u017c teraz !","og_url":"https:\/\/atreve.pl\/en\/product\/bar-stool-irys-l-70cm\/","og_site_name":"Atreve - usi\u0105d\u017a wygodnie, \u017cyj lepiej","article_modified_time":"2026-02-04T08:23:32+00:00","og_image":[{"width":1000,"height":1000,"url":"https:\/\/atreve.pl\/wp-content\/uploads\/2025\/12\/irysh7stgr1xxxp_1.jpg","type":"image\/jpeg"}],"twitter_card":"summary_large_image","twitter_misc":{"Est. reading time":"1 minute"},"schema":{"@context":"https:\/\/schema.org","@graph":[{"@type":"WebPage","@id":"https:\/\/atreve.pl\/en\/product\/bar-stool-irys-l-70cm\/","url":"https:\/\/atreve.pl\/en\/product\/bar-stool-irys-l-70cm\/","name":"IRYS L (70cm) bar stool - Atreve - usi\u0105d\u017a wygodnie, \u017cyj lepiej","isPartOf":{"@id":"https:\/\/atreve.pl\/en\/#website"},"primaryImageOfPage":{"@id":"https:\/\/atreve.pl\/en\/product\/bar-stool-irys-l-70cm\/#primaryimage"},"image":{"@id":"https:\/\/atreve.pl\/en\/product\/bar-stool-irys-l-70cm\/#primaryimage"},"thumbnailUrl":"https:\/\/atreve.pl\/wp-content\/uploads\/2025\/12\/irysh7stgr1xxxp_1.jpg","datePublished":"2025-12-01T22:04:13+00:00","dateModified":"2026-02-04T08:23:32+00:00","breadcrumb":{"@id":"https:\/\/atreve.pl\/en\/product\/bar-stool-irys-l-70cm\/#breadcrumb"},"inLanguage":"en-US","potentialAction":[{"@type":"ReadAction","target":["https:\/\/atreve.pl\/en\/product\/bar-stool-irys-l-70cm\/"]}]},{"@type":"ImageObject","inLanguage":"en-US","@id":"https:\/\/atreve.pl\/en\/product\/bar-stool-irys-l-70cm\/#primaryimage","url":"https:\/\/atreve.pl\/wp-content\/uploads\/2025\/12\/irysh7stgr1xxxp_1.jpg","contentUrl":"https:\/\/atreve.pl\/wp-content\/uploads\/2025\/12\/irysh7stgr1xxxp_1.jpg","width":1000,"height":1000},{"@type":"BreadcrumbList","@id":"https:\/\/atreve.pl\/en\/product\/bar-stool-irys-l-70cm\/#breadcrumb","itemListElement":[{"@type":"ListItem","position":1,"name":"START","item":"https:\/\/atreve.pl\/en\/"},{"@type":"ListItem","position":2,"name":"Bar Stools","item":"https:\/\/atreve.pl\/en\/produkty\/kitchen-island-stools\/"},{"@type":"ListItem","position":3,"name":"IRYS L (70cm) bar stool"}]},{"@type":"WebSite","@id":"https:\/\/atreve.pl\/en\/#website","url":"https:\/\/atreve.pl\/en\/","name":"Atreve - usi\u0105d\u017a wygodnie, \u017cyj lepiej","description":"Rzemios\u0142o i jako\u015b\u0107 w ka\u017cdym detalu. Jeste\u015bmy polskim producentem mebli. Tworzymy r\u0119cznie, stawiaj\u0105c na trwa\u0142o\u015b\u0107, precyzj\u0119 i autorskie wzornictwo, kt\u00f3rego nie znajdziesz w masowych sieci\u00f3wkach. To meble na lata.","publisher":{"@id":"https:\/\/atreve.pl\/en\/#organization"},"potentialAction":[{"@type":"SearchAction","target":{"@type":"EntryPoint","urlTemplate":"https:\/\/atreve.pl\/en\/?s={search_term_string}"},"query-input":{"@type":"PropertyValueSpecification","valueRequired":true,"valueName":"search_term_string"}}],"inLanguage":"en-US"},{"@type":"Organization","@id":"https:\/\/atreve.pl\/en\/#organization","name":"Atreve - usi\u0105d\u017a wygodnie, \u017cyj lepiej","url":"https:\/\/atreve.pl\/en\/","logo":{"@type":"ImageObject","inLanguage":"en-US","@id":"https:\/\/atreve.pl\/en\/#\/schema\/logo\/image\/","url":"https:\/\/atreve.pl\/wp-content\/uploads\/2026\/03\/ATREVE-LOGO-CLAIM-POS-PANTONE7586-scaled.png","contentUrl":"https:\/\/atreve.pl\/wp-content\/uploads\/2026\/03\/ATREVE-LOGO-CLAIM-POS-PANTONE7586-scaled.png","width":2560,"height":894,"caption":"Atreve - usi\u0105d\u017a wygodnie, \u017cyj lepiej"},"image":{"@id":"https:\/\/atreve.pl\/en\/#\/schema\/logo\/image\/"}}]}},"_links":{"self":[{"href":"https:\/\/atreve.pl\/en\/wp-json\/wp\/v2\/product\/8392","targetHints":{"allow":["GET"]}}],"collection":[{"href":"https:\/\/atreve.pl\/en\/wp-json\/wp\/v2\/product"}],"about":[{"href":"https:\/\/atreve.pl\/en\/wp-json\/wp\/v2\/types\/product"}],"wp:featuredmedia":[{"embeddable":true,"href":"https:\/\/atreve.pl\/en\/wp-json\/wp\/v2\/media\/8393"}],"wp:attachment":[{"href":"https:\/\/atreve.pl\/en\/wp-json\/wp\/v2\/media?parent=8392"}],"wp:term":[{"taxonomy":"product_brand","embeddable":true,"href":"https:\/\/atreve.pl\/en\/wp-json\/wp\/v2\/product_brand?post=8392"},{"taxonomy":"product_cat","embeddable":true,"href":"https:\/\/atreve.pl\/en\/wp-json\/wp\/v2\/product_cat?post=8392"},{"taxonomy":"product_tag","embeddable":true,"href":"https:\/\/atreve.pl\/en\/wp-json\/wp\/v2\/product_tag?post=8392"}],"curies":[{"name":"wp","href":"https:\/\/api.w.org\/{rel}","templated":true}]}}