{"id":8404,"date":"2025-12-01T23:03:52","date_gmt":"2025-12-01T22:03:52","guid":{"rendered":"https:\/\/atreve.pl\/produkt\/krzeslo-sizar-2\/"},"modified":"2026-03-30T12:08:30","modified_gmt":"2026-03-30T10:08:30","slug":"krzeslo-sizar-2","status":"publish","type":"product","link":"https:\/\/atreve.pl\/en\/product\/krzeslo-sizar-2\/","title":{"rendered":"Krzes\u0142o SIZAR 2"},"content":{"rendered":"<p>Sizar to stylowe krzes\u0142o tapicerowane o grubym siedzisku. Wysokie oparcie\u00a0sprawia, \u017ce to krzes\u0142o fotelowe jest niesamowicie wygodne. Smuk\u0142e nogi wykonane s\u0105 ze stali nierdzewnej.<\/p>\n<p>Dodatkowe informacje:<\/p>\n<ul>\n<li>stela\u017c wykonany z drewna<\/li>\n<li>nogi ze stali nierdzwenej<\/li>\n<li>wysokie oparcie<\/li>\n<li>wype\u0142nienie siedziska:\u00a0spr\u0119\u017cyna falista\u00a0+ pianka<\/li>\n<li>nowoczesne wzornictwo<\/li>\n<\/ul>\n<p>Kolorystyka n\u00f3g do wyboru:<\/p>\n<ul>\n<li>srebrny<\/li>\n<li>z\u0142oty<\/li>\n<li>czarny<\/li>\n<\/ul>\n<p>Kolorystyka\u00a0uchwytu do wyboru:<\/p>\n<ul>\n<li>srebrny<\/li>\n<li>z\u0142oty<\/li>\n<li>czarny<\/li>\n<\/ul>\n<p>Prosty w monta\u017cu.<\/p>\n","protected":false},"excerpt":{"rendered":"<p>Krzes\u0142o SIZAR 2 zachwyca nowoczesnym designem i dopracowanymi detalami, kt\u00f3re nadaj\u0105 mu elegancki charakter w ka\u017cdym wn\u0119trzu. Siedzisko wype\u0142nione spr\u0119\u017cyn\u0105 falist\u0105 i piank\u0105 zapewnia wygod\u0119 i spr\u0119\u017cysto\u015b\u0107, a ty\u0142 oparcia zdobi\u0105 przeszycia w pasy, podkre\u015blaj\u0105ce styl mebla. Metalowe nogi zako\u0144czone kuleczkami dodaj\u0105 lekko\u015bci i unikalnego akcentu.<\/p>\n<p>Niskie pod\u0142okietniki s\u0105 subtelnym przed\u0142u\u017ceniem oparcia, a ozdobny uchwyt z ty\u0142u u\u0142atwia przesuwanie krzes\u0142a i stanowi efektowny detal. Model doskonale sprawdzi si\u0119 w jadalni, salonie lub gabinecie, wprowadzaj\u0105c nowoczesny, designerski akcent. Mo\u017cliwo\u015b\u0107 personalizacji obejmuje wyb\u00f3r tkaniny obiciowej oraz wybarwienia n\u00f3g, co pozwala dopasowa\u0107 krzes\u0142o do indywidualnej aran\u017cacji wn\u0119trza.<\/p>\n","protected":false},"featured_media":8405,"template":"","meta":{"_acf_changed":false},"product_brand":[],"product_cat":[1253,881],"product_tag":[],"class_list":{"0":"post-8404","1":"product","2":"type-product","3":"status-publish","4":"has-post-thumbnail","6":"product_cat-nogi-metalowe","7":"product_cat-living-room-chairs","8":"pa_ean-503","10":"first","11":"instock","12":"purchasable","13":"product-type-simple"},"acf":[],"yoast_head":"<!-- This site is optimized with the Yoast SEO plugin v27.5 - https:\/\/yoast.com\/product\/yoast-seo-wordpress\/ -->\n<title>Krzes\u0142o SIZAR 2 - Atreve - usi\u0105d\u017a wygodnie, \u017cyj lepiej<\/title>\n<meta name=\"robots\" content=\"index, follow, max-snippet:-1, max-image-preview:large, max-video-preview:-1\" \/>\n<link rel=\"canonical\" href=\"https:\/\/atreve.pl\/en\/product\/krzeslo-sizar-2\/\" \/>\n<meta property=\"og:locale\" content=\"en_US\" \/>\n<meta property=\"og:type\" content=\"article\" \/>\n<meta property=\"og:title\" content=\"Krzes\u0142o SIZAR 2 - Atreve - usi\u0105d\u017a wygodnie, \u017cyj lepiej\" \/>\n<meta property=\"og:description\" content=\"Krzes\u0142o SIZAR 2 zachwyca nowoczesnym designem i dopracowanymi detalami, kt\u00f3re nadaj\u0105 mu elegancki charakter w ka\u017cdym wn\u0119trzu. Siedzisko wype\u0142nione spr\u0119\u017cyn\u0105 falist\u0105 i piank\u0105 zapewnia wygod\u0119 i spr\u0119\u017cysto\u015b\u0107, a ty\u0142 oparcia zdobi\u0105 przeszycia w pasy, podkre\u015blaj\u0105ce styl mebla. Metalowe nogi zako\u0144czone kuleczkami dodaj\u0105 lekko\u015bci i unikalnego akcentu.  Niskie pod\u0142okietniki s\u0105 subtelnym przed\u0142u\u017ceniem oparcia, a ozdobny uchwyt z ty\u0142u u\u0142atwia przesuwanie krzes\u0142a i stanowi efektowny detal. Model doskonale sprawdzi si\u0119 w jadalni, salonie lub gabinecie, wprowadzaj\u0105c nowoczesny, designerski akcent. Mo\u017cliwo\u015b\u0107 personalizacji obejmuje wyb\u00f3r tkaniny obiciowej oraz wybarwienia n\u00f3g, co pozwala dopasowa\u0107 krzes\u0142o do indywidualnej aran\u017cacji wn\u0119trza.\" \/>\n<meta property=\"og:url\" content=\"https:\/\/atreve.pl\/en\/product\/krzeslo-sizar-2\/\" \/>\n<meta property=\"og:site_name\" content=\"Atreve - usi\u0105d\u017a wygodnie, \u017cyj lepiej\" \/>\n<meta property=\"article:modified_time\" content=\"2026-03-30T10:08:30+00:00\" \/>\n<meta property=\"og:image\" content=\"https:\/\/atreve.pl\/wp-content\/uploads\/2025\/12\/sizach02gr1xxxp_1.jpg\" \/>\n\t<meta property=\"og:image:width\" content=\"1000\" \/>\n\t<meta property=\"og:image:height\" content=\"1000\" \/>\n\t<meta property=\"og:image:type\" content=\"image\/jpeg\" \/>\n<meta name=\"twitter:card\" content=\"summary_large_image\" \/>\n<meta name=\"twitter:label1\" content=\"Est. reading time\" \/>\n\t<meta name=\"twitter:data1\" content=\"1 minute\" \/>\n<script type=\"application\/ld+json\" class=\"yoast-schema-graph\">{\"@context\":\"https:\\\/\\\/schema.org\",\"@graph\":[{\"@type\":\"WebPage\",\"@id\":\"https:\\\/\\\/atreve.pl\\\/en\\\/product\\\/krzeslo-sizar-2\\\/\",\"url\":\"https:\\\/\\\/atreve.pl\\\/en\\\/product\\\/krzeslo-sizar-2\\\/\",\"name\":\"Krzes\u0142o SIZAR 2 - Atreve - usi\u0105d\u017a wygodnie, \u017cyj lepiej\",\"isPartOf\":{\"@id\":\"https:\\\/\\\/atreve.pl\\\/en\\\/#website\"},\"primaryImageOfPage\":{\"@id\":\"https:\\\/\\\/atreve.pl\\\/en\\\/product\\\/krzeslo-sizar-2\\\/#primaryimage\"},\"image\":{\"@id\":\"https:\\\/\\\/atreve.pl\\\/en\\\/product\\\/krzeslo-sizar-2\\\/#primaryimage\"},\"thumbnailUrl\":\"https:\\\/\\\/atreve.pl\\\/wp-content\\\/uploads\\\/2025\\\/12\\\/sizach02gr1xxxp_1.jpg\",\"datePublished\":\"2025-12-01T22:03:52+00:00\",\"dateModified\":\"2026-03-30T10:08:30+00:00\",\"breadcrumb\":{\"@id\":\"https:\\\/\\\/atreve.pl\\\/en\\\/product\\\/krzeslo-sizar-2\\\/#breadcrumb\"},\"inLanguage\":\"en-US\",\"potentialAction\":[{\"@type\":\"ReadAction\",\"target\":[\"https:\\\/\\\/atreve.pl\\\/en\\\/product\\\/krzeslo-sizar-2\\\/\"]}]},{\"@type\":\"ImageObject\",\"inLanguage\":\"en-US\",\"@id\":\"https:\\\/\\\/atreve.pl\\\/en\\\/product\\\/krzeslo-sizar-2\\\/#primaryimage\",\"url\":\"https:\\\/\\\/atreve.pl\\\/wp-content\\\/uploads\\\/2025\\\/12\\\/sizach02gr1xxxp_1.jpg\",\"contentUrl\":\"https:\\\/\\\/atreve.pl\\\/wp-content\\\/uploads\\\/2025\\\/12\\\/sizach02gr1xxxp_1.jpg\",\"width\":1000,\"height\":1000},{\"@type\":\"BreadcrumbList\",\"@id\":\"https:\\\/\\\/atreve.pl\\\/en\\\/product\\\/krzeslo-sizar-2\\\/#breadcrumb\",\"itemListElement\":[{\"@type\":\"ListItem\",\"position\":1,\"name\":\"START\",\"item\":\"https:\\\/\\\/atreve.pl\\\/en\\\/\"},{\"@type\":\"ListItem\",\"position\":2,\"name\":\"Living Room Chairs\",\"item\":\"https:\\\/\\\/atreve.pl\\\/en\\\/produkty\\\/living-room-chairs\\\/\"},{\"@type\":\"ListItem\",\"position\":3,\"name\":\"Krzes\u0142o SIZAR 2\"}]},{\"@type\":\"WebSite\",\"@id\":\"https:\\\/\\\/atreve.pl\\\/en\\\/#website\",\"url\":\"https:\\\/\\\/atreve.pl\\\/en\\\/\",\"name\":\"Atreve - usi\u0105d\u017a wygodnie, \u017cyj lepiej\",\"description\":\"Rzemios\u0142o i jako\u015b\u0107 w ka\u017cdym detalu. Jeste\u015bmy polskim producentem mebli. Tworzymy r\u0119cznie, stawiaj\u0105c na trwa\u0142o\u015b\u0107, precyzj\u0119 i autorskie wzornictwo, kt\u00f3rego nie znajdziesz w masowych sieci\u00f3wkach. To meble na lata.\",\"publisher\":{\"@id\":\"https:\\\/\\\/atreve.pl\\\/en\\\/#organization\"},\"potentialAction\":[{\"@type\":\"SearchAction\",\"target\":{\"@type\":\"EntryPoint\",\"urlTemplate\":\"https:\\\/\\\/atreve.pl\\\/en\\\/?s={search_term_string}\"},\"query-input\":{\"@type\":\"PropertyValueSpecification\",\"valueRequired\":true,\"valueName\":\"search_term_string\"}}],\"inLanguage\":\"en-US\"},{\"@type\":\"Organization\",\"@id\":\"https:\\\/\\\/atreve.pl\\\/en\\\/#organization\",\"name\":\"Atreve - usi\u0105d\u017a wygodnie, \u017cyj lepiej\",\"url\":\"https:\\\/\\\/atreve.pl\\\/en\\\/\",\"logo\":{\"@type\":\"ImageObject\",\"inLanguage\":\"en-US\",\"@id\":\"https:\\\/\\\/atreve.pl\\\/en\\\/#\\\/schema\\\/logo\\\/image\\\/\",\"url\":\"https:\\\/\\\/atreve.pl\\\/wp-content\\\/uploads\\\/2026\\\/03\\\/ATREVE-LOGO-CLAIM-POS-PANTONE7586-scaled.png\",\"contentUrl\":\"https:\\\/\\\/atreve.pl\\\/wp-content\\\/uploads\\\/2026\\\/03\\\/ATREVE-LOGO-CLAIM-POS-PANTONE7586-scaled.png\",\"width\":2560,\"height\":894,\"caption\":\"Atreve - usi\u0105d\u017a wygodnie, \u017cyj lepiej\"},\"image\":{\"@id\":\"https:\\\/\\\/atreve.pl\\\/en\\\/#\\\/schema\\\/logo\\\/image\\\/\"}}]}<\/script>\n<!-- \/ Yoast SEO plugin. -->","yoast_head_json":{"title":"Krzes\u0142o SIZAR 2 - Atreve - usi\u0105d\u017a wygodnie, \u017cyj lepiej","robots":{"index":"index","follow":"follow","max-snippet":"max-snippet:-1","max-image-preview":"max-image-preview:large","max-video-preview":"max-video-preview:-1"},"canonical":"https:\/\/atreve.pl\/en\/product\/krzeslo-sizar-2\/","og_locale":"en_US","og_type":"article","og_title":"Krzes\u0142o SIZAR 2 - Atreve - usi\u0105d\u017a wygodnie, \u017cyj lepiej","og_description":"Krzes\u0142o SIZAR 2 zachwyca nowoczesnym designem i dopracowanymi detalami, kt\u00f3re nadaj\u0105 mu elegancki charakter w ka\u017cdym wn\u0119trzu. Siedzisko wype\u0142nione spr\u0119\u017cyn\u0105 falist\u0105 i piank\u0105 zapewnia wygod\u0119 i spr\u0119\u017cysto\u015b\u0107, a ty\u0142 oparcia zdobi\u0105 przeszycia w pasy, podkre\u015blaj\u0105ce styl mebla. Metalowe nogi zako\u0144czone kuleczkami dodaj\u0105 lekko\u015bci i unikalnego akcentu.  Niskie pod\u0142okietniki s\u0105 subtelnym przed\u0142u\u017ceniem oparcia, a ozdobny uchwyt z ty\u0142u u\u0142atwia przesuwanie krzes\u0142a i stanowi efektowny detal. Model doskonale sprawdzi si\u0119 w jadalni, salonie lub gabinecie, wprowadzaj\u0105c nowoczesny, designerski akcent. Mo\u017cliwo\u015b\u0107 personalizacji obejmuje wyb\u00f3r tkaniny obiciowej oraz wybarwienia n\u00f3g, co pozwala dopasowa\u0107 krzes\u0142o do indywidualnej aran\u017cacji wn\u0119trza.","og_url":"https:\/\/atreve.pl\/en\/product\/krzeslo-sizar-2\/","og_site_name":"Atreve - usi\u0105d\u017a wygodnie, \u017cyj lepiej","article_modified_time":"2026-03-30T10:08:30+00:00","og_image":[{"width":1000,"height":1000,"url":"https:\/\/atreve.pl\/wp-content\/uploads\/2025\/12\/sizach02gr1xxxp_1.jpg","type":"image\/jpeg"}],"twitter_card":"summary_large_image","twitter_misc":{"Est. reading time":"1 minute"},"schema":{"@context":"https:\/\/schema.org","@graph":[{"@type":"WebPage","@id":"https:\/\/atreve.pl\/en\/product\/krzeslo-sizar-2\/","url":"https:\/\/atreve.pl\/en\/product\/krzeslo-sizar-2\/","name":"Krzes\u0142o SIZAR 2 - Atreve - usi\u0105d\u017a wygodnie, \u017cyj lepiej","isPartOf":{"@id":"https:\/\/atreve.pl\/en\/#website"},"primaryImageOfPage":{"@id":"https:\/\/atreve.pl\/en\/product\/krzeslo-sizar-2\/#primaryimage"},"image":{"@id":"https:\/\/atreve.pl\/en\/product\/krzeslo-sizar-2\/#primaryimage"},"thumbnailUrl":"https:\/\/atreve.pl\/wp-content\/uploads\/2025\/12\/sizach02gr1xxxp_1.jpg","datePublished":"2025-12-01T22:03:52+00:00","dateModified":"2026-03-30T10:08:30+00:00","breadcrumb":{"@id":"https:\/\/atreve.pl\/en\/product\/krzeslo-sizar-2\/#breadcrumb"},"inLanguage":"en-US","potentialAction":[{"@type":"ReadAction","target":["https:\/\/atreve.pl\/en\/product\/krzeslo-sizar-2\/"]}]},{"@type":"ImageObject","inLanguage":"en-US","@id":"https:\/\/atreve.pl\/en\/product\/krzeslo-sizar-2\/#primaryimage","url":"https:\/\/atreve.pl\/wp-content\/uploads\/2025\/12\/sizach02gr1xxxp_1.jpg","contentUrl":"https:\/\/atreve.pl\/wp-content\/uploads\/2025\/12\/sizach02gr1xxxp_1.jpg","width":1000,"height":1000},{"@type":"BreadcrumbList","@id":"https:\/\/atreve.pl\/en\/product\/krzeslo-sizar-2\/#breadcrumb","itemListElement":[{"@type":"ListItem","position":1,"name":"START","item":"https:\/\/atreve.pl\/en\/"},{"@type":"ListItem","position":2,"name":"Living Room Chairs","item":"https:\/\/atreve.pl\/en\/produkty\/living-room-chairs\/"},{"@type":"ListItem","position":3,"name":"Krzes\u0142o SIZAR 2"}]},{"@type":"WebSite","@id":"https:\/\/atreve.pl\/en\/#website","url":"https:\/\/atreve.pl\/en\/","name":"Atreve - usi\u0105d\u017a wygodnie, \u017cyj lepiej","description":"Rzemios\u0142o i jako\u015b\u0107 w ka\u017cdym detalu. Jeste\u015bmy polskim producentem mebli. Tworzymy r\u0119cznie, stawiaj\u0105c na trwa\u0142o\u015b\u0107, precyzj\u0119 i autorskie wzornictwo, kt\u00f3rego nie znajdziesz w masowych sieci\u00f3wkach. To meble na lata.","publisher":{"@id":"https:\/\/atreve.pl\/en\/#organization"},"potentialAction":[{"@type":"SearchAction","target":{"@type":"EntryPoint","urlTemplate":"https:\/\/atreve.pl\/en\/?s={search_term_string}"},"query-input":{"@type":"PropertyValueSpecification","valueRequired":true,"valueName":"search_term_string"}}],"inLanguage":"en-US"},{"@type":"Organization","@id":"https:\/\/atreve.pl\/en\/#organization","name":"Atreve - usi\u0105d\u017a wygodnie, \u017cyj lepiej","url":"https:\/\/atreve.pl\/en\/","logo":{"@type":"ImageObject","inLanguage":"en-US","@id":"https:\/\/atreve.pl\/en\/#\/schema\/logo\/image\/","url":"https:\/\/atreve.pl\/wp-content\/uploads\/2026\/03\/ATREVE-LOGO-CLAIM-POS-PANTONE7586-scaled.png","contentUrl":"https:\/\/atreve.pl\/wp-content\/uploads\/2026\/03\/ATREVE-LOGO-CLAIM-POS-PANTONE7586-scaled.png","width":2560,"height":894,"caption":"Atreve - usi\u0105d\u017a wygodnie, \u017cyj lepiej"},"image":{"@id":"https:\/\/atreve.pl\/en\/#\/schema\/logo\/image\/"}}]}},"_links":{"self":[{"href":"https:\/\/atreve.pl\/en\/wp-json\/wp\/v2\/product\/8404","targetHints":{"allow":["GET"]}}],"collection":[{"href":"https:\/\/atreve.pl\/en\/wp-json\/wp\/v2\/product"}],"about":[{"href":"https:\/\/atreve.pl\/en\/wp-json\/wp\/v2\/types\/product"}],"wp:featuredmedia":[{"embeddable":true,"href":"https:\/\/atreve.pl\/en\/wp-json\/wp\/v2\/media\/8405"}],"wp:attachment":[{"href":"https:\/\/atreve.pl\/en\/wp-json\/wp\/v2\/media?parent=8404"}],"wp:term":[{"taxonomy":"product_brand","embeddable":true,"href":"https:\/\/atreve.pl\/en\/wp-json\/wp\/v2\/product_brand?post=8404"},{"taxonomy":"product_cat","embeddable":true,"href":"https:\/\/atreve.pl\/en\/wp-json\/wp\/v2\/product_cat?post=8404"},{"taxonomy":"product_tag","embeddable":true,"href":"https:\/\/atreve.pl\/en\/wp-json\/wp\/v2\/product_tag?post=8404"}],"curies":[{"name":"wp","href":"https:\/\/api.w.org\/{rel}","templated":true}]}}