{"id":8554,"date":"2025-12-01T23:06:19","date_gmt":"2025-12-01T22:06:19","guid":{"rendered":"https:\/\/atreve.pl\/produkt\/fotel-baloon\/"},"modified":"2025-12-15T12:44:09","modified_gmt":"2025-12-15T11:44:09","slug":"fotel-baloon","status":"publish","type":"product","link":"https:\/\/atreve.pl\/en\/product\/fotel-baloon\/","title":{"rendered":"BALOON Armchair"},"content":{"rendered":"<p><a href=\"https:\/\/atreve.pl\/legs-colors-plus\">_________________________________________________<br \/>\nADDITIONAL INFORMATION:<br \/>\n<\/a><\/p>\n<p>Seat material: Foam + wavy springs<br \/>\nBase material:\u00a0Metal<br \/>\nBase functions:\u00a0 360-degree swivel base<br \/>\nAccessories: &#8211;<br \/>\n__________________________________________________<\/p>\n<p>LOGISTICAL DATA:<br \/>\nPackaging method: Furniture is packed in protective film and cardboard<br \/>\nFurniture for self-assembly: YES<br \/>\nMax. number of pieces packed per package: 1<br \/>\nNumber of pieces packed per pallet (80&#215;120) : 4<\/p>\n<table>\n<tbody>\n<tr>\n<td colspan=\"6\">1 PIECE<\/td>\n<\/tr>\n<tr>\n<td>CARTON QTY.<\/td>\n<td>SIDE A<\/td>\n<td>SIDE B<\/td>\n<td>SIDE C<\/td>\n<td>WEIGHT<\/td>\n<td>VOL.<\/td>\n<\/tr>\n<tr>\n<td>CARTON #1<\/td>\n<td>80cm<\/td>\n<td>76cm<\/td>\n<td>80cm<\/td>\n<td>22,8kg<\/td>\n<td>0,49<\/td>\n<\/tr>\n<\/tbody>\n<\/table>\n","protected":false},"excerpt":{"rendered":"<p>Modern Upholstered BALOON Armchair<\/p>\n<p><b>BALOON <\/b>is an armchair that fits into the latest interior design trends<br \/>\n. Its rounded, balloon-like shape catches the eye and guarantees comfort.<br \/>\nThe soft backrest and seat ensure comfort and allow for relaxation. The wooden<br \/>\nleg, upholstered with Soft eco-leather, ensures stability and adds character.<br \/>\n<b><br \/>\nBALOON \u2013 what distinguishes it?<\/b><br \/>\n\u2022 Personalization \u2013 selection of the ideal fabric (color and texture)<br \/>\n\u2022 Unique, original line<br \/>\n<b><br \/>\nFor whom?<\/b><br \/>\n\u2022 For fashion enthusiasts who want to follow current fashion trends<br \/>\n\u2022 For anyone looking for beautiful and functional furniture<\/p>\n<p>The armchair in the illustrative photo was made in <b>Himalaya <\/b>fabric from Symphony Mills (group 5).<\/p>\n","protected":false},"featured_media":8555,"template":"","meta":{"_acf_changed":false},"product_brand":[],"product_cat":[878],"product_tag":[],"class_list":{"0":"post-8554","1":"product","2":"type-product","3":"status-publish","4":"has-post-thumbnail","6":"product_cat-armchairs","7":"pa_ean-735","9":"first","10":"instock","11":"purchasable","12":"product-type-simple"},"acf":[],"yoast_head":"<!-- This site is optimized with the Yoast SEO plugin v27.4 - https:\/\/yoast.com\/product\/yoast-seo-wordpress\/ -->\n<title>BALOON Armchair - Atreve - usi\u0105d\u017a wygodnie, \u017cyj lepiej<\/title>\n<meta name=\"robots\" content=\"index, follow, max-snippet:-1, max-image-preview:large, max-video-preview:-1\" \/>\n<link rel=\"canonical\" href=\"https:\/\/atreve.pl\/en\/product\/fotel-baloon\/\" \/>\n<meta property=\"og:locale\" content=\"en_US\" \/>\n<meta property=\"og:type\" content=\"article\" \/>\n<meta property=\"og:title\" content=\"BALOON Armchair - Atreve - usi\u0105d\u017a wygodnie, \u017cyj lepiej\" \/>\n<meta property=\"og:description\" content=\"Modern Upholstered BALOON Armchair  BALOON is an armchair that fits into the latest interior design trends . Its rounded, balloon-like shape catches the eye and guarantees comfort. The soft backrest and seat ensure comfort and allow for relaxation. The wooden leg, upholstered with Soft eco-leather, ensures stability and adds character.  BALOON \u2013 what distinguishes it? \u2022 Personalization \u2013 selection of the ideal fabric (color and texture) \u2022 Unique, original line  For whom? \u2022 For fashion enthusiasts who want to follow current fashion trends \u2022 For anyone looking for beautiful and functional furniture  The armchair in the illustrative photo was made in Himalaya fabric from Symphony Mills (group 5).\" \/>\n<meta property=\"og:url\" content=\"https:\/\/atreve.pl\/en\/product\/fotel-baloon\/\" \/>\n<meta property=\"og:site_name\" content=\"Atreve - usi\u0105d\u017a wygodnie, \u017cyj lepiej\" \/>\n<meta property=\"article:modified_time\" content=\"2025-12-15T11:44:09+00:00\" \/>\n<meta property=\"og:image\" content=\"https:\/\/atreve.pl\/wp-content\/uploads\/2025\/12\/baloarstgr1xxxp_1-e1765799037699.jpg\" \/>\n\t<meta property=\"og:image:width\" content=\"1139\" \/>\n\t<meta property=\"og:image:height\" content=\"1080\" \/>\n\t<meta property=\"og:image:type\" content=\"image\/jpeg\" \/>\n<meta name=\"twitter:card\" content=\"summary_large_image\" \/>\n<meta name=\"twitter:label1\" content=\"Est. reading time\" \/>\n\t<meta name=\"twitter:data1\" content=\"1 minute\" \/>\n<script type=\"application\/ld+json\" class=\"yoast-schema-graph\">{\"@context\":\"https:\\\/\\\/schema.org\",\"@graph\":[{\"@type\":\"WebPage\",\"@id\":\"https:\\\/\\\/atreve.pl\\\/en\\\/product\\\/fotel-baloon\\\/\",\"url\":\"https:\\\/\\\/atreve.pl\\\/en\\\/product\\\/fotel-baloon\\\/\",\"name\":\"BALOON Armchair - Atreve - usi\u0105d\u017a wygodnie, \u017cyj lepiej\",\"isPartOf\":{\"@id\":\"https:\\\/\\\/atreve.pl\\\/en\\\/#website\"},\"primaryImageOfPage\":{\"@id\":\"https:\\\/\\\/atreve.pl\\\/en\\\/product\\\/fotel-baloon\\\/#primaryimage\"},\"image\":{\"@id\":\"https:\\\/\\\/atreve.pl\\\/en\\\/product\\\/fotel-baloon\\\/#primaryimage\"},\"thumbnailUrl\":\"https:\\\/\\\/atreve.pl\\\/wp-content\\\/uploads\\\/2025\\\/12\\\/baloarstgr1xxxp_1-e1765799037699.jpg\",\"datePublished\":\"2025-12-01T22:06:19+00:00\",\"dateModified\":\"2025-12-15T11:44:09+00:00\",\"breadcrumb\":{\"@id\":\"https:\\\/\\\/atreve.pl\\\/en\\\/product\\\/fotel-baloon\\\/#breadcrumb\"},\"inLanguage\":\"en-US\",\"potentialAction\":[{\"@type\":\"ReadAction\",\"target\":[\"https:\\\/\\\/atreve.pl\\\/en\\\/product\\\/fotel-baloon\\\/\"]}]},{\"@type\":\"ImageObject\",\"inLanguage\":\"en-US\",\"@id\":\"https:\\\/\\\/atreve.pl\\\/en\\\/product\\\/fotel-baloon\\\/#primaryimage\",\"url\":\"https:\\\/\\\/atreve.pl\\\/wp-content\\\/uploads\\\/2025\\\/12\\\/baloarstgr1xxxp_1-e1765799037699.jpg\",\"contentUrl\":\"https:\\\/\\\/atreve.pl\\\/wp-content\\\/uploads\\\/2025\\\/12\\\/baloarstgr1xxxp_1-e1765799037699.jpg\",\"width\":1139,\"height\":1080},{\"@type\":\"BreadcrumbList\",\"@id\":\"https:\\\/\\\/atreve.pl\\\/en\\\/product\\\/fotel-baloon\\\/#breadcrumb\",\"itemListElement\":[{\"@type\":\"ListItem\",\"position\":1,\"name\":\"START\",\"item\":\"https:\\\/\\\/atreve.pl\\\/en\\\/\"},{\"@type\":\"ListItem\",\"position\":2,\"name\":\"Armchairs\",\"item\":\"https:\\\/\\\/atreve.pl\\\/en\\\/produkty\\\/armchairs\\\/\"},{\"@type\":\"ListItem\",\"position\":3,\"name\":\"BALOON Armchair\"}]},{\"@type\":\"WebSite\",\"@id\":\"https:\\\/\\\/atreve.pl\\\/en\\\/#website\",\"url\":\"https:\\\/\\\/atreve.pl\\\/en\\\/\",\"name\":\"Atreve - usi\u0105d\u017a wygodnie, \u017cyj lepiej\",\"description\":\"Rzemios\u0142o i jako\u015b\u0107 w ka\u017cdym detalu. Jeste\u015bmy polskim producentem mebli. Tworzymy r\u0119cznie, stawiaj\u0105c na trwa\u0142o\u015b\u0107, precyzj\u0119 i autorskie wzornictwo, kt\u00f3rego nie znajdziesz w masowych sieci\u00f3wkach. To meble na lata.\",\"publisher\":{\"@id\":\"https:\\\/\\\/atreve.pl\\\/en\\\/#organization\"},\"potentialAction\":[{\"@type\":\"SearchAction\",\"target\":{\"@type\":\"EntryPoint\",\"urlTemplate\":\"https:\\\/\\\/atreve.pl\\\/en\\\/?s={search_term_string}\"},\"query-input\":{\"@type\":\"PropertyValueSpecification\",\"valueRequired\":true,\"valueName\":\"search_term_string\"}}],\"inLanguage\":\"en-US\"},{\"@type\":\"Organization\",\"@id\":\"https:\\\/\\\/atreve.pl\\\/en\\\/#organization\",\"name\":\"Atreve - usi\u0105d\u017a wygodnie, \u017cyj lepiej\",\"url\":\"https:\\\/\\\/atreve.pl\\\/en\\\/\",\"logo\":{\"@type\":\"ImageObject\",\"inLanguage\":\"en-US\",\"@id\":\"https:\\\/\\\/atreve.pl\\\/en\\\/#\\\/schema\\\/logo\\\/image\\\/\",\"url\":\"https:\\\/\\\/atreve.pl\\\/wp-content\\\/uploads\\\/2026\\\/03\\\/ATREVE-LOGO-CLAIM-POS-PANTONE7586-scaled.png\",\"contentUrl\":\"https:\\\/\\\/atreve.pl\\\/wp-content\\\/uploads\\\/2026\\\/03\\\/ATREVE-LOGO-CLAIM-POS-PANTONE7586-scaled.png\",\"width\":2560,\"height\":894,\"caption\":\"Atreve - usi\u0105d\u017a wygodnie, \u017cyj lepiej\"},\"image\":{\"@id\":\"https:\\\/\\\/atreve.pl\\\/en\\\/#\\\/schema\\\/logo\\\/image\\\/\"}}]}<\/script>\n<!-- \/ Yoast SEO plugin. -->","yoast_head_json":{"title":"BALOON Armchair - Atreve - usi\u0105d\u017a wygodnie, \u017cyj lepiej","robots":{"index":"index","follow":"follow","max-snippet":"max-snippet:-1","max-image-preview":"max-image-preview:large","max-video-preview":"max-video-preview:-1"},"canonical":"https:\/\/atreve.pl\/en\/product\/fotel-baloon\/","og_locale":"en_US","og_type":"article","og_title":"BALOON Armchair - Atreve - usi\u0105d\u017a wygodnie, \u017cyj lepiej","og_description":"Modern Upholstered BALOON Armchair  BALOON is an armchair that fits into the latest interior design trends . Its rounded, balloon-like shape catches the eye and guarantees comfort. The soft backrest and seat ensure comfort and allow for relaxation. The wooden leg, upholstered with Soft eco-leather, ensures stability and adds character.  BALOON \u2013 what distinguishes it? \u2022 Personalization \u2013 selection of the ideal fabric (color and texture) \u2022 Unique, original line  For whom? \u2022 For fashion enthusiasts who want to follow current fashion trends \u2022 For anyone looking for beautiful and functional furniture  The armchair in the illustrative photo was made in Himalaya fabric from Symphony Mills (group 5).","og_url":"https:\/\/atreve.pl\/en\/product\/fotel-baloon\/","og_site_name":"Atreve - usi\u0105d\u017a wygodnie, \u017cyj lepiej","article_modified_time":"2025-12-15T11:44:09+00:00","og_image":[{"width":1139,"height":1080,"url":"https:\/\/atreve.pl\/wp-content\/uploads\/2025\/12\/baloarstgr1xxxp_1-e1765799037699.jpg","type":"image\/jpeg"}],"twitter_card":"summary_large_image","twitter_misc":{"Est. reading time":"1 minute"},"schema":{"@context":"https:\/\/schema.org","@graph":[{"@type":"WebPage","@id":"https:\/\/atreve.pl\/en\/product\/fotel-baloon\/","url":"https:\/\/atreve.pl\/en\/product\/fotel-baloon\/","name":"BALOON Armchair - Atreve - usi\u0105d\u017a wygodnie, \u017cyj lepiej","isPartOf":{"@id":"https:\/\/atreve.pl\/en\/#website"},"primaryImageOfPage":{"@id":"https:\/\/atreve.pl\/en\/product\/fotel-baloon\/#primaryimage"},"image":{"@id":"https:\/\/atreve.pl\/en\/product\/fotel-baloon\/#primaryimage"},"thumbnailUrl":"https:\/\/atreve.pl\/wp-content\/uploads\/2025\/12\/baloarstgr1xxxp_1-e1765799037699.jpg","datePublished":"2025-12-01T22:06:19+00:00","dateModified":"2025-12-15T11:44:09+00:00","breadcrumb":{"@id":"https:\/\/atreve.pl\/en\/product\/fotel-baloon\/#breadcrumb"},"inLanguage":"en-US","potentialAction":[{"@type":"ReadAction","target":["https:\/\/atreve.pl\/en\/product\/fotel-baloon\/"]}]},{"@type":"ImageObject","inLanguage":"en-US","@id":"https:\/\/atreve.pl\/en\/product\/fotel-baloon\/#primaryimage","url":"https:\/\/atreve.pl\/wp-content\/uploads\/2025\/12\/baloarstgr1xxxp_1-e1765799037699.jpg","contentUrl":"https:\/\/atreve.pl\/wp-content\/uploads\/2025\/12\/baloarstgr1xxxp_1-e1765799037699.jpg","width":1139,"height":1080},{"@type":"BreadcrumbList","@id":"https:\/\/atreve.pl\/en\/product\/fotel-baloon\/#breadcrumb","itemListElement":[{"@type":"ListItem","position":1,"name":"START","item":"https:\/\/atreve.pl\/en\/"},{"@type":"ListItem","position":2,"name":"Armchairs","item":"https:\/\/atreve.pl\/en\/produkty\/armchairs\/"},{"@type":"ListItem","position":3,"name":"BALOON Armchair"}]},{"@type":"WebSite","@id":"https:\/\/atreve.pl\/en\/#website","url":"https:\/\/atreve.pl\/en\/","name":"Atreve - usi\u0105d\u017a wygodnie, \u017cyj lepiej","description":"Rzemios\u0142o i jako\u015b\u0107 w ka\u017cdym detalu. Jeste\u015bmy polskim producentem mebli. Tworzymy r\u0119cznie, stawiaj\u0105c na trwa\u0142o\u015b\u0107, precyzj\u0119 i autorskie wzornictwo, kt\u00f3rego nie znajdziesz w masowych sieci\u00f3wkach. To meble na lata.","publisher":{"@id":"https:\/\/atreve.pl\/en\/#organization"},"potentialAction":[{"@type":"SearchAction","target":{"@type":"EntryPoint","urlTemplate":"https:\/\/atreve.pl\/en\/?s={search_term_string}"},"query-input":{"@type":"PropertyValueSpecification","valueRequired":true,"valueName":"search_term_string"}}],"inLanguage":"en-US"},{"@type":"Organization","@id":"https:\/\/atreve.pl\/en\/#organization","name":"Atreve - usi\u0105d\u017a wygodnie, \u017cyj lepiej","url":"https:\/\/atreve.pl\/en\/","logo":{"@type":"ImageObject","inLanguage":"en-US","@id":"https:\/\/atreve.pl\/en\/#\/schema\/logo\/image\/","url":"https:\/\/atreve.pl\/wp-content\/uploads\/2026\/03\/ATREVE-LOGO-CLAIM-POS-PANTONE7586-scaled.png","contentUrl":"https:\/\/atreve.pl\/wp-content\/uploads\/2026\/03\/ATREVE-LOGO-CLAIM-POS-PANTONE7586-scaled.png","width":2560,"height":894,"caption":"Atreve - usi\u0105d\u017a wygodnie, \u017cyj lepiej"},"image":{"@id":"https:\/\/atreve.pl\/en\/#\/schema\/logo\/image\/"}}]}},"_links":{"self":[{"href":"https:\/\/atreve.pl\/en\/wp-json\/wp\/v2\/product\/8554","targetHints":{"allow":["GET"]}}],"collection":[{"href":"https:\/\/atreve.pl\/en\/wp-json\/wp\/v2\/product"}],"about":[{"href":"https:\/\/atreve.pl\/en\/wp-json\/wp\/v2\/types\/product"}],"wp:featuredmedia":[{"embeddable":true,"href":"https:\/\/atreve.pl\/en\/wp-json\/wp\/v2\/media\/8555"}],"wp:attachment":[{"href":"https:\/\/atreve.pl\/en\/wp-json\/wp\/v2\/media?parent=8554"}],"wp:term":[{"taxonomy":"product_brand","embeddable":true,"href":"https:\/\/atreve.pl\/en\/wp-json\/wp\/v2\/product_brand?post=8554"},{"taxonomy":"product_cat","embeddable":true,"href":"https:\/\/atreve.pl\/en\/wp-json\/wp\/v2\/product_cat?post=8554"},{"taxonomy":"product_tag","embeddable":true,"href":"https:\/\/atreve.pl\/en\/wp-json\/wp\/v2\/product_tag?post=8554"}],"curies":[{"name":"wp","href":"https:\/\/api.w.org\/{rel}","templated":true}]}}