{"id":8591,"date":"2025-12-01T23:05:58","date_gmt":"2025-12-01T22:05:58","guid":{"rendered":"https:\/\/atreve.pl\/produkt\/krzeslo-woody\/"},"modified":"2026-03-27T12:32:51","modified_gmt":"2026-03-27T11:32:51","slug":"krzeslo-woody","status":"publish","type":"product","link":"https:\/\/atreve.pl\/en\/product\/krzeslo-woody\/","title":{"rendered":"Krzes\u0142o WOODY"},"content":{"rendered":"<p>DOST\u0118PNE WYBARWIENIE PODSTAWY:<\/p>\n<p>*dost\u0119pna kolorystyka z listy rozwijalnej powy\u017cej<br \/>\n__________________________________________________<\/p>\n<p>INFORMACJE DODATKOWE:<\/p>\n<p>Materia\u0142 siedziska:\u00a0Pianka<br \/>\nMateria\u0142 podstawy:\u00a0Drewno<br \/>\nFunkcje podstawy:<br \/>\nDodatki:<br \/>\n__________________________________________________<\/p>\n<p>DANE LOGISTYCZNE:<br \/>\nSpos\u00f3b pakowania: Meble pakowane s\u0105 w foli\u0119 ochronn\u0105 oraz karton<br \/>\nMeble do samodzielnego monta\u017cu:\u00a0NIE<br \/>\nMax. ilo\u015b\u0107 zapakowanych sztuk w paczce:\u00a0&#8211;<br \/>\nIlo\u015b\u0107 zapakowanych sztuk na palet\u0119 (80&#215;120) :-<\/p>\n","protected":false},"excerpt":{"rendered":"<p>Krzes\u0142o WOODY to krzes\u0142o premium zaprojektowane z my\u015bl\u0105 o komforcie i estetyce nowoczesnych wn\u0119trz. Minimalistyczna forma oraz subtelna linia sprawiaj\u0105, \u017ce model harmonijnie wpisuje si\u0119 zar\u00f3wno w aran\u017cacje klasyczne, jak i wsp\u00f3\u0142czesne. Tapicerowane oparcie i siedzisko zapewniaj\u0105 wygod\u0119 u\u017cytkowania oraz trwa\u0142o\u015b\u0107 na lata, a ergonomiczna konstrukcja sprzyja komfortowi nawet podczas d\u0142ugiego siedzenia. Drewniana podstawa dodaje optycznego ciep\u0142a, podkre\u015blaj\u0105c naturalny charakter mebla i stabilno\u015b\u0107 ca\u0142ej bry\u0142y.<\/p>\n<p>Starannie dopracowane proporcje oraz inspiracja natur\u0105 nadaj\u0105 ca\u0142o\u015bci lekko\u015bci i elegancji. Mo\u017cliwo\u015b\u0107 personalizacji tkaniny oraz koloru n\u00f3g pozwala dopasowa\u0107 krzes\u0142o tapicerowane do indywidualnych preferencji i sp\u00f3jnie uzupe\u0142ni\u0107 wystr\u00f3j jadalni, salonu lub nowoczesnej przestrzeni premium.<\/p>\n","protected":false},"featured_media":8592,"template":"","meta":{"_acf_changed":false},"product_brand":[],"product_cat":[1252,881],"product_tag":[],"class_list":{"0":"post-8591","1":"product","2":"type-product","3":"status-publish","4":"has-post-thumbnail","6":"product_cat-drewniane","7":"product_cat-living-room-chairs","8":"pa_ean-710","10":"first","11":"instock","12":"purchasable","13":"product-type-simple"},"acf":[],"yoast_head":"<!-- This site is optimized with the Yoast SEO plugin v27.4 - https:\/\/yoast.com\/product\/yoast-seo-wordpress\/ -->\n<title>Krzes\u0142o WOODY - Atreve - usi\u0105d\u017a wygodnie, \u017cyj lepiej<\/title>\n<meta name=\"robots\" content=\"index, follow, max-snippet:-1, max-image-preview:large, max-video-preview:-1\" \/>\n<link rel=\"canonical\" href=\"https:\/\/atreve.pl\/en\/product\/krzeslo-woody\/\" \/>\n<meta property=\"og:locale\" content=\"en_US\" \/>\n<meta property=\"og:type\" content=\"article\" \/>\n<meta property=\"og:title\" content=\"Krzes\u0142o WOODY - Atreve - usi\u0105d\u017a wygodnie, \u017cyj lepiej\" \/>\n<meta property=\"og:description\" content=\"Krzes\u0142o WOODY to krzes\u0142o premium zaprojektowane z my\u015bl\u0105 o komforcie i estetyce nowoczesnych wn\u0119trz. Minimalistyczna forma oraz subtelna linia sprawiaj\u0105, \u017ce model harmonijnie wpisuje si\u0119 zar\u00f3wno w aran\u017cacje klasyczne, jak i wsp\u00f3\u0142czesne. Tapicerowane oparcie i siedzisko zapewniaj\u0105 wygod\u0119 u\u017cytkowania oraz trwa\u0142o\u015b\u0107 na lata, a ergonomiczna konstrukcja sprzyja komfortowi nawet podczas d\u0142ugiego siedzenia. Drewniana podstawa dodaje optycznego ciep\u0142a, podkre\u015blaj\u0105c naturalny charakter mebla i stabilno\u015b\u0107 ca\u0142ej bry\u0142y.  Starannie dopracowane proporcje oraz inspiracja natur\u0105 nadaj\u0105 ca\u0142o\u015bci lekko\u015bci i elegancji. Mo\u017cliwo\u015b\u0107 personalizacji tkaniny oraz koloru n\u00f3g pozwala dopasowa\u0107 krzes\u0142o tapicerowane do indywidualnych preferencji i sp\u00f3jnie uzupe\u0142ni\u0107 wystr\u00f3j jadalni, salonu lub nowoczesnej przestrzeni premium.\" \/>\n<meta property=\"og:url\" content=\"https:\/\/atreve.pl\/en\/product\/krzeslo-woody\/\" \/>\n<meta property=\"og:site_name\" content=\"Atreve - usi\u0105d\u017a wygodnie, \u017cyj lepiej\" \/>\n<meta property=\"article:modified_time\" content=\"2026-03-27T11:32:51+00:00\" \/>\n<meta property=\"og:image\" content=\"https:\/\/atreve.pl\/wp-content\/uploads\/2025\/12\/woodchstgr1xxxp_1.jpg\" \/>\n\t<meta property=\"og:image:width\" content=\"1000\" \/>\n\t<meta property=\"og:image:height\" content=\"1000\" \/>\n\t<meta property=\"og:image:type\" content=\"image\/jpeg\" \/>\n<meta name=\"twitter:card\" content=\"summary_large_image\" \/>\n<meta name=\"twitter:label1\" content=\"Est. reading time\" \/>\n\t<meta name=\"twitter:data1\" content=\"1 minute\" \/>\n<script type=\"application\/ld+json\" class=\"yoast-schema-graph\">{\"@context\":\"https:\\\/\\\/schema.org\",\"@graph\":[{\"@type\":\"WebPage\",\"@id\":\"https:\\\/\\\/atreve.pl\\\/en\\\/product\\\/krzeslo-woody\\\/\",\"url\":\"https:\\\/\\\/atreve.pl\\\/en\\\/product\\\/krzeslo-woody\\\/\",\"name\":\"Krzes\u0142o WOODY - Atreve - usi\u0105d\u017a wygodnie, \u017cyj lepiej\",\"isPartOf\":{\"@id\":\"https:\\\/\\\/atreve.pl\\\/en\\\/#website\"},\"primaryImageOfPage\":{\"@id\":\"https:\\\/\\\/atreve.pl\\\/en\\\/product\\\/krzeslo-woody\\\/#primaryimage\"},\"image\":{\"@id\":\"https:\\\/\\\/atreve.pl\\\/en\\\/product\\\/krzeslo-woody\\\/#primaryimage\"},\"thumbnailUrl\":\"https:\\\/\\\/atreve.pl\\\/wp-content\\\/uploads\\\/2025\\\/12\\\/woodchstgr1xxxp_1.jpg\",\"datePublished\":\"2025-12-01T22:05:58+00:00\",\"dateModified\":\"2026-03-27T11:32:51+00:00\",\"breadcrumb\":{\"@id\":\"https:\\\/\\\/atreve.pl\\\/en\\\/product\\\/krzeslo-woody\\\/#breadcrumb\"},\"inLanguage\":\"en-US\",\"potentialAction\":[{\"@type\":\"ReadAction\",\"target\":[\"https:\\\/\\\/atreve.pl\\\/en\\\/product\\\/krzeslo-woody\\\/\"]}]},{\"@type\":\"ImageObject\",\"inLanguage\":\"en-US\",\"@id\":\"https:\\\/\\\/atreve.pl\\\/en\\\/product\\\/krzeslo-woody\\\/#primaryimage\",\"url\":\"https:\\\/\\\/atreve.pl\\\/wp-content\\\/uploads\\\/2025\\\/12\\\/woodchstgr1xxxp_1.jpg\",\"contentUrl\":\"https:\\\/\\\/atreve.pl\\\/wp-content\\\/uploads\\\/2025\\\/12\\\/woodchstgr1xxxp_1.jpg\",\"width\":1000,\"height\":1000},{\"@type\":\"BreadcrumbList\",\"@id\":\"https:\\\/\\\/atreve.pl\\\/en\\\/product\\\/krzeslo-woody\\\/#breadcrumb\",\"itemListElement\":[{\"@type\":\"ListItem\",\"position\":1,\"name\":\"START\",\"item\":\"https:\\\/\\\/atreve.pl\\\/en\\\/\"},{\"@type\":\"ListItem\",\"position\":2,\"name\":\"Drewniane\",\"item\":\"https:\\\/\\\/atreve.pl\\\/en\\\/produkty\\\/drewniane\\\/\"},{\"@type\":\"ListItem\",\"position\":3,\"name\":\"Krzes\u0142o WOODY\"}]},{\"@type\":\"WebSite\",\"@id\":\"https:\\\/\\\/atreve.pl\\\/en\\\/#website\",\"url\":\"https:\\\/\\\/atreve.pl\\\/en\\\/\",\"name\":\"Atreve - usi\u0105d\u017a wygodnie, \u017cyj lepiej\",\"description\":\"Rzemios\u0142o i jako\u015b\u0107 w ka\u017cdym detalu. Jeste\u015bmy polskim producentem mebli. Tworzymy r\u0119cznie, stawiaj\u0105c na trwa\u0142o\u015b\u0107, precyzj\u0119 i autorskie wzornictwo, kt\u00f3rego nie znajdziesz w masowych sieci\u00f3wkach. To meble na lata.\",\"publisher\":{\"@id\":\"https:\\\/\\\/atreve.pl\\\/en\\\/#organization\"},\"potentialAction\":[{\"@type\":\"SearchAction\",\"target\":{\"@type\":\"EntryPoint\",\"urlTemplate\":\"https:\\\/\\\/atreve.pl\\\/en\\\/?s={search_term_string}\"},\"query-input\":{\"@type\":\"PropertyValueSpecification\",\"valueRequired\":true,\"valueName\":\"search_term_string\"}}],\"inLanguage\":\"en-US\"},{\"@type\":\"Organization\",\"@id\":\"https:\\\/\\\/atreve.pl\\\/en\\\/#organization\",\"name\":\"Atreve - usi\u0105d\u017a wygodnie, \u017cyj lepiej\",\"url\":\"https:\\\/\\\/atreve.pl\\\/en\\\/\",\"logo\":{\"@type\":\"ImageObject\",\"inLanguage\":\"en-US\",\"@id\":\"https:\\\/\\\/atreve.pl\\\/en\\\/#\\\/schema\\\/logo\\\/image\\\/\",\"url\":\"https:\\\/\\\/atreve.pl\\\/wp-content\\\/uploads\\\/2026\\\/03\\\/ATREVE-LOGO-CLAIM-POS-PANTONE7586-scaled.png\",\"contentUrl\":\"https:\\\/\\\/atreve.pl\\\/wp-content\\\/uploads\\\/2026\\\/03\\\/ATREVE-LOGO-CLAIM-POS-PANTONE7586-scaled.png\",\"width\":2560,\"height\":894,\"caption\":\"Atreve - usi\u0105d\u017a wygodnie, \u017cyj lepiej\"},\"image\":{\"@id\":\"https:\\\/\\\/atreve.pl\\\/en\\\/#\\\/schema\\\/logo\\\/image\\\/\"}}]}<\/script>\n<!-- \/ Yoast SEO plugin. -->","yoast_head_json":{"title":"Krzes\u0142o WOODY - Atreve - usi\u0105d\u017a wygodnie, \u017cyj lepiej","robots":{"index":"index","follow":"follow","max-snippet":"max-snippet:-1","max-image-preview":"max-image-preview:large","max-video-preview":"max-video-preview:-1"},"canonical":"https:\/\/atreve.pl\/en\/product\/krzeslo-woody\/","og_locale":"en_US","og_type":"article","og_title":"Krzes\u0142o WOODY - Atreve - usi\u0105d\u017a wygodnie, \u017cyj lepiej","og_description":"Krzes\u0142o WOODY to krzes\u0142o premium zaprojektowane z my\u015bl\u0105 o komforcie i estetyce nowoczesnych wn\u0119trz. Minimalistyczna forma oraz subtelna linia sprawiaj\u0105, \u017ce model harmonijnie wpisuje si\u0119 zar\u00f3wno w aran\u017cacje klasyczne, jak i wsp\u00f3\u0142czesne. Tapicerowane oparcie i siedzisko zapewniaj\u0105 wygod\u0119 u\u017cytkowania oraz trwa\u0142o\u015b\u0107 na lata, a ergonomiczna konstrukcja sprzyja komfortowi nawet podczas d\u0142ugiego siedzenia. Drewniana podstawa dodaje optycznego ciep\u0142a, podkre\u015blaj\u0105c naturalny charakter mebla i stabilno\u015b\u0107 ca\u0142ej bry\u0142y.  Starannie dopracowane proporcje oraz inspiracja natur\u0105 nadaj\u0105 ca\u0142o\u015bci lekko\u015bci i elegancji. Mo\u017cliwo\u015b\u0107 personalizacji tkaniny oraz koloru n\u00f3g pozwala dopasowa\u0107 krzes\u0142o tapicerowane do indywidualnych preferencji i sp\u00f3jnie uzupe\u0142ni\u0107 wystr\u00f3j jadalni, salonu lub nowoczesnej przestrzeni premium.","og_url":"https:\/\/atreve.pl\/en\/product\/krzeslo-woody\/","og_site_name":"Atreve - usi\u0105d\u017a wygodnie, \u017cyj lepiej","article_modified_time":"2026-03-27T11:32:51+00:00","og_image":[{"width":1000,"height":1000,"url":"https:\/\/atreve.pl\/wp-content\/uploads\/2025\/12\/woodchstgr1xxxp_1.jpg","type":"image\/jpeg"}],"twitter_card":"summary_large_image","twitter_misc":{"Est. reading time":"1 minute"},"schema":{"@context":"https:\/\/schema.org","@graph":[{"@type":"WebPage","@id":"https:\/\/atreve.pl\/en\/product\/krzeslo-woody\/","url":"https:\/\/atreve.pl\/en\/product\/krzeslo-woody\/","name":"Krzes\u0142o WOODY - Atreve - usi\u0105d\u017a wygodnie, \u017cyj lepiej","isPartOf":{"@id":"https:\/\/atreve.pl\/en\/#website"},"primaryImageOfPage":{"@id":"https:\/\/atreve.pl\/en\/product\/krzeslo-woody\/#primaryimage"},"image":{"@id":"https:\/\/atreve.pl\/en\/product\/krzeslo-woody\/#primaryimage"},"thumbnailUrl":"https:\/\/atreve.pl\/wp-content\/uploads\/2025\/12\/woodchstgr1xxxp_1.jpg","datePublished":"2025-12-01T22:05:58+00:00","dateModified":"2026-03-27T11:32:51+00:00","breadcrumb":{"@id":"https:\/\/atreve.pl\/en\/product\/krzeslo-woody\/#breadcrumb"},"inLanguage":"en-US","potentialAction":[{"@type":"ReadAction","target":["https:\/\/atreve.pl\/en\/product\/krzeslo-woody\/"]}]},{"@type":"ImageObject","inLanguage":"en-US","@id":"https:\/\/atreve.pl\/en\/product\/krzeslo-woody\/#primaryimage","url":"https:\/\/atreve.pl\/wp-content\/uploads\/2025\/12\/woodchstgr1xxxp_1.jpg","contentUrl":"https:\/\/atreve.pl\/wp-content\/uploads\/2025\/12\/woodchstgr1xxxp_1.jpg","width":1000,"height":1000},{"@type":"BreadcrumbList","@id":"https:\/\/atreve.pl\/en\/product\/krzeslo-woody\/#breadcrumb","itemListElement":[{"@type":"ListItem","position":1,"name":"START","item":"https:\/\/atreve.pl\/en\/"},{"@type":"ListItem","position":2,"name":"Drewniane","item":"https:\/\/atreve.pl\/en\/produkty\/drewniane\/"},{"@type":"ListItem","position":3,"name":"Krzes\u0142o WOODY"}]},{"@type":"WebSite","@id":"https:\/\/atreve.pl\/en\/#website","url":"https:\/\/atreve.pl\/en\/","name":"Atreve - usi\u0105d\u017a wygodnie, \u017cyj lepiej","description":"Rzemios\u0142o i jako\u015b\u0107 w ka\u017cdym detalu. Jeste\u015bmy polskim producentem mebli. Tworzymy r\u0119cznie, stawiaj\u0105c na trwa\u0142o\u015b\u0107, precyzj\u0119 i autorskie wzornictwo, kt\u00f3rego nie znajdziesz w masowych sieci\u00f3wkach. To meble na lata.","publisher":{"@id":"https:\/\/atreve.pl\/en\/#organization"},"potentialAction":[{"@type":"SearchAction","target":{"@type":"EntryPoint","urlTemplate":"https:\/\/atreve.pl\/en\/?s={search_term_string}"},"query-input":{"@type":"PropertyValueSpecification","valueRequired":true,"valueName":"search_term_string"}}],"inLanguage":"en-US"},{"@type":"Organization","@id":"https:\/\/atreve.pl\/en\/#organization","name":"Atreve - usi\u0105d\u017a wygodnie, \u017cyj lepiej","url":"https:\/\/atreve.pl\/en\/","logo":{"@type":"ImageObject","inLanguage":"en-US","@id":"https:\/\/atreve.pl\/en\/#\/schema\/logo\/image\/","url":"https:\/\/atreve.pl\/wp-content\/uploads\/2026\/03\/ATREVE-LOGO-CLAIM-POS-PANTONE7586-scaled.png","contentUrl":"https:\/\/atreve.pl\/wp-content\/uploads\/2026\/03\/ATREVE-LOGO-CLAIM-POS-PANTONE7586-scaled.png","width":2560,"height":894,"caption":"Atreve - usi\u0105d\u017a wygodnie, \u017cyj lepiej"},"image":{"@id":"https:\/\/atreve.pl\/en\/#\/schema\/logo\/image\/"}}]}},"_links":{"self":[{"href":"https:\/\/atreve.pl\/en\/wp-json\/wp\/v2\/product\/8591","targetHints":{"allow":["GET"]}}],"collection":[{"href":"https:\/\/atreve.pl\/en\/wp-json\/wp\/v2\/product"}],"about":[{"href":"https:\/\/atreve.pl\/en\/wp-json\/wp\/v2\/types\/product"}],"wp:featuredmedia":[{"embeddable":true,"href":"https:\/\/atreve.pl\/en\/wp-json\/wp\/v2\/media\/8592"}],"wp:attachment":[{"href":"https:\/\/atreve.pl\/en\/wp-json\/wp\/v2\/media?parent=8591"}],"wp:term":[{"taxonomy":"product_brand","embeddable":true,"href":"https:\/\/atreve.pl\/en\/wp-json\/wp\/v2\/product_brand?post=8591"},{"taxonomy":"product_cat","embeddable":true,"href":"https:\/\/atreve.pl\/en\/wp-json\/wp\/v2\/product_cat?post=8591"},{"taxonomy":"product_tag","embeddable":true,"href":"https:\/\/atreve.pl\/en\/wp-json\/wp\/v2\/product_tag?post=8591"}],"curies":[{"name":"wp","href":"https:\/\/api.w.org\/{rel}","templated":true}]}}