{"id":8728,"date":"2025-12-01T23:08:22","date_gmt":"2025-12-01T22:08:22","guid":{"rendered":"https:\/\/atreve.pl\/produkt\/krzeslo-bucky-sock\/"},"modified":"2025-12-11T09:59:08","modified_gmt":"2025-12-11T08:59:08","slug":"krzeslo-bucky-sock","status":"publish","type":"product","link":"https:\/\/atreve.pl\/en\/produkt\/krzeslo-bucky-sock\/","title":{"rendered":"BUCKY SOCK Chair"},"content":{"rendered":"<p><a href=\"https:\/\/atreve.pl\/legs-colors-plus\"><br \/>\nADDITIONAL INFORMATION: <\/a><\/p>\n<p>Seat material: Foam, pocket spring<br \/>\nBase material:\u00a0Wood<br \/>\nBase functions:<br \/>\nAccessories:<br \/>\n__________________________________________________<\/p>\n<p>LOGISTICS DATA:<br \/>\nPackaging method: Furniture is packed in protective film and cardboard<br \/>\nFurniture for self-assembly:\u00a0NO<br \/>\nMax. number of packed pieces in a package:\u00a01<br \/>\nNumber of packed pieces per pallet (80&#215;120) :\u00a02<\/p>\n<table>\n<tbody>\n<tr>\n<td colspan=\"5\">1 PIECE<\/td>\n<\/tr>\n<tr>\n<td>SIDE A<\/td>\n<td>SIDE B<\/td>\n<td>SIDE C<\/td>\n<td>WEIGHT<\/td>\n<td>VOL.<\/td>\n<\/tr>\n<tr>\n<td>CARTON #1<\/td>\n<td>58cm<\/td>\n<td>88cm<\/td>\n<td>71cm<\/td>\n<td>17kg<\/td>\n<td>0,36<\/td>\n<\/tr>\n<\/tbody>\n<\/table>\n","protected":false},"excerpt":{"rendered":"<h2>Bucky Supreme Sock<\/h2>\n<p><b>BUCKY\u00a0<\/b>will perfectly fit into many interiors. It will best serve its purpose in the dining room, bedroom, living room, or conference room.<\/p>\n<p>The profiled backrest provides adequate back support, and the seat with built-in pocket springs perfectly adapts to the body, increasing comfort of use. Characteristically cut armrests introduce a subtle visual accent and functionality.<\/p>\n<p><b>BUCKY \u2013 what distinguishes it?<br \/>\n<\/b>\u2022 Personalization \u2013 choice of ideal fabric (color and structure)<br \/>\n\u2022 Upholstered legs \u2013 add coherence<br \/>\n\u2022 Cut-out backrest \u2013 adds character<br \/>\n\u2022 Supreme seat \u2013 thanks to pocket spring technology, guarantees the highest level of comfort<\/p>\n<p><b>For whom?<br \/>\n<\/b>\u2022 For lovers of subtle arrangements<br \/>\n\u2022 For anyone who wants to furnish their apartment in a modern style<br \/>\n\u2022 For those who value personalized solutions<\/p>\n<p><b>The product enjoys great interest \u2013 order today!<br \/>\n<!--[endif]--><\/b><\/p>\n","protected":false},"featured_media":8729,"template":"","meta":{"_acf_changed":false},"product_brand":[],"product_cat":[881],"product_tag":[],"class_list":{"0":"post-8728","1":"product","2":"type-product","3":"status-publish","4":"has-post-thumbnail","6":"product_cat-living-room-chairs","7":"pa_ean-842","9":"first","10":"instock","11":"purchasable","12":"product-type-simple"},"acf":[],"yoast_head":"<!-- This site is optimized with the Yoast SEO plugin v27.4 - https:\/\/yoast.com\/product\/yoast-seo-wordpress\/ -->\n<title>BUCKY SOCK Chair - Atreve - usi\u0105d\u017a wygodnie, \u017cyj lepiej<\/title>\n<meta name=\"robots\" content=\"index, follow, max-snippet:-1, max-image-preview:large, max-video-preview:-1\" \/>\n<link rel=\"canonical\" href=\"https:\/\/atreve.pl\/en\/produkt\/krzeslo-bucky-sock\/\" \/>\n<meta property=\"og:locale\" content=\"en_US\" \/>\n<meta property=\"og:type\" content=\"article\" \/>\n<meta property=\"og:title\" content=\"BUCKY SOCK Chair - Atreve - usi\u0105d\u017a wygodnie, \u017cyj lepiej\" \/>\n<meta property=\"og:description\" content=\"Bucky Supreme Sock BUCKY\u00a0will perfectly fit into many interiors. It will best serve its purpose in the dining room, bedroom, living room, or conference room.  The profiled backrest provides adequate back support, and the seat with built-in pocket springs perfectly adapts to the body, increasing comfort of use. Characteristically cut armrests introduce a subtle visual accent and functionality.  BUCKY \u2013 what distinguishes it? \u2022 Personalization \u2013 choice of ideal fabric (color and structure) \u2022 Upholstered legs \u2013 add coherence \u2022 Cut-out backrest \u2013 adds character \u2022 Supreme seat \u2013 thanks to pocket spring technology, guarantees the highest level of comfort  For whom? \u2022 For lovers of subtle arrangements \u2022 For anyone who wants to furnish their apartment in a modern style \u2022 For those who value personalized solutions  The product enjoys great interest \u2013 order today!\" \/>\n<meta property=\"og:url\" content=\"https:\/\/atreve.pl\/en\/produkt\/krzeslo-bucky-sock\/\" \/>\n<meta property=\"og:site_name\" content=\"Atreve - usi\u0105d\u017a wygodnie, \u017cyj lepiej\" \/>\n<meta property=\"article:modified_time\" content=\"2025-12-11T08:59:08+00:00\" \/>\n<meta property=\"og:image\" content=\"https:\/\/atreve.pl\/wp-content\/uploads\/2025\/12\/buckchscgr1xxxp_1-e1765443535995.jpg\" \/>\n\t<meta property=\"og:image:width\" content=\"1000\" \/>\n\t<meta property=\"og:image:height\" content=\"1000\" \/>\n\t<meta property=\"og:image:type\" content=\"image\/jpeg\" \/>\n<meta name=\"twitter:card\" content=\"summary_large_image\" \/>\n<meta name=\"twitter:label1\" content=\"Est. reading time\" \/>\n\t<meta name=\"twitter:data1\" content=\"1 minute\" \/>\n<script type=\"application\/ld+json\" class=\"yoast-schema-graph\">{\"@context\":\"https:\\\/\\\/schema.org\",\"@graph\":[{\"@type\":\"WebPage\",\"@id\":\"https:\\\/\\\/atreve.pl\\\/en\\\/produkt\\\/krzeslo-bucky-sock\\\/\",\"url\":\"https:\\\/\\\/atreve.pl\\\/en\\\/produkt\\\/krzeslo-bucky-sock\\\/\",\"name\":\"BUCKY SOCK Chair - Atreve - usi\u0105d\u017a wygodnie, \u017cyj lepiej\",\"isPartOf\":{\"@id\":\"https:\\\/\\\/atreve.pl\\\/en\\\/#website\"},\"primaryImageOfPage\":{\"@id\":\"https:\\\/\\\/atreve.pl\\\/en\\\/produkt\\\/krzeslo-bucky-sock\\\/#primaryimage\"},\"image\":{\"@id\":\"https:\\\/\\\/atreve.pl\\\/en\\\/produkt\\\/krzeslo-bucky-sock\\\/#primaryimage\"},\"thumbnailUrl\":\"https:\\\/\\\/atreve.pl\\\/wp-content\\\/uploads\\\/2025\\\/12\\\/buckchscgr1xxxp_1-e1765443535995.jpg\",\"datePublished\":\"2025-12-01T22:08:22+00:00\",\"dateModified\":\"2025-12-11T08:59:08+00:00\",\"breadcrumb\":{\"@id\":\"https:\\\/\\\/atreve.pl\\\/en\\\/produkt\\\/krzeslo-bucky-sock\\\/#breadcrumb\"},\"inLanguage\":\"en-US\",\"potentialAction\":[{\"@type\":\"ReadAction\",\"target\":[\"https:\\\/\\\/atreve.pl\\\/en\\\/produkt\\\/krzeslo-bucky-sock\\\/\"]}]},{\"@type\":\"ImageObject\",\"inLanguage\":\"en-US\",\"@id\":\"https:\\\/\\\/atreve.pl\\\/en\\\/produkt\\\/krzeslo-bucky-sock\\\/#primaryimage\",\"url\":\"https:\\\/\\\/atreve.pl\\\/wp-content\\\/uploads\\\/2025\\\/12\\\/buckchscgr1xxxp_1-e1765443535995.jpg\",\"contentUrl\":\"https:\\\/\\\/atreve.pl\\\/wp-content\\\/uploads\\\/2025\\\/12\\\/buckchscgr1xxxp_1-e1765443535995.jpg\",\"width\":1000,\"height\":1000},{\"@type\":\"BreadcrumbList\",\"@id\":\"https:\\\/\\\/atreve.pl\\\/en\\\/produkt\\\/krzeslo-bucky-sock\\\/#breadcrumb\",\"itemListElement\":[{\"@type\":\"ListItem\",\"position\":1,\"name\":\"START\",\"item\":\"https:\\\/\\\/atreve.pl\\\/en\\\/\"},{\"@type\":\"ListItem\",\"position\":2,\"name\":\"Living Room Chairs\",\"item\":\"https:\\\/\\\/atreve.pl\\\/en\\\/produkty\\\/living-room-chairs\\\/\"},{\"@type\":\"ListItem\",\"position\":3,\"name\":\"BUCKY SOCK Chair\"}]},{\"@type\":\"WebSite\",\"@id\":\"https:\\\/\\\/atreve.pl\\\/en\\\/#website\",\"url\":\"https:\\\/\\\/atreve.pl\\\/en\\\/\",\"name\":\"Atreve - usi\u0105d\u017a wygodnie, \u017cyj lepiej\",\"description\":\"Rzemios\u0142o i jako\u015b\u0107 w ka\u017cdym detalu. Jeste\u015bmy polskim producentem mebli. Tworzymy r\u0119cznie, stawiaj\u0105c na trwa\u0142o\u015b\u0107, precyzj\u0119 i autorskie wzornictwo, kt\u00f3rego nie znajdziesz w masowych sieci\u00f3wkach. To meble na lata.\",\"publisher\":{\"@id\":\"https:\\\/\\\/atreve.pl\\\/en\\\/#organization\"},\"potentialAction\":[{\"@type\":\"SearchAction\",\"target\":{\"@type\":\"EntryPoint\",\"urlTemplate\":\"https:\\\/\\\/atreve.pl\\\/en\\\/?s={search_term_string}\"},\"query-input\":{\"@type\":\"PropertyValueSpecification\",\"valueRequired\":true,\"valueName\":\"search_term_string\"}}],\"inLanguage\":\"en-US\"},{\"@type\":\"Organization\",\"@id\":\"https:\\\/\\\/atreve.pl\\\/en\\\/#organization\",\"name\":\"Atreve - usi\u0105d\u017a wygodnie, \u017cyj lepiej\",\"url\":\"https:\\\/\\\/atreve.pl\\\/en\\\/\",\"logo\":{\"@type\":\"ImageObject\",\"inLanguage\":\"en-US\",\"@id\":\"https:\\\/\\\/atreve.pl\\\/en\\\/#\\\/schema\\\/logo\\\/image\\\/\",\"url\":\"https:\\\/\\\/atreve.pl\\\/wp-content\\\/uploads\\\/2026\\\/03\\\/ATREVE-LOGO-CLAIM-POS-PANTONE7586-scaled.png\",\"contentUrl\":\"https:\\\/\\\/atreve.pl\\\/wp-content\\\/uploads\\\/2026\\\/03\\\/ATREVE-LOGO-CLAIM-POS-PANTONE7586-scaled.png\",\"width\":2560,\"height\":894,\"caption\":\"Atreve - usi\u0105d\u017a wygodnie, \u017cyj lepiej\"},\"image\":{\"@id\":\"https:\\\/\\\/atreve.pl\\\/en\\\/#\\\/schema\\\/logo\\\/image\\\/\"}}]}<\/script>\n<!-- \/ Yoast SEO plugin. -->","yoast_head_json":{"title":"BUCKY SOCK Chair - Atreve - usi\u0105d\u017a wygodnie, \u017cyj lepiej","robots":{"index":"index","follow":"follow","max-snippet":"max-snippet:-1","max-image-preview":"max-image-preview:large","max-video-preview":"max-video-preview:-1"},"canonical":"https:\/\/atreve.pl\/en\/produkt\/krzeslo-bucky-sock\/","og_locale":"en_US","og_type":"article","og_title":"BUCKY SOCK Chair - Atreve - usi\u0105d\u017a wygodnie, \u017cyj lepiej","og_description":"Bucky Supreme Sock BUCKY\u00a0will perfectly fit into many interiors. It will best serve its purpose in the dining room, bedroom, living room, or conference room.  The profiled backrest provides adequate back support, and the seat with built-in pocket springs perfectly adapts to the body, increasing comfort of use. Characteristically cut armrests introduce a subtle visual accent and functionality.  BUCKY \u2013 what distinguishes it? \u2022 Personalization \u2013 choice of ideal fabric (color and structure) \u2022 Upholstered legs \u2013 add coherence \u2022 Cut-out backrest \u2013 adds character \u2022 Supreme seat \u2013 thanks to pocket spring technology, guarantees the highest level of comfort  For whom? \u2022 For lovers of subtle arrangements \u2022 For anyone who wants to furnish their apartment in a modern style \u2022 For those who value personalized solutions  The product enjoys great interest \u2013 order today!","og_url":"https:\/\/atreve.pl\/en\/produkt\/krzeslo-bucky-sock\/","og_site_name":"Atreve - usi\u0105d\u017a wygodnie, \u017cyj lepiej","article_modified_time":"2025-12-11T08:59:08+00:00","og_image":[{"width":1000,"height":1000,"url":"https:\/\/atreve.pl\/wp-content\/uploads\/2025\/12\/buckchscgr1xxxp_1-e1765443535995.jpg","type":"image\/jpeg"}],"twitter_card":"summary_large_image","twitter_misc":{"Est. reading time":"1 minute"},"schema":{"@context":"https:\/\/schema.org","@graph":[{"@type":"WebPage","@id":"https:\/\/atreve.pl\/en\/produkt\/krzeslo-bucky-sock\/","url":"https:\/\/atreve.pl\/en\/produkt\/krzeslo-bucky-sock\/","name":"BUCKY SOCK Chair - Atreve - usi\u0105d\u017a wygodnie, \u017cyj lepiej","isPartOf":{"@id":"https:\/\/atreve.pl\/en\/#website"},"primaryImageOfPage":{"@id":"https:\/\/atreve.pl\/en\/produkt\/krzeslo-bucky-sock\/#primaryimage"},"image":{"@id":"https:\/\/atreve.pl\/en\/produkt\/krzeslo-bucky-sock\/#primaryimage"},"thumbnailUrl":"https:\/\/atreve.pl\/wp-content\/uploads\/2025\/12\/buckchscgr1xxxp_1-e1765443535995.jpg","datePublished":"2025-12-01T22:08:22+00:00","dateModified":"2025-12-11T08:59:08+00:00","breadcrumb":{"@id":"https:\/\/atreve.pl\/en\/produkt\/krzeslo-bucky-sock\/#breadcrumb"},"inLanguage":"en-US","potentialAction":[{"@type":"ReadAction","target":["https:\/\/atreve.pl\/en\/produkt\/krzeslo-bucky-sock\/"]}]},{"@type":"ImageObject","inLanguage":"en-US","@id":"https:\/\/atreve.pl\/en\/produkt\/krzeslo-bucky-sock\/#primaryimage","url":"https:\/\/atreve.pl\/wp-content\/uploads\/2025\/12\/buckchscgr1xxxp_1-e1765443535995.jpg","contentUrl":"https:\/\/atreve.pl\/wp-content\/uploads\/2025\/12\/buckchscgr1xxxp_1-e1765443535995.jpg","width":1000,"height":1000},{"@type":"BreadcrumbList","@id":"https:\/\/atreve.pl\/en\/produkt\/krzeslo-bucky-sock\/#breadcrumb","itemListElement":[{"@type":"ListItem","position":1,"name":"START","item":"https:\/\/atreve.pl\/en\/"},{"@type":"ListItem","position":2,"name":"Living Room Chairs","item":"https:\/\/atreve.pl\/en\/produkty\/living-room-chairs\/"},{"@type":"ListItem","position":3,"name":"BUCKY SOCK Chair"}]},{"@type":"WebSite","@id":"https:\/\/atreve.pl\/en\/#website","url":"https:\/\/atreve.pl\/en\/","name":"Atreve - usi\u0105d\u017a wygodnie, \u017cyj lepiej","description":"Rzemios\u0142o i jako\u015b\u0107 w ka\u017cdym detalu. Jeste\u015bmy polskim producentem mebli. Tworzymy r\u0119cznie, stawiaj\u0105c na trwa\u0142o\u015b\u0107, precyzj\u0119 i autorskie wzornictwo, kt\u00f3rego nie znajdziesz w masowych sieci\u00f3wkach. To meble na lata.","publisher":{"@id":"https:\/\/atreve.pl\/en\/#organization"},"potentialAction":[{"@type":"SearchAction","target":{"@type":"EntryPoint","urlTemplate":"https:\/\/atreve.pl\/en\/?s={search_term_string}"},"query-input":{"@type":"PropertyValueSpecification","valueRequired":true,"valueName":"search_term_string"}}],"inLanguage":"en-US"},{"@type":"Organization","@id":"https:\/\/atreve.pl\/en\/#organization","name":"Atreve - usi\u0105d\u017a wygodnie, \u017cyj lepiej","url":"https:\/\/atreve.pl\/en\/","logo":{"@type":"ImageObject","inLanguage":"en-US","@id":"https:\/\/atreve.pl\/en\/#\/schema\/logo\/image\/","url":"https:\/\/atreve.pl\/wp-content\/uploads\/2026\/03\/ATREVE-LOGO-CLAIM-POS-PANTONE7586-scaled.png","contentUrl":"https:\/\/atreve.pl\/wp-content\/uploads\/2026\/03\/ATREVE-LOGO-CLAIM-POS-PANTONE7586-scaled.png","width":2560,"height":894,"caption":"Atreve - usi\u0105d\u017a wygodnie, \u017cyj lepiej"},"image":{"@id":"https:\/\/atreve.pl\/en\/#\/schema\/logo\/image\/"}}]}},"_links":{"self":[{"href":"https:\/\/atreve.pl\/en\/wp-json\/wp\/v2\/product\/8728","targetHints":{"allow":["GET"]}}],"collection":[{"href":"https:\/\/atreve.pl\/en\/wp-json\/wp\/v2\/product"}],"about":[{"href":"https:\/\/atreve.pl\/en\/wp-json\/wp\/v2\/types\/product"}],"wp:featuredmedia":[{"embeddable":true,"href":"https:\/\/atreve.pl\/en\/wp-json\/wp\/v2\/media\/8729"}],"wp:attachment":[{"href":"https:\/\/atreve.pl\/en\/wp-json\/wp\/v2\/media?parent=8728"}],"wp:term":[{"taxonomy":"product_brand","embeddable":true,"href":"https:\/\/atreve.pl\/en\/wp-json\/wp\/v2\/product_brand?post=8728"},{"taxonomy":"product_cat","embeddable":true,"href":"https:\/\/atreve.pl\/en\/wp-json\/wp\/v2\/product_cat?post=8728"},{"taxonomy":"product_tag","embeddable":true,"href":"https:\/\/atreve.pl\/en\/wp-json\/wp\/v2\/product_tag?post=8728"}],"curies":[{"name":"wp","href":"https:\/\/api.w.org\/{rel}","templated":true}]}}