{"id":8732,"date":"2025-12-01T23:08:22","date_gmt":"2025-12-01T22:08:22","guid":{"rendered":"https:\/\/atreve.pl\/produkt\/krzeslo-oreli-supreme\/"},"modified":"2025-12-11T10:31:06","modified_gmt":"2025-12-11T09:31:06","slug":"krzeslo-oreli-supreme","status":"publish","type":"product","link":"https:\/\/atreve.pl\/en\/product\/krzeslo-oreli-supreme\/","title":{"rendered":"ORELI SUPREME Chair"},"content":{"rendered":"<p>AVAILABLE BASE COLOR:<br \/>\n<a href=\"https:\/\/atreve.pl\/wybarwienia-nog-pro-plus\">https:\/\/atreve.pl\/wybarwienia-nog-pro-plus<\/a><br \/>\n__________________________________________________<\/p>\n<p>ADDITIONAL INFORMATION:<\/p>\n<p>Seat material:\u00a0Foam,\u00a0Pocket\u00a0Spring, Upholstery straps<br \/>\nBase material:\u00a0Wood<br \/>\nBase functions:<br \/>\nAccessories:<br \/>\n__________________________________________________<\/p>\n<p>LOGISTICS DATA:<br \/>\nPackaging method: Furniture is packed in protective film and cardboard<br \/>\nFurniture for self-assembly:\u00a0NO<br \/>\nMax. number of packed pieces in a package:\u00a01<br \/>\nNumber of packed pieces per pallet (80&#215;120) :\u00a04<\/p>\n<table>\n<tbody>\n<tr>\n<td colspan=\"6\">1 PIECE<\/td>\n<\/tr>\n<tr>\n<td>QTY. CART.<\/td>\n<td>SIDE A<\/td>\n<td>SIDE B<\/td>\n<td>SIDE C<\/td>\n<td>WEIGHT<\/td>\n<td>VOL.<\/td>\n<\/tr>\n<tr>\n<td>CARTON #1<\/td>\n<td>70cm<\/td>\n<td>60cm<\/td>\n<td>86cm<\/td>\n<td>10kg<\/td>\n<td>&#8211;<\/td>\n<\/tr>\n<\/tbody>\n<\/table>\n","protected":false},"excerpt":{"rendered":"<h2>Oreli Supreme<\/h2>\n<p><b>Oreli Supreme<\/b><br \/>\nis a chair that<br \/>\nwill perfectly adapt to any interior, thanks to its universal design<br \/>\nand versatile functionality. Its elegant look and practical construction<br \/>\nmake this model particularly loved by our customers.<br \/>\nThe profiled backrest comprehensively supports the back, and its decorative back gives the interior character. The seat with pocket spring technology<br \/>\nadapts to the user&#8217;s body, guaranteeing the highest comfort.<br \/>\nWooden legs add character and stability.<br \/>\n<b>Oreli Supreme \u2013 what makes it stand out?<\/b><br \/>\n\u2022 Personalization &#8211; choice of ideal<br \/>\nfabric (color and structure) and leg finish<br \/>\n\u2022 Decorative cut-out \u2013 originality<br \/>\nand subtlety<br \/>\n\u2022 Seat with pocket springs<br \/>\n\u2013 comfort and relaxation<br \/>\n\u2022 Wooden legs \u2013<br \/>\nnaturalness and durability<br \/>\n<b>For whom?<\/b><br \/>\n\u2022 For those who appreciate<br \/>\nminimalist and elegant solutions<br \/>\n\u2022 For anyone who values<br \/>\nfurniture personalization options<br \/>\n\u2022 For those looking for<br \/>\npractical and stylish chairs<\/p>\n<p><b>The product enjoys great interest \u2013 order today!<\/b><\/p>\n","protected":false},"featured_media":8733,"template":"","meta":{"_acf_changed":false},"product_brand":[],"product_cat":[881],"product_tag":[],"class_list":{"0":"post-8732","1":"product","2":"type-product","3":"status-publish","4":"has-post-thumbnail","6":"product_cat-living-room-chairs","7":"pa_ean-844","9":"first","10":"instock","11":"purchasable","12":"product-type-simple"},"acf":[],"yoast_head":"<!-- This site is optimized with the Yoast SEO plugin v27.4 - https:\/\/yoast.com\/product\/yoast-seo-wordpress\/ -->\n<title>ORELI SUPREME Chair - Atreve - usi\u0105d\u017a wygodnie, \u017cyj lepiej<\/title>\n<meta name=\"robots\" content=\"index, follow, max-snippet:-1, max-image-preview:large, max-video-preview:-1\" \/>\n<link rel=\"canonical\" href=\"https:\/\/atreve.pl\/en\/product\/krzeslo-oreli-supreme\/\" \/>\n<meta property=\"og:locale\" content=\"en_US\" \/>\n<meta property=\"og:type\" content=\"article\" \/>\n<meta property=\"og:title\" content=\"ORELI SUPREME Chair - Atreve - usi\u0105d\u017a wygodnie, \u017cyj lepiej\" \/>\n<meta property=\"og:description\" content=\"Oreli Supreme Oreli Supreme is a chair that will perfectly adapt to any interior, thanks to its universal design and versatile functionality. Its elegant look and practical construction make this model particularly loved by our customers. The profiled backrest comprehensively supports the back, and its decorative back gives the interior character. The seat with pocket spring technology adapts to the user&#039;s body, guaranteeing the highest comfort. Wooden legs add character and stability. Oreli Supreme \u2013 what makes it stand out? \u2022 Personalization - choice of ideal fabric (color and structure) and leg finish \u2022 Decorative cut-out \u2013 originality and subtlety \u2022 Seat with pocket springs \u2013 comfort and relaxation \u2022 Wooden legs \u2013 naturalness and durability For whom? \u2022 For those who appreciate minimalist and elegant solutions \u2022 For anyone who values furniture personalization options \u2022 For those looking for practical and stylish chairs  The product enjoys great interest \u2013 order today!\" \/>\n<meta property=\"og:url\" content=\"https:\/\/atreve.pl\/en\/product\/krzeslo-oreli-supreme\/\" \/>\n<meta property=\"og:site_name\" content=\"Atreve - usi\u0105d\u017a wygodnie, \u017cyj lepiej\" \/>\n<meta property=\"article:modified_time\" content=\"2025-12-11T09:31:06+00:00\" \/>\n<meta property=\"og:image\" content=\"https:\/\/atreve.pl\/wp-content\/uploads\/2025\/12\/orelchsugr1xxxp_1-e1765445453426.jpg\" \/>\n\t<meta property=\"og:image:width\" content=\"1000\" \/>\n\t<meta property=\"og:image:height\" content=\"1000\" \/>\n\t<meta property=\"og:image:type\" content=\"image\/jpeg\" \/>\n<meta name=\"twitter:card\" content=\"summary_large_image\" \/>\n<meta name=\"twitter:label1\" content=\"Est. reading time\" \/>\n\t<meta name=\"twitter:data1\" content=\"1 minute\" \/>\n<script type=\"application\/ld+json\" class=\"yoast-schema-graph\">{\"@context\":\"https:\\\/\\\/schema.org\",\"@graph\":[{\"@type\":\"WebPage\",\"@id\":\"https:\\\/\\\/atreve.pl\\\/en\\\/product\\\/krzeslo-oreli-supreme\\\/\",\"url\":\"https:\\\/\\\/atreve.pl\\\/en\\\/product\\\/krzeslo-oreli-supreme\\\/\",\"name\":\"ORELI SUPREME Chair - Atreve - usi\u0105d\u017a wygodnie, \u017cyj lepiej\",\"isPartOf\":{\"@id\":\"https:\\\/\\\/atreve.pl\\\/en\\\/#website\"},\"primaryImageOfPage\":{\"@id\":\"https:\\\/\\\/atreve.pl\\\/en\\\/product\\\/krzeslo-oreli-supreme\\\/#primaryimage\"},\"image\":{\"@id\":\"https:\\\/\\\/atreve.pl\\\/en\\\/product\\\/krzeslo-oreli-supreme\\\/#primaryimage\"},\"thumbnailUrl\":\"https:\\\/\\\/atreve.pl\\\/wp-content\\\/uploads\\\/2025\\\/12\\\/orelchsugr1xxxp_1-e1765445453426.jpg\",\"datePublished\":\"2025-12-01T22:08:22+00:00\",\"dateModified\":\"2025-12-11T09:31:06+00:00\",\"breadcrumb\":{\"@id\":\"https:\\\/\\\/atreve.pl\\\/en\\\/product\\\/krzeslo-oreli-supreme\\\/#breadcrumb\"},\"inLanguage\":\"en-US\",\"potentialAction\":[{\"@type\":\"ReadAction\",\"target\":[\"https:\\\/\\\/atreve.pl\\\/en\\\/product\\\/krzeslo-oreli-supreme\\\/\"]}]},{\"@type\":\"ImageObject\",\"inLanguage\":\"en-US\",\"@id\":\"https:\\\/\\\/atreve.pl\\\/en\\\/product\\\/krzeslo-oreli-supreme\\\/#primaryimage\",\"url\":\"https:\\\/\\\/atreve.pl\\\/wp-content\\\/uploads\\\/2025\\\/12\\\/orelchsugr1xxxp_1-e1765445453426.jpg\",\"contentUrl\":\"https:\\\/\\\/atreve.pl\\\/wp-content\\\/uploads\\\/2025\\\/12\\\/orelchsugr1xxxp_1-e1765445453426.jpg\",\"width\":1000,\"height\":1000},{\"@type\":\"BreadcrumbList\",\"@id\":\"https:\\\/\\\/atreve.pl\\\/en\\\/product\\\/krzeslo-oreli-supreme\\\/#breadcrumb\",\"itemListElement\":[{\"@type\":\"ListItem\",\"position\":1,\"name\":\"START\",\"item\":\"https:\\\/\\\/atreve.pl\\\/en\\\/\"},{\"@type\":\"ListItem\",\"position\":2,\"name\":\"Living Room Chairs\",\"item\":\"https:\\\/\\\/atreve.pl\\\/en\\\/produkty\\\/living-room-chairs\\\/\"},{\"@type\":\"ListItem\",\"position\":3,\"name\":\"ORELI SUPREME Chair\"}]},{\"@type\":\"WebSite\",\"@id\":\"https:\\\/\\\/atreve.pl\\\/en\\\/#website\",\"url\":\"https:\\\/\\\/atreve.pl\\\/en\\\/\",\"name\":\"Atreve - usi\u0105d\u017a wygodnie, \u017cyj lepiej\",\"description\":\"Rzemios\u0142o i jako\u015b\u0107 w ka\u017cdym detalu. Jeste\u015bmy polskim producentem mebli. Tworzymy r\u0119cznie, stawiaj\u0105c na trwa\u0142o\u015b\u0107, precyzj\u0119 i autorskie wzornictwo, kt\u00f3rego nie znajdziesz w masowych sieci\u00f3wkach. To meble na lata.\",\"publisher\":{\"@id\":\"https:\\\/\\\/atreve.pl\\\/en\\\/#organization\"},\"potentialAction\":[{\"@type\":\"SearchAction\",\"target\":{\"@type\":\"EntryPoint\",\"urlTemplate\":\"https:\\\/\\\/atreve.pl\\\/en\\\/?s={search_term_string}\"},\"query-input\":{\"@type\":\"PropertyValueSpecification\",\"valueRequired\":true,\"valueName\":\"search_term_string\"}}],\"inLanguage\":\"en-US\"},{\"@type\":\"Organization\",\"@id\":\"https:\\\/\\\/atreve.pl\\\/en\\\/#organization\",\"name\":\"Atreve - usi\u0105d\u017a wygodnie, \u017cyj lepiej\",\"url\":\"https:\\\/\\\/atreve.pl\\\/en\\\/\",\"logo\":{\"@type\":\"ImageObject\",\"inLanguage\":\"en-US\",\"@id\":\"https:\\\/\\\/atreve.pl\\\/en\\\/#\\\/schema\\\/logo\\\/image\\\/\",\"url\":\"https:\\\/\\\/atreve.pl\\\/wp-content\\\/uploads\\\/2026\\\/03\\\/ATREVE-LOGO-CLAIM-POS-PANTONE7586-scaled.png\",\"contentUrl\":\"https:\\\/\\\/atreve.pl\\\/wp-content\\\/uploads\\\/2026\\\/03\\\/ATREVE-LOGO-CLAIM-POS-PANTONE7586-scaled.png\",\"width\":2560,\"height\":894,\"caption\":\"Atreve - usi\u0105d\u017a wygodnie, \u017cyj lepiej\"},\"image\":{\"@id\":\"https:\\\/\\\/atreve.pl\\\/en\\\/#\\\/schema\\\/logo\\\/image\\\/\"}}]}<\/script>\n<!-- \/ Yoast SEO plugin. -->","yoast_head_json":{"title":"ORELI SUPREME Chair - Atreve - usi\u0105d\u017a wygodnie, \u017cyj lepiej","robots":{"index":"index","follow":"follow","max-snippet":"max-snippet:-1","max-image-preview":"max-image-preview:large","max-video-preview":"max-video-preview:-1"},"canonical":"https:\/\/atreve.pl\/en\/product\/krzeslo-oreli-supreme\/","og_locale":"en_US","og_type":"article","og_title":"ORELI SUPREME Chair - Atreve - usi\u0105d\u017a wygodnie, \u017cyj lepiej","og_description":"Oreli Supreme Oreli Supreme is a chair that will perfectly adapt to any interior, thanks to its universal design and versatile functionality. Its elegant look and practical construction make this model particularly loved by our customers. The profiled backrest comprehensively supports the back, and its decorative back gives the interior character. The seat with pocket spring technology adapts to the user's body, guaranteeing the highest comfort. Wooden legs add character and stability. Oreli Supreme \u2013 what makes it stand out? \u2022 Personalization - choice of ideal fabric (color and structure) and leg finish \u2022 Decorative cut-out \u2013 originality and subtlety \u2022 Seat with pocket springs \u2013 comfort and relaxation \u2022 Wooden legs \u2013 naturalness and durability For whom? \u2022 For those who appreciate minimalist and elegant solutions \u2022 For anyone who values furniture personalization options \u2022 For those looking for practical and stylish chairs  The product enjoys great interest \u2013 order today!","og_url":"https:\/\/atreve.pl\/en\/product\/krzeslo-oreli-supreme\/","og_site_name":"Atreve - usi\u0105d\u017a wygodnie, \u017cyj lepiej","article_modified_time":"2025-12-11T09:31:06+00:00","og_image":[{"width":1000,"height":1000,"url":"https:\/\/atreve.pl\/wp-content\/uploads\/2025\/12\/orelchsugr1xxxp_1-e1765445453426.jpg","type":"image\/jpeg"}],"twitter_card":"summary_large_image","twitter_misc":{"Est. reading time":"1 minute"},"schema":{"@context":"https:\/\/schema.org","@graph":[{"@type":"WebPage","@id":"https:\/\/atreve.pl\/en\/product\/krzeslo-oreli-supreme\/","url":"https:\/\/atreve.pl\/en\/product\/krzeslo-oreli-supreme\/","name":"ORELI SUPREME Chair - Atreve - usi\u0105d\u017a wygodnie, \u017cyj lepiej","isPartOf":{"@id":"https:\/\/atreve.pl\/en\/#website"},"primaryImageOfPage":{"@id":"https:\/\/atreve.pl\/en\/product\/krzeslo-oreli-supreme\/#primaryimage"},"image":{"@id":"https:\/\/atreve.pl\/en\/product\/krzeslo-oreli-supreme\/#primaryimage"},"thumbnailUrl":"https:\/\/atreve.pl\/wp-content\/uploads\/2025\/12\/orelchsugr1xxxp_1-e1765445453426.jpg","datePublished":"2025-12-01T22:08:22+00:00","dateModified":"2025-12-11T09:31:06+00:00","breadcrumb":{"@id":"https:\/\/atreve.pl\/en\/product\/krzeslo-oreli-supreme\/#breadcrumb"},"inLanguage":"en-US","potentialAction":[{"@type":"ReadAction","target":["https:\/\/atreve.pl\/en\/product\/krzeslo-oreli-supreme\/"]}]},{"@type":"ImageObject","inLanguage":"en-US","@id":"https:\/\/atreve.pl\/en\/product\/krzeslo-oreli-supreme\/#primaryimage","url":"https:\/\/atreve.pl\/wp-content\/uploads\/2025\/12\/orelchsugr1xxxp_1-e1765445453426.jpg","contentUrl":"https:\/\/atreve.pl\/wp-content\/uploads\/2025\/12\/orelchsugr1xxxp_1-e1765445453426.jpg","width":1000,"height":1000},{"@type":"BreadcrumbList","@id":"https:\/\/atreve.pl\/en\/product\/krzeslo-oreli-supreme\/#breadcrumb","itemListElement":[{"@type":"ListItem","position":1,"name":"START","item":"https:\/\/atreve.pl\/en\/"},{"@type":"ListItem","position":2,"name":"Living Room Chairs","item":"https:\/\/atreve.pl\/en\/produkty\/living-room-chairs\/"},{"@type":"ListItem","position":3,"name":"ORELI SUPREME Chair"}]},{"@type":"WebSite","@id":"https:\/\/atreve.pl\/en\/#website","url":"https:\/\/atreve.pl\/en\/","name":"Atreve - usi\u0105d\u017a wygodnie, \u017cyj lepiej","description":"Rzemios\u0142o i jako\u015b\u0107 w ka\u017cdym detalu. Jeste\u015bmy polskim producentem mebli. Tworzymy r\u0119cznie, stawiaj\u0105c na trwa\u0142o\u015b\u0107, precyzj\u0119 i autorskie wzornictwo, kt\u00f3rego nie znajdziesz w masowych sieci\u00f3wkach. To meble na lata.","publisher":{"@id":"https:\/\/atreve.pl\/en\/#organization"},"potentialAction":[{"@type":"SearchAction","target":{"@type":"EntryPoint","urlTemplate":"https:\/\/atreve.pl\/en\/?s={search_term_string}"},"query-input":{"@type":"PropertyValueSpecification","valueRequired":true,"valueName":"search_term_string"}}],"inLanguage":"en-US"},{"@type":"Organization","@id":"https:\/\/atreve.pl\/en\/#organization","name":"Atreve - usi\u0105d\u017a wygodnie, \u017cyj lepiej","url":"https:\/\/atreve.pl\/en\/","logo":{"@type":"ImageObject","inLanguage":"en-US","@id":"https:\/\/atreve.pl\/en\/#\/schema\/logo\/image\/","url":"https:\/\/atreve.pl\/wp-content\/uploads\/2026\/03\/ATREVE-LOGO-CLAIM-POS-PANTONE7586-scaled.png","contentUrl":"https:\/\/atreve.pl\/wp-content\/uploads\/2026\/03\/ATREVE-LOGO-CLAIM-POS-PANTONE7586-scaled.png","width":2560,"height":894,"caption":"Atreve - usi\u0105d\u017a wygodnie, \u017cyj lepiej"},"image":{"@id":"https:\/\/atreve.pl\/en\/#\/schema\/logo\/image\/"}}]}},"_links":{"self":[{"href":"https:\/\/atreve.pl\/en\/wp-json\/wp\/v2\/product\/8732","targetHints":{"allow":["GET"]}}],"collection":[{"href":"https:\/\/atreve.pl\/en\/wp-json\/wp\/v2\/product"}],"about":[{"href":"https:\/\/atreve.pl\/en\/wp-json\/wp\/v2\/types\/product"}],"wp:featuredmedia":[{"embeddable":true,"href":"https:\/\/atreve.pl\/en\/wp-json\/wp\/v2\/media\/8733"}],"wp:attachment":[{"href":"https:\/\/atreve.pl\/en\/wp-json\/wp\/v2\/media?parent=8732"}],"wp:term":[{"taxonomy":"product_brand","embeddable":true,"href":"https:\/\/atreve.pl\/en\/wp-json\/wp\/v2\/product_brand?post=8732"},{"taxonomy":"product_cat","embeddable":true,"href":"https:\/\/atreve.pl\/en\/wp-json\/wp\/v2\/product_cat?post=8732"},{"taxonomy":"product_tag","embeddable":true,"href":"https:\/\/atreve.pl\/en\/wp-json\/wp\/v2\/product_tag?post=8732"}],"curies":[{"name":"wp","href":"https:\/\/api.w.org\/{rel}","templated":true}]}}