{"id":8738,"date":"2025-12-01T23:08:22","date_gmt":"2025-12-01T22:08:22","guid":{"rendered":"https:\/\/atreve.pl\/produkt\/krzeslo-tokyo-sock\/"},"modified":"2025-12-11T10:34:48","modified_gmt":"2025-12-11T09:34:48","slug":"krzeslo-tokyo-sock","status":"publish","type":"product","link":"https:\/\/atreve.pl\/en\/product\/krzeslo-tokyo-sock\/","title":{"rendered":"TOKYO SOCK Chair"},"content":{"rendered":"<p>_________________________________________________<br \/>\nADDITIONAL INFORMATION:<\/p>\n<p>Seat material: HR Foam, Supreme pocket springs<br \/>\nBase material: Wood<br \/>\nBase functions:\u00a0 &#8211;<br \/>\nExtras: &#8211;<br \/>\n__________________________________________________<\/p>\n<p>LOGISTICAL DATA:<br \/>\nPackaging method: Furniture is packed in protective film and cardboard<br \/>\nFurniture for self-assembly:\u00a0NO<br \/>\nMax. number of packed pieces in a package: 1<br \/>\nNumber of packed pieces per pallet (80&#215;120) : 2<\/p>\n<table>\n<tbody>\n<tr>\n<td colspan=\"6\">1 PIECE<\/td>\n<\/tr>\n<tr>\n<td>QTY CART.<\/td>\n<td>SIDE A<\/td>\n<td>SIDE B<\/td>\n<td>SIDE C<\/td>\n<td>WEIGHT<\/td>\n<td>VOL.<\/td>\n<\/tr>\n<tr>\n<td>CARTON #1<\/td>\n<td>56cm<\/td>\n<td>85cm<\/td>\n<td>69cm<\/td>\n<td>16kg<\/td>\n<td>0,195<\/td>\n<\/tr>\n<\/tbody>\n<\/table>\n","protected":false},"excerpt":{"rendered":"<h2>TOKYO WOOD Chair<\/h2>\n<p>The <strong>TOKYO<\/strong> chair is a perfect combination of <strong>modern elegance<\/strong>, <strong>comfort<\/strong>, and <strong>solid craftsmanship<\/strong>. Its simple, harmonious form perfectly fits into contemporary interiors \u2013 from cozy dining rooms to stylish living rooms and offices.<\/p>\n<p>Exceptional comfort is provided by the <strong>seat equipped with pocket springs<\/strong>, which adapt to the body&#8217;s shape, guaranteeing softness, flexibility, and durability for years. Thanks to this, the TOKYO chair offers comfort comparable to a high-class armchair.<\/p>\n<p>The natural <strong>wooden upholstered base<\/strong> adds lightness and warmth, while also providing a stable and aesthetic structure. The whole creates a piece of furniture that combines functionality with timeless style.<\/p>\n<p><b>What distinguishes the ISOLA chair?<\/b><\/p>\n<ul>\n<li>\u00a0Personalization \u2013<br \/>\nchoice of ideal fabric (color and structure)<\/li>\n<li>\u00a0Modern backrest \u2013<br \/>\nsupport for the upper back<\/li>\n<li>\u00a0Exclusive look \u2013<br \/>\nstylish finish and spectacular frame<\/li>\n<\/ul>\n<p><b>For whom?<\/b><\/p>\n<ul>\n<li>For anyone who<br \/>\ndreams of a stylish, rich interior<\/li>\n<li>\u00a0For people who appreciate<br \/>\nminimalism<\/li>\n<li>For those who<br \/>\nseek chairs perfectly suited to their needs<\/li>\n<\/ul>\n<p><b>The product is very popular \u2013 order now!<\/b><\/p>\n","protected":false},"featured_media":8739,"template":"","meta":{"_acf_changed":false},"product_brand":[],"product_cat":[881],"product_tag":[],"class_list":{"0":"post-8738","1":"product","2":"type-product","3":"status-publish","4":"has-post-thumbnail","6":"product_cat-living-room-chairs","7":"pa_ean-847","9":"first","10":"instock","11":"purchasable","12":"product-type-simple"},"acf":[],"yoast_head":"<!-- This site is optimized with the Yoast SEO plugin v27.4 - https:\/\/yoast.com\/product\/yoast-seo-wordpress\/ -->\n<title>TOKYO SOCK Chair - Atreve - usi\u0105d\u017a wygodnie, \u017cyj lepiej<\/title>\n<meta name=\"robots\" content=\"index, follow, max-snippet:-1, max-image-preview:large, max-video-preview:-1\" \/>\n<link rel=\"canonical\" href=\"https:\/\/atreve.pl\/en\/product\/krzeslo-tokyo-sock\/\" \/>\n<meta property=\"og:locale\" content=\"en_US\" \/>\n<meta property=\"og:type\" content=\"article\" \/>\n<meta property=\"og:title\" content=\"TOKYO SOCK Chair - Atreve - usi\u0105d\u017a wygodnie, \u017cyj lepiej\" \/>\n<meta property=\"og:description\" content=\"TOKYO WOOD Chair The TOKYO chair is a perfect combination of modern elegance, comfort, and solid craftsmanship. Its simple, harmonious form perfectly fits into contemporary interiors \u2013 from cozy dining rooms to stylish living rooms and offices.  Exceptional comfort is provided by the seat equipped with pocket springs, which adapt to the body&#039;s shape, guaranteeing softness, flexibility, and durability for years. Thanks to this, the TOKYO chair offers comfort comparable to a high-class armchair.  The natural wooden upholstered base adds lightness and warmth, while also providing a stable and aesthetic structure. The whole creates a piece of furniture that combines functionality with timeless style.  What distinguishes the ISOLA chair?   \u00a0Personalization \u2013 choice of ideal fabric (color and structure)  \u00a0Modern backrest \u2013 support for the upper back  \u00a0Exclusive look \u2013 stylish finish and spectacular frame  For whom?   For anyone who dreams of a stylish, rich interior  \u00a0For people who appreciate minimalism  For those who seek chairs perfectly suited to their needs  The product is very popular \u2013 order now!\" \/>\n<meta property=\"og:url\" content=\"https:\/\/atreve.pl\/en\/product\/krzeslo-tokyo-sock\/\" \/>\n<meta property=\"og:site_name\" content=\"Atreve - usi\u0105d\u017a wygodnie, \u017cyj lepiej\" \/>\n<meta property=\"article:modified_time\" content=\"2025-12-11T09:34:48+00:00\" \/>\n<meta property=\"og:image\" content=\"https:\/\/atreve.pl\/wp-content\/uploads\/2025\/12\/tokychstgr1soxp_1-e1765445677594.jpg\" \/>\n\t<meta property=\"og:image:width\" content=\"1000\" \/>\n\t<meta property=\"og:image:height\" content=\"1000\" \/>\n\t<meta property=\"og:image:type\" content=\"image\/jpeg\" \/>\n<meta name=\"twitter:card\" content=\"summary_large_image\" \/>\n<meta name=\"twitter:label1\" content=\"Est. reading time\" \/>\n\t<meta name=\"twitter:data1\" content=\"1 minute\" \/>\n<script type=\"application\/ld+json\" class=\"yoast-schema-graph\">{\"@context\":\"https:\\\/\\\/schema.org\",\"@graph\":[{\"@type\":\"WebPage\",\"@id\":\"https:\\\/\\\/atreve.pl\\\/en\\\/product\\\/krzeslo-tokyo-sock\\\/\",\"url\":\"https:\\\/\\\/atreve.pl\\\/en\\\/product\\\/krzeslo-tokyo-sock\\\/\",\"name\":\"TOKYO SOCK Chair - Atreve - usi\u0105d\u017a wygodnie, \u017cyj lepiej\",\"isPartOf\":{\"@id\":\"https:\\\/\\\/atreve.pl\\\/en\\\/#website\"},\"primaryImageOfPage\":{\"@id\":\"https:\\\/\\\/atreve.pl\\\/en\\\/product\\\/krzeslo-tokyo-sock\\\/#primaryimage\"},\"image\":{\"@id\":\"https:\\\/\\\/atreve.pl\\\/en\\\/product\\\/krzeslo-tokyo-sock\\\/#primaryimage\"},\"thumbnailUrl\":\"https:\\\/\\\/atreve.pl\\\/wp-content\\\/uploads\\\/2025\\\/12\\\/tokychstgr1soxp_1-e1765445677594.jpg\",\"datePublished\":\"2025-12-01T22:08:22+00:00\",\"dateModified\":\"2025-12-11T09:34:48+00:00\",\"breadcrumb\":{\"@id\":\"https:\\\/\\\/atreve.pl\\\/en\\\/product\\\/krzeslo-tokyo-sock\\\/#breadcrumb\"},\"inLanguage\":\"en-US\",\"potentialAction\":[{\"@type\":\"ReadAction\",\"target\":[\"https:\\\/\\\/atreve.pl\\\/en\\\/product\\\/krzeslo-tokyo-sock\\\/\"]}]},{\"@type\":\"ImageObject\",\"inLanguage\":\"en-US\",\"@id\":\"https:\\\/\\\/atreve.pl\\\/en\\\/product\\\/krzeslo-tokyo-sock\\\/#primaryimage\",\"url\":\"https:\\\/\\\/atreve.pl\\\/wp-content\\\/uploads\\\/2025\\\/12\\\/tokychstgr1soxp_1-e1765445677594.jpg\",\"contentUrl\":\"https:\\\/\\\/atreve.pl\\\/wp-content\\\/uploads\\\/2025\\\/12\\\/tokychstgr1soxp_1-e1765445677594.jpg\",\"width\":1000,\"height\":1000},{\"@type\":\"BreadcrumbList\",\"@id\":\"https:\\\/\\\/atreve.pl\\\/en\\\/product\\\/krzeslo-tokyo-sock\\\/#breadcrumb\",\"itemListElement\":[{\"@type\":\"ListItem\",\"position\":1,\"name\":\"START\",\"item\":\"https:\\\/\\\/atreve.pl\\\/en\\\/\"},{\"@type\":\"ListItem\",\"position\":2,\"name\":\"Living Room Chairs\",\"item\":\"https:\\\/\\\/atreve.pl\\\/en\\\/produkty\\\/living-room-chairs\\\/\"},{\"@type\":\"ListItem\",\"position\":3,\"name\":\"TOKYO SOCK Chair\"}]},{\"@type\":\"WebSite\",\"@id\":\"https:\\\/\\\/atreve.pl\\\/en\\\/#website\",\"url\":\"https:\\\/\\\/atreve.pl\\\/en\\\/\",\"name\":\"Atreve - usi\u0105d\u017a wygodnie, \u017cyj lepiej\",\"description\":\"Rzemios\u0142o i jako\u015b\u0107 w ka\u017cdym detalu. Jeste\u015bmy polskim producentem mebli. Tworzymy r\u0119cznie, stawiaj\u0105c na trwa\u0142o\u015b\u0107, precyzj\u0119 i autorskie wzornictwo, kt\u00f3rego nie znajdziesz w masowych sieci\u00f3wkach. To meble na lata.\",\"publisher\":{\"@id\":\"https:\\\/\\\/atreve.pl\\\/en\\\/#organization\"},\"potentialAction\":[{\"@type\":\"SearchAction\",\"target\":{\"@type\":\"EntryPoint\",\"urlTemplate\":\"https:\\\/\\\/atreve.pl\\\/en\\\/?s={search_term_string}\"},\"query-input\":{\"@type\":\"PropertyValueSpecification\",\"valueRequired\":true,\"valueName\":\"search_term_string\"}}],\"inLanguage\":\"en-US\"},{\"@type\":\"Organization\",\"@id\":\"https:\\\/\\\/atreve.pl\\\/en\\\/#organization\",\"name\":\"Atreve - usi\u0105d\u017a wygodnie, \u017cyj lepiej\",\"url\":\"https:\\\/\\\/atreve.pl\\\/en\\\/\",\"logo\":{\"@type\":\"ImageObject\",\"inLanguage\":\"en-US\",\"@id\":\"https:\\\/\\\/atreve.pl\\\/en\\\/#\\\/schema\\\/logo\\\/image\\\/\",\"url\":\"https:\\\/\\\/atreve.pl\\\/wp-content\\\/uploads\\\/2026\\\/03\\\/ATREVE-LOGO-CLAIM-POS-PANTONE7586-scaled.png\",\"contentUrl\":\"https:\\\/\\\/atreve.pl\\\/wp-content\\\/uploads\\\/2026\\\/03\\\/ATREVE-LOGO-CLAIM-POS-PANTONE7586-scaled.png\",\"width\":2560,\"height\":894,\"caption\":\"Atreve - usi\u0105d\u017a wygodnie, \u017cyj lepiej\"},\"image\":{\"@id\":\"https:\\\/\\\/atreve.pl\\\/en\\\/#\\\/schema\\\/logo\\\/image\\\/\"}}]}<\/script>\n<!-- \/ Yoast SEO plugin. -->","yoast_head_json":{"title":"TOKYO SOCK Chair - Atreve - usi\u0105d\u017a wygodnie, \u017cyj lepiej","robots":{"index":"index","follow":"follow","max-snippet":"max-snippet:-1","max-image-preview":"max-image-preview:large","max-video-preview":"max-video-preview:-1"},"canonical":"https:\/\/atreve.pl\/en\/product\/krzeslo-tokyo-sock\/","og_locale":"en_US","og_type":"article","og_title":"TOKYO SOCK Chair - Atreve - usi\u0105d\u017a wygodnie, \u017cyj lepiej","og_description":"TOKYO WOOD Chair The TOKYO chair is a perfect combination of modern elegance, comfort, and solid craftsmanship. Its simple, harmonious form perfectly fits into contemporary interiors \u2013 from cozy dining rooms to stylish living rooms and offices.  Exceptional comfort is provided by the seat equipped with pocket springs, which adapt to the body's shape, guaranteeing softness, flexibility, and durability for years. Thanks to this, the TOKYO chair offers comfort comparable to a high-class armchair.  The natural wooden upholstered base adds lightness and warmth, while also providing a stable and aesthetic structure. The whole creates a piece of furniture that combines functionality with timeless style.  What distinguishes the ISOLA chair?   \u00a0Personalization \u2013 choice of ideal fabric (color and structure)  \u00a0Modern backrest \u2013 support for the upper back  \u00a0Exclusive look \u2013 stylish finish and spectacular frame  For whom?   For anyone who dreams of a stylish, rich interior  \u00a0For people who appreciate minimalism  For those who seek chairs perfectly suited to their needs  The product is very popular \u2013 order now!","og_url":"https:\/\/atreve.pl\/en\/product\/krzeslo-tokyo-sock\/","og_site_name":"Atreve - usi\u0105d\u017a wygodnie, \u017cyj lepiej","article_modified_time":"2025-12-11T09:34:48+00:00","og_image":[{"width":1000,"height":1000,"url":"https:\/\/atreve.pl\/wp-content\/uploads\/2025\/12\/tokychstgr1soxp_1-e1765445677594.jpg","type":"image\/jpeg"}],"twitter_card":"summary_large_image","twitter_misc":{"Est. reading time":"1 minute"},"schema":{"@context":"https:\/\/schema.org","@graph":[{"@type":"WebPage","@id":"https:\/\/atreve.pl\/en\/product\/krzeslo-tokyo-sock\/","url":"https:\/\/atreve.pl\/en\/product\/krzeslo-tokyo-sock\/","name":"TOKYO SOCK Chair - Atreve - usi\u0105d\u017a wygodnie, \u017cyj lepiej","isPartOf":{"@id":"https:\/\/atreve.pl\/en\/#website"},"primaryImageOfPage":{"@id":"https:\/\/atreve.pl\/en\/product\/krzeslo-tokyo-sock\/#primaryimage"},"image":{"@id":"https:\/\/atreve.pl\/en\/product\/krzeslo-tokyo-sock\/#primaryimage"},"thumbnailUrl":"https:\/\/atreve.pl\/wp-content\/uploads\/2025\/12\/tokychstgr1soxp_1-e1765445677594.jpg","datePublished":"2025-12-01T22:08:22+00:00","dateModified":"2025-12-11T09:34:48+00:00","breadcrumb":{"@id":"https:\/\/atreve.pl\/en\/product\/krzeslo-tokyo-sock\/#breadcrumb"},"inLanguage":"en-US","potentialAction":[{"@type":"ReadAction","target":["https:\/\/atreve.pl\/en\/product\/krzeslo-tokyo-sock\/"]}]},{"@type":"ImageObject","inLanguage":"en-US","@id":"https:\/\/atreve.pl\/en\/product\/krzeslo-tokyo-sock\/#primaryimage","url":"https:\/\/atreve.pl\/wp-content\/uploads\/2025\/12\/tokychstgr1soxp_1-e1765445677594.jpg","contentUrl":"https:\/\/atreve.pl\/wp-content\/uploads\/2025\/12\/tokychstgr1soxp_1-e1765445677594.jpg","width":1000,"height":1000},{"@type":"BreadcrumbList","@id":"https:\/\/atreve.pl\/en\/product\/krzeslo-tokyo-sock\/#breadcrumb","itemListElement":[{"@type":"ListItem","position":1,"name":"START","item":"https:\/\/atreve.pl\/en\/"},{"@type":"ListItem","position":2,"name":"Living Room Chairs","item":"https:\/\/atreve.pl\/en\/produkty\/living-room-chairs\/"},{"@type":"ListItem","position":3,"name":"TOKYO SOCK Chair"}]},{"@type":"WebSite","@id":"https:\/\/atreve.pl\/en\/#website","url":"https:\/\/atreve.pl\/en\/","name":"Atreve - usi\u0105d\u017a wygodnie, \u017cyj lepiej","description":"Rzemios\u0142o i jako\u015b\u0107 w ka\u017cdym detalu. Jeste\u015bmy polskim producentem mebli. Tworzymy r\u0119cznie, stawiaj\u0105c na trwa\u0142o\u015b\u0107, precyzj\u0119 i autorskie wzornictwo, kt\u00f3rego nie znajdziesz w masowych sieci\u00f3wkach. To meble na lata.","publisher":{"@id":"https:\/\/atreve.pl\/en\/#organization"},"potentialAction":[{"@type":"SearchAction","target":{"@type":"EntryPoint","urlTemplate":"https:\/\/atreve.pl\/en\/?s={search_term_string}"},"query-input":{"@type":"PropertyValueSpecification","valueRequired":true,"valueName":"search_term_string"}}],"inLanguage":"en-US"},{"@type":"Organization","@id":"https:\/\/atreve.pl\/en\/#organization","name":"Atreve - usi\u0105d\u017a wygodnie, \u017cyj lepiej","url":"https:\/\/atreve.pl\/en\/","logo":{"@type":"ImageObject","inLanguage":"en-US","@id":"https:\/\/atreve.pl\/en\/#\/schema\/logo\/image\/","url":"https:\/\/atreve.pl\/wp-content\/uploads\/2026\/03\/ATREVE-LOGO-CLAIM-POS-PANTONE7586-scaled.png","contentUrl":"https:\/\/atreve.pl\/wp-content\/uploads\/2026\/03\/ATREVE-LOGO-CLAIM-POS-PANTONE7586-scaled.png","width":2560,"height":894,"caption":"Atreve - usi\u0105d\u017a wygodnie, \u017cyj lepiej"},"image":{"@id":"https:\/\/atreve.pl\/en\/#\/schema\/logo\/image\/"}}]}},"_links":{"self":[{"href":"https:\/\/atreve.pl\/en\/wp-json\/wp\/v2\/product\/8738","targetHints":{"allow":["GET"]}}],"collection":[{"href":"https:\/\/atreve.pl\/en\/wp-json\/wp\/v2\/product"}],"about":[{"href":"https:\/\/atreve.pl\/en\/wp-json\/wp\/v2\/types\/product"}],"wp:featuredmedia":[{"embeddable":true,"href":"https:\/\/atreve.pl\/en\/wp-json\/wp\/v2\/media\/8739"}],"wp:attachment":[{"href":"https:\/\/atreve.pl\/en\/wp-json\/wp\/v2\/media?parent=8738"}],"wp:term":[{"taxonomy":"product_brand","embeddable":true,"href":"https:\/\/atreve.pl\/en\/wp-json\/wp\/v2\/product_brand?post=8738"},{"taxonomy":"product_cat","embeddable":true,"href":"https:\/\/atreve.pl\/en\/wp-json\/wp\/v2\/product_cat?post=8738"},{"taxonomy":"product_tag","embeddable":true,"href":"https:\/\/atreve.pl\/en\/wp-json\/wp\/v2\/product_tag?post=8738"}],"curies":[{"name":"wp","href":"https:\/\/api.w.org\/{rel}","templated":true}]}}