{"id":8754,"date":"2025-12-01T23:08:22","date_gmt":"2025-12-01T22:08:22","guid":{"rendered":"https:\/\/atreve.pl\/produkt\/fotel-madison\/"},"modified":"2025-12-11T09:55:42","modified_gmt":"2025-12-11T08:55:42","slug":"fotel-madison","status":"publish","type":"product","link":"https:\/\/atreve.pl\/en\/produkt\/fotel-madison\/","title":{"rendered":"MADISON Armchair"},"content":{"rendered":"<p><a href=\"https:\/\/atreve.pl\/legs-colors-plus\">_________________________________________________<br \/>\nADDITIONAL INFORMATION:<br \/>\n<\/a><\/p>\n<p>Seat material: Foam + wavy springs<br \/>\nBase material:\u00a0Metal<br \/>\nBase functions:\u00a0 360-degree swivel base<br \/>\nExtras: &#8211;<br \/>\n__________________________________________________<\/p>\n<p>LOGISTIC DATA:<br \/>\nPackaging method: Furniture is packed in protective film and cardboard<br \/>\nFurniture for self-assembly: YES<br \/>\nMax. number of packed pieces per package: 1<br \/>\nNumber of packed pieces per pallet (80&#215;120) : 4<\/p>\n<table>\n<tbody>\n<tr>\n<td colspan=\"6\">1 PIECE<\/td>\n<\/tr>\n<tr>\n<td>NO. OF CART.<\/td>\n<td>SIDE A<\/td>\n<td>SIDE B<\/td>\n<td>SIDE C<\/td>\n<td>WEIGHT<\/td>\n<td>VOL.<\/td>\n<\/tr>\n<tr>\n<td>CARTON #1<\/td>\n<td>80cm<\/td>\n<td>76cm<\/td>\n<td>80cm<\/td>\n<td>22,8kg<\/td>\n<td>0,49<\/td>\n<\/tr>\n<\/tbody>\n<\/table>\n","protected":false},"excerpt":{"rendered":"<h2>MADISON Armchair<\/h2>\n<p><strong>Discover an armchair that doesn&#8217;t just adorn an interior \u2014 it defines it.<\/strong><br \/>\nThis model combines the softness of enveloping upholstery with the distinct, organic line of wooden legs. It&#8217;s a piece of furniture that looks as if it was created for quiet mornings, long conversations, and those moments when you finally have time to sit down \u201efor real\u201d.<\/p>\n<h3><strong>Design that attracts attention<\/strong><\/h3>\n<p>The rounded shapes of the seat and backrest create a harmonious, modern form. It&#8217;s an armchair that impresses with its lightness, despite being solid and stable. The delicate fabric texture gives it exceptional softness \u2014 both visually and to the touch.<\/p>\n<h3><strong>Personalization that stands out<\/strong><\/h3>\n<p>Every home has its character \u2014 that&#8217;s why you can create your own version of this armchair:<\/p>\n<ul>\n<li><strong>choose the ideal fabric<\/strong> from many structures and colors,<\/li>\n<li><strong>choose the leg finish<\/strong> to highlight the wood or give it a more distinct tone.<\/li>\n<\/ul>\n<h3><strong>Comfort you feel from the first touch<\/strong><\/h3>\n<p>The wide, deep seat and ergonomically contoured backrest create a space that adapts to you. It&#8217;s an armchair perfect for the living room, bedroom, office, or relaxation area \u2014 anywhere where style and comfort matter.<\/p>\n<h3><strong>Why will you love this armchair?<\/strong><\/h3>\n<ul>\n<li>because it looks modern, yet is timeless<\/li>\n<li>because you can tailor it exactly to your interior<\/li>\n<li>because it&#8217;s so comfortable you won&#8217;t want to get up from it<\/li>\n<li>because it&#8217;s a piece of furniture that gives space elegance without unnecessary \u201eostentation\u201d<\/li>\n<\/ul>\n<p><strong>Create an armchair that speaks your language.<\/strong><br \/>\nChoose the fabric, leg color, and invite a piece of furniture into your interior that delights with form and comfort.<\/p>\n","protected":false},"featured_media":8755,"template":"","meta":{"_acf_changed":false},"product_brand":[],"product_cat":[878],"product_tag":[],"class_list":{"0":"post-8754","1":"product","2":"type-product","3":"status-publish","4":"has-post-thumbnail","6":"product_cat-armchairs","7":"pa_ean-856","9":"first","10":"instock","11":"purchasable","12":"product-type-simple"},"acf":[],"yoast_head":"<!-- This site is optimized with the Yoast SEO plugin v27.4 - https:\/\/yoast.com\/product\/yoast-seo-wordpress\/ -->\n<title>MADISON Armchair - Atreve - usi\u0105d\u017a wygodnie, \u017cyj lepiej<\/title>\n<meta name=\"robots\" content=\"index, follow, max-snippet:-1, max-image-preview:large, max-video-preview:-1\" \/>\n<link rel=\"canonical\" href=\"https:\/\/atreve.pl\/en\/produkt\/fotel-madison\/\" \/>\n<meta property=\"og:locale\" content=\"en_US\" \/>\n<meta property=\"og:type\" content=\"article\" \/>\n<meta property=\"og:title\" content=\"MADISON Armchair - Atreve - usi\u0105d\u017a wygodnie, \u017cyj lepiej\" \/>\n<meta property=\"og:description\" content=\"MADISON Armchair Discover an armchair that doesn&#039;t just adorn an interior \u2014 it defines it. This model combines the softness of enveloping upholstery with the distinct, organic line of wooden legs. It&#039;s a piece of furniture that looks as if it was created for quiet mornings, long conversations, and those moments when you finally have time to sit down \u201efor real\u201d. Design that attracts attention The rounded shapes of the seat and backrest create a harmonious, modern form. It&#039;s an armchair that impresses with its lightness, despite being solid and stable. The delicate fabric texture gives it exceptional softness \u2014 both visually and to the touch. Personalization that stands out Every home has its character \u2014 that&#039;s why you can create your own version of this armchair:   choose the ideal fabric from many structures and colors,  choose the leg finish to highlight the wood or give it a more distinct tone.  Comfort you feel from the first touch The wide, deep seat and ergonomically contoured backrest create a space that adapts to you. It&#039;s an armchair perfect for the living room, bedroom, office, or relaxation area \u2014 anywhere where style and comfort matter. Why will you love this armchair?   because it looks modern, yet is timeless  because you can tailor it exactly to your interior  because it&#039;s so comfortable you won&#039;t want to get up from it  because it&#039;s a piece of furniture that gives space elegance without unnecessary \u201eostentation\u201d  Create an armchair that speaks your language. Choose the fabric, leg color, and invite a piece of furniture into your interior that delights with form and comfort.\" \/>\n<meta property=\"og:url\" content=\"https:\/\/atreve.pl\/en\/produkt\/fotel-madison\/\" \/>\n<meta property=\"og:site_name\" content=\"Atreve - usi\u0105d\u017a wygodnie, \u017cyj lepiej\" \/>\n<meta property=\"article:modified_time\" content=\"2025-12-11T08:55:42+00:00\" \/>\n<meta property=\"og:image\" content=\"https:\/\/atreve.pl\/wp-content\/uploads\/2025\/12\/madiarstgr1xxxp_1-e1765443329224.jpg\" \/>\n\t<meta property=\"og:image:width\" content=\"1000\" \/>\n\t<meta property=\"og:image:height\" content=\"1000\" \/>\n\t<meta property=\"og:image:type\" content=\"image\/jpeg\" \/>\n<meta name=\"twitter:card\" content=\"summary_large_image\" \/>\n<meta name=\"twitter:label1\" content=\"Est. reading time\" \/>\n\t<meta name=\"twitter:data1\" content=\"1 minute\" \/>\n<script type=\"application\/ld+json\" class=\"yoast-schema-graph\">{\"@context\":\"https:\\\/\\\/schema.org\",\"@graph\":[{\"@type\":\"WebPage\",\"@id\":\"https:\\\/\\\/atreve.pl\\\/en\\\/produkt\\\/fotel-madison\\\/\",\"url\":\"https:\\\/\\\/atreve.pl\\\/en\\\/produkt\\\/fotel-madison\\\/\",\"name\":\"MADISON Armchair - Atreve - usi\u0105d\u017a wygodnie, \u017cyj lepiej\",\"isPartOf\":{\"@id\":\"https:\\\/\\\/atreve.pl\\\/en\\\/#website\"},\"primaryImageOfPage\":{\"@id\":\"https:\\\/\\\/atreve.pl\\\/en\\\/produkt\\\/fotel-madison\\\/#primaryimage\"},\"image\":{\"@id\":\"https:\\\/\\\/atreve.pl\\\/en\\\/produkt\\\/fotel-madison\\\/#primaryimage\"},\"thumbnailUrl\":\"https:\\\/\\\/atreve.pl\\\/wp-content\\\/uploads\\\/2025\\\/12\\\/madiarstgr1xxxp_1-e1765443329224.jpg\",\"datePublished\":\"2025-12-01T22:08:22+00:00\",\"dateModified\":\"2025-12-11T08:55:42+00:00\",\"breadcrumb\":{\"@id\":\"https:\\\/\\\/atreve.pl\\\/en\\\/produkt\\\/fotel-madison\\\/#breadcrumb\"},\"inLanguage\":\"en-US\",\"potentialAction\":[{\"@type\":\"ReadAction\",\"target\":[\"https:\\\/\\\/atreve.pl\\\/en\\\/produkt\\\/fotel-madison\\\/\"]}]},{\"@type\":\"ImageObject\",\"inLanguage\":\"en-US\",\"@id\":\"https:\\\/\\\/atreve.pl\\\/en\\\/produkt\\\/fotel-madison\\\/#primaryimage\",\"url\":\"https:\\\/\\\/atreve.pl\\\/wp-content\\\/uploads\\\/2025\\\/12\\\/madiarstgr1xxxp_1-e1765443329224.jpg\",\"contentUrl\":\"https:\\\/\\\/atreve.pl\\\/wp-content\\\/uploads\\\/2025\\\/12\\\/madiarstgr1xxxp_1-e1765443329224.jpg\",\"width\":1000,\"height\":1000},{\"@type\":\"BreadcrumbList\",\"@id\":\"https:\\\/\\\/atreve.pl\\\/en\\\/produkt\\\/fotel-madison\\\/#breadcrumb\",\"itemListElement\":[{\"@type\":\"ListItem\",\"position\":1,\"name\":\"START\",\"item\":\"https:\\\/\\\/atreve.pl\\\/en\\\/\"},{\"@type\":\"ListItem\",\"position\":2,\"name\":\"Armchairs\",\"item\":\"https:\\\/\\\/atreve.pl\\\/en\\\/produkty\\\/armchairs\\\/\"},{\"@type\":\"ListItem\",\"position\":3,\"name\":\"MADISON Armchair\"}]},{\"@type\":\"WebSite\",\"@id\":\"https:\\\/\\\/atreve.pl\\\/en\\\/#website\",\"url\":\"https:\\\/\\\/atreve.pl\\\/en\\\/\",\"name\":\"Atreve - usi\u0105d\u017a wygodnie, \u017cyj lepiej\",\"description\":\"Rzemios\u0142o i jako\u015b\u0107 w ka\u017cdym detalu. Jeste\u015bmy polskim producentem mebli. Tworzymy r\u0119cznie, stawiaj\u0105c na trwa\u0142o\u015b\u0107, precyzj\u0119 i autorskie wzornictwo, kt\u00f3rego nie znajdziesz w masowych sieci\u00f3wkach. To meble na lata.\",\"publisher\":{\"@id\":\"https:\\\/\\\/atreve.pl\\\/en\\\/#organization\"},\"potentialAction\":[{\"@type\":\"SearchAction\",\"target\":{\"@type\":\"EntryPoint\",\"urlTemplate\":\"https:\\\/\\\/atreve.pl\\\/en\\\/?s={search_term_string}\"},\"query-input\":{\"@type\":\"PropertyValueSpecification\",\"valueRequired\":true,\"valueName\":\"search_term_string\"}}],\"inLanguage\":\"en-US\"},{\"@type\":\"Organization\",\"@id\":\"https:\\\/\\\/atreve.pl\\\/en\\\/#organization\",\"name\":\"Atreve - usi\u0105d\u017a wygodnie, \u017cyj lepiej\",\"url\":\"https:\\\/\\\/atreve.pl\\\/en\\\/\",\"logo\":{\"@type\":\"ImageObject\",\"inLanguage\":\"en-US\",\"@id\":\"https:\\\/\\\/atreve.pl\\\/en\\\/#\\\/schema\\\/logo\\\/image\\\/\",\"url\":\"https:\\\/\\\/atreve.pl\\\/wp-content\\\/uploads\\\/2026\\\/03\\\/ATREVE-LOGO-CLAIM-POS-PANTONE7586-scaled.png\",\"contentUrl\":\"https:\\\/\\\/atreve.pl\\\/wp-content\\\/uploads\\\/2026\\\/03\\\/ATREVE-LOGO-CLAIM-POS-PANTONE7586-scaled.png\",\"width\":2560,\"height\":894,\"caption\":\"Atreve - usi\u0105d\u017a wygodnie, \u017cyj lepiej\"},\"image\":{\"@id\":\"https:\\\/\\\/atreve.pl\\\/en\\\/#\\\/schema\\\/logo\\\/image\\\/\"}}]}<\/script>\n<!-- \/ Yoast SEO plugin. -->","yoast_head_json":{"title":"MADISON Armchair - Atreve - usi\u0105d\u017a wygodnie, \u017cyj lepiej","robots":{"index":"index","follow":"follow","max-snippet":"max-snippet:-1","max-image-preview":"max-image-preview:large","max-video-preview":"max-video-preview:-1"},"canonical":"https:\/\/atreve.pl\/en\/produkt\/fotel-madison\/","og_locale":"en_US","og_type":"article","og_title":"MADISON Armchair - Atreve - usi\u0105d\u017a wygodnie, \u017cyj lepiej","og_description":"MADISON Armchair Discover an armchair that doesn't just adorn an interior \u2014 it defines it. This model combines the softness of enveloping upholstery with the distinct, organic line of wooden legs. It's a piece of furniture that looks as if it was created for quiet mornings, long conversations, and those moments when you finally have time to sit down \u201efor real\u201d. Design that attracts attention The rounded shapes of the seat and backrest create a harmonious, modern form. It's an armchair that impresses with its lightness, despite being solid and stable. The delicate fabric texture gives it exceptional softness \u2014 both visually and to the touch. Personalization that stands out Every home has its character \u2014 that's why you can create your own version of this armchair:   choose the ideal fabric from many structures and colors,  choose the leg finish to highlight the wood or give it a more distinct tone.  Comfort you feel from the first touch The wide, deep seat and ergonomically contoured backrest create a space that adapts to you. It's an armchair perfect for the living room, bedroom, office, or relaxation area \u2014 anywhere where style and comfort matter. Why will you love this armchair?   because it looks modern, yet is timeless  because you can tailor it exactly to your interior  because it's so comfortable you won't want to get up from it  because it's a piece of furniture that gives space elegance without unnecessary \u201eostentation\u201d  Create an armchair that speaks your language. Choose the fabric, leg color, and invite a piece of furniture into your interior that delights with form and comfort.","og_url":"https:\/\/atreve.pl\/en\/produkt\/fotel-madison\/","og_site_name":"Atreve - usi\u0105d\u017a wygodnie, \u017cyj lepiej","article_modified_time":"2025-12-11T08:55:42+00:00","og_image":[{"width":1000,"height":1000,"url":"https:\/\/atreve.pl\/wp-content\/uploads\/2025\/12\/madiarstgr1xxxp_1-e1765443329224.jpg","type":"image\/jpeg"}],"twitter_card":"summary_large_image","twitter_misc":{"Est. reading time":"1 minute"},"schema":{"@context":"https:\/\/schema.org","@graph":[{"@type":"WebPage","@id":"https:\/\/atreve.pl\/en\/produkt\/fotel-madison\/","url":"https:\/\/atreve.pl\/en\/produkt\/fotel-madison\/","name":"MADISON Armchair - Atreve - usi\u0105d\u017a wygodnie, \u017cyj lepiej","isPartOf":{"@id":"https:\/\/atreve.pl\/en\/#website"},"primaryImageOfPage":{"@id":"https:\/\/atreve.pl\/en\/produkt\/fotel-madison\/#primaryimage"},"image":{"@id":"https:\/\/atreve.pl\/en\/produkt\/fotel-madison\/#primaryimage"},"thumbnailUrl":"https:\/\/atreve.pl\/wp-content\/uploads\/2025\/12\/madiarstgr1xxxp_1-e1765443329224.jpg","datePublished":"2025-12-01T22:08:22+00:00","dateModified":"2025-12-11T08:55:42+00:00","breadcrumb":{"@id":"https:\/\/atreve.pl\/en\/produkt\/fotel-madison\/#breadcrumb"},"inLanguage":"en-US","potentialAction":[{"@type":"ReadAction","target":["https:\/\/atreve.pl\/en\/produkt\/fotel-madison\/"]}]},{"@type":"ImageObject","inLanguage":"en-US","@id":"https:\/\/atreve.pl\/en\/produkt\/fotel-madison\/#primaryimage","url":"https:\/\/atreve.pl\/wp-content\/uploads\/2025\/12\/madiarstgr1xxxp_1-e1765443329224.jpg","contentUrl":"https:\/\/atreve.pl\/wp-content\/uploads\/2025\/12\/madiarstgr1xxxp_1-e1765443329224.jpg","width":1000,"height":1000},{"@type":"BreadcrumbList","@id":"https:\/\/atreve.pl\/en\/produkt\/fotel-madison\/#breadcrumb","itemListElement":[{"@type":"ListItem","position":1,"name":"START","item":"https:\/\/atreve.pl\/en\/"},{"@type":"ListItem","position":2,"name":"Armchairs","item":"https:\/\/atreve.pl\/en\/produkty\/armchairs\/"},{"@type":"ListItem","position":3,"name":"MADISON Armchair"}]},{"@type":"WebSite","@id":"https:\/\/atreve.pl\/en\/#website","url":"https:\/\/atreve.pl\/en\/","name":"Atreve - usi\u0105d\u017a wygodnie, \u017cyj lepiej","description":"Rzemios\u0142o i jako\u015b\u0107 w ka\u017cdym detalu. Jeste\u015bmy polskim producentem mebli. Tworzymy r\u0119cznie, stawiaj\u0105c na trwa\u0142o\u015b\u0107, precyzj\u0119 i autorskie wzornictwo, kt\u00f3rego nie znajdziesz w masowych sieci\u00f3wkach. To meble na lata.","publisher":{"@id":"https:\/\/atreve.pl\/en\/#organization"},"potentialAction":[{"@type":"SearchAction","target":{"@type":"EntryPoint","urlTemplate":"https:\/\/atreve.pl\/en\/?s={search_term_string}"},"query-input":{"@type":"PropertyValueSpecification","valueRequired":true,"valueName":"search_term_string"}}],"inLanguage":"en-US"},{"@type":"Organization","@id":"https:\/\/atreve.pl\/en\/#organization","name":"Atreve - usi\u0105d\u017a wygodnie, \u017cyj lepiej","url":"https:\/\/atreve.pl\/en\/","logo":{"@type":"ImageObject","inLanguage":"en-US","@id":"https:\/\/atreve.pl\/en\/#\/schema\/logo\/image\/","url":"https:\/\/atreve.pl\/wp-content\/uploads\/2026\/03\/ATREVE-LOGO-CLAIM-POS-PANTONE7586-scaled.png","contentUrl":"https:\/\/atreve.pl\/wp-content\/uploads\/2026\/03\/ATREVE-LOGO-CLAIM-POS-PANTONE7586-scaled.png","width":2560,"height":894,"caption":"Atreve - usi\u0105d\u017a wygodnie, \u017cyj lepiej"},"image":{"@id":"https:\/\/atreve.pl\/en\/#\/schema\/logo\/image\/"}}]}},"_links":{"self":[{"href":"https:\/\/atreve.pl\/en\/wp-json\/wp\/v2\/product\/8754","targetHints":{"allow":["GET"]}}],"collection":[{"href":"https:\/\/atreve.pl\/en\/wp-json\/wp\/v2\/product"}],"about":[{"href":"https:\/\/atreve.pl\/en\/wp-json\/wp\/v2\/types\/product"}],"wp:featuredmedia":[{"embeddable":true,"href":"https:\/\/atreve.pl\/en\/wp-json\/wp\/v2\/media\/8755"}],"wp:attachment":[{"href":"https:\/\/atreve.pl\/en\/wp-json\/wp\/v2\/media?parent=8754"}],"wp:term":[{"taxonomy":"product_brand","embeddable":true,"href":"https:\/\/atreve.pl\/en\/wp-json\/wp\/v2\/product_brand?post=8754"},{"taxonomy":"product_cat","embeddable":true,"href":"https:\/\/atreve.pl\/en\/wp-json\/wp\/v2\/product_cat?post=8754"},{"taxonomy":"product_tag","embeddable":true,"href":"https:\/\/atreve.pl\/en\/wp-json\/wp\/v2\/product_tag?post=8754"}],"curies":[{"name":"wp","href":"https:\/\/api.w.org\/{rel}","templated":true}]}}