{"id":8760,"date":"2025-12-01T23:07:58","date_gmt":"2025-12-01T22:07:58","guid":{"rendered":"https:\/\/atreve.pl\/produkt\/krzeslo-obrotowe-tessa-wheels\/"},"modified":"2025-12-11T15:10:42","modified_gmt":"2025-12-11T14:10:42","slug":"krzeslo-obrotowe-tessa-wheels","status":"publish","type":"product","link":"https:\/\/atreve.pl\/en\/produkt\/krzeslo-obrotowe-tessa-wheels\/","title":{"rendered":"TESSA WHEELS Swivel Chair"},"content":{"rendered":"<p>AVAILABLE BASE FINISH<\/p>\n<p>ADDITIONAL INFORMATION:<\/p>\n<p>Seat material: HR foam<br \/>\nBase material: Powder-coated steel<br \/>\nBase functions: Swivel, castors<br \/>\nExtras:<br \/>\n__________________________________________________<\/p>\n<p>LOGISTIC DATA:<br \/>\nPackaging method: Furniture is packed in protective film and cardboard<br \/>\nFurniture for self-assembly: YES<br \/>\nMax. number of packed pieces per package: 1<br \/>\nNumber of packed pieces per pallet (80&#215;120): 2<br \/>\nPallet delivery cost: 180 PLN<\/p>\n<table>\n<tbody>\n<tr>\n<td colspan=\"6\">1 PIECE<\/td>\n<\/tr>\n<tr>\n<td>QTY CART.<\/td>\n<td>SIDE A<\/td>\n<td>SIDE B<\/td>\n<td>SIDE C<\/td>\n<td>WEIGHT<\/td>\n<td>VOL.<\/td>\n<\/tr>\n<tr>\n<td>CARTON #1<\/td>\n<td>72cm<\/td>\n<td>80cm<\/td>\n<td>100cm<\/td>\n<td>25kg<\/td>\n<td>0,195<\/td>\n<\/tr>\n<\/tbody>\n<\/table>\n","protected":false},"excerpt":{"rendered":"<p>TESSA Armchair<\/p>\n<p><b>Tessa<\/b> is an armchair characterized by exceptional comfort and elegant finish. Thanks<br \/>\nto its massive construction, it introduces an element of luxury and richness to the interior.<br \/>\nThe profiled, upholstered backrest perfectly supports the back, and the seat equipped<br \/>\nwith foam guarantees comfortable use for many hours. The metal, swivel<br \/>\nleg significantly increases the furniture&#8217;s functionality \u2013 daily activities become a pure<br \/>\npleasure!<br \/>\n<b><br \/>\nTESSA \u2013 what distinguishes it?<\/b><br \/>\n\u2022 Personalization &#8211; choice of ideal<br \/>\nfabric (color and structure)<br \/>\n\u2022<br \/>\nStylish design \u2013 the latest trends in your room<br \/>\n\u2022 Swivel base with wheels<br \/>\n<b><br \/>\nFor whom?<\/b><br \/>\n\u2022 For lovers of eye-catching<br \/>\narrangements<br \/>\n\u2022 For those looking for<br \/>\nbeautiful and practical furniture<br \/>\n\u2022 For people who value<br \/>\npersonalization options<br \/>\nThe chair in the illustrative photo was made in <b>Impala<\/b> fabric from Textaafoam (group 3).<br \/>\n<b><br \/>\nThe product enjoys great interest \u2013 order now!<\/b><\/p>\n","protected":false},"featured_media":8761,"template":"","meta":{"_acf_changed":false},"product_brand":[],"product_cat":[1253,1251,1250,880,881],"product_tag":[],"class_list":{"0":"post-8760","1":"product","2":"type-product","3":"status-publish","4":"has-post-thumbnail","6":"product_cat-nogi-metalowe","7":"product_cat-na-kolkach","8":"product_cat-obrotowe","9":"product_cat-swivel-chairs","10":"product_cat-living-room-chairs","11":"pa_ean-816","13":"first","14":"instock","15":"purchasable","16":"product-type-simple"},"acf":[],"yoast_head":"<!-- This site is optimized with the Yoast SEO plugin v27.4 - https:\/\/yoast.com\/product\/yoast-seo-wordpress\/ -->\n<title>TESSA WHEELS Swivel Chair - Atreve - usi\u0105d\u017a wygodnie, \u017cyj lepiej<\/title>\n<meta name=\"robots\" content=\"index, follow, max-snippet:-1, max-image-preview:large, max-video-preview:-1\" \/>\n<link rel=\"canonical\" href=\"https:\/\/atreve.pl\/en\/produkt\/krzeslo-obrotowe-tessa-wheels\/\" \/>\n<meta property=\"og:locale\" content=\"en_US\" \/>\n<meta property=\"og:type\" content=\"article\" \/>\n<meta property=\"og:title\" content=\"TESSA WHEELS Swivel Chair - Atreve - usi\u0105d\u017a wygodnie, \u017cyj lepiej\" \/>\n<meta property=\"og:description\" content=\"TESSA Armchair  Tessa is an armchair characterized by exceptional comfort and elegant finish. Thanks to its massive construction, it introduces an element of luxury and richness to the interior. The profiled, upholstered backrest perfectly supports the back, and the seat equipped with foam guarantees comfortable use for many hours. The metal, swivel leg significantly increases the furniture&#039;s functionality \u2013 daily activities become a pure pleasure!  TESSA \u2013 what distinguishes it? \u2022 Personalization - choice of ideal fabric (color and structure) \u2022 Stylish design \u2013 the latest trends in your room \u2022 Swivel base with wheels  For whom? \u2022 For lovers of eye-catching arrangements \u2022 For those looking for beautiful and practical furniture \u2022 For people who value personalization options The chair in the illustrative photo was made in Impala fabric from Textaafoam (group 3).  The product enjoys great interest \u2013 order now!\" \/>\n<meta property=\"og:url\" content=\"https:\/\/atreve.pl\/en\/produkt\/krzeslo-obrotowe-tessa-wheels\/\" \/>\n<meta property=\"og:site_name\" content=\"Atreve - usi\u0105d\u017a wygodnie, \u017cyj lepiej\" \/>\n<meta property=\"article:modified_time\" content=\"2025-12-11T14:10:42+00:00\" \/>\n<meta property=\"og:image\" content=\"https:\/\/atreve.pl\/wp-content\/uploads\/2025\/12\/tesschwhgr1xxxp_1-e1765462230413.jpg\" \/>\n\t<meta property=\"og:image:width\" content=\"1000\" \/>\n\t<meta property=\"og:image:height\" content=\"1000\" \/>\n\t<meta property=\"og:image:type\" content=\"image\/jpeg\" \/>\n<meta name=\"twitter:card\" content=\"summary_large_image\" \/>\n<meta name=\"twitter:label1\" content=\"Est. reading time\" \/>\n\t<meta name=\"twitter:data1\" content=\"1 minute\" \/>\n<script type=\"application\/ld+json\" class=\"yoast-schema-graph\">{\"@context\":\"https:\\\/\\\/schema.org\",\"@graph\":[{\"@type\":\"WebPage\",\"@id\":\"https:\\\/\\\/atreve.pl\\\/en\\\/produkt\\\/krzeslo-obrotowe-tessa-wheels\\\/\",\"url\":\"https:\\\/\\\/atreve.pl\\\/en\\\/produkt\\\/krzeslo-obrotowe-tessa-wheels\\\/\",\"name\":\"TESSA WHEELS Swivel Chair - Atreve - usi\u0105d\u017a wygodnie, \u017cyj lepiej\",\"isPartOf\":{\"@id\":\"https:\\\/\\\/atreve.pl\\\/en\\\/#website\"},\"primaryImageOfPage\":{\"@id\":\"https:\\\/\\\/atreve.pl\\\/en\\\/produkt\\\/krzeslo-obrotowe-tessa-wheels\\\/#primaryimage\"},\"image\":{\"@id\":\"https:\\\/\\\/atreve.pl\\\/en\\\/produkt\\\/krzeslo-obrotowe-tessa-wheels\\\/#primaryimage\"},\"thumbnailUrl\":\"https:\\\/\\\/atreve.pl\\\/wp-content\\\/uploads\\\/2025\\\/12\\\/tesschwhgr1xxxp_1-e1765462230413.jpg\",\"datePublished\":\"2025-12-01T22:07:58+00:00\",\"dateModified\":\"2025-12-11T14:10:42+00:00\",\"breadcrumb\":{\"@id\":\"https:\\\/\\\/atreve.pl\\\/en\\\/produkt\\\/krzeslo-obrotowe-tessa-wheels\\\/#breadcrumb\"},\"inLanguage\":\"en-US\",\"potentialAction\":[{\"@type\":\"ReadAction\",\"target\":[\"https:\\\/\\\/atreve.pl\\\/en\\\/produkt\\\/krzeslo-obrotowe-tessa-wheels\\\/\"]}]},{\"@type\":\"ImageObject\",\"inLanguage\":\"en-US\",\"@id\":\"https:\\\/\\\/atreve.pl\\\/en\\\/produkt\\\/krzeslo-obrotowe-tessa-wheels\\\/#primaryimage\",\"url\":\"https:\\\/\\\/atreve.pl\\\/wp-content\\\/uploads\\\/2025\\\/12\\\/tesschwhgr1xxxp_1-e1765462230413.jpg\",\"contentUrl\":\"https:\\\/\\\/atreve.pl\\\/wp-content\\\/uploads\\\/2025\\\/12\\\/tesschwhgr1xxxp_1-e1765462230413.jpg\",\"width\":1000,\"height\":1000},{\"@type\":\"BreadcrumbList\",\"@id\":\"https:\\\/\\\/atreve.pl\\\/en\\\/produkt\\\/krzeslo-obrotowe-tessa-wheels\\\/#breadcrumb\",\"itemListElement\":[{\"@type\":\"ListItem\",\"position\":1,\"name\":\"START\",\"item\":\"https:\\\/\\\/atreve.pl\\\/en\\\/\"},{\"@type\":\"ListItem\",\"position\":2,\"name\":\"Nogi metalowe\",\"item\":\"https:\\\/\\\/atreve.pl\\\/en\\\/produkty\\\/nogi-metalowe\\\/\"},{\"@type\":\"ListItem\",\"position\":3,\"name\":\"TESSA WHEELS Swivel Chair\"}]},{\"@type\":\"WebSite\",\"@id\":\"https:\\\/\\\/atreve.pl\\\/en\\\/#website\",\"url\":\"https:\\\/\\\/atreve.pl\\\/en\\\/\",\"name\":\"Atreve - usi\u0105d\u017a wygodnie, \u017cyj lepiej\",\"description\":\"Rzemios\u0142o i jako\u015b\u0107 w ka\u017cdym detalu. Jeste\u015bmy polskim producentem mebli. Tworzymy r\u0119cznie, stawiaj\u0105c na trwa\u0142o\u015b\u0107, precyzj\u0119 i autorskie wzornictwo, kt\u00f3rego nie znajdziesz w masowych sieci\u00f3wkach. To meble na lata.\",\"publisher\":{\"@id\":\"https:\\\/\\\/atreve.pl\\\/en\\\/#organization\"},\"potentialAction\":[{\"@type\":\"SearchAction\",\"target\":{\"@type\":\"EntryPoint\",\"urlTemplate\":\"https:\\\/\\\/atreve.pl\\\/en\\\/?s={search_term_string}\"},\"query-input\":{\"@type\":\"PropertyValueSpecification\",\"valueRequired\":true,\"valueName\":\"search_term_string\"}}],\"inLanguage\":\"en-US\"},{\"@type\":\"Organization\",\"@id\":\"https:\\\/\\\/atreve.pl\\\/en\\\/#organization\",\"name\":\"Atreve - usi\u0105d\u017a wygodnie, \u017cyj lepiej\",\"url\":\"https:\\\/\\\/atreve.pl\\\/en\\\/\",\"logo\":{\"@type\":\"ImageObject\",\"inLanguage\":\"en-US\",\"@id\":\"https:\\\/\\\/atreve.pl\\\/en\\\/#\\\/schema\\\/logo\\\/image\\\/\",\"url\":\"https:\\\/\\\/atreve.pl\\\/wp-content\\\/uploads\\\/2026\\\/03\\\/ATREVE-LOGO-CLAIM-POS-PANTONE7586-scaled.png\",\"contentUrl\":\"https:\\\/\\\/atreve.pl\\\/wp-content\\\/uploads\\\/2026\\\/03\\\/ATREVE-LOGO-CLAIM-POS-PANTONE7586-scaled.png\",\"width\":2560,\"height\":894,\"caption\":\"Atreve - usi\u0105d\u017a wygodnie, \u017cyj lepiej\"},\"image\":{\"@id\":\"https:\\\/\\\/atreve.pl\\\/en\\\/#\\\/schema\\\/logo\\\/image\\\/\"}}]}<\/script>\n<!-- \/ Yoast SEO plugin. -->","yoast_head_json":{"title":"TESSA WHEELS Swivel Chair - Atreve - usi\u0105d\u017a wygodnie, \u017cyj lepiej","robots":{"index":"index","follow":"follow","max-snippet":"max-snippet:-1","max-image-preview":"max-image-preview:large","max-video-preview":"max-video-preview:-1"},"canonical":"https:\/\/atreve.pl\/en\/produkt\/krzeslo-obrotowe-tessa-wheels\/","og_locale":"en_US","og_type":"article","og_title":"TESSA WHEELS Swivel Chair - Atreve - usi\u0105d\u017a wygodnie, \u017cyj lepiej","og_description":"TESSA Armchair  Tessa is an armchair characterized by exceptional comfort and elegant finish. Thanks to its massive construction, it introduces an element of luxury and richness to the interior. The profiled, upholstered backrest perfectly supports the back, and the seat equipped with foam guarantees comfortable use for many hours. The metal, swivel leg significantly increases the furniture's functionality \u2013 daily activities become a pure pleasure!  TESSA \u2013 what distinguishes it? \u2022 Personalization - choice of ideal fabric (color and structure) \u2022 Stylish design \u2013 the latest trends in your room \u2022 Swivel base with wheels  For whom? \u2022 For lovers of eye-catching arrangements \u2022 For those looking for beautiful and practical furniture \u2022 For people who value personalization options The chair in the illustrative photo was made in Impala fabric from Textaafoam (group 3).  The product enjoys great interest \u2013 order now!","og_url":"https:\/\/atreve.pl\/en\/produkt\/krzeslo-obrotowe-tessa-wheels\/","og_site_name":"Atreve - usi\u0105d\u017a wygodnie, \u017cyj lepiej","article_modified_time":"2025-12-11T14:10:42+00:00","og_image":[{"width":1000,"height":1000,"url":"https:\/\/atreve.pl\/wp-content\/uploads\/2025\/12\/tesschwhgr1xxxp_1-e1765462230413.jpg","type":"image\/jpeg"}],"twitter_card":"summary_large_image","twitter_misc":{"Est. reading time":"1 minute"},"schema":{"@context":"https:\/\/schema.org","@graph":[{"@type":"WebPage","@id":"https:\/\/atreve.pl\/en\/produkt\/krzeslo-obrotowe-tessa-wheels\/","url":"https:\/\/atreve.pl\/en\/produkt\/krzeslo-obrotowe-tessa-wheels\/","name":"TESSA WHEELS Swivel Chair - Atreve - usi\u0105d\u017a wygodnie, \u017cyj lepiej","isPartOf":{"@id":"https:\/\/atreve.pl\/en\/#website"},"primaryImageOfPage":{"@id":"https:\/\/atreve.pl\/en\/produkt\/krzeslo-obrotowe-tessa-wheels\/#primaryimage"},"image":{"@id":"https:\/\/atreve.pl\/en\/produkt\/krzeslo-obrotowe-tessa-wheels\/#primaryimage"},"thumbnailUrl":"https:\/\/atreve.pl\/wp-content\/uploads\/2025\/12\/tesschwhgr1xxxp_1-e1765462230413.jpg","datePublished":"2025-12-01T22:07:58+00:00","dateModified":"2025-12-11T14:10:42+00:00","breadcrumb":{"@id":"https:\/\/atreve.pl\/en\/produkt\/krzeslo-obrotowe-tessa-wheels\/#breadcrumb"},"inLanguage":"en-US","potentialAction":[{"@type":"ReadAction","target":["https:\/\/atreve.pl\/en\/produkt\/krzeslo-obrotowe-tessa-wheels\/"]}]},{"@type":"ImageObject","inLanguage":"en-US","@id":"https:\/\/atreve.pl\/en\/produkt\/krzeslo-obrotowe-tessa-wheels\/#primaryimage","url":"https:\/\/atreve.pl\/wp-content\/uploads\/2025\/12\/tesschwhgr1xxxp_1-e1765462230413.jpg","contentUrl":"https:\/\/atreve.pl\/wp-content\/uploads\/2025\/12\/tesschwhgr1xxxp_1-e1765462230413.jpg","width":1000,"height":1000},{"@type":"BreadcrumbList","@id":"https:\/\/atreve.pl\/en\/produkt\/krzeslo-obrotowe-tessa-wheels\/#breadcrumb","itemListElement":[{"@type":"ListItem","position":1,"name":"START","item":"https:\/\/atreve.pl\/en\/"},{"@type":"ListItem","position":2,"name":"Nogi metalowe","item":"https:\/\/atreve.pl\/en\/produkty\/nogi-metalowe\/"},{"@type":"ListItem","position":3,"name":"TESSA WHEELS Swivel Chair"}]},{"@type":"WebSite","@id":"https:\/\/atreve.pl\/en\/#website","url":"https:\/\/atreve.pl\/en\/","name":"Atreve - usi\u0105d\u017a wygodnie, \u017cyj lepiej","description":"Rzemios\u0142o i jako\u015b\u0107 w ka\u017cdym detalu. Jeste\u015bmy polskim producentem mebli. Tworzymy r\u0119cznie, stawiaj\u0105c na trwa\u0142o\u015b\u0107, precyzj\u0119 i autorskie wzornictwo, kt\u00f3rego nie znajdziesz w masowych sieci\u00f3wkach. To meble na lata.","publisher":{"@id":"https:\/\/atreve.pl\/en\/#organization"},"potentialAction":[{"@type":"SearchAction","target":{"@type":"EntryPoint","urlTemplate":"https:\/\/atreve.pl\/en\/?s={search_term_string}"},"query-input":{"@type":"PropertyValueSpecification","valueRequired":true,"valueName":"search_term_string"}}],"inLanguage":"en-US"},{"@type":"Organization","@id":"https:\/\/atreve.pl\/en\/#organization","name":"Atreve - usi\u0105d\u017a wygodnie, \u017cyj lepiej","url":"https:\/\/atreve.pl\/en\/","logo":{"@type":"ImageObject","inLanguage":"en-US","@id":"https:\/\/atreve.pl\/en\/#\/schema\/logo\/image\/","url":"https:\/\/atreve.pl\/wp-content\/uploads\/2026\/03\/ATREVE-LOGO-CLAIM-POS-PANTONE7586-scaled.png","contentUrl":"https:\/\/atreve.pl\/wp-content\/uploads\/2026\/03\/ATREVE-LOGO-CLAIM-POS-PANTONE7586-scaled.png","width":2560,"height":894,"caption":"Atreve - usi\u0105d\u017a wygodnie, \u017cyj lepiej"},"image":{"@id":"https:\/\/atreve.pl\/en\/#\/schema\/logo\/image\/"}}]}},"_links":{"self":[{"href":"https:\/\/atreve.pl\/en\/wp-json\/wp\/v2\/product\/8760","targetHints":{"allow":["GET"]}}],"collection":[{"href":"https:\/\/atreve.pl\/en\/wp-json\/wp\/v2\/product"}],"about":[{"href":"https:\/\/atreve.pl\/en\/wp-json\/wp\/v2\/types\/product"}],"wp:featuredmedia":[{"embeddable":true,"href":"https:\/\/atreve.pl\/en\/wp-json\/wp\/v2\/media\/8761"}],"wp:attachment":[{"href":"https:\/\/atreve.pl\/en\/wp-json\/wp\/v2\/media?parent=8760"}],"wp:term":[{"taxonomy":"product_brand","embeddable":true,"href":"https:\/\/atreve.pl\/en\/wp-json\/wp\/v2\/product_brand?post=8760"},{"taxonomy":"product_cat","embeddable":true,"href":"https:\/\/atreve.pl\/en\/wp-json\/wp\/v2\/product_cat?post=8760"},{"taxonomy":"product_tag","embeddable":true,"href":"https:\/\/atreve.pl\/en\/wp-json\/wp\/v2\/product_tag?post=8760"}],"curies":[{"name":"wp","href":"https:\/\/api.w.org\/{rel}","templated":true}]}}