{"id":8793,"date":"2025-12-01T23:07:58","date_gmt":"2025-12-01T22:07:58","guid":{"rendered":"https:\/\/atreve.pl\/produkt\/krzeslo-obrotowe-seni-supreme\/"},"modified":"2025-12-11T15:02:22","modified_gmt":"2025-12-11T14:02:22","slug":"krzeslo-obrotowe-seni-supreme","status":"publish","type":"product","link":"https:\/\/atreve.pl\/en\/produkt\/krzeslo-obrotowe-seni-supreme\/","title":{"rendered":"SENI SUPREME Swivel Chair"},"content":{"rendered":"<p>AVAILABLE BASE COLORS:<br \/>\n-black<br \/>\n-bronze gold<br \/>\n-beige (RAL 9001)<br \/>\n__________________________________________________<\/p>\n<p>ADDITIONAL INFORMATION:<\/p>\n<p>Seat material:\u00a0Foam,\u00a0Pocket\u00a0Spring,<br \/>\nBase material:\u00a0Metal<br \/>\nBase functions: 360 Swivel<br \/>\nExtras:<br \/>\n__________________________________________________<\/p>\n<p>LOGISTIC DATA:<br \/>\nPackaging method: Furniture is packed in protective film and cardboard<br \/>\nFurniture for self-assembly: Yes<br \/>\nMax. number of pieces packed per parcel:\u00a0&#8211;<br \/>\nNumber of pieces packed per pallet (80&#215;120) :\u00a0&#8211;<\/p>\n<table>\n<tbody>\n<tr>\n<td colspan=\"6\">1 PIECE<\/td>\n<\/tr>\n<tr>\n<td>CARTON QTY.<\/td>\n<td>SIDE A<\/td>\n<td>SIDE B<\/td>\n<td>SIDE C<\/td>\n<td>WEIGHT<\/td>\n<td>VOL.<\/td>\n<\/tr>\n<tr>\n<td>CARTON #1<\/td>\n<td>70<\/td>\n<td>60<\/td>\n<td>51<\/td>\n<td>&#8211;<\/td>\n<td>&#8211;<\/td>\n<\/tr>\n<\/tbody>\n<\/table>\n","protected":false},"excerpt":{"rendered":"<p>SENI SUPREME Chair<\/p>\n<p><b>SENI\u00a0<\/b>is a model combining elegance and<br \/>\nfunctionality. Thanks to its universal design, it will easily fit<br \/>\ninto interiors such as dining rooms, living rooms, bedrooms, or conference rooms,<br \/>\nintroducing a touch of exclusivity.<br \/>\nThe comfortable backrest provides optimal support for the back. Armrests<br \/>\nallow for comfortable forearm support, and the seat with pocket spring<br \/>\ntechnology guarantees the highest comfort of use.<br \/>\n<b>What distinguishes it?<br \/>\n<\/b>\u2022<br \/>\nPersonalization &#8211; choice of the ideal fabric (color and texture) and color of the swivel legs<br \/>\n\u2022<br \/>\nBucket backrest\u00a0 \u2013 originality and functionality<br \/>\n\u2022<br \/>\nSupreme seating \u2013 individual adaptation to the user&#8217;s body<br \/>\n<b>SENI \u2013 for whom?<br \/>\n<\/b>\u2022<br \/>\nFor people who value comfort and good looks<br \/>\n\u2022<br \/>\nFor anyone looking for furniture with personalization options<br \/>\n\u2022<br \/>\nFor lovers of minimalist and elegant arrangements<\/p>\n<p><b>The product enjoys great interest \u2013 order today!<\/b><\/p>\n","protected":false},"featured_media":8794,"template":"","meta":{"_acf_changed":false},"product_brand":[],"product_cat":[1253,1250,880,881],"product_tag":[],"class_list":{"0":"post-8793","1":"product","2":"type-product","3":"status-publish","4":"has-post-thumbnail","6":"product_cat-nogi-metalowe","7":"product_cat-obrotowe","8":"product_cat-swivel-chairs","9":"product_cat-living-room-chairs","10":"pa_ean-840","12":"first","13":"instock","14":"purchasable","15":"product-type-simple"},"acf":[],"yoast_head":"<!-- This site is optimized with the Yoast SEO plugin v27.4 - https:\/\/yoast.com\/product\/yoast-seo-wordpress\/ -->\n<title>SENI SUPREME Swivel Chair - Atreve - usi\u0105d\u017a wygodnie, \u017cyj lepiej<\/title>\n<meta name=\"robots\" content=\"index, follow, max-snippet:-1, max-image-preview:large, max-video-preview:-1\" \/>\n<link rel=\"canonical\" href=\"https:\/\/atreve.pl\/en\/produkt\/krzeslo-obrotowe-seni-supreme\/\" \/>\n<meta property=\"og:locale\" content=\"en_US\" \/>\n<meta property=\"og:type\" content=\"article\" \/>\n<meta property=\"og:title\" content=\"SENI SUPREME Swivel Chair - Atreve - usi\u0105d\u017a wygodnie, \u017cyj lepiej\" \/>\n<meta property=\"og:description\" content=\"SENI SUPREME Chair  SENI\u00a0is a model combining elegance and functionality. Thanks to its universal design, it will easily fit into interiors such as dining rooms, living rooms, bedrooms, or conference rooms, introducing a touch of exclusivity. The comfortable backrest provides optimal support for the back. Armrests allow for comfortable forearm support, and the seat with pocket spring technology guarantees the highest comfort of use. What distinguishes it? \u2022 Personalization - choice of the ideal fabric (color and texture) and color of the swivel legs \u2022 Bucket backrest\u00a0 \u2013 originality and functionality \u2022 Supreme seating \u2013 individual adaptation to the user&#039;s body SENI \u2013 for whom? \u2022 For people who value comfort and good looks \u2022 For anyone looking for furniture with personalization options \u2022 For lovers of minimalist and elegant arrangements  The product enjoys great interest \u2013 order today!\" \/>\n<meta property=\"og:url\" content=\"https:\/\/atreve.pl\/en\/produkt\/krzeslo-obrotowe-seni-supreme\/\" \/>\n<meta property=\"og:site_name\" content=\"Atreve - usi\u0105d\u017a wygodnie, \u017cyj lepiej\" \/>\n<meta property=\"article:modified_time\" content=\"2025-12-11T14:02:22+00:00\" \/>\n<meta property=\"og:image\" content=\"https:\/\/atreve.pl\/wp-content\/uploads\/2025\/12\/senitwsugr1xxxp_1-e1765461730576.jpg\" \/>\n\t<meta property=\"og:image:width\" content=\"1000\" \/>\n\t<meta property=\"og:image:height\" content=\"1000\" \/>\n\t<meta property=\"og:image:type\" content=\"image\/jpeg\" \/>\n<meta name=\"twitter:card\" content=\"summary_large_image\" \/>\n<meta name=\"twitter:label1\" content=\"Est. reading time\" \/>\n\t<meta name=\"twitter:data1\" content=\"1 minute\" \/>\n<script type=\"application\/ld+json\" class=\"yoast-schema-graph\">{\"@context\":\"https:\\\/\\\/schema.org\",\"@graph\":[{\"@type\":\"WebPage\",\"@id\":\"https:\\\/\\\/atreve.pl\\\/en\\\/produkt\\\/krzeslo-obrotowe-seni-supreme\\\/\",\"url\":\"https:\\\/\\\/atreve.pl\\\/en\\\/produkt\\\/krzeslo-obrotowe-seni-supreme\\\/\",\"name\":\"SENI SUPREME Swivel Chair - Atreve - usi\u0105d\u017a wygodnie, \u017cyj lepiej\",\"isPartOf\":{\"@id\":\"https:\\\/\\\/atreve.pl\\\/en\\\/#website\"},\"primaryImageOfPage\":{\"@id\":\"https:\\\/\\\/atreve.pl\\\/en\\\/produkt\\\/krzeslo-obrotowe-seni-supreme\\\/#primaryimage\"},\"image\":{\"@id\":\"https:\\\/\\\/atreve.pl\\\/en\\\/produkt\\\/krzeslo-obrotowe-seni-supreme\\\/#primaryimage\"},\"thumbnailUrl\":\"https:\\\/\\\/atreve.pl\\\/wp-content\\\/uploads\\\/2025\\\/12\\\/senitwsugr1xxxp_1-e1765461730576.jpg\",\"datePublished\":\"2025-12-01T22:07:58+00:00\",\"dateModified\":\"2025-12-11T14:02:22+00:00\",\"breadcrumb\":{\"@id\":\"https:\\\/\\\/atreve.pl\\\/en\\\/produkt\\\/krzeslo-obrotowe-seni-supreme\\\/#breadcrumb\"},\"inLanguage\":\"en-US\",\"potentialAction\":[{\"@type\":\"ReadAction\",\"target\":[\"https:\\\/\\\/atreve.pl\\\/en\\\/produkt\\\/krzeslo-obrotowe-seni-supreme\\\/\"]}]},{\"@type\":\"ImageObject\",\"inLanguage\":\"en-US\",\"@id\":\"https:\\\/\\\/atreve.pl\\\/en\\\/produkt\\\/krzeslo-obrotowe-seni-supreme\\\/#primaryimage\",\"url\":\"https:\\\/\\\/atreve.pl\\\/wp-content\\\/uploads\\\/2025\\\/12\\\/senitwsugr1xxxp_1-e1765461730576.jpg\",\"contentUrl\":\"https:\\\/\\\/atreve.pl\\\/wp-content\\\/uploads\\\/2025\\\/12\\\/senitwsugr1xxxp_1-e1765461730576.jpg\",\"width\":1000,\"height\":1000},{\"@type\":\"BreadcrumbList\",\"@id\":\"https:\\\/\\\/atreve.pl\\\/en\\\/produkt\\\/krzeslo-obrotowe-seni-supreme\\\/#breadcrumb\",\"itemListElement\":[{\"@type\":\"ListItem\",\"position\":1,\"name\":\"START\",\"item\":\"https:\\\/\\\/atreve.pl\\\/en\\\/\"},{\"@type\":\"ListItem\",\"position\":2,\"name\":\"Nogi metalowe\",\"item\":\"https:\\\/\\\/atreve.pl\\\/en\\\/produkty\\\/nogi-metalowe\\\/\"},{\"@type\":\"ListItem\",\"position\":3,\"name\":\"SENI SUPREME Swivel Chair\"}]},{\"@type\":\"WebSite\",\"@id\":\"https:\\\/\\\/atreve.pl\\\/en\\\/#website\",\"url\":\"https:\\\/\\\/atreve.pl\\\/en\\\/\",\"name\":\"Atreve - usi\u0105d\u017a wygodnie, \u017cyj lepiej\",\"description\":\"Rzemios\u0142o i jako\u015b\u0107 w ka\u017cdym detalu. Jeste\u015bmy polskim producentem mebli. Tworzymy r\u0119cznie, stawiaj\u0105c na trwa\u0142o\u015b\u0107, precyzj\u0119 i autorskie wzornictwo, kt\u00f3rego nie znajdziesz w masowych sieci\u00f3wkach. To meble na lata.\",\"publisher\":{\"@id\":\"https:\\\/\\\/atreve.pl\\\/en\\\/#organization\"},\"potentialAction\":[{\"@type\":\"SearchAction\",\"target\":{\"@type\":\"EntryPoint\",\"urlTemplate\":\"https:\\\/\\\/atreve.pl\\\/en\\\/?s={search_term_string}\"},\"query-input\":{\"@type\":\"PropertyValueSpecification\",\"valueRequired\":true,\"valueName\":\"search_term_string\"}}],\"inLanguage\":\"en-US\"},{\"@type\":\"Organization\",\"@id\":\"https:\\\/\\\/atreve.pl\\\/en\\\/#organization\",\"name\":\"Atreve - usi\u0105d\u017a wygodnie, \u017cyj lepiej\",\"url\":\"https:\\\/\\\/atreve.pl\\\/en\\\/\",\"logo\":{\"@type\":\"ImageObject\",\"inLanguage\":\"en-US\",\"@id\":\"https:\\\/\\\/atreve.pl\\\/en\\\/#\\\/schema\\\/logo\\\/image\\\/\",\"url\":\"https:\\\/\\\/atreve.pl\\\/wp-content\\\/uploads\\\/2026\\\/03\\\/ATREVE-LOGO-CLAIM-POS-PANTONE7586-scaled.png\",\"contentUrl\":\"https:\\\/\\\/atreve.pl\\\/wp-content\\\/uploads\\\/2026\\\/03\\\/ATREVE-LOGO-CLAIM-POS-PANTONE7586-scaled.png\",\"width\":2560,\"height\":894,\"caption\":\"Atreve - usi\u0105d\u017a wygodnie, \u017cyj lepiej\"},\"image\":{\"@id\":\"https:\\\/\\\/atreve.pl\\\/en\\\/#\\\/schema\\\/logo\\\/image\\\/\"}}]}<\/script>\n<!-- \/ Yoast SEO plugin. -->","yoast_head_json":{"title":"SENI SUPREME Swivel Chair - Atreve - usi\u0105d\u017a wygodnie, \u017cyj lepiej","robots":{"index":"index","follow":"follow","max-snippet":"max-snippet:-1","max-image-preview":"max-image-preview:large","max-video-preview":"max-video-preview:-1"},"canonical":"https:\/\/atreve.pl\/en\/produkt\/krzeslo-obrotowe-seni-supreme\/","og_locale":"en_US","og_type":"article","og_title":"SENI SUPREME Swivel Chair - Atreve - usi\u0105d\u017a wygodnie, \u017cyj lepiej","og_description":"SENI SUPREME Chair  SENI\u00a0is a model combining elegance and functionality. Thanks to its universal design, it will easily fit into interiors such as dining rooms, living rooms, bedrooms, or conference rooms, introducing a touch of exclusivity. The comfortable backrest provides optimal support for the back. Armrests allow for comfortable forearm support, and the seat with pocket spring technology guarantees the highest comfort of use. What distinguishes it? \u2022 Personalization - choice of the ideal fabric (color and texture) and color of the swivel legs \u2022 Bucket backrest\u00a0 \u2013 originality and functionality \u2022 Supreme seating \u2013 individual adaptation to the user's body SENI \u2013 for whom? \u2022 For people who value comfort and good looks \u2022 For anyone looking for furniture with personalization options \u2022 For lovers of minimalist and elegant arrangements  The product enjoys great interest \u2013 order today!","og_url":"https:\/\/atreve.pl\/en\/produkt\/krzeslo-obrotowe-seni-supreme\/","og_site_name":"Atreve - usi\u0105d\u017a wygodnie, \u017cyj lepiej","article_modified_time":"2025-12-11T14:02:22+00:00","og_image":[{"width":1000,"height":1000,"url":"https:\/\/atreve.pl\/wp-content\/uploads\/2025\/12\/senitwsugr1xxxp_1-e1765461730576.jpg","type":"image\/jpeg"}],"twitter_card":"summary_large_image","twitter_misc":{"Est. reading time":"1 minute"},"schema":{"@context":"https:\/\/schema.org","@graph":[{"@type":"WebPage","@id":"https:\/\/atreve.pl\/en\/produkt\/krzeslo-obrotowe-seni-supreme\/","url":"https:\/\/atreve.pl\/en\/produkt\/krzeslo-obrotowe-seni-supreme\/","name":"SENI SUPREME Swivel Chair - Atreve - usi\u0105d\u017a wygodnie, \u017cyj lepiej","isPartOf":{"@id":"https:\/\/atreve.pl\/en\/#website"},"primaryImageOfPage":{"@id":"https:\/\/atreve.pl\/en\/produkt\/krzeslo-obrotowe-seni-supreme\/#primaryimage"},"image":{"@id":"https:\/\/atreve.pl\/en\/produkt\/krzeslo-obrotowe-seni-supreme\/#primaryimage"},"thumbnailUrl":"https:\/\/atreve.pl\/wp-content\/uploads\/2025\/12\/senitwsugr1xxxp_1-e1765461730576.jpg","datePublished":"2025-12-01T22:07:58+00:00","dateModified":"2025-12-11T14:02:22+00:00","breadcrumb":{"@id":"https:\/\/atreve.pl\/en\/produkt\/krzeslo-obrotowe-seni-supreme\/#breadcrumb"},"inLanguage":"en-US","potentialAction":[{"@type":"ReadAction","target":["https:\/\/atreve.pl\/en\/produkt\/krzeslo-obrotowe-seni-supreme\/"]}]},{"@type":"ImageObject","inLanguage":"en-US","@id":"https:\/\/atreve.pl\/en\/produkt\/krzeslo-obrotowe-seni-supreme\/#primaryimage","url":"https:\/\/atreve.pl\/wp-content\/uploads\/2025\/12\/senitwsugr1xxxp_1-e1765461730576.jpg","contentUrl":"https:\/\/atreve.pl\/wp-content\/uploads\/2025\/12\/senitwsugr1xxxp_1-e1765461730576.jpg","width":1000,"height":1000},{"@type":"BreadcrumbList","@id":"https:\/\/atreve.pl\/en\/produkt\/krzeslo-obrotowe-seni-supreme\/#breadcrumb","itemListElement":[{"@type":"ListItem","position":1,"name":"START","item":"https:\/\/atreve.pl\/en\/"},{"@type":"ListItem","position":2,"name":"Nogi metalowe","item":"https:\/\/atreve.pl\/en\/produkty\/nogi-metalowe\/"},{"@type":"ListItem","position":3,"name":"SENI SUPREME Swivel Chair"}]},{"@type":"WebSite","@id":"https:\/\/atreve.pl\/en\/#website","url":"https:\/\/atreve.pl\/en\/","name":"Atreve - usi\u0105d\u017a wygodnie, \u017cyj lepiej","description":"Rzemios\u0142o i jako\u015b\u0107 w ka\u017cdym detalu. Jeste\u015bmy polskim producentem mebli. Tworzymy r\u0119cznie, stawiaj\u0105c na trwa\u0142o\u015b\u0107, precyzj\u0119 i autorskie wzornictwo, kt\u00f3rego nie znajdziesz w masowych sieci\u00f3wkach. To meble na lata.","publisher":{"@id":"https:\/\/atreve.pl\/en\/#organization"},"potentialAction":[{"@type":"SearchAction","target":{"@type":"EntryPoint","urlTemplate":"https:\/\/atreve.pl\/en\/?s={search_term_string}"},"query-input":{"@type":"PropertyValueSpecification","valueRequired":true,"valueName":"search_term_string"}}],"inLanguage":"en-US"},{"@type":"Organization","@id":"https:\/\/atreve.pl\/en\/#organization","name":"Atreve - usi\u0105d\u017a wygodnie, \u017cyj lepiej","url":"https:\/\/atreve.pl\/en\/","logo":{"@type":"ImageObject","inLanguage":"en-US","@id":"https:\/\/atreve.pl\/en\/#\/schema\/logo\/image\/","url":"https:\/\/atreve.pl\/wp-content\/uploads\/2026\/03\/ATREVE-LOGO-CLAIM-POS-PANTONE7586-scaled.png","contentUrl":"https:\/\/atreve.pl\/wp-content\/uploads\/2026\/03\/ATREVE-LOGO-CLAIM-POS-PANTONE7586-scaled.png","width":2560,"height":894,"caption":"Atreve - usi\u0105d\u017a wygodnie, \u017cyj lepiej"},"image":{"@id":"https:\/\/atreve.pl\/en\/#\/schema\/logo\/image\/"}}]}},"_links":{"self":[{"href":"https:\/\/atreve.pl\/en\/wp-json\/wp\/v2\/product\/8793","targetHints":{"allow":["GET"]}}],"collection":[{"href":"https:\/\/atreve.pl\/en\/wp-json\/wp\/v2\/product"}],"about":[{"href":"https:\/\/atreve.pl\/en\/wp-json\/wp\/v2\/types\/product"}],"wp:featuredmedia":[{"embeddable":true,"href":"https:\/\/atreve.pl\/en\/wp-json\/wp\/v2\/media\/8794"}],"wp:attachment":[{"href":"https:\/\/atreve.pl\/en\/wp-json\/wp\/v2\/media?parent=8793"}],"wp:term":[{"taxonomy":"product_brand","embeddable":true,"href":"https:\/\/atreve.pl\/en\/wp-json\/wp\/v2\/product_brand?post=8793"},{"taxonomy":"product_cat","embeddable":true,"href":"https:\/\/atreve.pl\/en\/wp-json\/wp\/v2\/product_cat?post=8793"},{"taxonomy":"product_tag","embeddable":true,"href":"https:\/\/atreve.pl\/en\/wp-json\/wp\/v2\/product_tag?post=8793"}],"curies":[{"name":"wp","href":"https:\/\/api.w.org\/{rel}","templated":true}]}}