{"id":8832,"date":"2025-12-01T23:07:36","date_gmt":"2025-12-01T22:07:36","guid":{"rendered":"https:\/\/atreve.pl\/produkt\/hoker-obrotowy-ines-supreme-cross\/"},"modified":"2025-12-15T12:07:51","modified_gmt":"2025-12-15T11:07:51","slug":"hoker-obrotowy-ines-supreme-cross","status":"publish","type":"product","link":"https:\/\/atreve.pl\/en\/product\/hoker-obrotowy-ines-supreme-cross\/","title":{"rendered":"Swivel bar stool INES SUPREME CROSS"},"content":{"rendered":"<p>AVAILABLE BASE COLOR OPTIONS:<\/p>\n<p>__________________________________________________<\/p>\n<p>ADDITIONAL INFORMATION:<\/p>\n<p>Seat material:\u00a0Foam, pocket spring<br \/>\nBase material:\u00a0Metal<br \/>\nBase functions:\u00a0Swivel<br \/>\nAdditional features:<br \/>\n__________________________________________________<\/p>\n<p>LOGISTIC DATA:<br \/>\nPackaging method: Furniture is packed in protective film and cardboard<br \/>\nFurniture for self-assembly:\u00a0YES<br \/>\nMax. number of packed pieces in a package:\u00a01<br \/>\nNumber of packed pieces per pallet (80&#215;120) :\u00a08<\/p>\n","protected":false},"excerpt":{"rendered":"<p>INES Supreme Pump: Style, Comfort, and Functionality in One<\/p>\n<p><b>INES Supreme<br \/>\nCross Pump<\/b> is a bar stool, designed with attention to every detail. Its subtle yet<br \/>\nelegant design makes it suitable for any interior.<br \/>\nThe contoured backrest fully supports the back, and the seat equipped with pocket<br \/>\nsprings, which individually adapt to the user&#8217;s body shape,<br \/>\nprovides incomparable comfort. The metal cross pump leg has an adjustment option,<br \/>\nsignificantly increasing the furniture&#8217;s functionality.<br \/>\n<b><br \/>\nWhat makes it stand out?<\/b><br \/>\n\u2022<br \/>\nPersonalization &#8211; choice of the ideal fabric (color and texture) and leg finish<br \/>\n\u2022<br \/>\nMinimalist look \u2013 lightness and decoration for your interior<br \/>\n\u2022 Swivel base<br \/>\n<b><br \/>\nINES Supreme Cross Pump \u2013 for whom?<\/b><br \/>\n\u2022<br \/>\nFor people looking for beautiful and functional bar stools<br \/>\n\u2022 For<br \/>\nenthusiasts of elegant solutions<br \/>\n\u2022<br \/>\nFor anyone who values personalization options<br \/>\n<b><br \/>\nThe product enjoys great interest \u2013 order now!<\/b><\/p>\n","protected":false},"featured_media":8833,"template":"","meta":{"_acf_changed":false},"product_brand":[],"product_cat":[879],"product_tag":[],"class_list":{"0":"post-8832","1":"product","2":"type-product","3":"status-publish","4":"has-post-thumbnail","6":"product_cat-kitchen-island-stools","7":"pa_ean-809","9":"first","10":"instock","11":"purchasable","12":"product-type-simple"},"acf":[],"yoast_head":"<!-- This site is optimized with the Yoast SEO plugin v27.4 - https:\/\/yoast.com\/product\/yoast-seo-wordpress\/ -->\n<title>Swivel bar stool INES SUPREME CROSS - Atreve - usi\u0105d\u017a wygodnie, \u017cyj lepiej<\/title>\n<meta name=\"robots\" content=\"index, follow, max-snippet:-1, max-image-preview:large, max-video-preview:-1\" \/>\n<link rel=\"canonical\" href=\"https:\/\/atreve.pl\/en\/product\/hoker-obrotowy-ines-supreme-cross\/\" \/>\n<meta property=\"og:locale\" content=\"en_US\" \/>\n<meta property=\"og:type\" content=\"article\" \/>\n<meta property=\"og:title\" content=\"Swivel bar stool INES SUPREME CROSS - Atreve - usi\u0105d\u017a wygodnie, \u017cyj lepiej\" \/>\n<meta property=\"og:description\" content=\"INES Supreme Pump: Style, Comfort, and Functionality in One  INES Supreme Cross Pump is a bar stool, designed with attention to every detail. Its subtle yet elegant design makes it suitable for any interior. The contoured backrest fully supports the back, and the seat equipped with pocket springs, which individually adapt to the user&#039;s body shape, provides incomparable comfort. The metal cross pump leg has an adjustment option, significantly increasing the furniture&#039;s functionality.  What makes it stand out? \u2022 Personalization - choice of the ideal fabric (color and texture) and leg finish \u2022 Minimalist look \u2013 lightness and decoration for your interior \u2022 Swivel base  INES Supreme Cross Pump \u2013 for whom? \u2022 For people looking for beautiful and functional bar stools \u2022 For enthusiasts of elegant solutions \u2022 For anyone who values personalization options  The product enjoys great interest \u2013 order now!\" \/>\n<meta property=\"og:url\" content=\"https:\/\/atreve.pl\/en\/product\/hoker-obrotowy-ines-supreme-cross\/\" \/>\n<meta property=\"og:site_name\" content=\"Atreve - usi\u0105d\u017a wygodnie, \u017cyj lepiej\" \/>\n<meta property=\"article:modified_time\" content=\"2025-12-15T11:07:51+00:00\" \/>\n<meta property=\"og:image\" content=\"https:\/\/atreve.pl\/wp-content\/uploads\/2025\/12\/inescrsugr1xxxp_1-e1765796861358.jpg\" \/>\n\t<meta property=\"og:image:width\" content=\"1000\" \/>\n\t<meta property=\"og:image:height\" content=\"1000\" \/>\n\t<meta property=\"og:image:type\" content=\"image\/jpeg\" \/>\n<meta name=\"twitter:card\" content=\"summary_large_image\" \/>\n<meta name=\"twitter:label1\" content=\"Est. reading time\" \/>\n\t<meta name=\"twitter:data1\" content=\"1 minute\" \/>\n<script type=\"application\/ld+json\" class=\"yoast-schema-graph\">{\"@context\":\"https:\\\/\\\/schema.org\",\"@graph\":[{\"@type\":\"WebPage\",\"@id\":\"https:\\\/\\\/atreve.pl\\\/en\\\/product\\\/hoker-obrotowy-ines-supreme-cross\\\/\",\"url\":\"https:\\\/\\\/atreve.pl\\\/en\\\/product\\\/hoker-obrotowy-ines-supreme-cross\\\/\",\"name\":\"Swivel bar stool INES SUPREME CROSS - Atreve - usi\u0105d\u017a wygodnie, \u017cyj lepiej\",\"isPartOf\":{\"@id\":\"https:\\\/\\\/atreve.pl\\\/en\\\/#website\"},\"primaryImageOfPage\":{\"@id\":\"https:\\\/\\\/atreve.pl\\\/en\\\/product\\\/hoker-obrotowy-ines-supreme-cross\\\/#primaryimage\"},\"image\":{\"@id\":\"https:\\\/\\\/atreve.pl\\\/en\\\/product\\\/hoker-obrotowy-ines-supreme-cross\\\/#primaryimage\"},\"thumbnailUrl\":\"https:\\\/\\\/atreve.pl\\\/wp-content\\\/uploads\\\/2025\\\/12\\\/inescrsugr1xxxp_1-e1765796861358.jpg\",\"datePublished\":\"2025-12-01T22:07:36+00:00\",\"dateModified\":\"2025-12-15T11:07:51+00:00\",\"breadcrumb\":{\"@id\":\"https:\\\/\\\/atreve.pl\\\/en\\\/product\\\/hoker-obrotowy-ines-supreme-cross\\\/#breadcrumb\"},\"inLanguage\":\"en-US\",\"potentialAction\":[{\"@type\":\"ReadAction\",\"target\":[\"https:\\\/\\\/atreve.pl\\\/en\\\/product\\\/hoker-obrotowy-ines-supreme-cross\\\/\"]}]},{\"@type\":\"ImageObject\",\"inLanguage\":\"en-US\",\"@id\":\"https:\\\/\\\/atreve.pl\\\/en\\\/product\\\/hoker-obrotowy-ines-supreme-cross\\\/#primaryimage\",\"url\":\"https:\\\/\\\/atreve.pl\\\/wp-content\\\/uploads\\\/2025\\\/12\\\/inescrsugr1xxxp_1-e1765796861358.jpg\",\"contentUrl\":\"https:\\\/\\\/atreve.pl\\\/wp-content\\\/uploads\\\/2025\\\/12\\\/inescrsugr1xxxp_1-e1765796861358.jpg\",\"width\":1000,\"height\":1000},{\"@type\":\"BreadcrumbList\",\"@id\":\"https:\\\/\\\/atreve.pl\\\/en\\\/product\\\/hoker-obrotowy-ines-supreme-cross\\\/#breadcrumb\",\"itemListElement\":[{\"@type\":\"ListItem\",\"position\":1,\"name\":\"START\",\"item\":\"https:\\\/\\\/atreve.pl\\\/en\\\/\"},{\"@type\":\"ListItem\",\"position\":2,\"name\":\"Bar Stools\",\"item\":\"https:\\\/\\\/atreve.pl\\\/en\\\/produkty\\\/kitchen-island-stools\\\/\"},{\"@type\":\"ListItem\",\"position\":3,\"name\":\"Swivel bar stool INES SUPREME CROSS\"}]},{\"@type\":\"WebSite\",\"@id\":\"https:\\\/\\\/atreve.pl\\\/en\\\/#website\",\"url\":\"https:\\\/\\\/atreve.pl\\\/en\\\/\",\"name\":\"Atreve - usi\u0105d\u017a wygodnie, \u017cyj lepiej\",\"description\":\"Rzemios\u0142o i jako\u015b\u0107 w ka\u017cdym detalu. Jeste\u015bmy polskim producentem mebli. Tworzymy r\u0119cznie, stawiaj\u0105c na trwa\u0142o\u015b\u0107, precyzj\u0119 i autorskie wzornictwo, kt\u00f3rego nie znajdziesz w masowych sieci\u00f3wkach. To meble na lata.\",\"publisher\":{\"@id\":\"https:\\\/\\\/atreve.pl\\\/en\\\/#organization\"},\"potentialAction\":[{\"@type\":\"SearchAction\",\"target\":{\"@type\":\"EntryPoint\",\"urlTemplate\":\"https:\\\/\\\/atreve.pl\\\/en\\\/?s={search_term_string}\"},\"query-input\":{\"@type\":\"PropertyValueSpecification\",\"valueRequired\":true,\"valueName\":\"search_term_string\"}}],\"inLanguage\":\"en-US\"},{\"@type\":\"Organization\",\"@id\":\"https:\\\/\\\/atreve.pl\\\/en\\\/#organization\",\"name\":\"Atreve - usi\u0105d\u017a wygodnie, \u017cyj lepiej\",\"url\":\"https:\\\/\\\/atreve.pl\\\/en\\\/\",\"logo\":{\"@type\":\"ImageObject\",\"inLanguage\":\"en-US\",\"@id\":\"https:\\\/\\\/atreve.pl\\\/en\\\/#\\\/schema\\\/logo\\\/image\\\/\",\"url\":\"https:\\\/\\\/atreve.pl\\\/wp-content\\\/uploads\\\/2026\\\/03\\\/ATREVE-LOGO-CLAIM-POS-PANTONE7586-scaled.png\",\"contentUrl\":\"https:\\\/\\\/atreve.pl\\\/wp-content\\\/uploads\\\/2026\\\/03\\\/ATREVE-LOGO-CLAIM-POS-PANTONE7586-scaled.png\",\"width\":2560,\"height\":894,\"caption\":\"Atreve - usi\u0105d\u017a wygodnie, \u017cyj lepiej\"},\"image\":{\"@id\":\"https:\\\/\\\/atreve.pl\\\/en\\\/#\\\/schema\\\/logo\\\/image\\\/\"}}]}<\/script>\n<!-- \/ Yoast SEO plugin. -->","yoast_head_json":{"title":"Swivel bar stool INES SUPREME CROSS - Atreve - usi\u0105d\u017a wygodnie, \u017cyj lepiej","robots":{"index":"index","follow":"follow","max-snippet":"max-snippet:-1","max-image-preview":"max-image-preview:large","max-video-preview":"max-video-preview:-1"},"canonical":"https:\/\/atreve.pl\/en\/product\/hoker-obrotowy-ines-supreme-cross\/","og_locale":"en_US","og_type":"article","og_title":"Swivel bar stool INES SUPREME CROSS - Atreve - usi\u0105d\u017a wygodnie, \u017cyj lepiej","og_description":"INES Supreme Pump: Style, Comfort, and Functionality in One  INES Supreme Cross Pump is a bar stool, designed with attention to every detail. Its subtle yet elegant design makes it suitable for any interior. The contoured backrest fully supports the back, and the seat equipped with pocket springs, which individually adapt to the user's body shape, provides incomparable comfort. The metal cross pump leg has an adjustment option, significantly increasing the furniture's functionality.  What makes it stand out? \u2022 Personalization - choice of the ideal fabric (color and texture) and leg finish \u2022 Minimalist look \u2013 lightness and decoration for your interior \u2022 Swivel base  INES Supreme Cross Pump \u2013 for whom? \u2022 For people looking for beautiful and functional bar stools \u2022 For enthusiasts of elegant solutions \u2022 For anyone who values personalization options  The product enjoys great interest \u2013 order now!","og_url":"https:\/\/atreve.pl\/en\/product\/hoker-obrotowy-ines-supreme-cross\/","og_site_name":"Atreve - usi\u0105d\u017a wygodnie, \u017cyj lepiej","article_modified_time":"2025-12-15T11:07:51+00:00","og_image":[{"width":1000,"height":1000,"url":"https:\/\/atreve.pl\/wp-content\/uploads\/2025\/12\/inescrsugr1xxxp_1-e1765796861358.jpg","type":"image\/jpeg"}],"twitter_card":"summary_large_image","twitter_misc":{"Est. reading time":"1 minute"},"schema":{"@context":"https:\/\/schema.org","@graph":[{"@type":"WebPage","@id":"https:\/\/atreve.pl\/en\/product\/hoker-obrotowy-ines-supreme-cross\/","url":"https:\/\/atreve.pl\/en\/product\/hoker-obrotowy-ines-supreme-cross\/","name":"Swivel bar stool INES SUPREME CROSS - Atreve - usi\u0105d\u017a wygodnie, \u017cyj lepiej","isPartOf":{"@id":"https:\/\/atreve.pl\/en\/#website"},"primaryImageOfPage":{"@id":"https:\/\/atreve.pl\/en\/product\/hoker-obrotowy-ines-supreme-cross\/#primaryimage"},"image":{"@id":"https:\/\/atreve.pl\/en\/product\/hoker-obrotowy-ines-supreme-cross\/#primaryimage"},"thumbnailUrl":"https:\/\/atreve.pl\/wp-content\/uploads\/2025\/12\/inescrsugr1xxxp_1-e1765796861358.jpg","datePublished":"2025-12-01T22:07:36+00:00","dateModified":"2025-12-15T11:07:51+00:00","breadcrumb":{"@id":"https:\/\/atreve.pl\/en\/product\/hoker-obrotowy-ines-supreme-cross\/#breadcrumb"},"inLanguage":"en-US","potentialAction":[{"@type":"ReadAction","target":["https:\/\/atreve.pl\/en\/product\/hoker-obrotowy-ines-supreme-cross\/"]}]},{"@type":"ImageObject","inLanguage":"en-US","@id":"https:\/\/atreve.pl\/en\/product\/hoker-obrotowy-ines-supreme-cross\/#primaryimage","url":"https:\/\/atreve.pl\/wp-content\/uploads\/2025\/12\/inescrsugr1xxxp_1-e1765796861358.jpg","contentUrl":"https:\/\/atreve.pl\/wp-content\/uploads\/2025\/12\/inescrsugr1xxxp_1-e1765796861358.jpg","width":1000,"height":1000},{"@type":"BreadcrumbList","@id":"https:\/\/atreve.pl\/en\/product\/hoker-obrotowy-ines-supreme-cross\/#breadcrumb","itemListElement":[{"@type":"ListItem","position":1,"name":"START","item":"https:\/\/atreve.pl\/en\/"},{"@type":"ListItem","position":2,"name":"Bar Stools","item":"https:\/\/atreve.pl\/en\/produkty\/kitchen-island-stools\/"},{"@type":"ListItem","position":3,"name":"Swivel bar stool INES SUPREME CROSS"}]},{"@type":"WebSite","@id":"https:\/\/atreve.pl\/en\/#website","url":"https:\/\/atreve.pl\/en\/","name":"Atreve - usi\u0105d\u017a wygodnie, \u017cyj lepiej","description":"Rzemios\u0142o i jako\u015b\u0107 w ka\u017cdym detalu. Jeste\u015bmy polskim producentem mebli. Tworzymy r\u0119cznie, stawiaj\u0105c na trwa\u0142o\u015b\u0107, precyzj\u0119 i autorskie wzornictwo, kt\u00f3rego nie znajdziesz w masowych sieci\u00f3wkach. To meble na lata.","publisher":{"@id":"https:\/\/atreve.pl\/en\/#organization"},"potentialAction":[{"@type":"SearchAction","target":{"@type":"EntryPoint","urlTemplate":"https:\/\/atreve.pl\/en\/?s={search_term_string}"},"query-input":{"@type":"PropertyValueSpecification","valueRequired":true,"valueName":"search_term_string"}}],"inLanguage":"en-US"},{"@type":"Organization","@id":"https:\/\/atreve.pl\/en\/#organization","name":"Atreve - usi\u0105d\u017a wygodnie, \u017cyj lepiej","url":"https:\/\/atreve.pl\/en\/","logo":{"@type":"ImageObject","inLanguage":"en-US","@id":"https:\/\/atreve.pl\/en\/#\/schema\/logo\/image\/","url":"https:\/\/atreve.pl\/wp-content\/uploads\/2026\/03\/ATREVE-LOGO-CLAIM-POS-PANTONE7586-scaled.png","contentUrl":"https:\/\/atreve.pl\/wp-content\/uploads\/2026\/03\/ATREVE-LOGO-CLAIM-POS-PANTONE7586-scaled.png","width":2560,"height":894,"caption":"Atreve - usi\u0105d\u017a wygodnie, \u017cyj lepiej"},"image":{"@id":"https:\/\/atreve.pl\/en\/#\/schema\/logo\/image\/"}}]}},"_links":{"self":[{"href":"https:\/\/atreve.pl\/en\/wp-json\/wp\/v2\/product\/8832","targetHints":{"allow":["GET"]}}],"collection":[{"href":"https:\/\/atreve.pl\/en\/wp-json\/wp\/v2\/product"}],"about":[{"href":"https:\/\/atreve.pl\/en\/wp-json\/wp\/v2\/types\/product"}],"wp:featuredmedia":[{"embeddable":true,"href":"https:\/\/atreve.pl\/en\/wp-json\/wp\/v2\/media\/8833"}],"wp:attachment":[{"href":"https:\/\/atreve.pl\/en\/wp-json\/wp\/v2\/media?parent=8832"}],"wp:term":[{"taxonomy":"product_brand","embeddable":true,"href":"https:\/\/atreve.pl\/en\/wp-json\/wp\/v2\/product_brand?post=8832"},{"taxonomy":"product_cat","embeddable":true,"href":"https:\/\/atreve.pl\/en\/wp-json\/wp\/v2\/product_cat?post=8832"},{"taxonomy":"product_tag","embeddable":true,"href":"https:\/\/atreve.pl\/en\/wp-json\/wp\/v2\/product_tag?post=8832"}],"curies":[{"name":"wp","href":"https:\/\/api.w.org\/{rel}","templated":true}]}}