{"id":8842,"date":"2025-12-01T23:07:09","date_gmt":"2025-12-01T22:07:09","guid":{"rendered":"https:\/\/atreve.pl\/produkt\/krzeslo-obrotowe-ines-supreme-wood\/"},"modified":"2025-12-15T12:17:16","modified_gmt":"2025-12-15T11:17:16","slug":"krzeslo-obrotowe-ines-supreme-wood","status":"publish","type":"product","link":"https:\/\/atreve.pl\/en\/produkt\/krzeslo-obrotowe-ines-supreme-wood\/","title":{"rendered":"INES SUPREME WOOD Swivel Chair"},"content":{"rendered":"<p>AVAILABLE BASE COLORS:<br \/>\n__________________________________________________<\/p>\n<p>ADDITIONAL INFORMATION:<\/p>\n<p>Seat material:\u00a0Foam,\u00a0Pocket\u00a0Spring,<br \/>\nBase material:\u00a0Metal<br \/>\nBase functions: Swivel 360<br \/>\nAccessories:<br \/>\n__________________________________________________<\/p>\n<p>LOGISTIC DATA:<br \/>\nPackaging method: Furniture is packed in protective film and cardboard<br \/>\nFurniture for self-assembly: Yes<br \/>\nMax. number of packed pieces per package:\u00a0&#8211;<br \/>\nNumber of packed pieces per pallet (80&#215;120) :\u00a0&#8211;<\/p>\n<table>\n<tbody>\n<tr>\n<td colspan=\"6\">1 PIECE<\/td>\n<\/tr>\n<tr>\n<td>QTY CARTONS<\/td>\n<td>SIDE A<\/td>\n<td>SIDE B<\/td>\n<td>SIDE C<\/td>\n<td>WEIGHT<\/td>\n<td>VOL.<\/td>\n<\/tr>\n<tr>\n<td>CARTON #1<\/td>\n<td>70cm<\/td>\n<td>60cm<\/td>\n<td>51cm<\/td>\n<td>9kg<\/td>\n<td>&#8211;<\/td>\n<\/tr>\n<\/tbody>\n<\/table>\n","protected":false},"excerpt":{"rendered":"<p>Comfortable and stylish INES SUPREME swivel chair on a wooden leg<\/p>\n<p><b>INES Supreme Wood<\/b> is a chair that boasts a perfectly combined elegance and<br \/>\nfunctionality. It will work great in a workspace and in living rooms.<br \/>\nThe comfortable backrest supports the back, and the seat with pocket spring technology perfectly<br \/>\nadapts to the user&#8217;s body, thus providing uncompromising<br \/>\ncomfort. The swivel leg significantly influences the chair&#8217;s dynamics, facilitating<br \/>\nuse.<br \/>\n<b>What makes it stand out?<\/b><br \/>\n\u2022 Personalization &#8211; choice of the ideal fabric (color and texture)<br \/>\n\u2022 Designer cutout \u2013 decorative element<br \/>\n\u2022 Swivel base \u2013 mobility and operating comfort<br \/>\n<b>INES \u2013 for whom?<\/b><br \/>\n\u2022 For people looking for functional and stylish chairs<br \/>\n\u2022 For everyone who values personalization options<br \/>\n\u2022 For those who prefer aesthetic and minimalist arrangements<\/p>\n<p>The chair in the illustrative photo is made in <b>Vardo 04<\/b> from Fabb.<br \/>\n<b>The product is very popular \u2013 order today!<br \/>\n<\/b><\/p>\n","protected":false},"featured_media":8843,"template":"","meta":{"_acf_changed":false},"product_brand":[],"product_cat":[1252,1250,880,881],"product_tag":[],"class_list":{"0":"post-8842","1":"product","2":"type-product","3":"status-publish","4":"has-post-thumbnail","6":"product_cat-drewniane","7":"product_cat-obrotowe","8":"product_cat-swivel-chairs","9":"product_cat-living-room-chairs","10":"pa_ean-778","12":"first","13":"instock","14":"purchasable","15":"product-type-simple"},"acf":[],"yoast_head":"<!-- This site is optimized with the Yoast SEO plugin v27.4 - https:\/\/yoast.com\/product\/yoast-seo-wordpress\/ -->\n<title>INES SUPREME WOOD Swivel Chair - Atreve - usi\u0105d\u017a wygodnie, \u017cyj lepiej<\/title>\n<meta name=\"robots\" content=\"index, follow, max-snippet:-1, max-image-preview:large, max-video-preview:-1\" \/>\n<link rel=\"canonical\" href=\"https:\/\/atreve.pl\/en\/produkt\/krzeslo-obrotowe-ines-supreme-wood\/\" \/>\n<meta property=\"og:locale\" content=\"en_US\" \/>\n<meta property=\"og:type\" content=\"article\" \/>\n<meta property=\"og:title\" content=\"INES SUPREME WOOD Swivel Chair - Atreve - usi\u0105d\u017a wygodnie, \u017cyj lepiej\" \/>\n<meta property=\"og:description\" content=\"Comfortable and stylish INES SUPREME swivel chair on a wooden leg  INES Supreme Wood is a chair that boasts a perfectly combined elegance and functionality. It will work great in a workspace and in living rooms. The comfortable backrest supports the back, and the seat with pocket spring technology perfectly adapts to the user&#039;s body, thus providing uncompromising comfort. The swivel leg significantly influences the chair&#039;s dynamics, facilitating use. What makes it stand out? \u2022 Personalization - choice of the ideal fabric (color and texture) \u2022 Designer cutout \u2013 decorative element \u2022 Swivel base \u2013 mobility and operating comfort INES \u2013 for whom? \u2022 For people looking for functional and stylish chairs \u2022 For everyone who values personalization options \u2022 For those who prefer aesthetic and minimalist arrangements  The chair in the illustrative photo is made in Vardo 04 from Fabb. The product is very popular \u2013 order today!\" \/>\n<meta property=\"og:url\" content=\"https:\/\/atreve.pl\/en\/produkt\/krzeslo-obrotowe-ines-supreme-wood\/\" \/>\n<meta property=\"og:site_name\" content=\"Atreve - usi\u0105d\u017a wygodnie, \u017cyj lepiej\" \/>\n<meta property=\"article:modified_time\" content=\"2025-12-15T11:17:16+00:00\" \/>\n<meta property=\"og:image\" content=\"https:\/\/atreve.pl\/wp-content\/uploads\/2025\/12\/inestwsuwooxxxp_1-e1765797425256.png\" \/>\n\t<meta property=\"og:image:width\" content=\"1080\" \/>\n\t<meta property=\"og:image:height\" content=\"1080\" \/>\n\t<meta property=\"og:image:type\" content=\"image\/png\" \/>\n<meta name=\"twitter:card\" content=\"summary_large_image\" \/>\n<meta name=\"twitter:label1\" content=\"Est. reading time\" \/>\n\t<meta name=\"twitter:data1\" content=\"1 minute\" \/>\n<script type=\"application\/ld+json\" class=\"yoast-schema-graph\">{\"@context\":\"https:\\\/\\\/schema.org\",\"@graph\":[{\"@type\":\"WebPage\",\"@id\":\"https:\\\/\\\/atreve.pl\\\/en\\\/produkt\\\/krzeslo-obrotowe-ines-supreme-wood\\\/\",\"url\":\"https:\\\/\\\/atreve.pl\\\/en\\\/produkt\\\/krzeslo-obrotowe-ines-supreme-wood\\\/\",\"name\":\"INES SUPREME WOOD Swivel Chair - Atreve - usi\u0105d\u017a wygodnie, \u017cyj lepiej\",\"isPartOf\":{\"@id\":\"https:\\\/\\\/atreve.pl\\\/en\\\/#website\"},\"primaryImageOfPage\":{\"@id\":\"https:\\\/\\\/atreve.pl\\\/en\\\/produkt\\\/krzeslo-obrotowe-ines-supreme-wood\\\/#primaryimage\"},\"image\":{\"@id\":\"https:\\\/\\\/atreve.pl\\\/en\\\/produkt\\\/krzeslo-obrotowe-ines-supreme-wood\\\/#primaryimage\"},\"thumbnailUrl\":\"https:\\\/\\\/atreve.pl\\\/wp-content\\\/uploads\\\/2025\\\/12\\\/inestwsuwooxxxp_1-e1765797425256.png\",\"datePublished\":\"2025-12-01T22:07:09+00:00\",\"dateModified\":\"2025-12-15T11:17:16+00:00\",\"breadcrumb\":{\"@id\":\"https:\\\/\\\/atreve.pl\\\/en\\\/produkt\\\/krzeslo-obrotowe-ines-supreme-wood\\\/#breadcrumb\"},\"inLanguage\":\"en-US\",\"potentialAction\":[{\"@type\":\"ReadAction\",\"target\":[\"https:\\\/\\\/atreve.pl\\\/en\\\/produkt\\\/krzeslo-obrotowe-ines-supreme-wood\\\/\"]}]},{\"@type\":\"ImageObject\",\"inLanguage\":\"en-US\",\"@id\":\"https:\\\/\\\/atreve.pl\\\/en\\\/produkt\\\/krzeslo-obrotowe-ines-supreme-wood\\\/#primaryimage\",\"url\":\"https:\\\/\\\/atreve.pl\\\/wp-content\\\/uploads\\\/2025\\\/12\\\/inestwsuwooxxxp_1-e1765797425256.png\",\"contentUrl\":\"https:\\\/\\\/atreve.pl\\\/wp-content\\\/uploads\\\/2025\\\/12\\\/inestwsuwooxxxp_1-e1765797425256.png\",\"width\":1080,\"height\":1080},{\"@type\":\"BreadcrumbList\",\"@id\":\"https:\\\/\\\/atreve.pl\\\/en\\\/produkt\\\/krzeslo-obrotowe-ines-supreme-wood\\\/#breadcrumb\",\"itemListElement\":[{\"@type\":\"ListItem\",\"position\":1,\"name\":\"START\",\"item\":\"https:\\\/\\\/atreve.pl\\\/en\\\/\"},{\"@type\":\"ListItem\",\"position\":2,\"name\":\"Drewniane\",\"item\":\"https:\\\/\\\/atreve.pl\\\/en\\\/produkty\\\/drewniane\\\/\"},{\"@type\":\"ListItem\",\"position\":3,\"name\":\"INES SUPREME WOOD Swivel Chair\"}]},{\"@type\":\"WebSite\",\"@id\":\"https:\\\/\\\/atreve.pl\\\/en\\\/#website\",\"url\":\"https:\\\/\\\/atreve.pl\\\/en\\\/\",\"name\":\"Atreve - usi\u0105d\u017a wygodnie, \u017cyj lepiej\",\"description\":\"Rzemios\u0142o i jako\u015b\u0107 w ka\u017cdym detalu. Jeste\u015bmy polskim producentem mebli. Tworzymy r\u0119cznie, stawiaj\u0105c na trwa\u0142o\u015b\u0107, precyzj\u0119 i autorskie wzornictwo, kt\u00f3rego nie znajdziesz w masowych sieci\u00f3wkach. To meble na lata.\",\"publisher\":{\"@id\":\"https:\\\/\\\/atreve.pl\\\/en\\\/#organization\"},\"potentialAction\":[{\"@type\":\"SearchAction\",\"target\":{\"@type\":\"EntryPoint\",\"urlTemplate\":\"https:\\\/\\\/atreve.pl\\\/en\\\/?s={search_term_string}\"},\"query-input\":{\"@type\":\"PropertyValueSpecification\",\"valueRequired\":true,\"valueName\":\"search_term_string\"}}],\"inLanguage\":\"en-US\"},{\"@type\":\"Organization\",\"@id\":\"https:\\\/\\\/atreve.pl\\\/en\\\/#organization\",\"name\":\"Atreve - usi\u0105d\u017a wygodnie, \u017cyj lepiej\",\"url\":\"https:\\\/\\\/atreve.pl\\\/en\\\/\",\"logo\":{\"@type\":\"ImageObject\",\"inLanguage\":\"en-US\",\"@id\":\"https:\\\/\\\/atreve.pl\\\/en\\\/#\\\/schema\\\/logo\\\/image\\\/\",\"url\":\"https:\\\/\\\/atreve.pl\\\/wp-content\\\/uploads\\\/2026\\\/03\\\/ATREVE-LOGO-CLAIM-POS-PANTONE7586-scaled.png\",\"contentUrl\":\"https:\\\/\\\/atreve.pl\\\/wp-content\\\/uploads\\\/2026\\\/03\\\/ATREVE-LOGO-CLAIM-POS-PANTONE7586-scaled.png\",\"width\":2560,\"height\":894,\"caption\":\"Atreve - usi\u0105d\u017a wygodnie, \u017cyj lepiej\"},\"image\":{\"@id\":\"https:\\\/\\\/atreve.pl\\\/en\\\/#\\\/schema\\\/logo\\\/image\\\/\"}}]}<\/script>\n<!-- \/ Yoast SEO plugin. -->","yoast_head_json":{"title":"INES SUPREME WOOD Swivel Chair - Atreve - usi\u0105d\u017a wygodnie, \u017cyj lepiej","robots":{"index":"index","follow":"follow","max-snippet":"max-snippet:-1","max-image-preview":"max-image-preview:large","max-video-preview":"max-video-preview:-1"},"canonical":"https:\/\/atreve.pl\/en\/produkt\/krzeslo-obrotowe-ines-supreme-wood\/","og_locale":"en_US","og_type":"article","og_title":"INES SUPREME WOOD Swivel Chair - Atreve - usi\u0105d\u017a wygodnie, \u017cyj lepiej","og_description":"Comfortable and stylish INES SUPREME swivel chair on a wooden leg  INES Supreme Wood is a chair that boasts a perfectly combined elegance and functionality. It will work great in a workspace and in living rooms. The comfortable backrest supports the back, and the seat with pocket spring technology perfectly adapts to the user's body, thus providing uncompromising comfort. The swivel leg significantly influences the chair's dynamics, facilitating use. What makes it stand out? \u2022 Personalization - choice of the ideal fabric (color and texture) \u2022 Designer cutout \u2013 decorative element \u2022 Swivel base \u2013 mobility and operating comfort INES \u2013 for whom? \u2022 For people looking for functional and stylish chairs \u2022 For everyone who values personalization options \u2022 For those who prefer aesthetic and minimalist arrangements  The chair in the illustrative photo is made in Vardo 04 from Fabb. The product is very popular \u2013 order today!","og_url":"https:\/\/atreve.pl\/en\/produkt\/krzeslo-obrotowe-ines-supreme-wood\/","og_site_name":"Atreve - usi\u0105d\u017a wygodnie, \u017cyj lepiej","article_modified_time":"2025-12-15T11:17:16+00:00","og_image":[{"width":1080,"height":1080,"url":"https:\/\/atreve.pl\/wp-content\/uploads\/2025\/12\/inestwsuwooxxxp_1-e1765797425256.png","type":"image\/png"}],"twitter_card":"summary_large_image","twitter_misc":{"Est. reading time":"1 minute"},"schema":{"@context":"https:\/\/schema.org","@graph":[{"@type":"WebPage","@id":"https:\/\/atreve.pl\/en\/produkt\/krzeslo-obrotowe-ines-supreme-wood\/","url":"https:\/\/atreve.pl\/en\/produkt\/krzeslo-obrotowe-ines-supreme-wood\/","name":"INES SUPREME WOOD Swivel Chair - Atreve - usi\u0105d\u017a wygodnie, \u017cyj lepiej","isPartOf":{"@id":"https:\/\/atreve.pl\/en\/#website"},"primaryImageOfPage":{"@id":"https:\/\/atreve.pl\/en\/produkt\/krzeslo-obrotowe-ines-supreme-wood\/#primaryimage"},"image":{"@id":"https:\/\/atreve.pl\/en\/produkt\/krzeslo-obrotowe-ines-supreme-wood\/#primaryimage"},"thumbnailUrl":"https:\/\/atreve.pl\/wp-content\/uploads\/2025\/12\/inestwsuwooxxxp_1-e1765797425256.png","datePublished":"2025-12-01T22:07:09+00:00","dateModified":"2025-12-15T11:17:16+00:00","breadcrumb":{"@id":"https:\/\/atreve.pl\/en\/produkt\/krzeslo-obrotowe-ines-supreme-wood\/#breadcrumb"},"inLanguage":"en-US","potentialAction":[{"@type":"ReadAction","target":["https:\/\/atreve.pl\/en\/produkt\/krzeslo-obrotowe-ines-supreme-wood\/"]}]},{"@type":"ImageObject","inLanguage":"en-US","@id":"https:\/\/atreve.pl\/en\/produkt\/krzeslo-obrotowe-ines-supreme-wood\/#primaryimage","url":"https:\/\/atreve.pl\/wp-content\/uploads\/2025\/12\/inestwsuwooxxxp_1-e1765797425256.png","contentUrl":"https:\/\/atreve.pl\/wp-content\/uploads\/2025\/12\/inestwsuwooxxxp_1-e1765797425256.png","width":1080,"height":1080},{"@type":"BreadcrumbList","@id":"https:\/\/atreve.pl\/en\/produkt\/krzeslo-obrotowe-ines-supreme-wood\/#breadcrumb","itemListElement":[{"@type":"ListItem","position":1,"name":"START","item":"https:\/\/atreve.pl\/en\/"},{"@type":"ListItem","position":2,"name":"Drewniane","item":"https:\/\/atreve.pl\/en\/produkty\/drewniane\/"},{"@type":"ListItem","position":3,"name":"INES SUPREME WOOD Swivel Chair"}]},{"@type":"WebSite","@id":"https:\/\/atreve.pl\/en\/#website","url":"https:\/\/atreve.pl\/en\/","name":"Atreve - usi\u0105d\u017a wygodnie, \u017cyj lepiej","description":"Rzemios\u0142o i jako\u015b\u0107 w ka\u017cdym detalu. Jeste\u015bmy polskim producentem mebli. Tworzymy r\u0119cznie, stawiaj\u0105c na trwa\u0142o\u015b\u0107, precyzj\u0119 i autorskie wzornictwo, kt\u00f3rego nie znajdziesz w masowych sieci\u00f3wkach. To meble na lata.","publisher":{"@id":"https:\/\/atreve.pl\/en\/#organization"},"potentialAction":[{"@type":"SearchAction","target":{"@type":"EntryPoint","urlTemplate":"https:\/\/atreve.pl\/en\/?s={search_term_string}"},"query-input":{"@type":"PropertyValueSpecification","valueRequired":true,"valueName":"search_term_string"}}],"inLanguage":"en-US"},{"@type":"Organization","@id":"https:\/\/atreve.pl\/en\/#organization","name":"Atreve - usi\u0105d\u017a wygodnie, \u017cyj lepiej","url":"https:\/\/atreve.pl\/en\/","logo":{"@type":"ImageObject","inLanguage":"en-US","@id":"https:\/\/atreve.pl\/en\/#\/schema\/logo\/image\/","url":"https:\/\/atreve.pl\/wp-content\/uploads\/2026\/03\/ATREVE-LOGO-CLAIM-POS-PANTONE7586-scaled.png","contentUrl":"https:\/\/atreve.pl\/wp-content\/uploads\/2026\/03\/ATREVE-LOGO-CLAIM-POS-PANTONE7586-scaled.png","width":2560,"height":894,"caption":"Atreve - usi\u0105d\u017a wygodnie, \u017cyj lepiej"},"image":{"@id":"https:\/\/atreve.pl\/en\/#\/schema\/logo\/image\/"}}]}},"_links":{"self":[{"href":"https:\/\/atreve.pl\/en\/wp-json\/wp\/v2\/product\/8842","targetHints":{"allow":["GET"]}}],"collection":[{"href":"https:\/\/atreve.pl\/en\/wp-json\/wp\/v2\/product"}],"about":[{"href":"https:\/\/atreve.pl\/en\/wp-json\/wp\/v2\/types\/product"}],"wp:featuredmedia":[{"embeddable":true,"href":"https:\/\/atreve.pl\/en\/wp-json\/wp\/v2\/media\/8843"}],"wp:attachment":[{"href":"https:\/\/atreve.pl\/en\/wp-json\/wp\/v2\/media?parent=8842"}],"wp:term":[{"taxonomy":"product_brand","embeddable":true,"href":"https:\/\/atreve.pl\/en\/wp-json\/wp\/v2\/product_brand?post=8842"},{"taxonomy":"product_cat","embeddable":true,"href":"https:\/\/atreve.pl\/en\/wp-json\/wp\/v2\/product_cat?post=8842"},{"taxonomy":"product_tag","embeddable":true,"href":"https:\/\/atreve.pl\/en\/wp-json\/wp\/v2\/product_tag?post=8842"}],"curies":[{"name":"wp","href":"https:\/\/api.w.org\/{rel}","templated":true}]}}