{"id":8850,"date":"2025-12-01T23:07:09","date_gmt":"2025-12-01T22:07:09","guid":{"rendered":"https:\/\/atreve.pl\/produkt\/krzeslo-obrotowe-shelly-supreme-wood\/"},"modified":"2025-12-15T12:31:26","modified_gmt":"2025-12-15T11:31:26","slug":"krzeslo-obrotowe-shelly-supreme-wood","status":"publish","type":"product","link":"https:\/\/atreve.pl\/en\/product\/krzeslo-obrotowe-shelly-supreme-wood\/","title":{"rendered":"SHELLY SUPREME WOOD Swivel Chair"},"content":{"rendered":"<p>AVAILABLE BASE COLORING:<br \/>\n__________________________________________________<\/p>\n<p>ADDITIONAL INFORMATION:<\/p>\n<p>Seat material:\u00a0Foam,\u00a0Pocket\u00a0Spring,<br \/>\nBase material:\u00a0Metal<br \/>\nBase functions: 360 Swivel<br \/>\nAdditional features:<br \/>\n__________________________________________________<\/p>\n<p>LOGISTIC DATA:<br \/>\nPackaging method: Furniture is packed in protective film and cardboard<br \/>\nFurniture for self-assembly: Yes<br \/>\nMax. number of packed pieces in a parcel:\u00a0&#8211;<br \/>\nNumber of packed pieces per pallet (80&#215;120) :\u00a0&#8211;<\/p>\n<table>\n<tbody>\n<tr>\n<td colspan=\"6\">1 PIECE<\/td>\n<\/tr>\n<tr>\n<td>NUMBER OF CARTONS.<\/td>\n<td>SIDE A<\/td>\n<td>SIDE B<\/td>\n<td>SIDE C<\/td>\n<td>WEIGHT<\/td>\n<td>VOL.<\/td>\n<\/tr>\n<tr>\n<td>CARTON #1<\/td>\n<td>&#8211;<\/td>\n<td>&#8211;<\/td>\n<td>&#8211;<\/td>\n<td>&#8211;<\/td>\n<td>&#8211;<\/td>\n<\/tr>\n<\/tbody>\n<\/table>\n","protected":false},"excerpt":{"rendered":"<p>SHELLY SUPREME Swivel Chair<\/p>\n<p><b>SHELLY Supreme<\/b> is a chair combining minimalism and elegance. Thanks to<br \/>\nits universal design, it will perfectly adapt to many interiors, bringing<br \/>\nstyle and class to them.<br \/>\nThe upholstered covering, stylized in the shape of a shell, ensures durability.<br \/>\nThe seat with pocket spring technology perfectly adapts to the user&#8217;s body,<br \/>\nguaranteeing comfort. The swivel, wooden base enhances functionality<br \/>\nand introduces a unique accent to the furniture.<br \/>\n<b><br \/>\nSHELLY Supreme \u2013 what makes it stand out?<\/b><br \/>\n\u2022 Personalization &#8211; choice of ideal<br \/>\nfabric (color and structure)<br \/>\n\u2022 Pocketspring seat \u2013 innovative technology ensuring comfort<br \/>\n\u2022 Swivel base \u2013 dynamism and practicality<br \/>\n<b><br \/>\nFor whom?<\/b><br \/>\n\u2022 For those who appreciate naturalness<br \/>\nand subtlety<br \/>\n\u2022 For everyone who values<br \/>\ncustomization options<br \/>\nThe chair in the photo is made in <b>Wish 149<\/b> fabric from Textaafoam (DELUXE group).<br \/>\n<b>The product is very popular \u2013 order today!<\/b><\/p>\n","protected":false},"featured_media":8851,"template":"","meta":{"_acf_changed":false},"product_brand":[],"product_cat":[1252,1250,880,881],"product_tag":[],"class_list":{"0":"post-8850","1":"product","2":"type-product","3":"status-publish","4":"has-post-thumbnail","6":"product_cat-drewniane","7":"product_cat-obrotowe","8":"product_cat-swivel-chairs","9":"product_cat-living-room-chairs","10":"pa_ean-782","12":"first","13":"instock","14":"purchasable","15":"product-type-simple"},"acf":[],"yoast_head":"<!-- This site is optimized with the Yoast SEO plugin v27.4 - https:\/\/yoast.com\/product\/yoast-seo-wordpress\/ -->\n<title>SHELLY SUPREME WOOD Swivel Chair - Atreve - usi\u0105d\u017a wygodnie, \u017cyj lepiej<\/title>\n<meta name=\"robots\" content=\"index, follow, max-snippet:-1, max-image-preview:large, max-video-preview:-1\" \/>\n<link rel=\"canonical\" href=\"https:\/\/atreve.pl\/en\/product\/krzeslo-obrotowe-shelly-supreme-wood\/\" \/>\n<meta property=\"og:locale\" content=\"en_US\" \/>\n<meta property=\"og:type\" content=\"article\" \/>\n<meta property=\"og:title\" content=\"SHELLY SUPREME WOOD Swivel Chair - Atreve - usi\u0105d\u017a wygodnie, \u017cyj lepiej\" \/>\n<meta property=\"og:description\" content=\"SHELLY SUPREME Swivel Chair  SHELLY Supreme is a chair combining minimalism and elegance. Thanks to its universal design, it will perfectly adapt to many interiors, bringing style and class to them. The upholstered covering, stylized in the shape of a shell, ensures durability. The seat with pocket spring technology perfectly adapts to the user&#039;s body, guaranteeing comfort. The swivel, wooden base enhances functionality and introduces a unique accent to the furniture.  SHELLY Supreme \u2013 what makes it stand out? \u2022 Personalization - choice of ideal fabric (color and structure) \u2022 Pocketspring seat \u2013 innovative technology ensuring comfort \u2022 Swivel base \u2013 dynamism and practicality  For whom? \u2022 For those who appreciate naturalness and subtlety \u2022 For everyone who values customization options The chair in the photo is made in Wish 149 fabric from Textaafoam (DELUXE group). The product is very popular \u2013 order today!\" \/>\n<meta property=\"og:url\" content=\"https:\/\/atreve.pl\/en\/product\/krzeslo-obrotowe-shelly-supreme-wood\/\" \/>\n<meta property=\"og:site_name\" content=\"Atreve - usi\u0105d\u017a wygodnie, \u017cyj lepiej\" \/>\n<meta property=\"article:modified_time\" content=\"2025-12-15T11:31:26+00:00\" \/>\n<meta property=\"og:image\" content=\"https:\/\/atreve.pl\/wp-content\/uploads\/2025\/12\/sheltwsuwooxxxp_1-e1765798271814.png\" \/>\n\t<meta property=\"og:image:width\" content=\"1080\" \/>\n\t<meta property=\"og:image:height\" content=\"1080\" \/>\n\t<meta property=\"og:image:type\" content=\"image\/png\" \/>\n<meta name=\"twitter:card\" content=\"summary_large_image\" \/>\n<meta name=\"twitter:label1\" content=\"Est. reading time\" \/>\n\t<meta name=\"twitter:data1\" content=\"1 minute\" \/>\n<script type=\"application\/ld+json\" class=\"yoast-schema-graph\">{\"@context\":\"https:\\\/\\\/schema.org\",\"@graph\":[{\"@type\":\"WebPage\",\"@id\":\"https:\\\/\\\/atreve.pl\\\/en\\\/product\\\/krzeslo-obrotowe-shelly-supreme-wood\\\/\",\"url\":\"https:\\\/\\\/atreve.pl\\\/en\\\/product\\\/krzeslo-obrotowe-shelly-supreme-wood\\\/\",\"name\":\"SHELLY SUPREME WOOD Swivel Chair - Atreve - usi\u0105d\u017a wygodnie, \u017cyj lepiej\",\"isPartOf\":{\"@id\":\"https:\\\/\\\/atreve.pl\\\/en\\\/#website\"},\"primaryImageOfPage\":{\"@id\":\"https:\\\/\\\/atreve.pl\\\/en\\\/product\\\/krzeslo-obrotowe-shelly-supreme-wood\\\/#primaryimage\"},\"image\":{\"@id\":\"https:\\\/\\\/atreve.pl\\\/en\\\/product\\\/krzeslo-obrotowe-shelly-supreme-wood\\\/#primaryimage\"},\"thumbnailUrl\":\"https:\\\/\\\/atreve.pl\\\/wp-content\\\/uploads\\\/2025\\\/12\\\/sheltwsuwooxxxp_1-e1765798271814.png\",\"datePublished\":\"2025-12-01T22:07:09+00:00\",\"dateModified\":\"2025-12-15T11:31:26+00:00\",\"breadcrumb\":{\"@id\":\"https:\\\/\\\/atreve.pl\\\/en\\\/product\\\/krzeslo-obrotowe-shelly-supreme-wood\\\/#breadcrumb\"},\"inLanguage\":\"en-US\",\"potentialAction\":[{\"@type\":\"ReadAction\",\"target\":[\"https:\\\/\\\/atreve.pl\\\/en\\\/product\\\/krzeslo-obrotowe-shelly-supreme-wood\\\/\"]}]},{\"@type\":\"ImageObject\",\"inLanguage\":\"en-US\",\"@id\":\"https:\\\/\\\/atreve.pl\\\/en\\\/product\\\/krzeslo-obrotowe-shelly-supreme-wood\\\/#primaryimage\",\"url\":\"https:\\\/\\\/atreve.pl\\\/wp-content\\\/uploads\\\/2025\\\/12\\\/sheltwsuwooxxxp_1-e1765798271814.png\",\"contentUrl\":\"https:\\\/\\\/atreve.pl\\\/wp-content\\\/uploads\\\/2025\\\/12\\\/sheltwsuwooxxxp_1-e1765798271814.png\",\"width\":1080,\"height\":1080},{\"@type\":\"BreadcrumbList\",\"@id\":\"https:\\\/\\\/atreve.pl\\\/en\\\/product\\\/krzeslo-obrotowe-shelly-supreme-wood\\\/#breadcrumb\",\"itemListElement\":[{\"@type\":\"ListItem\",\"position\":1,\"name\":\"START\",\"item\":\"https:\\\/\\\/atreve.pl\\\/en\\\/\"},{\"@type\":\"ListItem\",\"position\":2,\"name\":\"Drewniane\",\"item\":\"https:\\\/\\\/atreve.pl\\\/en\\\/produkty\\\/drewniane\\\/\"},{\"@type\":\"ListItem\",\"position\":3,\"name\":\"SHELLY SUPREME WOOD Swivel Chair\"}]},{\"@type\":\"WebSite\",\"@id\":\"https:\\\/\\\/atreve.pl\\\/en\\\/#website\",\"url\":\"https:\\\/\\\/atreve.pl\\\/en\\\/\",\"name\":\"Atreve - usi\u0105d\u017a wygodnie, \u017cyj lepiej\",\"description\":\"Rzemios\u0142o i jako\u015b\u0107 w ka\u017cdym detalu. Jeste\u015bmy polskim producentem mebli. Tworzymy r\u0119cznie, stawiaj\u0105c na trwa\u0142o\u015b\u0107, precyzj\u0119 i autorskie wzornictwo, kt\u00f3rego nie znajdziesz w masowych sieci\u00f3wkach. To meble na lata.\",\"publisher\":{\"@id\":\"https:\\\/\\\/atreve.pl\\\/en\\\/#organization\"},\"potentialAction\":[{\"@type\":\"SearchAction\",\"target\":{\"@type\":\"EntryPoint\",\"urlTemplate\":\"https:\\\/\\\/atreve.pl\\\/en\\\/?s={search_term_string}\"},\"query-input\":{\"@type\":\"PropertyValueSpecification\",\"valueRequired\":true,\"valueName\":\"search_term_string\"}}],\"inLanguage\":\"en-US\"},{\"@type\":\"Organization\",\"@id\":\"https:\\\/\\\/atreve.pl\\\/en\\\/#organization\",\"name\":\"Atreve - usi\u0105d\u017a wygodnie, \u017cyj lepiej\",\"url\":\"https:\\\/\\\/atreve.pl\\\/en\\\/\",\"logo\":{\"@type\":\"ImageObject\",\"inLanguage\":\"en-US\",\"@id\":\"https:\\\/\\\/atreve.pl\\\/en\\\/#\\\/schema\\\/logo\\\/image\\\/\",\"url\":\"https:\\\/\\\/atreve.pl\\\/wp-content\\\/uploads\\\/2026\\\/03\\\/ATREVE-LOGO-CLAIM-POS-PANTONE7586-scaled.png\",\"contentUrl\":\"https:\\\/\\\/atreve.pl\\\/wp-content\\\/uploads\\\/2026\\\/03\\\/ATREVE-LOGO-CLAIM-POS-PANTONE7586-scaled.png\",\"width\":2560,\"height\":894,\"caption\":\"Atreve - usi\u0105d\u017a wygodnie, \u017cyj lepiej\"},\"image\":{\"@id\":\"https:\\\/\\\/atreve.pl\\\/en\\\/#\\\/schema\\\/logo\\\/image\\\/\"}}]}<\/script>\n<!-- \/ Yoast SEO plugin. -->","yoast_head_json":{"title":"SHELLY SUPREME WOOD Swivel Chair - Atreve - usi\u0105d\u017a wygodnie, \u017cyj lepiej","robots":{"index":"index","follow":"follow","max-snippet":"max-snippet:-1","max-image-preview":"max-image-preview:large","max-video-preview":"max-video-preview:-1"},"canonical":"https:\/\/atreve.pl\/en\/product\/krzeslo-obrotowe-shelly-supreme-wood\/","og_locale":"en_US","og_type":"article","og_title":"SHELLY SUPREME WOOD Swivel Chair - Atreve - usi\u0105d\u017a wygodnie, \u017cyj lepiej","og_description":"SHELLY SUPREME Swivel Chair  SHELLY Supreme is a chair combining minimalism and elegance. Thanks to its universal design, it will perfectly adapt to many interiors, bringing style and class to them. The upholstered covering, stylized in the shape of a shell, ensures durability. The seat with pocket spring technology perfectly adapts to the user's body, guaranteeing comfort. The swivel, wooden base enhances functionality and introduces a unique accent to the furniture.  SHELLY Supreme \u2013 what makes it stand out? \u2022 Personalization - choice of ideal fabric (color and structure) \u2022 Pocketspring seat \u2013 innovative technology ensuring comfort \u2022 Swivel base \u2013 dynamism and practicality  For whom? \u2022 For those who appreciate naturalness and subtlety \u2022 For everyone who values customization options The chair in the photo is made in Wish 149 fabric from Textaafoam (DELUXE group). The product is very popular \u2013 order today!","og_url":"https:\/\/atreve.pl\/en\/product\/krzeslo-obrotowe-shelly-supreme-wood\/","og_site_name":"Atreve - usi\u0105d\u017a wygodnie, \u017cyj lepiej","article_modified_time":"2025-12-15T11:31:26+00:00","og_image":[{"width":1080,"height":1080,"url":"https:\/\/atreve.pl\/wp-content\/uploads\/2025\/12\/sheltwsuwooxxxp_1-e1765798271814.png","type":"image\/png"}],"twitter_card":"summary_large_image","twitter_misc":{"Est. reading time":"1 minute"},"schema":{"@context":"https:\/\/schema.org","@graph":[{"@type":"WebPage","@id":"https:\/\/atreve.pl\/en\/product\/krzeslo-obrotowe-shelly-supreme-wood\/","url":"https:\/\/atreve.pl\/en\/product\/krzeslo-obrotowe-shelly-supreme-wood\/","name":"SHELLY SUPREME WOOD Swivel Chair - Atreve - usi\u0105d\u017a wygodnie, \u017cyj lepiej","isPartOf":{"@id":"https:\/\/atreve.pl\/en\/#website"},"primaryImageOfPage":{"@id":"https:\/\/atreve.pl\/en\/product\/krzeslo-obrotowe-shelly-supreme-wood\/#primaryimage"},"image":{"@id":"https:\/\/atreve.pl\/en\/product\/krzeslo-obrotowe-shelly-supreme-wood\/#primaryimage"},"thumbnailUrl":"https:\/\/atreve.pl\/wp-content\/uploads\/2025\/12\/sheltwsuwooxxxp_1-e1765798271814.png","datePublished":"2025-12-01T22:07:09+00:00","dateModified":"2025-12-15T11:31:26+00:00","breadcrumb":{"@id":"https:\/\/atreve.pl\/en\/product\/krzeslo-obrotowe-shelly-supreme-wood\/#breadcrumb"},"inLanguage":"en-US","potentialAction":[{"@type":"ReadAction","target":["https:\/\/atreve.pl\/en\/product\/krzeslo-obrotowe-shelly-supreme-wood\/"]}]},{"@type":"ImageObject","inLanguage":"en-US","@id":"https:\/\/atreve.pl\/en\/product\/krzeslo-obrotowe-shelly-supreme-wood\/#primaryimage","url":"https:\/\/atreve.pl\/wp-content\/uploads\/2025\/12\/sheltwsuwooxxxp_1-e1765798271814.png","contentUrl":"https:\/\/atreve.pl\/wp-content\/uploads\/2025\/12\/sheltwsuwooxxxp_1-e1765798271814.png","width":1080,"height":1080},{"@type":"BreadcrumbList","@id":"https:\/\/atreve.pl\/en\/product\/krzeslo-obrotowe-shelly-supreme-wood\/#breadcrumb","itemListElement":[{"@type":"ListItem","position":1,"name":"START","item":"https:\/\/atreve.pl\/en\/"},{"@type":"ListItem","position":2,"name":"Drewniane","item":"https:\/\/atreve.pl\/en\/produkty\/drewniane\/"},{"@type":"ListItem","position":3,"name":"SHELLY SUPREME WOOD Swivel Chair"}]},{"@type":"WebSite","@id":"https:\/\/atreve.pl\/en\/#website","url":"https:\/\/atreve.pl\/en\/","name":"Atreve - usi\u0105d\u017a wygodnie, \u017cyj lepiej","description":"Rzemios\u0142o i jako\u015b\u0107 w ka\u017cdym detalu. Jeste\u015bmy polskim producentem mebli. Tworzymy r\u0119cznie, stawiaj\u0105c na trwa\u0142o\u015b\u0107, precyzj\u0119 i autorskie wzornictwo, kt\u00f3rego nie znajdziesz w masowych sieci\u00f3wkach. To meble na lata.","publisher":{"@id":"https:\/\/atreve.pl\/en\/#organization"},"potentialAction":[{"@type":"SearchAction","target":{"@type":"EntryPoint","urlTemplate":"https:\/\/atreve.pl\/en\/?s={search_term_string}"},"query-input":{"@type":"PropertyValueSpecification","valueRequired":true,"valueName":"search_term_string"}}],"inLanguage":"en-US"},{"@type":"Organization","@id":"https:\/\/atreve.pl\/en\/#organization","name":"Atreve - usi\u0105d\u017a wygodnie, \u017cyj lepiej","url":"https:\/\/atreve.pl\/en\/","logo":{"@type":"ImageObject","inLanguage":"en-US","@id":"https:\/\/atreve.pl\/en\/#\/schema\/logo\/image\/","url":"https:\/\/atreve.pl\/wp-content\/uploads\/2026\/03\/ATREVE-LOGO-CLAIM-POS-PANTONE7586-scaled.png","contentUrl":"https:\/\/atreve.pl\/wp-content\/uploads\/2026\/03\/ATREVE-LOGO-CLAIM-POS-PANTONE7586-scaled.png","width":2560,"height":894,"caption":"Atreve - usi\u0105d\u017a wygodnie, \u017cyj lepiej"},"image":{"@id":"https:\/\/atreve.pl\/en\/#\/schema\/logo\/image\/"}}]}},"_links":{"self":[{"href":"https:\/\/atreve.pl\/en\/wp-json\/wp\/v2\/product\/8850","targetHints":{"allow":["GET"]}}],"collection":[{"href":"https:\/\/atreve.pl\/en\/wp-json\/wp\/v2\/product"}],"about":[{"href":"https:\/\/atreve.pl\/en\/wp-json\/wp\/v2\/types\/product"}],"wp:featuredmedia":[{"embeddable":true,"href":"https:\/\/atreve.pl\/en\/wp-json\/wp\/v2\/media\/8851"}],"wp:attachment":[{"href":"https:\/\/atreve.pl\/en\/wp-json\/wp\/v2\/media?parent=8850"}],"wp:term":[{"taxonomy":"product_brand","embeddable":true,"href":"https:\/\/atreve.pl\/en\/wp-json\/wp\/v2\/product_brand?post=8850"},{"taxonomy":"product_cat","embeddable":true,"href":"https:\/\/atreve.pl\/en\/wp-json\/wp\/v2\/product_cat?post=8850"},{"taxonomy":"product_tag","embeddable":true,"href":"https:\/\/atreve.pl\/en\/wp-json\/wp\/v2\/product_tag?post=8850"}],"curies":[{"name":"wp","href":"https:\/\/api.w.org\/{rel}","templated":true}]}}