{"id":8899,"date":"2025-12-01T23:06:43","date_gmt":"2025-12-01T22:06:43","guid":{"rendered":"https:\/\/atreve.pl\/produkt\/lawka-baobab-140\/"},"modified":"2025-12-11T15:40:50","modified_gmt":"2025-12-11T14:40:50","slug":"lawka-baobab-140","status":"publish","type":"product","link":"https:\/\/atreve.pl\/en\/product\/lawka-baobab-140\/","title":{"rendered":"BAOBAB 140 Bench"},"content":{"rendered":"<p>AVAILABLE BASE FINISHES:<\/p>\n<p>_________________________________________________<\/p>\n<p>ADDITIONAL INFORMATION:<\/p>\n<p>Seat material: Foam + wavy springs<br \/>\nBase material:\u00a0Lacquered wood<br \/>\nBase functions:<br \/>\nAdditional features:<br \/>\n__________________________________________________<\/p>\n<p>LOGISTICAL DATA:<br \/>\nPackaging method: Furniture is packed in protective foil and cardboard<br \/>\nFurniture for self-assembly: NO<br \/>\nMax. number of packed pieces in a package: 1<br \/>\nNumber of packed pieces per pallet (80&#215;120) : 1<\/p>\n","protected":false},"excerpt":{"rendered":"<h2>BAOBAB Armchair<\/h2>\n<p>The <b>BAOBAB <\/b>140 cm bench is a combination of style, functionality, and comfort.<br \/>\nIt will perfectly fit into a hallway, bedroom, living room, or dining room,<br \/>\ngiving the space an elegant and cozy character.<br \/>\nThick upholstered elements guarantee softness and comfort during use. The wooden<br \/>\nbase adds naturalness, thus ensuring stability.<br \/>\n<b><br \/>\nBAOBAB \u2013 what makes it stand out?<\/b><br \/>\n\u2022 Personalization \u2013 choice of ideal fabric (color and structure) and leg finish<br \/>\n\u2022 Rounded shape of the seat and backrest<br \/>\n<b><br \/>\nFor whom?<\/b><br \/>\n\u2022 For lovers of original and modern arrangements<br \/>\n\u2022 For anyone looking for a nice and comfortable bench<\/p>\n<p>The bench in the illustrative photo was made in <b>Hartman 11 <\/b>fabric from Fabric Soul (group 4).<\/p>\n","protected":false},"featured_media":8900,"template":"","meta":{"_acf_changed":false},"product_brand":[],"product_cat":[878],"product_tag":[],"class_list":{"0":"post-8899","1":"product","2":"type-product","3":"status-publish","4":"has-post-thumbnail","6":"product_cat-armchairs","7":"pa_ean-765","9":"first","10":"instock","11":"purchasable","12":"product-type-simple"},"acf":[],"yoast_head":"<!-- This site is optimized with the Yoast SEO plugin v27.4 - https:\/\/yoast.com\/product\/yoast-seo-wordpress\/ -->\n<title>BAOBAB 140 Bench - Atreve - usi\u0105d\u017a wygodnie, \u017cyj lepiej<\/title>\n<meta name=\"robots\" content=\"index, follow, max-snippet:-1, max-image-preview:large, max-video-preview:-1\" \/>\n<link rel=\"canonical\" href=\"https:\/\/atreve.pl\/en\/product\/lawka-baobab-140\/\" \/>\n<meta property=\"og:locale\" content=\"en_US\" \/>\n<meta property=\"og:type\" content=\"article\" \/>\n<meta property=\"og:title\" content=\"BAOBAB 140 Bench - Atreve - usi\u0105d\u017a wygodnie, \u017cyj lepiej\" \/>\n<meta property=\"og:description\" content=\"BAOBAB Armchair The BAOBAB 140 cm bench is a combination of style, functionality, and comfort. It will perfectly fit into a hallway, bedroom, living room, or dining room, giving the space an elegant and cozy character. Thick upholstered elements guarantee softness and comfort during use. The wooden base adds naturalness, thus ensuring stability.  BAOBAB \u2013 what makes it stand out? \u2022 Personalization \u2013 choice of ideal fabric (color and structure) and leg finish \u2022 Rounded shape of the seat and backrest  For whom? \u2022 For lovers of original and modern arrangements \u2022 For anyone looking for a nice and comfortable bench  The bench in the illustrative photo was made in Hartman 11 fabric from Fabric Soul (group 4).\" \/>\n<meta property=\"og:url\" content=\"https:\/\/atreve.pl\/en\/product\/lawka-baobab-140\/\" \/>\n<meta property=\"og:site_name\" content=\"Atreve - usi\u0105d\u017a wygodnie, \u017cyj lepiej\" \/>\n<meta property=\"article:modified_time\" content=\"2025-12-11T14:40:50+00:00\" \/>\n<meta property=\"og:image\" content=\"https:\/\/atreve.pl\/wp-content\/uploads\/2025\/12\/baobbestgr1140p_1-e1765464039978.png\" \/>\n\t<meta property=\"og:image:width\" content=\"1919\" \/>\n\t<meta property=\"og:image:height\" content=\"1080\" \/>\n\t<meta property=\"og:image:type\" content=\"image\/png\" \/>\n<meta name=\"twitter:card\" content=\"summary_large_image\" \/>\n<meta name=\"twitter:label1\" content=\"Est. reading time\" \/>\n\t<meta name=\"twitter:data1\" content=\"1 minute\" \/>\n<script type=\"application\/ld+json\" class=\"yoast-schema-graph\">{\"@context\":\"https:\\\/\\\/schema.org\",\"@graph\":[{\"@type\":\"WebPage\",\"@id\":\"https:\\\/\\\/atreve.pl\\\/en\\\/product\\\/lawka-baobab-140\\\/\",\"url\":\"https:\\\/\\\/atreve.pl\\\/en\\\/product\\\/lawka-baobab-140\\\/\",\"name\":\"BAOBAB 140 Bench - Atreve - usi\u0105d\u017a wygodnie, \u017cyj lepiej\",\"isPartOf\":{\"@id\":\"https:\\\/\\\/atreve.pl\\\/en\\\/#website\"},\"primaryImageOfPage\":{\"@id\":\"https:\\\/\\\/atreve.pl\\\/en\\\/product\\\/lawka-baobab-140\\\/#primaryimage\"},\"image\":{\"@id\":\"https:\\\/\\\/atreve.pl\\\/en\\\/product\\\/lawka-baobab-140\\\/#primaryimage\"},\"thumbnailUrl\":\"https:\\\/\\\/atreve.pl\\\/wp-content\\\/uploads\\\/2025\\\/12\\\/baobbestgr1140p_1-e1765464039978.png\",\"datePublished\":\"2025-12-01T22:06:43+00:00\",\"dateModified\":\"2025-12-11T14:40:50+00:00\",\"breadcrumb\":{\"@id\":\"https:\\\/\\\/atreve.pl\\\/en\\\/product\\\/lawka-baobab-140\\\/#breadcrumb\"},\"inLanguage\":\"en-US\",\"potentialAction\":[{\"@type\":\"ReadAction\",\"target\":[\"https:\\\/\\\/atreve.pl\\\/en\\\/product\\\/lawka-baobab-140\\\/\"]}]},{\"@type\":\"ImageObject\",\"inLanguage\":\"en-US\",\"@id\":\"https:\\\/\\\/atreve.pl\\\/en\\\/product\\\/lawka-baobab-140\\\/#primaryimage\",\"url\":\"https:\\\/\\\/atreve.pl\\\/wp-content\\\/uploads\\\/2025\\\/12\\\/baobbestgr1140p_1-e1765464039978.png\",\"contentUrl\":\"https:\\\/\\\/atreve.pl\\\/wp-content\\\/uploads\\\/2025\\\/12\\\/baobbestgr1140p_1-e1765464039978.png\",\"width\":1919,\"height\":1080},{\"@type\":\"BreadcrumbList\",\"@id\":\"https:\\\/\\\/atreve.pl\\\/en\\\/product\\\/lawka-baobab-140\\\/#breadcrumb\",\"itemListElement\":[{\"@type\":\"ListItem\",\"position\":1,\"name\":\"START\",\"item\":\"https:\\\/\\\/atreve.pl\\\/en\\\/\"},{\"@type\":\"ListItem\",\"position\":2,\"name\":\"Armchairs\",\"item\":\"https:\\\/\\\/atreve.pl\\\/en\\\/produkty\\\/armchairs\\\/\"},{\"@type\":\"ListItem\",\"position\":3,\"name\":\"BAOBAB 140 Bench\"}]},{\"@type\":\"WebSite\",\"@id\":\"https:\\\/\\\/atreve.pl\\\/en\\\/#website\",\"url\":\"https:\\\/\\\/atreve.pl\\\/en\\\/\",\"name\":\"Atreve - usi\u0105d\u017a wygodnie, \u017cyj lepiej\",\"description\":\"Rzemios\u0142o i jako\u015b\u0107 w ka\u017cdym detalu. Jeste\u015bmy polskim producentem mebli. Tworzymy r\u0119cznie, stawiaj\u0105c na trwa\u0142o\u015b\u0107, precyzj\u0119 i autorskie wzornictwo, kt\u00f3rego nie znajdziesz w masowych sieci\u00f3wkach. To meble na lata.\",\"publisher\":{\"@id\":\"https:\\\/\\\/atreve.pl\\\/en\\\/#organization\"},\"potentialAction\":[{\"@type\":\"SearchAction\",\"target\":{\"@type\":\"EntryPoint\",\"urlTemplate\":\"https:\\\/\\\/atreve.pl\\\/en\\\/?s={search_term_string}\"},\"query-input\":{\"@type\":\"PropertyValueSpecification\",\"valueRequired\":true,\"valueName\":\"search_term_string\"}}],\"inLanguage\":\"en-US\"},{\"@type\":\"Organization\",\"@id\":\"https:\\\/\\\/atreve.pl\\\/en\\\/#organization\",\"name\":\"Atreve - usi\u0105d\u017a wygodnie, \u017cyj lepiej\",\"url\":\"https:\\\/\\\/atreve.pl\\\/en\\\/\",\"logo\":{\"@type\":\"ImageObject\",\"inLanguage\":\"en-US\",\"@id\":\"https:\\\/\\\/atreve.pl\\\/en\\\/#\\\/schema\\\/logo\\\/image\\\/\",\"url\":\"https:\\\/\\\/atreve.pl\\\/wp-content\\\/uploads\\\/2026\\\/03\\\/ATREVE-LOGO-CLAIM-POS-PANTONE7586-scaled.png\",\"contentUrl\":\"https:\\\/\\\/atreve.pl\\\/wp-content\\\/uploads\\\/2026\\\/03\\\/ATREVE-LOGO-CLAIM-POS-PANTONE7586-scaled.png\",\"width\":2560,\"height\":894,\"caption\":\"Atreve - usi\u0105d\u017a wygodnie, \u017cyj lepiej\"},\"image\":{\"@id\":\"https:\\\/\\\/atreve.pl\\\/en\\\/#\\\/schema\\\/logo\\\/image\\\/\"}}]}<\/script>\n<!-- \/ Yoast SEO plugin. -->","yoast_head_json":{"title":"BAOBAB 140 Bench - Atreve - usi\u0105d\u017a wygodnie, \u017cyj lepiej","robots":{"index":"index","follow":"follow","max-snippet":"max-snippet:-1","max-image-preview":"max-image-preview:large","max-video-preview":"max-video-preview:-1"},"canonical":"https:\/\/atreve.pl\/en\/product\/lawka-baobab-140\/","og_locale":"en_US","og_type":"article","og_title":"BAOBAB 140 Bench - Atreve - usi\u0105d\u017a wygodnie, \u017cyj lepiej","og_description":"BAOBAB Armchair The BAOBAB 140 cm bench is a combination of style, functionality, and comfort. It will perfectly fit into a hallway, bedroom, living room, or dining room, giving the space an elegant and cozy character. Thick upholstered elements guarantee softness and comfort during use. The wooden base adds naturalness, thus ensuring stability.  BAOBAB \u2013 what makes it stand out? \u2022 Personalization \u2013 choice of ideal fabric (color and structure) and leg finish \u2022 Rounded shape of the seat and backrest  For whom? \u2022 For lovers of original and modern arrangements \u2022 For anyone looking for a nice and comfortable bench  The bench in the illustrative photo was made in Hartman 11 fabric from Fabric Soul (group 4).","og_url":"https:\/\/atreve.pl\/en\/product\/lawka-baobab-140\/","og_site_name":"Atreve - usi\u0105d\u017a wygodnie, \u017cyj lepiej","article_modified_time":"2025-12-11T14:40:50+00:00","og_image":[{"width":1919,"height":1080,"url":"https:\/\/atreve.pl\/wp-content\/uploads\/2025\/12\/baobbestgr1140p_1-e1765464039978.png","type":"image\/png"}],"twitter_card":"summary_large_image","twitter_misc":{"Est. reading time":"1 minute"},"schema":{"@context":"https:\/\/schema.org","@graph":[{"@type":"WebPage","@id":"https:\/\/atreve.pl\/en\/product\/lawka-baobab-140\/","url":"https:\/\/atreve.pl\/en\/product\/lawka-baobab-140\/","name":"BAOBAB 140 Bench - Atreve - usi\u0105d\u017a wygodnie, \u017cyj lepiej","isPartOf":{"@id":"https:\/\/atreve.pl\/en\/#website"},"primaryImageOfPage":{"@id":"https:\/\/atreve.pl\/en\/product\/lawka-baobab-140\/#primaryimage"},"image":{"@id":"https:\/\/atreve.pl\/en\/product\/lawka-baobab-140\/#primaryimage"},"thumbnailUrl":"https:\/\/atreve.pl\/wp-content\/uploads\/2025\/12\/baobbestgr1140p_1-e1765464039978.png","datePublished":"2025-12-01T22:06:43+00:00","dateModified":"2025-12-11T14:40:50+00:00","breadcrumb":{"@id":"https:\/\/atreve.pl\/en\/product\/lawka-baobab-140\/#breadcrumb"},"inLanguage":"en-US","potentialAction":[{"@type":"ReadAction","target":["https:\/\/atreve.pl\/en\/product\/lawka-baobab-140\/"]}]},{"@type":"ImageObject","inLanguage":"en-US","@id":"https:\/\/atreve.pl\/en\/product\/lawka-baobab-140\/#primaryimage","url":"https:\/\/atreve.pl\/wp-content\/uploads\/2025\/12\/baobbestgr1140p_1-e1765464039978.png","contentUrl":"https:\/\/atreve.pl\/wp-content\/uploads\/2025\/12\/baobbestgr1140p_1-e1765464039978.png","width":1919,"height":1080},{"@type":"BreadcrumbList","@id":"https:\/\/atreve.pl\/en\/product\/lawka-baobab-140\/#breadcrumb","itemListElement":[{"@type":"ListItem","position":1,"name":"START","item":"https:\/\/atreve.pl\/en\/"},{"@type":"ListItem","position":2,"name":"Armchairs","item":"https:\/\/atreve.pl\/en\/produkty\/armchairs\/"},{"@type":"ListItem","position":3,"name":"BAOBAB 140 Bench"}]},{"@type":"WebSite","@id":"https:\/\/atreve.pl\/en\/#website","url":"https:\/\/atreve.pl\/en\/","name":"Atreve - usi\u0105d\u017a wygodnie, \u017cyj lepiej","description":"Rzemios\u0142o i jako\u015b\u0107 w ka\u017cdym detalu. Jeste\u015bmy polskim producentem mebli. Tworzymy r\u0119cznie, stawiaj\u0105c na trwa\u0142o\u015b\u0107, precyzj\u0119 i autorskie wzornictwo, kt\u00f3rego nie znajdziesz w masowych sieci\u00f3wkach. To meble na lata.","publisher":{"@id":"https:\/\/atreve.pl\/en\/#organization"},"potentialAction":[{"@type":"SearchAction","target":{"@type":"EntryPoint","urlTemplate":"https:\/\/atreve.pl\/en\/?s={search_term_string}"},"query-input":{"@type":"PropertyValueSpecification","valueRequired":true,"valueName":"search_term_string"}}],"inLanguage":"en-US"},{"@type":"Organization","@id":"https:\/\/atreve.pl\/en\/#organization","name":"Atreve - usi\u0105d\u017a wygodnie, \u017cyj lepiej","url":"https:\/\/atreve.pl\/en\/","logo":{"@type":"ImageObject","inLanguage":"en-US","@id":"https:\/\/atreve.pl\/en\/#\/schema\/logo\/image\/","url":"https:\/\/atreve.pl\/wp-content\/uploads\/2026\/03\/ATREVE-LOGO-CLAIM-POS-PANTONE7586-scaled.png","contentUrl":"https:\/\/atreve.pl\/wp-content\/uploads\/2026\/03\/ATREVE-LOGO-CLAIM-POS-PANTONE7586-scaled.png","width":2560,"height":894,"caption":"Atreve - usi\u0105d\u017a wygodnie, \u017cyj lepiej"},"image":{"@id":"https:\/\/atreve.pl\/en\/#\/schema\/logo\/image\/"}}]}},"_links":{"self":[{"href":"https:\/\/atreve.pl\/en\/wp-json\/wp\/v2\/product\/8899","targetHints":{"allow":["GET"]}}],"collection":[{"href":"https:\/\/atreve.pl\/en\/wp-json\/wp\/v2\/product"}],"about":[{"href":"https:\/\/atreve.pl\/en\/wp-json\/wp\/v2\/types\/product"}],"wp:featuredmedia":[{"embeddable":true,"href":"https:\/\/atreve.pl\/en\/wp-json\/wp\/v2\/media\/8900"}],"wp:attachment":[{"href":"https:\/\/atreve.pl\/en\/wp-json\/wp\/v2\/media?parent=8899"}],"wp:term":[{"taxonomy":"product_brand","embeddable":true,"href":"https:\/\/atreve.pl\/en\/wp-json\/wp\/v2\/product_brand?post=8899"},{"taxonomy":"product_cat","embeddable":true,"href":"https:\/\/atreve.pl\/en\/wp-json\/wp\/v2\/product_cat?post=8899"},{"taxonomy":"product_tag","embeddable":true,"href":"https:\/\/atreve.pl\/en\/wp-json\/wp\/v2\/product_tag?post=8899"}],"curies":[{"name":"wp","href":"https:\/\/api.w.org\/{rel}","templated":true}]}}