{"id":8909,"date":"2025-12-01T23:06:43","date_gmt":"2025-12-01T22:06:43","guid":{"rendered":"https:\/\/atreve.pl\/produkt\/krzeslo-assen\/"},"modified":"2025-12-11T15:43:34","modified_gmt":"2025-12-11T14:43:34","slug":"krzeslo-assen","status":"publish","type":"product","link":"https:\/\/atreve.pl\/en\/product\/krzeslo-assen\/","title":{"rendered":"ASSEN Chair"},"content":{"rendered":"<p>AVAILABLE BASE COLORS<\/p>\n<p>ADDITIONAL INFORMATION:<\/p>\n<p>Seat material: HR Foam, Pocket spring<br \/>\nBase material: Powder-coated steel<br \/>\nBase functions: Swivel<br \/>\nAdd-ons:<br \/>\n__________________________________________________<\/p>\n<p>LOGISTIC DATA:<br \/>\nPackaging method: Furniture is packed in protective foil and a cardboard box<br \/>\nFurniture for self-assembly: YES<br \/>\nMax. number of packed pcs in a parcel: 1<br \/>\nNumber of packed pcs per pallet (80&#215;120) : 2<br \/>\nPallet delivery cost : 180 PLN<\/p>\n<table>\n<tbody>\n<tr>\n<td colspan=\"6\">1 PIECE<\/td>\n<\/tr>\n<tr>\n<td>NUMBER OF CARTONS.<\/td>\n<td>SIDE A<\/td>\n<td>SIDE B<\/td>\n<td>SIDE C<\/td>\n<td>WEIGHT<\/td>\n<td>VOL.<\/td>\n<\/tr>\n<tr>\n<td>CARTON #1<\/td>\n<td>75cm<\/td>\n<td>65cm<\/td>\n<td>58cm<\/td>\n<td>25kg<\/td>\n<td>0,195<\/td>\n<\/tr>\n<\/tbody>\n<\/table>\n","protected":false},"excerpt":{"rendered":"<h2>ASSEN Chair<\/h2>\n<p><b>ASSEN<\/b> is a chair that stands out from other furniture. Its rich<br \/>\ndesign makes it look incredibly luxurious. It will perfectly fit into<br \/>\nrooms such as an office, dressing room, living room, or conference hall.<br \/>\nThe high, contoured backrest comprehensively supports the back, and the seat with technology<br \/>\npocket spring perfectly adapts to the user&#8217;s body, guaranteeing<br \/>\nincomparable comfort. The swivel leg significantly increases functionality,<br \/>\nmaking daily activities much more pleasant and easier.<br \/>\n<b><br \/>\nWhat makes it unique?<\/b><br \/>\n\u2022\u00a0Personalization &#8211; choice of the ideal fabric (color and structure) and<br \/>\nleg finish<br \/>\n\u2022 Prestigious look \u2013 a stylish addition to your interior<br \/>\n\u2022 Swivel leg<br \/>\n<b><br \/>\nASSEN \u2013 for whom?<\/b><br \/>\n\u2022 For lovers of luxurious arrangements<br \/>\n\u2022 For anyone who values personalization options<br \/>\n\u2022 For those looking for a beautiful and practical chair<br \/>\nThe swivel chair in the illustrative photo was made in <b>Staunch 6<\/b> fabric with Fibreguard (group 5).<br \/>\n<b><br \/>\nThe product enjoys great interest \u2013 order now!<\/b><\/p>\n","protected":false},"featured_media":8910,"template":"","meta":{"_acf_changed":false},"product_brand":[],"product_cat":[1253,1250,880,881],"product_tag":[],"class_list":{"0":"post-8909","1":"product","2":"type-product","3":"status-publish","4":"has-post-thumbnail","6":"product_cat-nogi-metalowe","7":"product_cat-obrotowe","8":"product_cat-swivel-chairs","9":"product_cat-living-room-chairs","10":"pa_ean-772","12":"first","13":"instock","14":"purchasable","15":"product-type-simple"},"acf":[],"yoast_head":"<!-- This site is optimized with the Yoast SEO plugin v27.4 - https:\/\/yoast.com\/product\/yoast-seo-wordpress\/ -->\n<title>ASSEN Chair - Atreve - usi\u0105d\u017a wygodnie, \u017cyj lepiej<\/title>\n<meta name=\"robots\" content=\"index, follow, max-snippet:-1, max-image-preview:large, max-video-preview:-1\" \/>\n<link rel=\"canonical\" href=\"https:\/\/atreve.pl\/en\/product\/krzeslo-assen\/\" \/>\n<meta property=\"og:locale\" content=\"en_US\" \/>\n<meta property=\"og:type\" content=\"article\" \/>\n<meta property=\"og:title\" content=\"ASSEN Chair - Atreve - usi\u0105d\u017a wygodnie, \u017cyj lepiej\" \/>\n<meta property=\"og:description\" content=\"ASSEN Chair ASSEN is a chair that stands out from other furniture. Its rich design makes it look incredibly luxurious. It will perfectly fit into rooms such as an office, dressing room, living room, or conference hall. The high, contoured backrest comprehensively supports the back, and the seat with technology pocket spring perfectly adapts to the user&#039;s body, guaranteeing incomparable comfort. The swivel leg significantly increases functionality, making daily activities much more pleasant and easier.  What makes it unique? \u2022\u00a0Personalization - choice of the ideal fabric (color and structure) and leg finish \u2022 Prestigious look \u2013 a stylish addition to your interior \u2022 Swivel leg  ASSEN \u2013 for whom? \u2022 For lovers of luxurious arrangements \u2022 For anyone who values personalization options \u2022 For those looking for a beautiful and practical chair The swivel chair in the illustrative photo was made in Staunch 6 fabric with Fibreguard (group 5).  The product enjoys great interest \u2013 order now!\" \/>\n<meta property=\"og:url\" content=\"https:\/\/atreve.pl\/en\/product\/krzeslo-assen\/\" \/>\n<meta property=\"og:site_name\" content=\"Atreve - usi\u0105d\u017a wygodnie, \u017cyj lepiej\" \/>\n<meta property=\"article:modified_time\" content=\"2025-12-11T14:43:34+00:00\" \/>\n<meta property=\"og:image\" content=\"https:\/\/atreve.pl\/wp-content\/uploads\/2025\/12\/assechstgr1xxxp_1-e1765464204673.png\" \/>\n\t<meta property=\"og:image:width\" content=\"1080\" \/>\n\t<meta property=\"og:image:height\" content=\"1080\" \/>\n\t<meta property=\"og:image:type\" content=\"image\/png\" \/>\n<meta name=\"twitter:card\" content=\"summary_large_image\" \/>\n<meta name=\"twitter:label1\" content=\"Est. reading time\" \/>\n\t<meta name=\"twitter:data1\" content=\"1 minute\" \/>\n<script type=\"application\/ld+json\" class=\"yoast-schema-graph\">{\"@context\":\"https:\\\/\\\/schema.org\",\"@graph\":[{\"@type\":\"WebPage\",\"@id\":\"https:\\\/\\\/atreve.pl\\\/en\\\/product\\\/krzeslo-assen\\\/\",\"url\":\"https:\\\/\\\/atreve.pl\\\/en\\\/product\\\/krzeslo-assen\\\/\",\"name\":\"ASSEN Chair - Atreve - usi\u0105d\u017a wygodnie, \u017cyj lepiej\",\"isPartOf\":{\"@id\":\"https:\\\/\\\/atreve.pl\\\/en\\\/#website\"},\"primaryImageOfPage\":{\"@id\":\"https:\\\/\\\/atreve.pl\\\/en\\\/product\\\/krzeslo-assen\\\/#primaryimage\"},\"image\":{\"@id\":\"https:\\\/\\\/atreve.pl\\\/en\\\/product\\\/krzeslo-assen\\\/#primaryimage\"},\"thumbnailUrl\":\"https:\\\/\\\/atreve.pl\\\/wp-content\\\/uploads\\\/2025\\\/12\\\/assechstgr1xxxp_1-e1765464204673.png\",\"datePublished\":\"2025-12-01T22:06:43+00:00\",\"dateModified\":\"2025-12-11T14:43:34+00:00\",\"breadcrumb\":{\"@id\":\"https:\\\/\\\/atreve.pl\\\/en\\\/product\\\/krzeslo-assen\\\/#breadcrumb\"},\"inLanguage\":\"en-US\",\"potentialAction\":[{\"@type\":\"ReadAction\",\"target\":[\"https:\\\/\\\/atreve.pl\\\/en\\\/product\\\/krzeslo-assen\\\/\"]}]},{\"@type\":\"ImageObject\",\"inLanguage\":\"en-US\",\"@id\":\"https:\\\/\\\/atreve.pl\\\/en\\\/product\\\/krzeslo-assen\\\/#primaryimage\",\"url\":\"https:\\\/\\\/atreve.pl\\\/wp-content\\\/uploads\\\/2025\\\/12\\\/assechstgr1xxxp_1-e1765464204673.png\",\"contentUrl\":\"https:\\\/\\\/atreve.pl\\\/wp-content\\\/uploads\\\/2025\\\/12\\\/assechstgr1xxxp_1-e1765464204673.png\",\"width\":1080,\"height\":1080},{\"@type\":\"BreadcrumbList\",\"@id\":\"https:\\\/\\\/atreve.pl\\\/en\\\/product\\\/krzeslo-assen\\\/#breadcrumb\",\"itemListElement\":[{\"@type\":\"ListItem\",\"position\":1,\"name\":\"START\",\"item\":\"https:\\\/\\\/atreve.pl\\\/en\\\/\"},{\"@type\":\"ListItem\",\"position\":2,\"name\":\"Nogi metalowe\",\"item\":\"https:\\\/\\\/atreve.pl\\\/en\\\/produkty\\\/nogi-metalowe\\\/\"},{\"@type\":\"ListItem\",\"position\":3,\"name\":\"ASSEN Chair\"}]},{\"@type\":\"WebSite\",\"@id\":\"https:\\\/\\\/atreve.pl\\\/en\\\/#website\",\"url\":\"https:\\\/\\\/atreve.pl\\\/en\\\/\",\"name\":\"Atreve - usi\u0105d\u017a wygodnie, \u017cyj lepiej\",\"description\":\"Rzemios\u0142o i jako\u015b\u0107 w ka\u017cdym detalu. Jeste\u015bmy polskim producentem mebli. Tworzymy r\u0119cznie, stawiaj\u0105c na trwa\u0142o\u015b\u0107, precyzj\u0119 i autorskie wzornictwo, kt\u00f3rego nie znajdziesz w masowych sieci\u00f3wkach. To meble na lata.\",\"publisher\":{\"@id\":\"https:\\\/\\\/atreve.pl\\\/en\\\/#organization\"},\"potentialAction\":[{\"@type\":\"SearchAction\",\"target\":{\"@type\":\"EntryPoint\",\"urlTemplate\":\"https:\\\/\\\/atreve.pl\\\/en\\\/?s={search_term_string}\"},\"query-input\":{\"@type\":\"PropertyValueSpecification\",\"valueRequired\":true,\"valueName\":\"search_term_string\"}}],\"inLanguage\":\"en-US\"},{\"@type\":\"Organization\",\"@id\":\"https:\\\/\\\/atreve.pl\\\/en\\\/#organization\",\"name\":\"Atreve - usi\u0105d\u017a wygodnie, \u017cyj lepiej\",\"url\":\"https:\\\/\\\/atreve.pl\\\/en\\\/\",\"logo\":{\"@type\":\"ImageObject\",\"inLanguage\":\"en-US\",\"@id\":\"https:\\\/\\\/atreve.pl\\\/en\\\/#\\\/schema\\\/logo\\\/image\\\/\",\"url\":\"https:\\\/\\\/atreve.pl\\\/wp-content\\\/uploads\\\/2026\\\/03\\\/ATREVE-LOGO-CLAIM-POS-PANTONE7586-scaled.png\",\"contentUrl\":\"https:\\\/\\\/atreve.pl\\\/wp-content\\\/uploads\\\/2026\\\/03\\\/ATREVE-LOGO-CLAIM-POS-PANTONE7586-scaled.png\",\"width\":2560,\"height\":894,\"caption\":\"Atreve - usi\u0105d\u017a wygodnie, \u017cyj lepiej\"},\"image\":{\"@id\":\"https:\\\/\\\/atreve.pl\\\/en\\\/#\\\/schema\\\/logo\\\/image\\\/\"}}]}<\/script>\n<!-- \/ Yoast SEO plugin. -->","yoast_head_json":{"title":"ASSEN Chair - Atreve - usi\u0105d\u017a wygodnie, \u017cyj lepiej","robots":{"index":"index","follow":"follow","max-snippet":"max-snippet:-1","max-image-preview":"max-image-preview:large","max-video-preview":"max-video-preview:-1"},"canonical":"https:\/\/atreve.pl\/en\/product\/krzeslo-assen\/","og_locale":"en_US","og_type":"article","og_title":"ASSEN Chair - Atreve - usi\u0105d\u017a wygodnie, \u017cyj lepiej","og_description":"ASSEN Chair ASSEN is a chair that stands out from other furniture. Its rich design makes it look incredibly luxurious. It will perfectly fit into rooms such as an office, dressing room, living room, or conference hall. The high, contoured backrest comprehensively supports the back, and the seat with technology pocket spring perfectly adapts to the user's body, guaranteeing incomparable comfort. The swivel leg significantly increases functionality, making daily activities much more pleasant and easier.  What makes it unique? \u2022\u00a0Personalization - choice of the ideal fabric (color and structure) and leg finish \u2022 Prestigious look \u2013 a stylish addition to your interior \u2022 Swivel leg  ASSEN \u2013 for whom? \u2022 For lovers of luxurious arrangements \u2022 For anyone who values personalization options \u2022 For those looking for a beautiful and practical chair The swivel chair in the illustrative photo was made in Staunch 6 fabric with Fibreguard (group 5).  The product enjoys great interest \u2013 order now!","og_url":"https:\/\/atreve.pl\/en\/product\/krzeslo-assen\/","og_site_name":"Atreve - usi\u0105d\u017a wygodnie, \u017cyj lepiej","article_modified_time":"2025-12-11T14:43:34+00:00","og_image":[{"width":1080,"height":1080,"url":"https:\/\/atreve.pl\/wp-content\/uploads\/2025\/12\/assechstgr1xxxp_1-e1765464204673.png","type":"image\/png"}],"twitter_card":"summary_large_image","twitter_misc":{"Est. reading time":"1 minute"},"schema":{"@context":"https:\/\/schema.org","@graph":[{"@type":"WebPage","@id":"https:\/\/atreve.pl\/en\/product\/krzeslo-assen\/","url":"https:\/\/atreve.pl\/en\/product\/krzeslo-assen\/","name":"ASSEN Chair - Atreve - usi\u0105d\u017a wygodnie, \u017cyj lepiej","isPartOf":{"@id":"https:\/\/atreve.pl\/en\/#website"},"primaryImageOfPage":{"@id":"https:\/\/atreve.pl\/en\/product\/krzeslo-assen\/#primaryimage"},"image":{"@id":"https:\/\/atreve.pl\/en\/product\/krzeslo-assen\/#primaryimage"},"thumbnailUrl":"https:\/\/atreve.pl\/wp-content\/uploads\/2025\/12\/assechstgr1xxxp_1-e1765464204673.png","datePublished":"2025-12-01T22:06:43+00:00","dateModified":"2025-12-11T14:43:34+00:00","breadcrumb":{"@id":"https:\/\/atreve.pl\/en\/product\/krzeslo-assen\/#breadcrumb"},"inLanguage":"en-US","potentialAction":[{"@type":"ReadAction","target":["https:\/\/atreve.pl\/en\/product\/krzeslo-assen\/"]}]},{"@type":"ImageObject","inLanguage":"en-US","@id":"https:\/\/atreve.pl\/en\/product\/krzeslo-assen\/#primaryimage","url":"https:\/\/atreve.pl\/wp-content\/uploads\/2025\/12\/assechstgr1xxxp_1-e1765464204673.png","contentUrl":"https:\/\/atreve.pl\/wp-content\/uploads\/2025\/12\/assechstgr1xxxp_1-e1765464204673.png","width":1080,"height":1080},{"@type":"BreadcrumbList","@id":"https:\/\/atreve.pl\/en\/product\/krzeslo-assen\/#breadcrumb","itemListElement":[{"@type":"ListItem","position":1,"name":"START","item":"https:\/\/atreve.pl\/en\/"},{"@type":"ListItem","position":2,"name":"Nogi metalowe","item":"https:\/\/atreve.pl\/en\/produkty\/nogi-metalowe\/"},{"@type":"ListItem","position":3,"name":"ASSEN Chair"}]},{"@type":"WebSite","@id":"https:\/\/atreve.pl\/en\/#website","url":"https:\/\/atreve.pl\/en\/","name":"Atreve - usi\u0105d\u017a wygodnie, \u017cyj lepiej","description":"Rzemios\u0142o i jako\u015b\u0107 w ka\u017cdym detalu. Jeste\u015bmy polskim producentem mebli. Tworzymy r\u0119cznie, stawiaj\u0105c na trwa\u0142o\u015b\u0107, precyzj\u0119 i autorskie wzornictwo, kt\u00f3rego nie znajdziesz w masowych sieci\u00f3wkach. To meble na lata.","publisher":{"@id":"https:\/\/atreve.pl\/en\/#organization"},"potentialAction":[{"@type":"SearchAction","target":{"@type":"EntryPoint","urlTemplate":"https:\/\/atreve.pl\/en\/?s={search_term_string}"},"query-input":{"@type":"PropertyValueSpecification","valueRequired":true,"valueName":"search_term_string"}}],"inLanguage":"en-US"},{"@type":"Organization","@id":"https:\/\/atreve.pl\/en\/#organization","name":"Atreve - usi\u0105d\u017a wygodnie, \u017cyj lepiej","url":"https:\/\/atreve.pl\/en\/","logo":{"@type":"ImageObject","inLanguage":"en-US","@id":"https:\/\/atreve.pl\/en\/#\/schema\/logo\/image\/","url":"https:\/\/atreve.pl\/wp-content\/uploads\/2026\/03\/ATREVE-LOGO-CLAIM-POS-PANTONE7586-scaled.png","contentUrl":"https:\/\/atreve.pl\/wp-content\/uploads\/2026\/03\/ATREVE-LOGO-CLAIM-POS-PANTONE7586-scaled.png","width":2560,"height":894,"caption":"Atreve - usi\u0105d\u017a wygodnie, \u017cyj lepiej"},"image":{"@id":"https:\/\/atreve.pl\/en\/#\/schema\/logo\/image\/"}}]}},"_links":{"self":[{"href":"https:\/\/atreve.pl\/en\/wp-json\/wp\/v2\/product\/8909","targetHints":{"allow":["GET"]}}],"collection":[{"href":"https:\/\/atreve.pl\/en\/wp-json\/wp\/v2\/product"}],"about":[{"href":"https:\/\/atreve.pl\/en\/wp-json\/wp\/v2\/types\/product"}],"wp:featuredmedia":[{"embeddable":true,"href":"https:\/\/atreve.pl\/en\/wp-json\/wp\/v2\/media\/8910"}],"wp:attachment":[{"href":"https:\/\/atreve.pl\/en\/wp-json\/wp\/v2\/media?parent=8909"}],"wp:term":[{"taxonomy":"product_brand","embeddable":true,"href":"https:\/\/atreve.pl\/en\/wp-json\/wp\/v2\/product_brand?post=8909"},{"taxonomy":"product_cat","embeddable":true,"href":"https:\/\/atreve.pl\/en\/wp-json\/wp\/v2\/product_cat?post=8909"},{"taxonomy":"product_tag","embeddable":true,"href":"https:\/\/atreve.pl\/en\/wp-json\/wp\/v2\/product_tag?post=8909"}],"curies":[{"name":"wp","href":"https:\/\/api.w.org\/{rel}","templated":true}]}}