{"id":8913,"date":"2025-12-01T23:06:19","date_gmt":"2025-12-01T22:06:19","guid":{"rendered":"https:\/\/atreve.pl\/produkt\/hoker-shelly-supreme-wood-m-60cm\/"},"modified":"2025-12-15T12:40:19","modified_gmt":"2025-12-15T11:40:19","slug":"hoker-shelly-supreme-wood-m-60cm","status":"publish","type":"product","link":"https:\/\/atreve.pl\/en\/product\/hoker-shelly-supreme-wood-m-60cm\/","title":{"rendered":"Bar Stool SHELLY SUPREME WOOD M (60cm)"},"content":{"rendered":"<p>AVAILABLE BASE COLOR:<br \/>\n__________________________________________________<\/p>\n<p>ADDITIONAL INFORMATION:<\/p>\n<p>Seat material:\u00a0Foam, Pocket Spring<br \/>\nBase material:\u00a0Wood<br \/>\nBase functions:<br \/>\nAccessories:<br \/>\n__________________________________________________<\/p>\n<p>LOGISTIC DATA:<br \/>\nPackaging method: Furniture is packed in protective film and cardboard<br \/>\nFurniture for self-assembly:\u00a0YES<br \/>\nMax. number of packed pieces per package:\u00a0&#8211;<\/p>\n","protected":false},"excerpt":{"rendered":"<p><b>SHELLY Wood <\/b>is a bar stool that was created with harmony of style and functionality in mind. Its sophisticated, yet subtle look makes it perfectly complement various interior arrangements.<br \/>\nThe profiled backrest, styled like a shell, comprehensively supports the back. The seat, equipped with pocket springs, individually adapts to the user&#8217;s body shape, providing incomparable comfort. The wooden leg provides stability and durability.<br \/>\nWhat makes it special?<br \/>\n\u2022\u00a0Personalization &#8211;\u00a0choice of ideal fabric (color and structure) and leg finish<br \/>\n\u2022\u00a0Minimalist look \u2013 lightness and decoration for your interior<br \/>\n\u2022 Footrest<br \/>\n<b><br \/>\nSHELLY Wood \u2013 for whom?<\/b><br \/>\n\u2022\u00a0For those looking for beautiful and functional bar stools<br \/>\n\u2022\u00a0For enthusiasts of elegant solutions<br \/>\n\u2022\u00a0For everyone who values the possibility of personalization<br \/>\n<b><br \/>\nThe product enjoys great interest \u2013 order now !<\/b><\/p>\n","protected":false},"featured_media":10585,"template":"","meta":{"_acf_changed":false},"product_brand":[],"product_cat":[879],"product_tag":[],"class_list":{"0":"post-8913","1":"product","2":"type-product","3":"status-publish","4":"has-post-thumbnail","6":"product_cat-kitchen-island-stools","7":"pa_ean-714","9":"first","10":"instock","11":"purchasable","12":"product-type-simple"},"acf":[],"yoast_head":"<!-- This site is optimized with the Yoast SEO plugin v27.5 - https:\/\/yoast.com\/product\/yoast-seo-wordpress\/ -->\n<title>Bar Stool SHELLY SUPREME WOOD M (60cm) - Atreve - usi\u0105d\u017a wygodnie, \u017cyj lepiej<\/title>\n<meta name=\"robots\" content=\"index, follow, max-snippet:-1, max-image-preview:large, max-video-preview:-1\" \/>\n<link rel=\"canonical\" href=\"https:\/\/atreve.pl\/en\/product\/hoker-shelly-supreme-wood-m-60cm\/\" \/>\n<meta property=\"og:locale\" content=\"en_US\" \/>\n<meta property=\"og:type\" content=\"article\" \/>\n<meta property=\"og:title\" content=\"Bar Stool SHELLY SUPREME WOOD M (60cm) - Atreve - usi\u0105d\u017a wygodnie, \u017cyj lepiej\" \/>\n<meta property=\"og:description\" content=\"SHELLY Wood is a bar stool that was created with harmony of style and functionality in mind. Its sophisticated, yet subtle look makes it perfectly complement various interior arrangements. The profiled backrest, styled like a shell, comprehensively supports the back. The seat, equipped with pocket springs, individually adapts to the user&#039;s body shape, providing incomparable comfort. The wooden leg provides stability and durability. What makes it special? \u2022\u00a0Personalization -\u00a0choice of ideal fabric (color and structure) and leg finish \u2022\u00a0Minimalist look \u2013 lightness and decoration for your interior \u2022 Footrest  SHELLY Wood \u2013 for whom? \u2022\u00a0For those looking for beautiful and functional bar stools \u2022\u00a0For enthusiasts of elegant solutions \u2022\u00a0For everyone who values the possibility of personalization  The product enjoys great interest \u2013 order now !\" \/>\n<meta property=\"og:url\" content=\"https:\/\/atreve.pl\/en\/product\/hoker-shelly-supreme-wood-m-60cm\/\" \/>\n<meta property=\"og:site_name\" content=\"Atreve - usi\u0105d\u017a wygodnie, \u017cyj lepiej\" \/>\n<meta property=\"article:modified_time\" content=\"2025-12-15T11:40:19+00:00\" \/>\n<meta property=\"og:image\" content=\"https:\/\/atreve.pl\/wp-content\/uploads\/2025\/12\/Atreve_shelly_supreme_wood_1-rotated.jpg\" \/>\n\t<meta property=\"og:image:width\" content=\"1000\" \/>\n\t<meta property=\"og:image:height\" content=\"1000\" \/>\n\t<meta property=\"og:image:type\" content=\"image\/jpeg\" \/>\n<meta name=\"twitter:card\" content=\"summary_large_image\" \/>\n<meta name=\"twitter:label1\" content=\"Est. reading time\" \/>\n\t<meta name=\"twitter:data1\" content=\"1 minute\" \/>\n<script type=\"application\/ld+json\" class=\"yoast-schema-graph\">{\"@context\":\"https:\\\/\\\/schema.org\",\"@graph\":[{\"@type\":\"WebPage\",\"@id\":\"https:\\\/\\\/atreve.pl\\\/en\\\/product\\\/hoker-shelly-supreme-wood-m-60cm\\\/\",\"url\":\"https:\\\/\\\/atreve.pl\\\/en\\\/product\\\/hoker-shelly-supreme-wood-m-60cm\\\/\",\"name\":\"Bar Stool SHELLY SUPREME WOOD M (60cm) - Atreve - usi\u0105d\u017a wygodnie, \u017cyj lepiej\",\"isPartOf\":{\"@id\":\"https:\\\/\\\/atreve.pl\\\/en\\\/#website\"},\"primaryImageOfPage\":{\"@id\":\"https:\\\/\\\/atreve.pl\\\/en\\\/product\\\/hoker-shelly-supreme-wood-m-60cm\\\/#primaryimage\"},\"image\":{\"@id\":\"https:\\\/\\\/atreve.pl\\\/en\\\/product\\\/hoker-shelly-supreme-wood-m-60cm\\\/#primaryimage\"},\"thumbnailUrl\":\"https:\\\/\\\/atreve.pl\\\/wp-content\\\/uploads\\\/2025\\\/12\\\/Atreve_shelly_supreme_wood_1-rotated.jpg\",\"datePublished\":\"2025-12-01T22:06:19+00:00\",\"dateModified\":\"2025-12-15T11:40:19+00:00\",\"breadcrumb\":{\"@id\":\"https:\\\/\\\/atreve.pl\\\/en\\\/product\\\/hoker-shelly-supreme-wood-m-60cm\\\/#breadcrumb\"},\"inLanguage\":\"en-US\",\"potentialAction\":[{\"@type\":\"ReadAction\",\"target\":[\"https:\\\/\\\/atreve.pl\\\/en\\\/product\\\/hoker-shelly-supreme-wood-m-60cm\\\/\"]}]},{\"@type\":\"ImageObject\",\"inLanguage\":\"en-US\",\"@id\":\"https:\\\/\\\/atreve.pl\\\/en\\\/product\\\/hoker-shelly-supreme-wood-m-60cm\\\/#primaryimage\",\"url\":\"https:\\\/\\\/atreve.pl\\\/wp-content\\\/uploads\\\/2025\\\/12\\\/Atreve_shelly_supreme_wood_1-rotated.jpg\",\"contentUrl\":\"https:\\\/\\\/atreve.pl\\\/wp-content\\\/uploads\\\/2025\\\/12\\\/Atreve_shelly_supreme_wood_1-rotated.jpg\",\"width\":1000,\"height\":1000},{\"@type\":\"BreadcrumbList\",\"@id\":\"https:\\\/\\\/atreve.pl\\\/en\\\/product\\\/hoker-shelly-supreme-wood-m-60cm\\\/#breadcrumb\",\"itemListElement\":[{\"@type\":\"ListItem\",\"position\":1,\"name\":\"START\",\"item\":\"https:\\\/\\\/atreve.pl\\\/en\\\/\"},{\"@type\":\"ListItem\",\"position\":2,\"name\":\"Bar Stools\",\"item\":\"https:\\\/\\\/atreve.pl\\\/en\\\/produkty\\\/kitchen-island-stools\\\/\"},{\"@type\":\"ListItem\",\"position\":3,\"name\":\"Bar Stool SHELLY SUPREME WOOD M (60cm)\"}]},{\"@type\":\"WebSite\",\"@id\":\"https:\\\/\\\/atreve.pl\\\/en\\\/#website\",\"url\":\"https:\\\/\\\/atreve.pl\\\/en\\\/\",\"name\":\"Atreve - usi\u0105d\u017a wygodnie, \u017cyj lepiej\",\"description\":\"Rzemios\u0142o i jako\u015b\u0107 w ka\u017cdym detalu. Jeste\u015bmy polskim producentem mebli. Tworzymy r\u0119cznie, stawiaj\u0105c na trwa\u0142o\u015b\u0107, precyzj\u0119 i autorskie wzornictwo, kt\u00f3rego nie znajdziesz w masowych sieci\u00f3wkach. To meble na lata.\",\"publisher\":{\"@id\":\"https:\\\/\\\/atreve.pl\\\/en\\\/#organization\"},\"potentialAction\":[{\"@type\":\"SearchAction\",\"target\":{\"@type\":\"EntryPoint\",\"urlTemplate\":\"https:\\\/\\\/atreve.pl\\\/en\\\/?s={search_term_string}\"},\"query-input\":{\"@type\":\"PropertyValueSpecification\",\"valueRequired\":true,\"valueName\":\"search_term_string\"}}],\"inLanguage\":\"en-US\"},{\"@type\":\"Organization\",\"@id\":\"https:\\\/\\\/atreve.pl\\\/en\\\/#organization\",\"name\":\"Atreve - usi\u0105d\u017a wygodnie, \u017cyj lepiej\",\"url\":\"https:\\\/\\\/atreve.pl\\\/en\\\/\",\"logo\":{\"@type\":\"ImageObject\",\"inLanguage\":\"en-US\",\"@id\":\"https:\\\/\\\/atreve.pl\\\/en\\\/#\\\/schema\\\/logo\\\/image\\\/\",\"url\":\"https:\\\/\\\/atreve.pl\\\/wp-content\\\/uploads\\\/2026\\\/03\\\/ATREVE-LOGO-CLAIM-POS-PANTONE7586-scaled.png\",\"contentUrl\":\"https:\\\/\\\/atreve.pl\\\/wp-content\\\/uploads\\\/2026\\\/03\\\/ATREVE-LOGO-CLAIM-POS-PANTONE7586-scaled.png\",\"width\":2560,\"height\":894,\"caption\":\"Atreve - usi\u0105d\u017a wygodnie, \u017cyj lepiej\"},\"image\":{\"@id\":\"https:\\\/\\\/atreve.pl\\\/en\\\/#\\\/schema\\\/logo\\\/image\\\/\"}}]}<\/script>\n<!-- \/ Yoast SEO plugin. -->","yoast_head_json":{"title":"Bar Stool SHELLY SUPREME WOOD M (60cm) - Atreve - usi\u0105d\u017a wygodnie, \u017cyj lepiej","robots":{"index":"index","follow":"follow","max-snippet":"max-snippet:-1","max-image-preview":"max-image-preview:large","max-video-preview":"max-video-preview:-1"},"canonical":"https:\/\/atreve.pl\/en\/product\/hoker-shelly-supreme-wood-m-60cm\/","og_locale":"en_US","og_type":"article","og_title":"Bar Stool SHELLY SUPREME WOOD M (60cm) - Atreve - usi\u0105d\u017a wygodnie, \u017cyj lepiej","og_description":"SHELLY Wood is a bar stool that was created with harmony of style and functionality in mind. Its sophisticated, yet subtle look makes it perfectly complement various interior arrangements. The profiled backrest, styled like a shell, comprehensively supports the back. The seat, equipped with pocket springs, individually adapts to the user's body shape, providing incomparable comfort. The wooden leg provides stability and durability. What makes it special? \u2022\u00a0Personalization -\u00a0choice of ideal fabric (color and structure) and leg finish \u2022\u00a0Minimalist look \u2013 lightness and decoration for your interior \u2022 Footrest  SHELLY Wood \u2013 for whom? \u2022\u00a0For those looking for beautiful and functional bar stools \u2022\u00a0For enthusiasts of elegant solutions \u2022\u00a0For everyone who values the possibility of personalization  The product enjoys great interest \u2013 order now !","og_url":"https:\/\/atreve.pl\/en\/product\/hoker-shelly-supreme-wood-m-60cm\/","og_site_name":"Atreve - usi\u0105d\u017a wygodnie, \u017cyj lepiej","article_modified_time":"2025-12-15T11:40:19+00:00","og_image":[{"width":1000,"height":1000,"url":"https:\/\/atreve.pl\/wp-content\/uploads\/2025\/12\/Atreve_shelly_supreme_wood_1-rotated.jpg","type":"image\/jpeg"}],"twitter_card":"summary_large_image","twitter_misc":{"Est. reading time":"1 minute"},"schema":{"@context":"https:\/\/schema.org","@graph":[{"@type":"WebPage","@id":"https:\/\/atreve.pl\/en\/product\/hoker-shelly-supreme-wood-m-60cm\/","url":"https:\/\/atreve.pl\/en\/product\/hoker-shelly-supreme-wood-m-60cm\/","name":"Bar Stool SHELLY SUPREME WOOD M (60cm) - Atreve - usi\u0105d\u017a wygodnie, \u017cyj lepiej","isPartOf":{"@id":"https:\/\/atreve.pl\/en\/#website"},"primaryImageOfPage":{"@id":"https:\/\/atreve.pl\/en\/product\/hoker-shelly-supreme-wood-m-60cm\/#primaryimage"},"image":{"@id":"https:\/\/atreve.pl\/en\/product\/hoker-shelly-supreme-wood-m-60cm\/#primaryimage"},"thumbnailUrl":"https:\/\/atreve.pl\/wp-content\/uploads\/2025\/12\/Atreve_shelly_supreme_wood_1-rotated.jpg","datePublished":"2025-12-01T22:06:19+00:00","dateModified":"2025-12-15T11:40:19+00:00","breadcrumb":{"@id":"https:\/\/atreve.pl\/en\/product\/hoker-shelly-supreme-wood-m-60cm\/#breadcrumb"},"inLanguage":"en-US","potentialAction":[{"@type":"ReadAction","target":["https:\/\/atreve.pl\/en\/product\/hoker-shelly-supreme-wood-m-60cm\/"]}]},{"@type":"ImageObject","inLanguage":"en-US","@id":"https:\/\/atreve.pl\/en\/product\/hoker-shelly-supreme-wood-m-60cm\/#primaryimage","url":"https:\/\/atreve.pl\/wp-content\/uploads\/2025\/12\/Atreve_shelly_supreme_wood_1-rotated.jpg","contentUrl":"https:\/\/atreve.pl\/wp-content\/uploads\/2025\/12\/Atreve_shelly_supreme_wood_1-rotated.jpg","width":1000,"height":1000},{"@type":"BreadcrumbList","@id":"https:\/\/atreve.pl\/en\/product\/hoker-shelly-supreme-wood-m-60cm\/#breadcrumb","itemListElement":[{"@type":"ListItem","position":1,"name":"START","item":"https:\/\/atreve.pl\/en\/"},{"@type":"ListItem","position":2,"name":"Bar Stools","item":"https:\/\/atreve.pl\/en\/produkty\/kitchen-island-stools\/"},{"@type":"ListItem","position":3,"name":"Bar Stool SHELLY SUPREME WOOD M (60cm)"}]},{"@type":"WebSite","@id":"https:\/\/atreve.pl\/en\/#website","url":"https:\/\/atreve.pl\/en\/","name":"Atreve - usi\u0105d\u017a wygodnie, \u017cyj lepiej","description":"Rzemios\u0142o i jako\u015b\u0107 w ka\u017cdym detalu. Jeste\u015bmy polskim producentem mebli. Tworzymy r\u0119cznie, stawiaj\u0105c na trwa\u0142o\u015b\u0107, precyzj\u0119 i autorskie wzornictwo, kt\u00f3rego nie znajdziesz w masowych sieci\u00f3wkach. To meble na lata.","publisher":{"@id":"https:\/\/atreve.pl\/en\/#organization"},"potentialAction":[{"@type":"SearchAction","target":{"@type":"EntryPoint","urlTemplate":"https:\/\/atreve.pl\/en\/?s={search_term_string}"},"query-input":{"@type":"PropertyValueSpecification","valueRequired":true,"valueName":"search_term_string"}}],"inLanguage":"en-US"},{"@type":"Organization","@id":"https:\/\/atreve.pl\/en\/#organization","name":"Atreve - usi\u0105d\u017a wygodnie, \u017cyj lepiej","url":"https:\/\/atreve.pl\/en\/","logo":{"@type":"ImageObject","inLanguage":"en-US","@id":"https:\/\/atreve.pl\/en\/#\/schema\/logo\/image\/","url":"https:\/\/atreve.pl\/wp-content\/uploads\/2026\/03\/ATREVE-LOGO-CLAIM-POS-PANTONE7586-scaled.png","contentUrl":"https:\/\/atreve.pl\/wp-content\/uploads\/2026\/03\/ATREVE-LOGO-CLAIM-POS-PANTONE7586-scaled.png","width":2560,"height":894,"caption":"Atreve - usi\u0105d\u017a wygodnie, \u017cyj lepiej"},"image":{"@id":"https:\/\/atreve.pl\/en\/#\/schema\/logo\/image\/"}}]}},"_links":{"self":[{"href":"https:\/\/atreve.pl\/en\/wp-json\/wp\/v2\/product\/8913","targetHints":{"allow":["GET"]}}],"collection":[{"href":"https:\/\/atreve.pl\/en\/wp-json\/wp\/v2\/product"}],"about":[{"href":"https:\/\/atreve.pl\/en\/wp-json\/wp\/v2\/types\/product"}],"wp:featuredmedia":[{"embeddable":true,"href":"https:\/\/atreve.pl\/en\/wp-json\/wp\/v2\/media\/10585"}],"wp:attachment":[{"href":"https:\/\/atreve.pl\/en\/wp-json\/wp\/v2\/media?parent=8913"}],"wp:term":[{"taxonomy":"product_brand","embeddable":true,"href":"https:\/\/atreve.pl\/en\/wp-json\/wp\/v2\/product_brand?post=8913"},{"taxonomy":"product_cat","embeddable":true,"href":"https:\/\/atreve.pl\/en\/wp-json\/wp\/v2\/product_cat?post=8913"},{"taxonomy":"product_tag","embeddable":true,"href":"https:\/\/atreve.pl\/en\/wp-json\/wp\/v2\/product_tag?post=8913"}],"curies":[{"name":"wp","href":"https:\/\/api.w.org\/{rel}","templated":true}]}}